{"id":104181,"date":"2025-10-22T09:59:29","date_gmt":"2025-10-22T09:59:29","guid":{"rendered":"https:\/\/www.editorialelpirata.com\/?post_type=product&#038;p=104181"},"modified":"2026-01-21T16:24:20","modified_gmt":"2026-01-21T16:24:20","slug":"llibre-infantil-nadal","status":"publish","type":"product","link":"https:\/\/www.editorialelpirata.com\/ca\/Producte\/llibre-infantil-nadal\/","title":{"rendered":"EL PETIT ARBRE DE NADAL"},"content":{"rendered":"<div class=\"wpb-content-wrapper\"><p>[vc_row][vc_column][vc_column_text uncode_shortcode_id=&#8221;897515&#8243;]<strong>Una entranyable hist\u00f2ria que celebra la m\u00e0gia de Nadal, perfecta per als m\u00e9s petits a qui els encanta aquesta \u00e8poca festiva.<\/strong><\/p>\n<p>En un bosc cobert de neu, l\u2019Osseta, el Pare Os i molts altres animals surten a buscar l\u2019arbre perfecte per celebrar Nadal. L\u2019Osseta troba un arbre petit\u00f3, que anomena Arbret, que es converteix en un membre estimat de la fam\u00edlia i participa en els preparatius nadalencs.<\/p>\n<p><em>El petit arbre de Nadal<\/em> de Jane Chapman \u00e9s un \u00e0lbum il\u00b7lustrat infantil molt tendre recomanat per a infants a partir de 3 anys. Chapman utilitza <strong>il\u00b7lustracions molt dolces<\/strong> i un <strong>text senzill<\/strong> per transmetre un <strong>missatge d\u2019amor i comunitat<\/strong> i per reflexionar sobre el cicle constant de les estacions i les celebracions.<\/p>\n<p>La hist\u00f2ria ressalta la import\u00e0ncia de la fam\u00edlia i l\u2019amistat per mitj\u00e0 de l\u2019Osseta i el Pare Os, que treballen junts per fer de Nadal una celebraci\u00f3 m\u00e0gica. A m\u00e9s, ens ensenya a trav\u00e9s de l\u2019Osseta que la felicitat perdura m\u00e9s enll\u00e0 de les festes. <strong>Aquest llibre \u00e9s perfecte per compartir en fam\u00edlia i celebrar noves tradicions de Nadal.<\/strong><\/p>\n<p>Altres \u00e0lbums il\u00b7lustrats de la mateixa autora:<\/p>\n<ul>\n<li>T\u2019estimo amb tot el meu cor<\/li>\n<\/ul>\n<p>[\/vc_column_text][\/vc_column][\/vc_row][vc_row][vc_column column_width_percent=&#8221;100&#8243; align_horizontal=&#8221;align_center&#8221; gutter_size=&#8221;3&#8243; overlay_alpha=&#8221;50&#8243; shift_x=&#8221;0&#8243; shift_y=&#8221;0&#8243; shift_y_down=&#8221;0&#8243; z_index=&#8221;0&#8243; medium_width=&#8221;0&#8243; mobile_width=&#8221;0&#8243; width=&#8221;1\/1&#8243; uncode_shortcode_id=&#8221;188503&#8243;][vc_column_text uncode_shortcode_id=&#8221;828640&#8243;]<\/p>\n<h2 style=\"text-align: left;\">Echa un vistazo al interior:<\/h2>\n<p>[\/vc_column_text][\/vc_column][\/vc_row][vc_row][vc_column width=&#8221;1\/1&#8243;][vc_raw_html]JTNDaWZyYW1lJTIwd2lkdGglM0QlMjI2MjBweCUyMiUyMGhlaWdodCUzRCUyMjQwMHB4JTIyJTIwc3JjJTNEJTIyaHR0cHMlM0ElMkYlMkZ3d3cueXVtcHUuY29tJTJGZXMlMkZlbWJlZCUyRnZpZXclMkZIdmFjQXNRVmZYbEIxVHcyJTIyJTIwZnJhbWVib3JkZXIlM0QlMjIwJTIyJTIwYWxsb3dmdWxsc2NyZWVuJTNEJTIydHJ1ZSUyMiUyMGFsbG93dHJhbnNwYXJlbmN5JTNEJTIydHJ1ZSUyMiUzRSUzQyUyRmlmcmFtZSUzRSUyMCUyMCUyMCUyMCUyMCUyMCUyMCUyMCUyMCUyMCUyMCUyMCUyMCUyMCUyMCUyMCUyMCUyMCUyMCUyMCUyMCUyMCUyMCUyMCUyMCUyMCUyMCUyMCUyMCUyMCUyMCUyMCUyMCUyMCUyMCUyMCUyMCUyMCUyMCUyMCUyMCUyMCUyMCUyMCUyMCUyMCUyMCUyMCUyMCUyMCUyMCUyMCUyMCUyMCUyMCUyMCUyMCUyMCUyMCUyMCUyMCUyMCUyMCUyMCUyMCUyMCUyMCUyMCUyMCUyMCUyMCUyMCUyMCUyMCUyMCUyMCUyMCUyMCUyMCUyMCUyMCUyMCUyMCUyMCUyMCUyMCUyMCUyMCUyMCUyMCUyMCUyMCUyMCUyMCUyMCUyMCUyMCUyMCUyMCUyMA==[\/vc_raw_html][\/vc_column][\/vc_row][vc_row][vc_column width=&#8221;1\/1&#8243;][vc_column_text uncode_shortcode_id=&#8221;207219&#8243;]<\/p>\n<div>Amb el suport de:<\/div>\n<p>&nbsp;<\/p>\n<p><a href=\"https:\/\/www.editorialelpirata.com\/wp-content\/uploads\/2024\/11\/Logo-icec.jpg\"><img decoding=\"async\" class=\"alignnone size-medium wp-image-100854\" src=\"https:\/\/www.editorialelpirata.com\/wp-content\/uploads\/2024\/11\/Logo-icec-300x45.jpg\" alt=\"Logo icec complert\" width=\"300\" height=\"45\" title=\"\"><\/a>[\/vc_column_text][\/vc_column][\/vc_row]<\/p>\n<\/div>","protected":false},"excerpt":{"rendered":"<p><em>El petit arbre de Nadal<\/em> de Jane Chapman \u00e9s un \u00e0lbum il\u00b7lustrat infantil molt tendre recomanat per a infants a partir de 3 anys. Chapman utilitza <strong>il\u00b7lustracions molt dolces<\/strong> i un <strong>text senzill<\/strong> per transmetre un <strong>missatge d\u2019amor i comunitat<\/strong> i per reflexionar sobre el cicle constant de les estacions i les celebracions.<\/p>\n<p>&nbsp;<\/p>\n<p>Autor: Jane Chapman<\/p>\n","protected":false},"featured_media":104201,"template":"","meta":[],"product_brand":[],"product_cat":[2354,3148,3149,3150,3151,3152],"product_tag":[3157,3444,3579,3654,3655,3656,3155],"class_list":{"0":"post-104181","1":"product","2":"type-product","3":"status-publish","4":"has-post-thumbnail","6":"product_cat-novetats","7":"product_cat-llibres-de-4-a-7-anys-ca","8":"product_cat-llibres-de-3-a-6-anys-ca","9":"product_cat-llibres-joc-ca","10":"product_cat-joan-subirana-queralt-ca","11":"product_cat-llibres-de-passatemps-ca","12":"product_tag-llibres-nens-ca-2","13":"product_tag-contes-per-2-anys","14":"product_tag-contes-per-explicar","15":"product_tag-llibre-per-nadal","16":"product_tag-llibre-de-nadal","17":"product_tag-llibre-per-2-anys","18":"product_tag-libres-infantils","20":"first","21":"instock","22":"shipping-taxable","23":"purchasable","24":"product-type-variable","25":"has-default-attributes"},"_links":{"self":[{"href":"https:\/\/www.editorialelpirata.com\/ca\/wp-json\/wp\/v2\/product\/104181","targetHints":{"allow":["GET"]}}],"collection":[{"href":"https:\/\/www.editorialelpirata.com\/ca\/wp-json\/wp\/v2\/product"}],"about":[{"href":"https:\/\/www.editorialelpirata.com\/ca\/wp-json\/wp\/v2\/types\/product"}],"wp:featuredmedia":[{"embeddable":true,"href":"https:\/\/www.editorialelpirata.com\/ca\/wp-json\/wp\/v2\/media\/104201"}],"wp:attachment":[{"href":"https:\/\/www.editorialelpirata.com\/ca\/wp-json\/wp\/v2\/media?parent=104181"}],"wp:term":[{"taxonomy":"product_brand","embeddable":true,"href":"https:\/\/www.editorialelpirata.com\/ca\/wp-json\/wp\/v2\/product_brand?post=104181"},{"taxonomy":"product_cat","embeddable":true,"href":"https:\/\/www.editorialelpirata.com\/ca\/wp-json\/wp\/v2\/product_cat?post=104181"},{"taxonomy":"product_tag","embeddable":true,"href":"https:\/\/www.editorialelpirata.com\/ca\/wp-json\/wp\/v2\/product_tag?post=104181"}],"curies":[{"name":"wp","href":"https:\/\/api.w.org\/{rel}","templated":true}]}}