{"id":104143,"date":"2025-10-22T09:00:46","date_gmt":"2025-10-22T09:00:46","guid":{"rendered":"https:\/\/www.editorialelpirata.com\/?post_type=product&#038;p=104143"},"modified":"2026-01-21T16:24:20","modified_gmt":"2026-01-21T16:24:20","slug":"llibre-joc-dinosaures","status":"publish","type":"product","link":"https:\/\/www.editorialelpirata.com\/ca\/Producte\/llibre-joc-dinosaures\/","title":{"rendered":"EL GRAN LLIBRE JOC DELS DINOSAURES"},"content":{"rendered":"<div class=\"wpb-content-wrapper\"><p>[vc_row][vc_column][vc_column_text uncode_shortcode_id=&#8221;159469&#8243;]<em>El gran llibre joc dels dinosaures<\/em> \u00e9s un llibre joc enorme amb unes il\u00b7lustracions espectaculars i plenes de detalls.<\/p>\n<p>Inclou <strong>jocs de diferents nivells<\/strong>, cosa que permet que el nen o la nena el pugui fer servir durant uns quants anys, a mesura que va creixent, o que nens d\u2019edats diferents puguin jugar simult\u00e0niament, alhora que comencen a con\u00e8ixer alguns dels dinosaures i pterosaures m\u00e9s coneguts.<\/p>\n<p>Les p\u00e0gines <strong>de cart\u00f3<\/strong> i les dimensions enormes del llibre, 27 x 37 cm, permeten que quedi a peu dret i que uns quants nens, l\u2019un al costat de l\u2019altre, hi puguin jugar junts. En cada doble p\u00e0gina hi ha una il\u00b7lustraci\u00f3 enorme i a tot color plens de detalls, i <strong>les propostes de joc s\u00f3n diverses segons l\u2019edat dels nens i nenes<\/strong>:<\/p>\n<ol>\n<li><strong>Per als m\u00e9s petits: <\/strong>Buscar els elements destacats en les il\u00b7lustracions. A partir de 3-4 anys.<strong>\u00a0<\/strong><\/li>\n<\/ol>\n<ol>\n<li><strong>Per als mitjans: <\/strong>Trobar 10 objectes que comencin per la mateixa lletra, animals amagats o animals fent coses poc habituals. A partir de 5-6 anys.<strong>\u00a0<\/strong><\/li>\n<\/ol>\n<ol>\n<li><strong>Per als m\u00e9s grans: <\/strong>Buscar dinosaures i pterosaures, relacionar animals amb les seves cries i trobar persones que utilitzen eines estranyes. A partir de 7-8 anys.<strong>\u00a0<\/strong><\/li>\n<\/ol>\n<p>&nbsp;<\/p>\n<p>M\u00e9s llibres joc de la col\u00b7lecci\u00f3:<\/p>\n<ul>\n<li><a href=\"https:\/\/www.editorialelpirata.com\/ca\/Producte\/el-gran-llibre-joc-de-les-civilitzacions\/\" target=\"_blank\" rel=\"noopener\">El gran llibre joc de les civilitzacions<\/a><\/li>\n<li><a href=\"https:\/\/www.editorialelpirata.com\/ca\/Producte\/el-gran-llibre-joc-dels-monstres\/\" target=\"_blank\" rel=\"noopener\">El gran llibre joc dels monstres<\/a><\/li>\n<li><a href=\"https:\/\/www.editorialelpirata.com\/ca\/Producte\/el-gran-llibre-joc-dels-aventurers\/\" target=\"_blank\" rel=\"noopener\">El gran llibre joc dels aventurers<\/a><\/li>\n<li><a href=\"https:\/\/www.editorialelpirata.com\/ca\/el-gran-llibre-joc-de-lespai\/\" target=\"_blank\" rel=\"noopener\">El gran llibre joc de l\u2019espai<\/a><\/li>\n<li><a href=\"https:\/\/www.editorialelpirata.com\/ca\/Producte\/el-gran-llibre-joc-de-nadal\/\" target=\"_blank\" rel=\"noopener\">El gran llibre joc de Nadal<\/a><\/li>\n<\/ul>\n<p>[\/vc_column_text][\/vc_column][\/vc_row][vc_row][vc_column column_width_percent=&#8221;100&#8243; align_horizontal=&#8221;align_center&#8221; gutter_size=&#8221;3&#8243; overlay_alpha=&#8221;50&#8243; shift_x=&#8221;0&#8243; shift_y=&#8221;0&#8243; shift_y_down=&#8221;0&#8243; z_index=&#8221;0&#8243; medium_width=&#8221;0&#8243; mobile_width=&#8221;0&#8243; width=&#8221;1\/1&#8243; uncode_shortcode_id=&#8221;188503&#8243;][vc_column_text uncode_shortcode_id=&#8221;130481&#8243;]<\/p>\n<h2 style=\"text-align: left;\">Fes a una ullada a l&#8217;interior:<\/h2>\n<p>[\/vc_column_text][\/vc_column][\/vc_row][vc_row][vc_column width=&#8221;1\/1&#8243;][vc_raw_html]JTNDaWZyYW1lJTIwd2lkdGglM0QlMjI2MjBweCUyMiUyMGhlaWdodCUzRCUyMjQwMHB4JTIyJTIwc3JjJTNEJTIyaHR0cHMlM0ElMkYlMkZ3d3cueXVtcHUuY29tJTJGeHglMkZlbWJlZCUyRnZpZXclMkZvRzluZVVIOFdJVnhnSjZSJTIyJTIwZnJhbWVib3JkZXIlM0QlMjIwJTIyJTIwYWxsb3dmdWxsc2NyZWVuJTNEJTIydHJ1ZSUyMiUyMGFsbG93dHJhbnNwYXJlbmN5JTNEJTIydHJ1ZSUyMiUzRSUzQyUyRmlmcmFtZSUzRSUyMCUyMCUyMCUyMCUyMCUyMCUyMCUyMCUyMCUyMCUyMCUyMCUyMCUyMCUyMCUyMCUyMCUyMCUyMCUyMCUyMCUyMCUyMCUyMCUyMCUyMCUyMCUyMCUyMCUyMCUyMCUyMCUyMCUyMCUyMCUyMCUyMCUyMCUyMCUyMCUyMCUyMCUyMCUyMCUyMCUyMCUyMCUyMCUyMCUyMCUyMCUyMCUyMCUyMCUyMCUyMCUyMCUyMCUyMCUyMCUyMCUyMCUyMCUyMCUyMCUyMCUyMCUyMCUyMCUyMCUyMCUyMCUyMCUyMCUyMCUyMCUyMCUyMCUyMCUyMCUyMCUyMCUyMCUyMCUyMCUyMCUyMCUyMCUyMCUyMCUyMCUyMCUyMCUyMCUyMCUyMCUyMA==[\/vc_raw_html][\/vc_column][\/vc_row][vc_row][vc_column width=&#8221;1\/1&#8243;][vc_column_text uncode_shortcode_id=&#8221;119034&#8243;]<\/p>\n<hr \/>\n<p>Podrem trobar dinosaures i pterosaures en les \u00e8poques o els llocs seg\u00fcents:<\/p>\n<ul>\n<li>L\u2019era tri\u00e0sica<\/li>\n<\/ul>\n<ul>\n<li>L\u2019era jur\u00e0ssica<\/li>\n<\/ul>\n<ul>\n<li>L\u2019era cret\u00e0cica<\/li>\n<\/ul>\n<ul>\n<li>L\u2019excavaci\u00f3 arqueol\u00f2gica<\/li>\n<\/ul>\n<ul>\n<li>El museu<\/li>\n<\/ul>\n<ul>\n<li>El parc d\u2019atraccions<\/li>\n<\/ul>\n<p>El llibre inclou un codi QR que redirigeix al web d\u2019Edicions del Pirata, on es poden trobar les <strong>solucions dels jocs i curiositats sobre els dinosaures i pterosaures<\/strong> que hi ha representats en les il\u00b7lustracions.[\/vc_column_text][\/vc_column][\/vc_row][vc_row][vc_column column_width_percent=&#8221;100&#8243; align_horizontal=&#8221;align_center&#8221; gutter_size=&#8221;3&#8243; overlay_alpha=&#8221;50&#8243; shift_x=&#8221;0&#8243; shift_y=&#8221;0&#8243; shift_y_down=&#8221;0&#8243; z_index=&#8221;0&#8243; medium_width=&#8221;0&#8243; mobile_width=&#8221;0&#8243; width=&#8221;1\/1&#8243; uncode_shortcode_id=&#8221;598657&#8243;][vc_button button_color=&#8221;color-210407&#8243; border_width=&#8221;0&#8243; link=&#8221;url:https%3A%2F%2Fwww.editorialelpirata.com%2Fca%2Fsolucionari-dinosaures%2F|title:Solucionari%20dinosaures|target:_blank&#8221; button_color_type=&#8221;uncode-palette&#8221; uncode_shortcode_id=&#8221;111956&#8243;]VES AL SOLUCIONARI [\/vc_button][\/vc_column][\/vc_row][vc_row][vc_column width=&#8221;1\/1&#8243;][vc_column_text uncode_shortcode_id=&#8221;207219&#8243;]<\/p>\n<div>Amb el suport de:<\/div>\n<p>&nbsp;<\/p>\n<p><a href=\"https:\/\/www.editorialelpirata.com\/wp-content\/uploads\/2024\/11\/Logo-icec.jpg\"><img decoding=\"async\" class=\"alignnone size-medium wp-image-100854\" src=\"https:\/\/www.editorialelpirata.com\/wp-content\/uploads\/2024\/11\/Logo-icec-300x45.jpg\" alt=\"Logo icec complert\" width=\"300\" height=\"45\" title=\"\"><\/a>[\/vc_column_text][\/vc_column][\/vc_row]<\/p>\n<\/div>","protected":false},"excerpt":{"rendered":"<h3>Un llibre joc per a divertir-se i aprendre curiositats sobre els dinosaures.<\/h3>\n<p>Amb les magn\u00edfiques il\u00b7lustracions de Subi, els nens s&#8217;ho passaran en gran jugant mentre aprenen sobre els dinosaures.<\/p>\n<p>&nbsp;<\/p>\n<p>Autor: Subi<\/p>\n","protected":false},"featured_media":105286,"template":"","meta":[],"product_brand":[],"product_cat":[2354,3148,3149,3150,3151,3152],"product_tag":[3156,3157,3158,3650,3154,3155],"class_list":{"0":"post-104143","1":"product","2":"type-product","3":"status-publish","4":"has-post-thumbnail","6":"product_cat-novetats","7":"product_cat-llibres-de-4-a-7-anys-ca","8":"product_cat-llibres-de-3-a-6-anys-ca","9":"product_cat-llibres-joc-ca","10":"product_cat-joan-subirana-queralt-ca","11":"product_cat-llibres-de-passatemps-ca","12":"product_tag-jocs-infantils-ca-2","13":"product_tag-llibres-nens-ca-2","14":"product_tag-llibres-jugar-ca-2","15":"product_tag-dinosaures-ca","16":"product_tag-aprendre-jugant-ca-2","17":"product_tag-libres-infantils","19":"first","20":"instock","21":"shipping-taxable","22":"purchasable","23":"product-type-variable","24":"has-default-attributes"},"_links":{"self":[{"href":"https:\/\/www.editorialelpirata.com\/ca\/wp-json\/wp\/v2\/product\/104143","targetHints":{"allow":["GET"]}}],"collection":[{"href":"https:\/\/www.editorialelpirata.com\/ca\/wp-json\/wp\/v2\/product"}],"about":[{"href":"https:\/\/www.editorialelpirata.com\/ca\/wp-json\/wp\/v2\/types\/product"}],"wp:featuredmedia":[{"embeddable":true,"href":"https:\/\/www.editorialelpirata.com\/ca\/wp-json\/wp\/v2\/media\/105286"}],"wp:attachment":[{"href":"https:\/\/www.editorialelpirata.com\/ca\/wp-json\/wp\/v2\/media?parent=104143"}],"wp:term":[{"taxonomy":"product_brand","embeddable":true,"href":"https:\/\/www.editorialelpirata.com\/ca\/wp-json\/wp\/v2\/product_brand?post=104143"},{"taxonomy":"product_cat","embeddable":true,"href":"https:\/\/www.editorialelpirata.com\/ca\/wp-json\/wp\/v2\/product_cat?post=104143"},{"taxonomy":"product_tag","embeddable":true,"href":"https:\/\/www.editorialelpirata.com\/ca\/wp-json\/wp\/v2\/product_tag?post=104143"}],"curies":[{"name":"wp","href":"https:\/\/api.w.org\/{rel}","templated":true}]}}