{"id":104094,"date":"2025-10-01T09:00:53","date_gmt":"2025-10-01T09:00:53","guid":{"rendered":"https:\/\/www.editorialelpirata.com\/?post_type=product&#038;p=104094"},"modified":"2025-12-09T11:11:12","modified_gmt":"2025-12-09T11:11:12","slug":"sioux-aventures-exploradors","status":"publish","type":"product","link":"https:\/\/www.editorialelpirata.com\/ca\/Producte\/sioux-aventures-exploradors\/","title":{"rendered":"Els Exploradors del temps 5- LES FLETXES DELS SIOUX"},"content":{"rendered":"<div class=\"wpb-content-wrapper\"><p>[vc_row][vc_column][vc_column_text uncode_shortcode_id=&#8221;395654&#8243;]<em>Les fletxes dels sioux<\/em> \u00e9s el cinqu\u00e8 llibre de la col\u00b7lecci\u00f3<em> <strong>Els Exploradors del Temps<\/strong><\/em> il\u00b7lustrada a tot color i combinant di\u00e0legs de c\u00f2mic amb novel\u00b7la d\u2019aventures per a nens de 9 a 12 anys. Cada llibre ens permet gaudir d\u2019un fascinant viatge en el temps. Durant la lectura, els lectors hauran de fer servir el filtre en forma de <strong>Rellotge del Temps<\/strong>, incl\u00f2s en el llibre, per desxifrar el text que s\u2019amaga rere fons de color vermell i aix\u00ed poder anar al final del llibre per a descobrir curiositats hist\u00f2riques incre\u00efbles.<\/p>\n<p>I tu, vols ser un <strong>Explorador del Temps<\/strong>? Una vegada acabat el llibre, supera el <strong>test dels exploradors<\/strong> i podr\u00e0s aconseguir l\u2019objecte que s\u2019ha recuperat en cada llibre de la saga. Enganxa\u2019l al <strong>p\u00f2ster de la col\u00b7lecci\u00f3! <\/strong>Podr\u00e0s aconseguir tots els objectes perduts en el temps?<\/p>\n<p>Si superes el test, tamb\u00e9 et podr\u00e0s descarregar un fragment digital d\u2019un dels llibres de la <strong>col\u00b7lecci\u00f3 <\/strong>\u00ab<strong>Hist\u00f2ria il\u00b7lustrada<\/strong>\u00bb. Apr\u00e8n m\u00e9s sobre cada civilitzaci\u00f3 i converteix-te en un crack de la hist\u00f2ria!<\/p>\n<p>**Hi ha disponible gratu\u00eftament una guia de lectura i una gimcana hist\u00f2rico-liter\u00e0ria del llibre, per gaudir-ne tamb\u00e9 a l\u2019escola.**<\/p>\n<p>Al final de cada llibre de la col\u00b7lecci\u00f3 hi trobar\u00e0s tres seccions:<\/p>\n<ul>\n<li><strong>Que se s\u00e0piga!:<\/strong> Podrem descobrir curiositats explicades pels personatges de la col\u00b7lecci\u00f3, sobre ells mateixos o l\u2019\u00e8poca hist\u00f2rica on viatgen.<\/li>\n<li><strong>Anem per feina!:<\/strong> On gaudirem d\u2019una recepta culin\u00e0ria per fer a casa i un joc ambientat en l\u2019\u00e8poca hist\u00f2rica.<\/li>\n<li><strong>Bibliocronohist\u00f2ries!: <\/strong>Personatges molt rellevants de la humanitat ens explicaran qui s\u00f3n i qu\u00e8 van fer per aconseguir que avui en dia encara els recordem.<\/li>\n<\/ul>\n<p>Altres llibres de la col\u00b7lecci\u00f3 \u00ab<strong>Els Exploradors del Temps<\/strong>\u00bb:<\/p>\n<ol>\n<li><a href=\"https:\/\/www.editorialelpirata.com\/ca\/Producte\/les-legions-de-roma\/\" target=\"_blank\" rel=\"noopener\"><em>Les legions de Roma<\/em><\/a><\/li>\n<li><a href=\"https:\/\/www.editorialelpirata.com\/ca\/Producte\/les-expedicions-dels-vikings\/\" target=\"_blank\" rel=\"noopener\"><em>Les expedicions dels vikings<\/em><\/a><\/li>\n<li><a href=\"https:\/\/www.editorialelpirata.com\/ca\/Producte\/les-olimpiades-de-grecia\/\" target=\"_blank\" rel=\"noopener\"><em>Les Olimp\u00edades de Gr\u00e8cia<\/em><\/a><\/li>\n<li><a href=\"https:\/\/www.editorialelpirata.com\/ca\/Producte\/lor-dels-inques\/\" target=\"_blank\" rel=\"noopener\"><em>L\u2019or dels inques<\/em><\/a><\/li>\n<li><em>Les fletxes dels sioux<\/em><\/li>\n<li><em>Les catanes dels samurais (juliol 2026)<\/em><\/li>\n<\/ol>\n<p>M\u00e9s t\u00edtols pr\u00f2ximament. Consulta la web de l\u2019editorial per a veure la seva data de publicaci\u00f3.<\/p>\n<p>Llibres de la col\u00b7lecci\u00f3 \u00ab<strong>Hist\u00f2ria il\u00b7lustrada<\/strong>\u00bb:<\/p>\n<p><em>1) <a href=\"https:\/\/www.editorialelpirata.com\/ca\/Producte\/historia-ilustrada-per-a-nens-roma\/\" target=\"_blank\" rel=\"noopener\">Roma<\/a><\/em><br \/>\n2) <a href=\"https:\/\/www.editorialelpirata.com\/ca\/Producte\/historia-per-a-nens-els-vikings\/\" target=\"_blank\" rel=\"noopener\"><em>Els vikings<\/em><\/a><br \/>\n3) <a href=\"https:\/\/www.editorialelpirata.com\/ca\/Producte\/historia-ilustrada-lantiga-grecia\/\" target=\"_blank\" rel=\"noopener\"><em>L\u2019antiga Gr\u00e8cia<\/em><\/a><br \/>\n4) <a href=\"https:\/\/www.editorialelpirata.com\/ca\/Producte\/historia-ilustrada-egipte\/\"><em>L\u2019antic Egipte<\/em><\/a>[\/vc_column_text][\/vc_column][\/vc_row][vc_row][vc_column width=&#8221;1\/4&#8243;][\/vc_column][vc_column width=&#8221;1\/2&#8243;][vc_raw_html]JTNDaWZyYW1lJTIwd2lkdGglM0QlMjI2MjBweCUyMiUyMGhlaWdodCUzRCUyMjQwMHB4JTIyJTIwc3JjJTNEJTIyaHR0cHMlM0ElMkYlMkZ3d3cueXVtcHUuY29tJTJGeHglMkZlbWJlZCUyRnZpZXclMkZ2STZpVks1SjlabHUwUWVqJTIyJTIwZnJhbWVib3JkZXIlM0QlMjIwJTIyJTIwYWxsb3dmdWxsc2NyZWVuJTNEJTIydHJ1ZSUyMiUyMGFsbG93dHJhbnNwYXJlbmN5JTNEJTIydHJ1ZSUyMiUzRSUzQyUyRmlmcmFtZSUzRSUyMCUyMCUyMCUyMCUyMCUyMCUyMCUyMCUyMCUyMCUyMCUyMCUyMCUyMCUyMCUyMCUyMCUyMCUyMCUyMCUyMCUyMCUyMCUyMCUyMCUyMCUyMCUyMCUyMCUyMCUyMCUyMCUyMCUyMCUyMCUyMCUyMCUyMCUyMCUyMCUyMCUyMCUyMCUyMCUyMCUyMCUyMCUyMCUyMCUyMCUyMCUyMCUyMCUyMCUyMCUyMCUyMCUyMCUyMCUyMCUyMCUyMCUyMCUyMCUyMCUyMCUyMCUyMCUyMCUyMCUyMCUyMCUyMCUyMCUyMCUyMCUyMCUyMCUyMCUyMCUyMCUyMCUyMCUyMCUyMCUyMCUyMCUyMCUyMCUyMCUyMCUyMCUyMCUyMCUyMCUyMCUyMCUyMCUyMCUyMCUyMCUyMCUyMCUyMCUyMCUyMCUyMCUyMCUyMCUyMCUyMCUyMCUyMCUyMCUyMCUyMCUyMCUyMCUyMCUyMCUyMCUyMCUyMCUyMCUyMCUyMCUyMCUyMCUyMCUyMCUyMCUyMCUyMCUyMCUyMCUyMCUyMA==[\/vc_raw_html][\/vc_column][vc_column width=&#8221;1\/4&#8243;][\/vc_column][\/vc_row][vc_row][vc_column width=&#8221;1\/1&#8243;][vc_column_text uncode_shortcode_id=&#8221;133675&#8243;]Y t\u00fa, \u00bfquieres ser un <strong>explorador del tiempo<\/strong>? Una vez terminado el libro, supera el <strong>test de los exploradores<\/strong> y conseguir\u00e1s el objeto que se ha recuperado en cada libro de la saga. \u00a1P\u00e9galo en el <strong>p\u00f3ster de la colecci\u00f3n<\/strong>! \u00bfPodr\u00e1s obtener todos los objetos perdidos en el tiempo?<\/p>\n<p>Si superas el test, tambi\u00e9n podr\u00e1s descargarte un fragmento digital de uno de los libros de la <a href=\"https:\/\/www.editorialelpirata.com\/ca\/historia-nens\/\" target=\"_blank\" rel=\"noopener\"><strong>colecci\u00f3n Historia ilustrada<\/strong><\/a>. \u00a1Aprende m\u00e1s sobre cada civilizaci\u00f3n y convi\u00e9rtete en un crac de la historia![\/vc_column_text][\/vc_column][\/vc_row][vc_row][vc_column column_width_percent=&#8221;100&#8243; align_horizontal=&#8221;align_center&#8221; gutter_size=&#8221;3&#8243; overlay_alpha=&#8221;50&#8243; shift_x=&#8221;0&#8243; shift_y=&#8221;0&#8243; shift_y_down=&#8221;0&#8243; z_index=&#8221;0&#8243; medium_width=&#8221;0&#8243; mobile_width=&#8221;0&#8243; width=&#8221;1\/3&#8243; uncode_shortcode_id=&#8221;170167&#8243;][vc_button button_color=&#8221;color-390865&#8243; border_width=&#8221;0&#8243; link=&#8221;url:%20|title:Test%20online|target:_blank&#8221; button_color_type=&#8221;uncode-palette&#8221; uncode_shortcode_id=&#8221;991617&#8243;]TEST (en proceso)[\/vc_button][\/vc_column][vc_column column_width_percent=&#8221;100&#8243; align_horizontal=&#8221;align_center&#8221; gutter_size=&#8221;3&#8243; overlay_alpha=&#8221;50&#8243; shift_x=&#8221;0&#8243; shift_y=&#8221;0&#8243; shift_y_down=&#8221;0&#8243; z_index=&#8221;0&#8243; medium_width=&#8221;0&#8243; mobile_width=&#8221;0&#8243; width=&#8221;1\/3&#8243; uncode_shortcode_id=&#8221;135618&#8243;][vc_button button_color=&#8221;color-390865&#8243; border_width=&#8221;0&#8243; link=&#8221;title:LOS%20EXPLORADORES%20DEL%20TIEMPO|target:_blank&#8221; button_color_type=&#8221;uncode-palette&#8221; uncode_shortcode_id=&#8221;266698&#8243;]GUIA DE LECTURA (en proc\u00e8s)[\/vc_button][\/vc_column][vc_column column_width_percent=&#8221;100&#8243; align_horizontal=&#8221;align_center&#8221; gutter_size=&#8221;3&#8243; overlay_alpha=&#8221;50&#8243; shift_x=&#8221;0&#8243; shift_y=&#8221;0&#8243; shift_y_down=&#8221;0&#8243; z_index=&#8221;0&#8243; medium_width=&#8221;0&#8243; mobile_width=&#8221;0&#8243; width=&#8221;1\/3&#8243; uncode_shortcode_id=&#8221;137589&#8243;][vc_button button_color=&#8221;color-390865&#8243; border_width=&#8221;0&#8243; link=&#8221;title:LOS%20EXPLORADORES%20DEL%20TIEMPO|target:_blank&#8221; button_color_type=&#8221;uncode-palette&#8221; uncode_shortcode_id=&#8221;821045&#8243;]SOLUCIONARI (en proc\u00e8s)[\/vc_button][\/vc_column][\/vc_row][vc_row][vc_column width=&#8221;1\/6&#8243;][\/vc_column][vc_column width=&#8221;4\/6&#8243;][vc_raw_html]JTNDaWZyYW1lJTIwd2lkdGglM0QlMjI2MjBweCUyMiUyMGhlaWdodCUzRCUyMjQwMHB4JTIyJTIwc3JjJTNEJTIyaHR0cHMlM0ElMkYlMkZ3d3cueXVtcHUuY29tJTJGZXMlMkZlbWJlZCUyRnZpZXclMkZYS2JsWlRRc2RlTUVQaUNyJTIyJTIwZnJhbWVib3JkZXIlM0QlMjIwJTIyJTIwYWxsb3dmdWxsc2NyZWVuJTNEJTIydHJ1ZSUyMiUyMGFsbG93dHJhbnNwYXJlbmN5JTNEJTIydHJ1ZSUyMiUzRSUzQyUyRmlmcmFtZSUzRSUyMCUyMCUyMCUyMCUyMCUyMCUyMCUyMCUyMCUyMCUyMCUyMCUyMCUyMCUyMCUyMCUyMCUyMCUyMCUyMCUyMCUyMCUyMCUyMCUyMCUyMCUyMCUyMCUyMCUyMCUyMCUyMCUyMCUyMCUyMCUyMCUyMCUyMCUyMCUyMCUyMCUyMCUyMCUyMCUyMCUyMCUyMCUyMCUyMCUyMCUyMCUyMA==[\/vc_raw_html][\/vc_column][vc_column width=&#8221;1\/6&#8243;][\/vc_column][\/vc_row][vc_row][vc_column width=&#8221;1\/4&#8243;][\/vc_column][vc_column width=&#8221;1\/4&#8243;][vc_button button_color=&#8221;color-390865&#8243; border_width=&#8221;0&#8243; link=&#8221;url:https%3A%2F%2Fwww.editorialelpirata.com%2Fca%2Fexploradors-temps-aventures%2F|title:Els%20exploradors%20dels%20temps|target:_blank&#8221; button_color_type=&#8221;uncode-palette&#8221; uncode_shortcode_id=&#8221;113084&#8243;]COLECCI\u00d3 COMPLERTA[\/vc_button][\/vc_column][vc_column width=&#8221;1\/4&#8243;][vc_button button_color=&#8221;color-390865&#8243; border_width=&#8221;0&#8243; link=&#8221;url:%20https%3A%2F%2Fwww.editorialelpirata.com%2Fca%2Fhistoria-nens%2F|title:%20Hist%C3%B2ria%20il%C2%B7lustrada|target:_blank|rel:nofollow&#8221; button_color_type=&#8221;uncode-palette&#8221; uncode_shortcode_id=&#8221;161521&#8243;] Hist\u00f2ria il\u00b7lustrada[\/vc_button][\/vc_column][vc_column width=&#8221;1\/4&#8243;][\/vc_column][\/vc_row][vc_row][vc_column width=&#8221;1\/1&#8243;][vc_column_text uncode_shortcode_id=&#8221;156032&#8243;]<\/p>\n<hr \/>\n<div>Amb el suport de:<\/div>\n<div><\/div>\n<div><a href=\"https:\/\/www.editorialelpirata.com\/wp-content\/uploads\/2024\/11\/Logo-icec.jpg\"><img decoding=\"async\" class=\"alignnone size-medium wp-image-100854\" src=\"https:\/\/www.editorialelpirata.com\/wp-content\/uploads\/2024\/11\/Logo-icec-300x45.jpg\" alt=\"Logo icec complert\" width=\"300\" height=\"45\" title=\"\"><\/a><\/div>\n<p>[\/vc_column_text][\/vc_column][\/vc_row]<\/p>\n<\/div>","protected":false},"excerpt":{"rendered":"<h2>Qu\u00e8 far\u00edeu si us diguessin que \u00e9s possible viatjar en el temps?<\/h2>\n<p>A <em>Les fletxes dels sioux<\/em>, els Exploradors del Temps viatjaran a l\u2019Am\u00e8rica del Nord per visitar una tribu dels lakotes. En aquesta missi\u00f3 han d\u2019aconseguir un carcaix, l\u2019estoig on els ca\u00e7adors duen les fletxes. Per\u00f2 en Mal\u00e8fic Durador els tindr\u00e0 una bona sorpresa preparada.<\/p>\n<p>Autor: <a href=\"https:\/\/www.edicionsdelpirata.cat\/jordi-ortiz\/\" target=\"_blank\" rel=\"noopener\">Jordi Ortiz<\/a><\/p>\n<p>Il\u00b7lustrador: Javi Chaler<\/p>\n","protected":false},"featured_media":104121,"template":"","meta":[],"product_brand":[],"product_cat":[3195,2354,3274,3275,3289,3290,3291],"product_tag":[3293,2924,3630,2822,2824,2825,2826,2827,2923],"class_list":{"0":"post-104094","1":"product","2":"type-product","3":"status-publish","4":"has-post-thumbnail","6":"product_cat-tots-els-llibres-ca","7":"product_cat-novetats","8":"product_cat-llibres-per-10-anys-ca","9":"product_cat-llibres-per-9-anys-ca","10":"product_cat-llibre-daventrures","11":"product_cat-javi-chaler-ca","12":"product_cat-jordi-ortiz-ca","13":"product_tag-llibre-aventures-nens","14":"product_tag-viatjar-temps-ca","15":"product_tag-sioux-ca","16":"product_tag-aventures-historiques-ca","17":"product_tag-exploradors-del-temps-ca","18":"product_tag-interactiu-llibre-ca","19":"product_tag-llibre-10-anys-ca","20":"product_tag-llibre-11-anys-ca","21":"product_tag-llibre-interactiu-aventures-ca","23":"first","24":"instock","25":"shipping-taxable","26":"purchasable","27":"product-type-variable","28":"has-default-attributes"},"_links":{"self":[{"href":"https:\/\/www.editorialelpirata.com\/ca\/wp-json\/wp\/v2\/product\/104094","targetHints":{"allow":["GET"]}}],"collection":[{"href":"https:\/\/www.editorialelpirata.com\/ca\/wp-json\/wp\/v2\/product"}],"about":[{"href":"https:\/\/www.editorialelpirata.com\/ca\/wp-json\/wp\/v2\/types\/product"}],"wp:featuredmedia":[{"embeddable":true,"href":"https:\/\/www.editorialelpirata.com\/ca\/wp-json\/wp\/v2\/media\/104121"}],"wp:attachment":[{"href":"https:\/\/www.editorialelpirata.com\/ca\/wp-json\/wp\/v2\/media?parent=104094"}],"wp:term":[{"taxonomy":"product_brand","embeddable":true,"href":"https:\/\/www.editorialelpirata.com\/ca\/wp-json\/wp\/v2\/product_brand?post=104094"},{"taxonomy":"product_cat","embeddable":true,"href":"https:\/\/www.editorialelpirata.com\/ca\/wp-json\/wp\/v2\/product_cat?post=104094"},{"taxonomy":"product_tag","embeddable":true,"href":"https:\/\/www.editorialelpirata.com\/ca\/wp-json\/wp\/v2\/product_tag?post=104094"}],"curies":[{"name":"wp","href":"https:\/\/api.w.org\/{rel}","templated":true}]}}