{"id":104019,"date":"2025-09-24T09:00:21","date_gmt":"2025-09-24T09:00:21","guid":{"rendered":"https:\/\/www.editorialelpirata.com\/?post_type=product&#038;p=104019"},"modified":"2025-10-15T09:16:16","modified_gmt":"2025-10-15T09:16:16","slug":"album-ilustrat-impossible","status":"publish","type":"product","link":"https:\/\/www.editorialelpirata.com\/ca\/Producte\/album-ilustrat-impossible\/","title":{"rendered":"IMPOSSIBLE"},"content":{"rendered":"<div class=\"wpb-content-wrapper\"><p>[vc_row][vc_column][vc_column_text uncode_shortcode_id=&#8221;758263&#8243;]Fins on series capa\u00e7 d\u2019arribar per fer realitat els teus somnis?<br \/>\nAl carrer m\u00e9s assolellat de la ciutat m\u00e9s concorreguda, el Gos porta una petita bugaderia, per\u00f2 el seu cor anhela l\u2019oce\u00e0. Un bon dia apareix un cranc dins un detergent molt especial, cosa que far\u00e0 que el Gos es decideixi a emprendre un viatge incre\u00efble. Junts, el Gos i el Cranc travessen muntanyes i cascades i descobreixen que l\u2019impossible nom\u00e9s existeix si tu ho permets.<\/p>\n<p>Impossible! \u00e9s un conte infantil escrit per Tracey Corderoy i il\u00b7lustrat per Tony Neal, que ens transporta a un m\u00f3n on els somnis poden fer-se realitat amb una mica de determinaci\u00f3 i amistat. \u00c9s un llibre recomanat per a infants a partir de 3 anys.<\/p>\n<p>Altres \u00e0lbums il\u00b7lustrats amb valors d\u2019Editorial el Pirata:<br \/>\n\u2022 Compte amb la princesa pirata<br \/>\n\u2022 L\u2019os del cul gros<br \/>\n\u2022 Qui t\u00e9 un germ\u00e0 t\u00e9 un tresor<br \/>\n[\/vc_column_text][vc_column_text uncode_shortcode_id=&#8221;124291&#8243;]<\/p>\n<hr \/>\n<h3>Fes una ullada al interior:<\/h3>\n<p>[\/vc_column_text][\/vc_column][\/vc_row][vc_row][vc_column width=&#8221;1\/4&#8243;][\/vc_column][vc_column width=&#8221;1\/2&#8243;][vc_raw_html]PGlmcmFtZSBzcmM9Imh0dHBzOi8vd3d3Lnl1bXB1LmNvbS94eC9lbWJlZC92aWV3L045R2VWN2Q0STVZRldPdHEiIHdpZHRoPSI2MDBweCIgaGVpZ2h0PSI0MjBweCIgZnJhbWVib3JkZXI9IjAiIGFsbG93ZnVsbHNjcmVlbj0iYWxsb3dmdWxsc2NyZWVuIj48L2lmcmFtZT4=[\/vc_raw_html][\/vc_column][vc_column width=&#8221;1\/4&#8243;][\/vc_column][\/vc_row]<\/p>\n<\/div>","protected":false},"excerpt":{"rendered":"<h3>Perqu\u00e8 els canvis s\u00f3n noves aventures i no ens haurien de fer por!<\/h3>\n<p>Impossible! \u00c9s un conte infantil escrit per Tracey Corderoy i il\u00b7lustrat per Tony Neal, que ens transporta a un m\u00f3n on els somnis poden fer-se realitat amb una mica de determinaci\u00f3 i amistat.<\/p>\n","protected":false},"featured_media":104027,"template":"","meta":[],"product_brand":[],"product_cat":[3628,3572,3573,3237,3240,3304,3430,2123,3441,2354,3442],"product_tag":[3576,3577,3241,3578,3579,3627,3307],"class_list":{"0":"post-104019","1":"product","2":"type-product","3":"status-publish","4":"has-post-thumbnail","6":"product_cat-albums-illustrats-ca","7":"product_cat-contes-amb-valors-ca","8":"product_cat-contes-divertits-ca","9":"product_cat-libros-de-2-a-5-anos","10":"product_cat-llibres-de-3-a-6-anys-ca-2","11":"product_cat-albums-illustrats-7-anys","12":"product_cat-llibres-per-explicar","13":"product_cat-tots-els-llibres","14":"product_cat-llibres-nens-animals-ca","15":"product_cat-novetats","16":"product_cat-contes-per-explicar","17":"product_tag-contes-valors-ca-2","18":"product_tag-contes-per-nens","19":"product_tag-conte-infantil","20":"product_tag-contes-animals-ca-2","21":"product_tag-contes-per-explicar","22":"product_tag-conte-amb-valors-ca","23":"product_tag-llibre-nens","24":"product_shipping_class-envio-estandar-ca-2","26":"first","27":"instock","28":"shipping-taxable","29":"purchasable","30":"product-type-variable","31":"has-default-attributes"},"_links":{"self":[{"href":"https:\/\/www.editorialelpirata.com\/ca\/wp-json\/wp\/v2\/product\/104019","targetHints":{"allow":["GET"]}}],"collection":[{"href":"https:\/\/www.editorialelpirata.com\/ca\/wp-json\/wp\/v2\/product"}],"about":[{"href":"https:\/\/www.editorialelpirata.com\/ca\/wp-json\/wp\/v2\/types\/product"}],"wp:featuredmedia":[{"embeddable":true,"href":"https:\/\/www.editorialelpirata.com\/ca\/wp-json\/wp\/v2\/media\/104027"}],"wp:attachment":[{"href":"https:\/\/www.editorialelpirata.com\/ca\/wp-json\/wp\/v2\/media?parent=104019"}],"wp:term":[{"taxonomy":"product_brand","embeddable":true,"href":"https:\/\/www.editorialelpirata.com\/ca\/wp-json\/wp\/v2\/product_brand?post=104019"},{"taxonomy":"product_cat","embeddable":true,"href":"https:\/\/www.editorialelpirata.com\/ca\/wp-json\/wp\/v2\/product_cat?post=104019"},{"taxonomy":"product_tag","embeddable":true,"href":"https:\/\/www.editorialelpirata.com\/ca\/wp-json\/wp\/v2\/product_tag?post=104019"}],"curies":[{"name":"wp","href":"https:\/\/api.w.org\/{rel}","templated":true}]}}