{"id":104006,"date":"2025-10-01T09:00:23","date_gmt":"2025-10-01T09:00:23","guid":{"rendered":"https:\/\/www.editorialelpirata.com\/?post_type=product&#038;p=104006"},"modified":"2025-12-16T12:21:37","modified_gmt":"2025-12-16T12:21:37","slug":"historia-ilustrada-egipte","status":"publish","type":"product","link":"https:\/\/www.editorialelpirata.com\/ca\/Producte\/historia-ilustrada-egipte\/","title":{"rendered":"HIST\u00d2RIA IL\u00b7LUSTRADA- L\u2019ANTIC EGIPTE"},"content":{"rendered":"<div class=\"wpb-content-wrapper\"><p>[vc_row][vc_column][vc_column_text uncode_shortcode_id=&#8221;496547&#8243;]<strong>L\u2019antic Egipte va ser la civilitzaci\u00f3 m\u00e9s duradora que s\u2019ha conegut, amb m\u00e9s de tres mil anys d\u2019hist\u00f2ria. Els egipcis van crear els monuments m\u00e9s grans i espectaculars del m\u00f3n, aix\u00ed com una inoblidable cultura que va fascinar els altres pobles de l\u2019antiguitat.<\/strong><\/p>\n<p>Descobreix faraons com Rams\u00e8s II o Tutankamon, els secrets de la construcci\u00f3 de les grans pir\u00e0mides, les guerres que van sacsejar el pa\u00eds del Nil o la vida de la llegend\u00e0ria Cle\u00f2patra. Coneix els misteriosos d\u00e9us Anubis, Ra o Bastet, l\u2019origen de les m\u00f2mies i els exploradors de l\u2019era moderna que van aconseguir desenterrar aquest m\u00f3n d\u2019enigmes i jerogl\u00edfics.<\/p>\n<p>Aquest \u00e9s el quart volum de la col\u00b7lecci\u00f3 <strong>\u00abHist\u00f2ria il\u00b7lustrada\u00bb<\/strong>, ideal per aprendre hist\u00f2ria de manera amena i divertida. El text est\u00e0 acompanyat de simp\u00e0tiques il\u00b7lustracions i bromes visuals que ajuden els nens i les nenes a comprendre millor els fets hist\u00f2rics que es narren. Un llibre recomanat a partir de 10 anys.<\/p>\n<p><strong>\u00a0<\/strong><\/p>\n<p><strong>Altres t\u00edtols de la col\u00b7lecci\u00f3 \u00abHist\u00f2ria il\u00b7lustrada\u00bb:<\/strong><\/p>\n<ol>\n<li><a href=\"https:\/\/www.editorialelpirata.com\/ca\/Producte\/historia-ilustrada-per-a-nens-roma\/\" target=\"_blank\" rel=\"noopener\">Roma<\/a><\/li>\n<li><a href=\"https:\/\/www.editorialelpirata.com\/ca\/Producte\/historia-per-a-nens-els-vikings\/\" target=\"_blank\" rel=\"noopener\">Els vikings<\/a><\/li>\n<li><a href=\"https:\/\/www.editorialelpirata.com\/ca\/Producte\/historia-ilustrada-lantiga-grecia\/\" target=\"_blank\" rel=\"noopener\">L\u2019antiga Gr\u00e8cia<\/a><\/li>\n<\/ol>\n<p><strong>\u00a0<\/strong><\/p>\n<p>Descobreix altres col\u00b7leccions d\u2019Editorial el Pirata:<\/p>\n<ul>\n<li><a href=\"https:\/\/www.editorialelpirata.com\/ca\/exploradors-temps-aventures\/\" target=\"_blank\" rel=\"noopener\">Els Exploradors del Temps (+10 anys)<\/a><\/li>\n<li><a href=\"https:\/\/www.editorialelpirata.com\/ca\/els-basquet-prodigis\/\" target=\"_blank\" rel=\"noopener\">Els B\u00e0squet Prodigis (+8 anys)<\/a><\/li>\n<li><a href=\"https:\/\/www.editorialelpirata.com\/ca\/golassos\/\" target=\"_blank\" rel=\"noopener\">Golassos (+8 anys)<\/a><\/li>\n<\/ul>\n<p>[\/vc_column_text][vc_column_text uncode_shortcode_id=&#8221;138798&#8243;]<\/p>\n<p style=\"padding-left: 40px;\"><strong>Activitum.cat:<\/strong>\u00a0\u201cEl recomanem especialment per aquells infants que ja tenen inter\u00e8s en la Hist\u00f2ria, ja que \u00e9s un recurs molt bo per a que aprenguin m\u00e9s sobre aquestes civilitzacions en concret. Trobem que la informaci\u00f3 est\u00e0 molt ben estructurada i permet veure de manera molt clara la successi\u00f3 d\u2019esdeveniments per tal d\u2019entendre a fons la rellev\u00e0ncia d\u2019aquest per\u00edode hist\u00f2ric.\u201d<\/p>\n<p style=\"padding-left: 40px;\"><strong>Usu\u00e0ria de Facebook:<\/strong>\u00a0\u201cUn llibre molt bo per a iniciar els nens a la lectura.\u201d<\/p>\n<p>[\/vc_column_text][vc_column_text uncode_shortcode_id=&#8221;164361&#8243;]<\/p>\n<h4>Echa un vistazo en su interior:<\/h4>\n<p>[\/vc_column_text][\/vc_column][\/vc_row][vc_row][vc_column width=&#8221;1\/6&#8243;][\/vc_column][vc_column width=&#8221;4\/6&#8243;][vc_raw_html]JTNDaWZyYW1lJTIwd2lkdGglM0QlMjI2MjBweCUyMiUyMGhlaWdodCUzRCUyMjQwMHB4JTIyJTIwc3JjJTNEJTIyaHR0cHMlM0ElMkYlMkZ3d3cueXVtcHUuY29tJTJGeHglMkZlbWJlZCUyRnZpZXclMkZ5cnZpd0sydDRjWGhwODlaJTIyJTIwZnJhbWVib3JkZXIlM0QlMjIwJTIyJTIwYWxsb3dmdWxsc2NyZWVuJTNEJTIydHJ1ZSUyMiUyMGFsbG93dHJhbnNwYXJlbmN5JTNEJTIydHJ1ZSUyMiUzRSUzQyUyRmlmcmFtZSUzRSUyMCUyMCUyMCUyMCUyMCUyMCUyMCUyMCUyMCUyMCUyMCUyMCUyMCUyMCUyMCUyMCUyMCUyMCUyMCUyMCUyMCUyMCUyMCUyMCUyMCUyMCUyMCUyMCUyMCUyMCUyMCUyMCUyMCUyMCUyMCUyMCUyMCUyMCUyMCUyMCUyMCUyMCUyMCUyMCUyMCUyMCUyMCUyMCUyMCUyMCUyMCUyMCUyMCUyMCUyMCUyMCUyMCUyMCUyMCUyMCUyMCUyMCUyMCUyMCUyMCUyMCUyMCUyMCUyMCUyMCUyMCUyMCUyMCUyMCUyMCUyMCUyMCUyMCUyMCUyMCUyMCUyMCUyMCUyMCUyMCUyMCUyMCUyMCUyMCUyMCUyMCUyMCUyMCUyMCUyMCUyMA==[\/vc_raw_html][\/vc_column][vc_column width=&#8221;1\/6&#8243;][\/vc_column][\/vc_row][vc_row][vc_column width=&#8221;1\/6&#8243;][\/vc_column][vc_column width=&#8221;4\/6&#8243;][vc_column_text uncode_shortcode_id=&#8221;157507&#8243;]<\/p>\n<h4>Descubre un poco m\u00e1s de esta colecci\u00f3n:<\/h4>\n<p>[\/vc_column_text][vc_raw_html]JTNDaWZyYW1lJTIwd2lkdGglM0QlMjI2MjAlMjIlMjBoZWlnaHQlM0QlMjI0MDAlMjIlMjBzcmMlM0QlMjJodHRwcyUzQSUyRiUyRnd3dy55b3V0dWJlLmNvbSUyRmVtYmVkJTJGWGU1VjBmQm5iNW8lMjIlMjB0aXRsZSUzRCUyMkhpc3RvcmlhJTIwcGFyYSUyMG5pJUMzJUIxb3MlM0ElMjBMb3MlMjB2aWtpbmdvcyUyMC0lMjBBcHJlbmRlJTIwaGlzdG9yaWElMjBkaXZpcnRpJUMzJUE5bmRvdGUlMjIlMjBmcmFtZWJvcmRlciUzRCUyMjAlMjIlMjBhbGxvdyUzRCUyMmFjY2VsZXJvbWV0ZXIlM0IlMjBhdXRvcGxheSUzQiUyMGNsaXBib2FyZC13cml0ZSUzQiUyMGVuY3J5cHRlZC1tZWRpYSUzQiUyMGd5cm9zY29wZSUzQiUyMHBpY3R1cmUtaW4tcGljdHVyZSUzQiUyMHdlYi1zaGFyZSUyMiUyMGFsbG93ZnVsbHNjcmVlbiUzRSUzQyUyRmlmcmFtZSUzRQ==[\/vc_raw_html][\/vc_column][vc_column width=&#8221;1\/6&#8243;][\/vc_column][\/vc_row][vc_row][vc_column width=&#8221;1\/6&#8243;][\/vc_column][vc_column width=&#8221;2\/6&#8243;][vc_button button_color=&#8221;color-390865&#8243; border_width=&#8221;0&#8243; link=&#8221;url:https%3A%2F%2Fwww.editorialelpirata.com%2Fca%2Fhistoria-per-a-nens%2F|title:COLECCI%C3%93N%20HISTORIA%20PARA%20NI%C3%91OS|target:_blank|&#8221; button_color_type=&#8221;uncode-palette&#8221; uncode_shortcode_id=&#8221;181480&#8243;]COLECCI\u00d3N COMPLETA[\/vc_button][\/vc_column][vc_column width=&#8221;2\/6&#8243;][vc_button button_color=&#8221;color-390865&#8243; border_width=&#8221;0&#8243; link=&#8221;url:https%3A%2F%2Fwww.editorialelpirata.com%2Fca%2Fexploradors-temps-aventures%2F|title:LOS%20EXPLORADORES%20DEL%20TIEMPO|target:_blank|&#8221; button_color_type=&#8221;uncode-palette&#8221; uncode_shortcode_id=&#8221;717202&#8243;]LOS EXPLORADORES DEL TIEMPO[\/vc_button][\/vc_column][vc_column width=&#8221;1\/6&#8243;][\/vc_column][\/vc_row][vc_row][vc_column width=&#8221;1\/1&#8243;][vc_column_text uncode_shortcode_id=&#8221;505127&#8243;]<\/p>\n<hr \/>\n<div>\n<div>Amb el suport del Departament de Cultura.<\/div>\n<\/div>\n<div><a href=\"https:\/\/www.editorialelpirata.com\/wp-content\/uploads\/2024\/11\/Logo-icec.jpg\"><img decoding=\"async\" class=\"alignnone wp-image-100853 size-medium\" src=\"https:\/\/www.editorialelpirata.com\/wp-content\/uploads\/2024\/11\/Logo-icec-300x45.jpg\" alt=\"Logo icec complert\" width=\"300\" height=\"45\" title=\"\" srcset=\"https:\/\/www.editorialelpirata.com\/wp-content\/uploads\/2024\/11\/Logo-icec-300x45.jpg 300w, https:\/\/www.editorialelpirata.com\/wp-content\/uploads\/2024\/11\/Logo-icec-1024x155.jpg 1024w, https:\/\/www.editorialelpirata.com\/wp-content\/uploads\/2024\/11\/Logo-icec-768x116.jpg 768w, https:\/\/www.editorialelpirata.com\/wp-content\/uploads\/2024\/11\/Logo-icec-350x53.jpg 350w, https:\/\/www.editorialelpirata.com\/wp-content\/uploads\/2024\/11\/Logo-icec-64x10.jpg 64w, https:\/\/www.editorialelpirata.com\/wp-content\/uploads\/2024\/11\/Logo-icec.jpg 1252w\" sizes=\"(max-width: 300px) 100vw, 300px\" \/><\/a><\/div>\n<p>[\/vc_column_text][\/vc_column][\/vc_row]<\/p>\n<\/div>","protected":false},"excerpt":{"rendered":"<h3 data-start=\"0\" data-end=\"236\">Llibre d\u2019hist\u00f2ria il\u00b7lustrada d\u2019Egipte per a nens<\/h3>\n<p data-start=\"0\" data-end=\"236\">Descobreix qui van ser els grecs, els seus grans personatges i la seva religi\u00f3, aix\u00ed com quines de les seves aportacions a l\u2019art, la cultura o la pol\u00edtica continuen vigents avui dia.<\/p>\n<p data-start=\"238\" data-end=\"271\">Pots<a href=\"https:\/\/www.yumpu.com\/xx\/document\/view\/70602956\/historia-illustrada-lantic-egipte\" target=\"_blank\" rel=\"noopener\"> llegir-ne aqu\u00ed<\/a> una mostra.<\/p>\n<p data-start=\"273\" data-end=\"313\" data-is-last-node=\"\" data-is-only-node=\"\">Autor i il\u00b7lustrador: <a href=\"https:\/\/www.editorialelpirata.com\/ca\/miguel-angel-saura-ca\/\" target=\"_blank\" rel=\"noopener\">Miguel \u00c1ngel Saura<\/a><\/p>\n","protected":false},"featured_media":104045,"template":"","meta":[],"product_brand":[],"product_cat":[3148,3194,2354],"product_tag":[2926,3626,2927,2928,2929,2930,2931],"class_list":{"0":"post-104006","1":"product","2":"type-product","3":"status-publish","4":"has-post-thumbnail","6":"product_cat-llibres-de-4-a-7-anys-ca","7":"product_cat-no-ficcio-ca","8":"product_cat-novetats","9":"product_tag-aprendre-historia-ca","10":"product_tag-egipte","11":"product_tag-historia-10-anys-ca","12":"product_tag-historia-divertida-ca","13":"product_tag-humor-nens-ca","14":"product_tag-llibres-didactics-ca","15":"product_tag-llibres-educatius-10-anys-ca","17":"first","18":"instock","19":"shipping-taxable","20":"purchasable","21":"product-type-variable","22":"has-default-attributes"},"_links":{"self":[{"href":"https:\/\/www.editorialelpirata.com\/ca\/wp-json\/wp\/v2\/product\/104006","targetHints":{"allow":["GET"]}}],"collection":[{"href":"https:\/\/www.editorialelpirata.com\/ca\/wp-json\/wp\/v2\/product"}],"about":[{"href":"https:\/\/www.editorialelpirata.com\/ca\/wp-json\/wp\/v2\/types\/product"}],"wp:featuredmedia":[{"embeddable":true,"href":"https:\/\/www.editorialelpirata.com\/ca\/wp-json\/wp\/v2\/media\/104045"}],"wp:attachment":[{"href":"https:\/\/www.editorialelpirata.com\/ca\/wp-json\/wp\/v2\/media?parent=104006"}],"wp:term":[{"taxonomy":"product_brand","embeddable":true,"href":"https:\/\/www.editorialelpirata.com\/ca\/wp-json\/wp\/v2\/product_brand?post=104006"},{"taxonomy":"product_cat","embeddable":true,"href":"https:\/\/www.editorialelpirata.com\/ca\/wp-json\/wp\/v2\/product_cat?post=104006"},{"taxonomy":"product_tag","embeddable":true,"href":"https:\/\/www.editorialelpirata.com\/ca\/wp-json\/wp\/v2\/product_tag?post=104006"}],"curies":[{"name":"wp","href":"https:\/\/api.w.org\/{rel}","templated":true}]}}