{"id":103956,"date":"2025-10-08T09:00:47","date_gmt":"2025-10-08T09:00:47","guid":{"rendered":"https:\/\/www.editorialelpirata.com\/?post_type=product&#038;p=103956"},"modified":"2025-09-29T11:29:49","modified_gmt":"2025-09-29T11:29:49","slug":"diversitat-funcional-majuscula","status":"publish","type":"product","link":"https:\/\/www.editorialelpirata.com\/ca\/Producte\/diversitat-funcional-majuscula\/","title":{"rendered":"L&#8217;ANIMAL M\u00c9S ESPECIAL"},"content":{"rendered":"<div class=\"wpb-content-wrapper\"><p>[vc_row][vc_column][vc_column_text uncode_shortcode_id=&#8221;951538&#8243;]<strong>La diversitat funcional presentada a trav\u00e9s d\u2019unes il\u00b7lustracions fant\u00e0stiques<\/strong><\/p>\n<p>El pare Eri\u00e7\u00f3 i la petita Eri\u00e7ona han de cercar fulles daurades per al Concurs del Bosc. A mesura que els animals competeixen pel desitjat past\u00eds de gerds, cadascun demostra les seves habilitats \u00faniques i ens ensenya que tots tenim alguna cosa especial per oferir.<\/p>\n<p><em>L\u2019animal m\u00e9s especial<\/em> \u00e9s un \u00e0lbum il\u00b7lustrat que ens descobreix la <strong>diversitat funcional<\/strong>. A trav\u00e9s d\u2019unes il\u00b7lustracions espectaculars, els petits lectors aprendran valuoses lli\u00e7ons sobre <strong>la import\u00e0ncia de la col\u00b7laboraci\u00f3 i l\u2019acceptaci\u00f3 de les difer\u00e8ncies<\/strong>.<\/p>\n<p>A m\u00e9s, els infants podran <strong>jugar a trobar<\/strong> elements repetits en les il\u00b7lustracions. Aconseguiran trobar-los tots?<\/p>\n<p>El text est\u00e0 escrit en LLETRA MAJ\u00daSCULA.[\/vc_column_text][\/vc_column][\/vc_row][vc_row][vc_column width=&#8221;1\/4&#8243;][\/vc_column][vc_column width=&#8221;1\/2&#8243;][vc_raw_html]PGlmcmFtZSBzcmM9Imh0dHBzOi8vd3d3Lnl1bXB1LmNvbS9lcy9lbWJlZC92aWV3L0dsNzhYanRBYTR3U21adjEiIHdpZHRoPSI2MjBweCIgaGVpZ2h0PSI0MDBweCIgZnJhbWVib3JkZXI9IjAiIGFsbG93ZnVsbHNjcmVlbj0iYWxsb3dmdWxsc2NyZWVuIj48c3BhbiBkYXRhLW1jZS10eXBlPSJib29rbWFyayIgc3R5bGU9ImRpc3BsYXk6IGlubGluZS1ibG9jazsgd2lkdGg6IDBweDsgb3ZlcmZsb3c6IGhpZGRlbjsgbGluZS1oZWlnaHQ6IDA7IiBjbGFzcz0ibWNlX1NFTFJFU19zdGFydCI+77u\/PC9zcGFuPjwvaWZyYW1lPg==[\/vc_raw_html][\/vc_column][vc_column width=&#8221;1\/4&#8243;][\/vc_column][\/vc_row]<\/p>\n<\/div>","protected":false},"excerpt":{"rendered":"<p><strong>La diversitat funcional presentada a trav\u00e9s d\u2019unes il\u00b7lustracions fant\u00e0stiques i en lletra MAJ\u00daSCULA<\/strong><br \/>\n<em>L\u2019animal m\u00e9s especial<\/em> \u00e9s un \u00e0lbum il\u00b7lustrat que ens descobreix la <strong>diversitat funcional<\/strong>.<\/p>\n<p>A trav\u00e9s d\u2019unes il\u00b7lustracions espectaculars, els petits lectors aprendran valuoses lli\u00e7ons sobre <strong>la import\u00e0ncia de la col\u00b7laboraci\u00f3 i l\u2019acceptaci\u00f3 de les difer\u00e8ncies<\/strong>.<\/p>\n","protected":false},"featured_media":103951,"template":"","meta":[],"product_brand":[],"product_cat":[3240,3663,3441,3581,3583,2123,2354,2356],"product_tag":[3592,3593,3664,3666,3671,3584,3672,3588,3673,3589,3590,3591],"class_list":{"0":"post-103956","1":"product","2":"type-product","3":"status-publish","4":"has-post-thumbnail","6":"product_cat-llibres-de-3-a-6-anys-ca-2","7":"product_cat-monica-armino-ca","8":"product_cat-llibres-nens-animals-ca","9":"product_cat-lletra-majuscula","10":"product_cat-anna-rayo-ca","11":"product_cat-tots-els-llibres","12":"product_cat-novetats","13":"product_cat-contes-2-a-5-anys","14":"product_tag-conte-amb-valors","15":"product_tag-ser-diferent","16":"product_tag-lletra-de-pal-ca-2","17":"product_tag-diversidad-funcional-ca","18":"product_tag-llibre-infantil-ca-2","19":"product_tag-llibre-majuscules","20":"product_tag-llibre-illustrat-nens","21":"product_tag-conte-diversitat","22":"product_tag-llibre-illustrat-infantil","23":"product_tag-conte-diversitat-funcional","24":"product_tag-llibre-diversitat","25":"product_tag-llibre-diversitat-nens","26":"product_shipping_class-envio-estandar-ca-2","28":"first","29":"instock","30":"shipping-taxable","31":"purchasable","32":"product-type-variable","33":"has-default-attributes"},"_links":{"self":[{"href":"https:\/\/www.editorialelpirata.com\/ca\/wp-json\/wp\/v2\/product\/103956","targetHints":{"allow":["GET"]}}],"collection":[{"href":"https:\/\/www.editorialelpirata.com\/ca\/wp-json\/wp\/v2\/product"}],"about":[{"href":"https:\/\/www.editorialelpirata.com\/ca\/wp-json\/wp\/v2\/types\/product"}],"wp:featuredmedia":[{"embeddable":true,"href":"https:\/\/www.editorialelpirata.com\/ca\/wp-json\/wp\/v2\/media\/103951"}],"wp:attachment":[{"href":"https:\/\/www.editorialelpirata.com\/ca\/wp-json\/wp\/v2\/media?parent=103956"}],"wp:term":[{"taxonomy":"product_brand","embeddable":true,"href":"https:\/\/www.editorialelpirata.com\/ca\/wp-json\/wp\/v2\/product_brand?post=103956"},{"taxonomy":"product_cat","embeddable":true,"href":"https:\/\/www.editorialelpirata.com\/ca\/wp-json\/wp\/v2\/product_cat?post=103956"},{"taxonomy":"product_tag","embeddable":true,"href":"https:\/\/www.editorialelpirata.com\/ca\/wp-json\/wp\/v2\/product_tag?post=103956"}],"curies":[{"name":"wp","href":"https:\/\/api.w.org\/{rel}","templated":true}]}}