{"id":103929,"date":"2025-10-08T09:00:03","date_gmt":"2025-10-08T09:00:03","guid":{"rendered":"https:\/\/www.editorialelpirata.com\/?post_type=product&#038;p=103929"},"modified":"2025-12-15T10:11:33","modified_gmt":"2025-12-15T10:11:33","slug":"abella-insectes-lletra-impremta","status":"publish","type":"product","link":"https:\/\/www.editorialelpirata.com\/ca\/Producte\/abella-insectes-lletra-impremta\/","title":{"rendered":"L&#8217;ABELLA GRETA I L&#8217;HOTEL DELS INSECTES"},"content":{"rendered":"<div class=\"wpb-content-wrapper\"><p>[vc_row][vc_column][vc_column_text uncode_shortcode_id=&#8221;465862&#8243;]<em>L\u2019abella Greta i l\u2019hotel dels insectes<\/em> \u00e9s un conte recomanat per a nens i nenes <strong>a partir de 7 anys<\/strong>. El text, que combina una <strong>narraci\u00f3 senzilla<\/strong> amb molt de di\u00e0leg i bafarades de <strong>c\u00f2mic<\/strong>, est\u00e0 acompanyat d\u2019unes <strong>il\u00b7lustracions fant\u00e0stiques a tot color<\/strong>.<\/p>\n<p>A trav\u00e9s d\u2019una aventura emocionant, els lectors aprendran el <strong>valor de l\u2019amistat<\/strong> i el <strong>treball en equip<\/strong> i, a m\u00e9s, assimilaran la <strong>import\u00e0ncia de respectar els animals i la natura<\/strong>. Al final del llibre, s\u2019explica qu\u00e8 s\u00f3n i per a qu\u00e8 serveixen els hotels d\u2019insectes i hi ha una <strong>guia<\/strong> per fer un hort escolar i per aprendre a construir un hotel d\u2019insectes.<\/p>\n<p>Altres llibres d\u2019Editorial el Pirata:<\/p>\n<ul>\n<li>El capit\u00e0 Barbamec i el ping\u00fc\u00ed bandarra<\/li>\n<\/ul>\n<ul>\n<li>Sant Jordi i el drac devorallibres<\/li>\n<li>El pirata que no sabia dir la R<\/li>\n<\/ul>\n<p>[\/vc_column_text][vc_column_text uncode_shortcode_id=&#8221;124291&#8243;]<\/p>\n<hr \/>\n<h3>Dona un cop d&#8217;ull a l&#8217;interior:<\/h3>\n<p>[\/vc_column_text][\/vc_column][\/vc_row][vc_row][vc_column width=&#8221;1\/4&#8243;][\/vc_column][vc_column width=&#8221;1\/2&#8243;][vc_raw_html]PGlmcmFtZSBzcmM9Imh0dHBzOi8vd3d3Lnl1bXB1LmNvbS94eC9lbWJlZC92aWV3LzlMbDFvV2FONlFqQmN1bksiIHdpZHRoPSI2MjBweCIgaGVpZ2h0PSI0MDBweCIgZnJhbWVib3JkZXI9IjAiIGFsbG93ZnVsbHNjcmVlbj0iYWxsb3dmdWxsc2NyZWVuIj48c3BhbiBkYXRhLW1jZS10eXBlPSJib29rbWFyayIgc3R5bGU9ImRpc3BsYXk6IGlubGluZS1ibG9jazsgd2lkdGg6IDBweDsgb3ZlcmZsb3c6IGhpZGRlbjsgbGluZS1oZWlnaHQ6IDA7IiBjbGFzcz0ibWNlX1NFTFJFU19zdGFydCI+77u\/PC9zcGFuPjwvaWZyYW1lPg==[\/vc_raw_html][\/vc_column][vc_column width=&#8221;1\/4&#8243;][\/vc_column][\/vc_row][vc_row][vc_column width=&#8221;1\/1&#8243;][vc_column_text uncode_shortcode_id=&#8221;536658&#8243;]<\/p>\n<h4 data-start=\"246\" data-end=\"335\">Descobreix com fer un hort i construir un hotel d\u2019insectes amb l\u2019autor Xavier Margenat<\/h4>\n<p data-start=\"337\" data-end=\"589\">A partir del llibre <strong data-start=\"357\" data-end=\"401\"><em data-start=\"359\" data-end=\"399\">L\u2019abella Greta i l\u2019hotel dels insectes<\/em><\/strong>, l&#8217;autor <strong data-start=\"416\" data-end=\"435\">Xavier Margenat<\/strong> ens acompanya en una s\u00e8rie de v\u00eddeos pr\u00e0ctics on explica, pas a pas, com podem <strong data-start=\"515\" data-end=\"532\">crear un hort<\/strong> i <strong data-start=\"535\" data-end=\"568\">construir un hotel d\u2019insectes<\/strong> a casa o a l\u2019escola.<\/p>\n<p>[\/vc_column_text][\/vc_column][\/vc_row][vc_row][vc_column width=&#8221;1\/2&#8243;][vc_raw_html]JTNDaWZyYW1lJTIwd2lkdGglM0QlMjI1NjAlMjIlMjBoZWlnaHQlM0QlMjIzMTUlMjIlMjBzcmMlM0QlMjJodHRwcyUzQSUyRiUyRnd3dy55b3V0dWJlLmNvbSUyRmVtYmVkJTJGRDNyMXNBWjh2LXclM0ZzaSUzRGxpbEdVRzVHQm80TmFqdGslMjIlMjB0aXRsZSUzRCUyMllvdVR1YmUlMjB2aWRlbyUyMHBsYXllciUyMiUyMGZyYW1lYm9yZGVyJTNEJTIyMCUyMiUyMGFsbG93JTNEJTIyYWNjZWxlcm9tZXRlciUzQiUyMGF1dG9wbGF5JTNCJTIwY2xpcGJvYXJkLXdyaXRlJTNCJTIwZW5jcnlwdGVkLW1lZGlhJTNCJTIwZ3lyb3Njb3BlJTNCJTIwcGljdHVyZS1pbi1waWN0dXJlJTNCJTIwd2ViLXNoYXJlJTIyJTIwcmVmZXJyZXJwb2xpY3klM0QlMjJzdHJpY3Qtb3JpZ2luLXdoZW4tY3Jvc3Mtb3JpZ2luJTIyJTIwYWxsb3dmdWxsc2NyZWVuJTNFJTNDJTJGaWZyYW1lJTNF[\/vc_raw_html][\/vc_column][vc_column width=&#8221;1\/2&#8243;][vc_raw_html]JTNDaWZyYW1lJTIwd2lkdGglM0QlMjI1NjAlMjIlMjBoZWlnaHQlM0QlMjIzMTUlMjIlMjBzcmMlM0QlMjJodHRwcyUzQSUyRiUyRnd3dy55b3V0dWJlLmNvbSUyRmVtYmVkJTJGc21UbkN3Yi0tamslM0ZzaSUzRGtGdEpIbGc5RVRzWktYS0klMjIlMjB0aXRsZSUzRCUyMllvdVR1YmUlMjB2aWRlbyUyMHBsYXllciUyMiUyMGZyYW1lYm9yZGVyJTNEJTIyMCUyMiUyMGFsbG93JTNEJTIyYWNjZWxlcm9tZXRlciUzQiUyMGF1dG9wbGF5JTNCJTIwY2xpcGJvYXJkLXdyaXRlJTNCJTIwZW5jcnlwdGVkLW1lZGlhJTNCJTIwZ3lyb3Njb3BlJTNCJTIwcGljdHVyZS1pbi1waWN0dXJlJTNCJTIwd2ViLXNoYXJlJTIyJTIwcmVmZXJyZXJwb2xpY3klM0QlMjJzdHJpY3Qtb3JpZ2luLXdoZW4tY3Jvc3Mtb3JpZ2luJTIyJTIwYWxsb3dmdWxsc2NyZWVuJTNFJTNDJTJGaWZyYW1lJTNF[\/vc_raw_html][\/vc_column][\/vc_row]<\/p>\n<\/div>","protected":false},"excerpt":{"rendered":"<h3>Benvinguts a l\u2019hotel d\u2019insectes!<\/h3>\n<p>Coneix l\u2019abella Greta i els seus amics insectes. Tots junts tenen una feina molt important: ajudar a cuidar les plantes de l\u2019hort. Descobreix com pol\u00b7linitzen les plantes i com combaten les plagues.<\/p>\n<p>Oh, no! Els ataca un capsigrany! Qu\u00e8 podran fer els insectes per alliberar-se d\u2019aquest ocell?<\/p>\n","protected":false},"featured_media":103924,"template":"","meta":[],"product_brand":[],"product_cat":[3628,3430,3441,3237,3442,3240,3572,3573,3574,3303,3575,3304,2354,3360],"product_tag":[3676,3241,3577,3307,3579,3003,3580,3005],"class_list":{"0":"post-103929","1":"product","2":"type-product","3":"status-publish","4":"has-post-thumbnail","6":"product_cat-albums-illustrats-ca","7":"product_cat-llibres-per-explicar","8":"product_cat-llibres-nens-animals-ca","9":"product_cat-libros-de-2-a-5-anos","10":"product_cat-contes-per-explicar","11":"product_cat-llibres-de-3-a-6-anys-ca-2","12":"product_cat-contes-amb-valors-ca","13":"product_cat-contes-divertits-ca","14":"product_cat-xavier-margenat-ca","15":"product_cat-llibre-per-7-anys","16":"product_cat-marina-ramirez-ca","17":"product_cat-albums-illustrats-7-anys","18":"product_cat-novetats","19":"product_cat-lletra-dimpremta","20":"product_tag-contes-dhumor","21":"product_tag-conte-infantil","22":"product_tag-contes-per-nens","23":"product_tag-llibre-nens","24":"product_tag-contes-per-explicar","25":"product_tag-contes-animals-ca","26":"product_tag-contes-insectes","27":"product_tag-contes-valors-ca","28":"product_shipping_class-envio-estandar-ca-2","30":"first","31":"instock","32":"shipping-taxable","33":"purchasable","34":"product-type-variable","35":"has-default-attributes"},"_links":{"self":[{"href":"https:\/\/www.editorialelpirata.com\/ca\/wp-json\/wp\/v2\/product\/103929","targetHints":{"allow":["GET"]}}],"collection":[{"href":"https:\/\/www.editorialelpirata.com\/ca\/wp-json\/wp\/v2\/product"}],"about":[{"href":"https:\/\/www.editorialelpirata.com\/ca\/wp-json\/wp\/v2\/types\/product"}],"wp:featuredmedia":[{"embeddable":true,"href":"https:\/\/www.editorialelpirata.com\/ca\/wp-json\/wp\/v2\/media\/103924"}],"wp:attachment":[{"href":"https:\/\/www.editorialelpirata.com\/ca\/wp-json\/wp\/v2\/media?parent=103929"}],"wp:term":[{"taxonomy":"product_brand","embeddable":true,"href":"https:\/\/www.editorialelpirata.com\/ca\/wp-json\/wp\/v2\/product_brand?post=103929"},{"taxonomy":"product_cat","embeddable":true,"href":"https:\/\/www.editorialelpirata.com\/ca\/wp-json\/wp\/v2\/product_cat?post=103929"},{"taxonomy":"product_tag","embeddable":true,"href":"https:\/\/www.editorialelpirata.com\/ca\/wp-json\/wp\/v2\/product_tag?post=103929"}],"curies":[{"name":"wp","href":"https:\/\/api.w.org\/{rel}","templated":true}]}}