{"id":103800,"date":"2025-05-19T11:52:01","date_gmt":"2025-05-19T11:52:01","guid":{"rendered":"https:\/\/www.editorialelpirata.com\/producto\/cap-a-sise-de-primaria\/"},"modified":"2025-07-15T11:14:26","modified_gmt":"2025-07-15T11:14:26","slug":"sise-primaria-llibre-quadern","status":"publish","type":"product","link":"https:\/\/www.editorialelpirata.com\/ca\/Producte\/sise-primaria-llibre-quadern\/","title":{"rendered":"CAP A SIS\u00c8 DE PRIM\u00c0RIA"},"content":{"rendered":"<div class=\"wpb-content-wrapper\"><p>[vc_row][vc_column width=&#8221;1\/1&#8243;][vc_column_text uncode_shortcode_id=&#8221;769713&#8243;]<\/p>\n<div id=\"row-unique-3\" class=\"vc_row row-container\" data-parent=\"true\" data-section=\"0\">\n<div class=\"row limit-width row-parent\" data-imgready=\"true\">\n<div class=\"wpb_row row-inner\">\n<div class=\"wpb_column pos-top pos-center align_left column_parent col-lg-12 single-internal-gutter\">\n<div class=\"uncol style-light\">\n<div class=\"uncoltable\">\n<div class=\"uncell no-block-padding\">\n<div class=\"uncont\">\n<div class=\"uncode_text_column\">\n<h1>Llibre + quadern + guia de lectura gratis \u2013 Comen\u00e7o 6\u00e8<\/h1>\n<p>T\u2019enviem a casa el<a href=\"https:\/\/www.editorialelpirata.com\/ca\/Producte\/el-drac-daurat\/\" target=\"_blank\" rel=\"noopener\"> llibre<\/a> i el <a href=\"https:\/\/www.editorialelpirata.com\/ca\/Producte\/memoria-elefant-5-exercicis-10-anys\/\" target=\"_blank\" rel=\"noopener\">quadern d\u2019activitats d\u2019en Picanyol<\/a> i et podr\u00e0s descarregar gratu\u00eftament la\u00a0<a href=\"https:\/\/drive.google.com\/file\/d\/15CMUcWV0FOwn0YuC0F6muqENGqn5P8nt\/view?usp=sharing\" target=\"_blank\" rel=\"noopener\"><strong>guia de lectura<\/strong><\/a>\u00a0i el\u00a0<strong><a href=\"https:\/\/drive.google.com\/file\/d\/17C9KzktF3x5PnjpDCgeQ35pAILVs2l0T\/view?usp=sharing\" target=\"_blank\" rel=\"noopener\">solucionari<\/a>\u00a0<\/strong>del llibre de lectura.<\/p>\n<p>Disponible en catal\u00e0 i <a href=\"https:\/\/www.editorialelpirata.com\/ca\/Producte\/sise-primaria-llibre-quadern\/\" target=\"_blank\" rel=\"noopener\">castell\u00e0<\/a>.<\/p>\n<p>___<\/p>\n<p><strong>Llibre<\/strong><\/p>\n<p>Autora:\u00a0Ursel Scheffler \/\u00a0Il\u00b7lustrador:\u00a0Hannes Gerber<\/p>\n<p><strong>Quadern<\/strong><\/p>\n<p>Il\u00b7lustrador: Picanyol<\/p>\n<\/div>\n<\/div>\n<\/div>\n<\/div>\n<\/div>\n<\/div>\n<\/div>\n<\/div>\n<\/div>\n<p>[\/vc_column_text][\/vc_column][\/vc_row][vc_row][vc_column width=&#8221;1\/2&#8243;][vc_column_text uncode_shortcode_id=&#8221;476951&#8243;]<strong>Llibre &#8221; El drac daurat&#8221;<\/strong><\/p>\n<p>Autora:\u00a0Ursel Scheffler \/\u00a0Il\u00b7lustrador:\u00a0Hannes Gerber[\/vc_column_text][\/vc_column][vc_column width=&#8221;1\/2&#8243;][vc_single_image media=&#8221;98601&#8243; media_width_percent=&#8221;50&#8243; uncode_shortcode_id=&#8221;421220&#8243; media_link=&#8221;url:https%3A%2F%2Fwww.editorialelpirata.com%2Fca%2FProducte%2Fel-drac-daurat%2F|title:%20|target:_blank&#8221;][\/vc_column][\/vc_row][vc_row][vc_column width=&#8221;1\/2&#8243;][vc_column_text uncode_shortcode_id=&#8221;205326&#8243;]<strong>Quadern &#8221; Mem\u00f2ria d&#8217;elefant 5&#8243;<\/strong><\/p>\n<p>Il\u00b7lustrador: Picanyol[\/vc_column_text][\/vc_column][vc_column width=&#8221;1\/2&#8243;][vc_single_image media=&#8221;98829&#8243; media_width_percent=&#8221;50&#8243; uncode_shortcode_id=&#8221;604592&#8243; media_link=&#8221;url:https%3A%2F%2Fwww.editorialelpirata.com%2Fca%2FProducte%2Fmemoria-elefant-5-exercicis-10-anys%2F|title:%20mem%C3%B2ria%20d&#8217;elefant%205|target:_blank&#8221;][\/vc_column][\/vc_row]<\/p>\n<\/div>","protected":false},"excerpt":{"rendered":"<div class=\"woocommerce-product-details__short-description\">\n<h3>Comen\u00e7ar\u00e0s 6\u00e8 de Prim\u00e0ria?<\/h3>\n<p>Tens un llibre de lectura que podr\u00e0s profunditzar durant les vacances amb la seva guia de lectura gratu\u00efta, ho tens a Cap a sis\u00e8 de prim\u00e0ria.<\/p>\n<p>T\u2019ofereix: Un <strong><a href=\"https:\/\/www.editorialelpirata.com\/ca\/Producte\/el-drac-daurat\/\" target=\"_blank\" rel=\"noopener\">llibre<\/a>\u00a0<\/strong>+\u00a0<strong><a href=\"https:\/\/drive.google.com\/file\/d\/15CMUcWV0FOwn0YuC0F6muqENGqn5P8nt\/view?usp=sharing\" target=\"_blank\" rel=\"noopener\">guia de lectura<\/a>\u00a0<\/strong>digital\u00a0(per descarregar) +<a href=\"https:\/\/www.editorialelpirata.com\/ca\/Producte\/memoria-elefant-5-exercicis-10-anys\/\" target=\"_blank\" rel=\"noopener\"><strong>\u00a0quadern d\u2019activitats d\u2019en Picanyol<\/strong><\/a><\/p>\n<\/div>\n","protected":false},"featured_media":103805,"template":"","meta":[],"product_brand":[],"product_cat":[3528,3361,3362,3404],"product_tag":[3529,3558,3563,3564],"class_list":{"0":"post-103800","1":"product","2":"type-product","3":"status-publish","4":"has-post-thumbnail","6":"product_cat-losts-estiu","7":"product_cat-ester-farran-ca","8":"product_cat-jordi-sales-ca","9":"product_cat-picanyol-ca","10":"product_tag-10-anys-ca","11":"product_tag-9-anys-ca","12":"product_tag-cap-sise-de-primaria","13":"product_tag-fare-sise","15":"first","16":"instock","17":"shipping-taxable","18":"purchasable","19":"product-type-variable","20":"has-default-attributes"},"_links":{"self":[{"href":"https:\/\/www.editorialelpirata.com\/ca\/wp-json\/wp\/v2\/product\/103800","targetHints":{"allow":["GET"]}}],"collection":[{"href":"https:\/\/www.editorialelpirata.com\/ca\/wp-json\/wp\/v2\/product"}],"about":[{"href":"https:\/\/www.editorialelpirata.com\/ca\/wp-json\/wp\/v2\/types\/product"}],"wp:featuredmedia":[{"embeddable":true,"href":"https:\/\/www.editorialelpirata.com\/ca\/wp-json\/wp\/v2\/media\/103805"}],"wp:attachment":[{"href":"https:\/\/www.editorialelpirata.com\/ca\/wp-json\/wp\/v2\/media?parent=103800"}],"wp:term":[{"taxonomy":"product_brand","embeddable":true,"href":"https:\/\/www.editorialelpirata.com\/ca\/wp-json\/wp\/v2\/product_brand?post=103800"},{"taxonomy":"product_cat","embeddable":true,"href":"https:\/\/www.editorialelpirata.com\/ca\/wp-json\/wp\/v2\/product_cat?post=103800"},{"taxonomy":"product_tag","embeddable":true,"href":"https:\/\/www.editorialelpirata.com\/ca\/wp-json\/wp\/v2\/product_tag?post=103800"}],"curies":[{"name":"wp","href":"https:\/\/api.w.org\/{rel}","templated":true}]}}