{"id":103792,"date":"2025-05-18T11:39:47","date_gmt":"2025-05-18T11:39:47","guid":{"rendered":"https:\/\/www.editorialelpirata.com\/producto\/cap-a-5e-de-primaria\/"},"modified":"2025-07-15T11:14:26","modified_gmt":"2025-07-15T11:14:26","slug":"cinque-primaria-llibre-quadern","status":"publish","type":"product","link":"https:\/\/www.editorialelpirata.com\/ca\/Producte\/cinque-primaria-llibre-quadern\/","title":{"rendered":"CAP A CINQU\u00c8 DE PRIM\u00c0RIA"},"content":{"rendered":"<div class=\"wpb-content-wrapper\"><p>[vc_row][vc_column width=&#8221;1\/1&#8243;][vc_column_text uncode_shortcode_id=&#8221;387680&#8243;]<\/p>\n<h1>Llibre + quadern + guia de lectura gratis \u2013 Comen\u00e7o 5\u00e8<\/h1>\n<p>T\u2019enviem a casa el llibre i el quadern d\u2019activitats d\u2019en Picanyol i et podr\u00e0s descarregar gratu\u00eftament la\u00a0<a class=\"cursor-init\" href=\"https:\/\/drive.google.com\/file\/d\/14ok--EdgAaUfuMLQB432MO56P4BCY5K9\/view?usp=sharing\" target=\"_blank\" rel=\"noopener\"><strong>guia de lectura<\/strong>\u00a0<\/a>i el\u00a0<strong><a href=\"https:\/\/drive.google.com\/file\/d\/15yF9QOxM2mFSJhyV9qNWuufLeZ6RYcId\/view?usp=drive_link\" target=\"_blank\" rel=\"noopener\">solucionari<\/a>\u00a0<\/strong>del llibre de lectura.<\/p>\n<p>Disponible en catal\u00e0 i castell\u00e0.<\/p>\n<p>___<\/p>\n<p><strong>Llibre<\/strong><\/p>\n<p>Autora: Ester Farran \/\u00a0Il\u00b7lustrador: Jordi Sales<\/p>\n<p><strong>Quadern<\/strong><\/p>\n<p>Il\u00b7lustrador: Picanyol[\/vc_column_text][\/vc_column][\/vc_row][vc_row][vc_column width=&#8221;1\/2&#8243;][vc_column_text uncode_shortcode_id=&#8221;216412&#8243;]<strong>Llibre &#8220;Poca Broma amb la xocolata&#8221;<\/strong><\/p>\n<p>Autora: Ester Farran\u00a0 \/\u00a0Il\u00b7lustrador: Jordi Sales[\/vc_column_text][\/vc_column][vc_column width=&#8221;1\/2&#8243;][vc_single_image media=&#8221;93937&#8243; media_width_percent=&#8221;50&#8243; uncode_shortcode_id=&#8221;118978&#8243; media_link=&#8221;url:https%3A%2F%2Fwww.editorialelpirata.com%2Fproducto%2Fvaya-lio-vacaciones-lectura-facil%2F|title:Vaya%20l%C3%ADo%20con%20las%20vacaciones|target:_blank&#8221;][\/vc_column][\/vc_row][vc_row][vc_column width=&#8221;1\/2&#8243;][vc_column_text uncode_shortcode_id=&#8221;184005&#8243;]<strong>Quadern de vacances &#8220;Mem\u00f2ria d&#8217;elefant 4&#8221;<\/strong><\/p>\n<p>Il\u00b7lustrador. Picanyol[\/vc_column_text][\/vc_column][vc_column width=&#8221;1\/2&#8243;][vc_single_image media=&#8221;93866&#8243; media_width_percent=&#8221;50&#8243; uncode_shortcode_id=&#8221;444935&#8243; media_link=&#8221;url:https%3A%2F%2Fwww.editorialelpirata.com%2Fproducto%2Fcuadernillo-actividades-9-anos%2F|title:Memoria%20de%20elefante%204|target:_blank&#8221;][\/vc_column][\/vc_row]<\/p>\n<\/div>","protected":false},"excerpt":{"rendered":"<h3>Comen\u00e7ar\u00e0s 5\u00e8 de Prim\u00e0ria?<\/h3>\n<p>Tens un llibre de lectura que podr\u00e0s profunditzar durant les vacances amb la seva guia de lectura gratu\u00efta, ho tens a Cap a cinqu\u00e8 de prim\u00e0ria.<\/p>\n<p>T\u2019ofereix: Un\u00a0<strong><a class=\"cursor-init\" href=\"https:\/\/www.editorialelpirata.com\/ca\/Producte\/poca-broma-amb-les-vacances-9-anys\/\" target=\"_blank\" rel=\"noopener\">llibre<\/a>\u00a0<\/strong>+\u00a0<a href=\"https:\/\/drive.google.com\/file\/d\/14ok--EdgAaUfuMLQB432MO56P4BCY5K9\/view?usp=sharing\" target=\"_blank\" rel=\"noopener\"><strong>guia de lectura\u00a0<\/strong>digital<\/a>\u00a0(per descarregar) +<a href=\"https:\/\/www.editorialelpirata.com\/ca\/Producte\/memoria-elefant-4-quaderns-activitats\/\" target=\"_blank\" rel=\"noopener\"><strong>\u00a0quadern d\u2019activitats d\u2019en Picanyol<\/strong><\/a><\/p>\n","protected":false},"featured_media":103797,"template":"","meta":[],"product_brand":[],"product_cat":[3528,3404],"product_tag":[3559,3560,3561,3557,3558],"class_list":{"0":"post-103792","1":"product","2":"type-product","3":"status-publish","4":"has-post-thumbnail","6":"product_cat-losts-estiu","7":"product_cat-picanyol-ca","8":"product_tag-cinque-de-primaria","9":"product_tag-fare-cinque","10":"product_tag-cap-a-cinque","11":"product_tag-8-anys-ca","12":"product_tag-9-anys-ca","14":"first","15":"instock","16":"shipping-taxable","17":"purchasable","18":"product-type-variable","19":"has-default-attributes"},"_links":{"self":[{"href":"https:\/\/www.editorialelpirata.com\/ca\/wp-json\/wp\/v2\/product\/103792","targetHints":{"allow":["GET"]}}],"collection":[{"href":"https:\/\/www.editorialelpirata.com\/ca\/wp-json\/wp\/v2\/product"}],"about":[{"href":"https:\/\/www.editorialelpirata.com\/ca\/wp-json\/wp\/v2\/types\/product"}],"wp:featuredmedia":[{"embeddable":true,"href":"https:\/\/www.editorialelpirata.com\/ca\/wp-json\/wp\/v2\/media\/103797"}],"wp:attachment":[{"href":"https:\/\/www.editorialelpirata.com\/ca\/wp-json\/wp\/v2\/media?parent=103792"}],"wp:term":[{"taxonomy":"product_brand","embeddable":true,"href":"https:\/\/www.editorialelpirata.com\/ca\/wp-json\/wp\/v2\/product_brand?post=103792"},{"taxonomy":"product_cat","embeddable":true,"href":"https:\/\/www.editorialelpirata.com\/ca\/wp-json\/wp\/v2\/product_cat?post=103792"},{"taxonomy":"product_tag","embeddable":true,"href":"https:\/\/www.editorialelpirata.com\/ca\/wp-json\/wp\/v2\/product_tag?post=103792"}],"curies":[{"name":"wp","href":"https:\/\/api.w.org\/{rel}","templated":true}]}}