{"id":103495,"date":"2025-08-29T13:00:10","date_gmt":"2025-08-29T13:00:10","guid":{"rendered":"https:\/\/www.editorialelpirata.com\/?post_type=product&#038;p=103495"},"modified":"2025-09-29T11:29:49","modified_gmt":"2025-09-29T11:29:49","slug":"sons-animals","status":"publish","type":"product","link":"https:\/\/www.editorialelpirata.com\/ca\/Producte\/sons-animals\/","title":{"rendered":"ELS ANIMALS I LES SEVES MAMES"},"content":{"rendered":"<div class=\"wpb-content-wrapper\"><p>[vc_row][vc_column][vc_column_text uncode_shortcode_id=&#8221;514921&#8243;]<strong>Tot un m\u00f3n de sons, textures i tendresa per als m\u00e9s petits!<\/strong><\/p>\n<p>Endinsa els m\u00e9s petits en un univers de sons encantadors i moments plens d\u2019amor amb el llibre <em>Els animals i les seves mames<\/em>. Aquest <strong>conte amb sons<\/strong> convida els <strong>infants d\u2019entre 1 i 3 anys<\/strong> a explorar la natura i els vincles familiars a trav\u00e9s de <strong>textures \u00faniques i tintes especials<\/strong> que aporten un toc m\u00e0gic a cada p\u00e0gina.<\/p>\n<p>Acompanya els simp\u00e0tics animalons mentre es diverteixen amb les seves mares en situacions quotidianes plenes de tendresa. Des de l\u2019elefant jugant amb l\u2019aigua fins a les pessigolles del tigre o el vol del mussol, cada hist\u00f2ria est\u00e0 dissenyada per <strong>despertar la imaginaci\u00f3 dels m\u00e9s petits i fomentar la seva curiositat<\/strong>.<\/p>\n<ul>\n<li><strong>Textos rimats<\/strong> que faciliten la lectura i l\u2019aprenentatge.<\/li>\n<\/ul>\n<ul>\n<li><strong>Interacci\u00f3 sensorial<\/strong> amb cobertes texturitzades i efectes visuals brillants.<\/li>\n<\/ul>\n<ul>\n<li><strong>Jocs d\u2019imitaci\u00f3<\/strong> al final del llibre per refor\u00e7ar l\u2019aprenentatge.<\/li>\n<\/ul>\n<p>Aquest llibre \u00e9s perfecte per enfortir el <strong>vincle entre pares i fills<\/strong> amb moments de <strong>lectura compartida<\/strong> en qu\u00e8 els infants no nom\u00e9s escoltaran hist\u00f2ries, sin\u00f3 que tamb\u00e9 aprendran a <strong>imitar els sons dels animals<\/strong>.<\/p>\n<p><strong>Descobreix aquest m\u00f3n sonor m\u00e0gic i fes que l\u2019hora de llegir sigui encara m\u00e9s especial!<\/strong><\/p>\n<p>Descobreix altres llibres amb sons d\u2019Editorial el Pirata:<\/p>\n<ul>\n<li><a href=\"https:\/\/www.editorialelpirata.com\/ca\/Producte\/sons-instruments\/\" target=\"_blank\" rel=\"noopener\">El so dels instruments<\/a><\/li>\n<\/ul>\n<ul>\n<li><a href=\"https:\/\/www.editorialelpirata.com\/ca\/Producte\/sons-vehicles\/\" target=\"_blank\" rel=\"noopener\">El so dels vehicles<\/a><\/li>\n<\/ul>\n<p>[\/vc_column_text][\/vc_column][\/vc_row][vc_row row_height_percent=&#8221;0&#8243; overlay_alpha=&#8221;50&#8243; gutter_size=&#8221;3&#8243; column_width_percent=&#8221;100&#8243; shift_y=&#8221;0&#8243; z_index=&#8221;0&#8243; desktop_visibility=&#8221;yes&#8221; content_parallax=&#8221;0&#8243; uncode_shortcode_id=&#8221;123561&#8243;][vc_column width=&#8221;1\/3&#8243;][\/vc_column][vc_column width=&#8221;1\/3&#8243;][vc_raw_html]JTNDZGl2JTIwc3R5bGUlM0QlMjJwb3NpdGlvbiUzQSUyMHJlbGF0aXZlJTNCJTIwd2lkdGglM0ElMjAxMDAlMjUlM0IlMjBoZWlnaHQlM0ElMjAwJTNCJTIwcGFkZGluZy10b3AlM0ElMjA1Ni4yNTAwJTI1JTNCJTBBJTIwcGFkZGluZy1ib3R0b20lM0ElMjAwJTNCJTIwYm94LXNoYWRvdyUzQSUyMDAlMjAycHglMjA4cHglMjAwJTIwcmdiYSUyODYzJTJDNjklMkM4MSUyQzAuMTYlMjklM0IlMjBtYXJnaW4tdG9wJTNBJTIwMS42ZW0lM0IlMjBtYXJnaW4tYm90dG9tJTNBJTIwMC45ZW0lM0IlMjBvdmVyZmxvdyUzQSUyMGhpZGRlbiUzQiUwQSUyMGJvcmRlci1yYWRpdXMlM0ElMjA4cHglM0IlMjB3aWxsLWNoYW5nZSUzQSUyMHRyYW5zZm9ybSUzQiUyMiUzRSUwQSUyMCUyMCUzQ2lmcmFtZSUyMGxvYWRpbmclM0QlMjJsYXp5JTIyJTIwc3R5bGUlM0QlMjJwb3NpdGlvbiUzQSUyMGFic29sdXRlJTNCJTIwd2lkdGglM0ElMjAxMDAlMjUlM0IlMjBoZWlnaHQlM0ElMjAxMDAlMjUlM0IlMjB0b3AlM0ElMjAwJTNCJTIwbGVmdCUzQSUyMDAlM0IlMjBib3JkZXIlM0ElMjBub25lJTNCJTIwcGFkZGluZyUzQSUyMDAlM0JtYXJnaW4lM0ElMjAwJTNCJTIyJTBBJTIwJTIwJTIwJTIwc3JjJTNEJTIyaHR0cHMlM0ElMkYlMkZ3d3cuY2FudmEuY29tJTJGZGVzaWduJTJGREFHeGNGT2VwUDAlMkZLeElscWxMZXpmRnJ3VXNxSGI3REpRJTJGd2F0Y2glM0ZlbWJlZCUyMiUyMGFsbG93ZnVsbHNjcmVlbiUzRCUyMmFsbG93ZnVsbHNjcmVlbiUyMiUyMGFsbG93JTNEJTIyZnVsbHNjcmVlbiUyMiUzRSUwQSUyMCUyMCUzQyUyRmlmcmFtZSUzRSUwQSUzQyUyRmRpdiUzRQ==[\/vc_raw_html][\/vc_column][vc_column width=&#8221;1\/3&#8243;][\/vc_column][\/vc_row][vc_row row_height_percent=&#8221;0&#8243; overlay_alpha=&#8221;50&#8243; gutter_size=&#8221;3&#8243; column_width_percent=&#8221;100&#8243; shift_y=&#8221;0&#8243; z_index=&#8221;0&#8243; medium_visibility=&#8221;yes&#8221; mobile_visibility=&#8221;yes&#8221; content_parallax=&#8221;0&#8243; uncode_shortcode_id=&#8221;212740&#8243;][vc_column width=&#8221;1\/2&#8243;][vc_raw_html]JTNDZGl2JTIwc3R5bGUlM0QlMjJwb3NpdGlvbiUzQSUyMHJlbGF0aXZlJTNCJTIwd2lkdGglM0ElMjAxMDAlMjUlM0IlMjBoZWlnaHQlM0ElMjAwJTNCJTIwcGFkZGluZy10b3AlM0ElMjA1Ni4yNTAwJTI1JTNCJTBBJTIwcGFkZGluZy1ib3R0b20lM0ElMjAwJTNCJTIwYm94LXNoYWRvdyUzQSUyMDAlMjAycHglMjA4cHglMjAwJTIwcmdiYSUyODYzJTJDNjklMkM4MSUyQzAuMTYlMjklM0IlMjBtYXJnaW4tdG9wJTNBJTIwMS42ZW0lM0IlMjBtYXJnaW4tYm90dG9tJTNBJTIwMC45ZW0lM0IlMjBvdmVyZmxvdyUzQSUyMGhpZGRlbiUzQiUwQSUyMGJvcmRlci1yYWRpdXMlM0ElMjA4cHglM0IlMjB3aWxsLWNoYW5nZSUzQSUyMHRyYW5zZm9ybSUzQiUyMiUzRSUwQSUyMCUyMCUzQ2lmcmFtZSUyMGxvYWRpbmclM0QlMjJsYXp5JTIyJTIwc3R5bGUlM0QlMjJwb3NpdGlvbiUzQSUyMGFic29sdXRlJTNCJTIwd2lkdGglM0ElMjAxMDAlMjUlM0IlMjBoZWlnaHQlM0ElMjAxMDAlMjUlM0IlMjB0b3AlM0ElMjAwJTNCJTIwbGVmdCUzQSUyMDAlM0IlMjBib3JkZXIlM0ElMjBub25lJTNCJTIwcGFkZGluZyUzQSUyMDAlM0JtYXJnaW4lM0ElMjAwJTNCJTIyJTBBJTIwJTIwJTIwJTIwc3JjJTNEJTIyaHR0cHMlM0ElMkYlMkZ3d3cuY2FudmEuY29tJTJGZGVzaWduJTJGREFHeGNGT2VwUDAlMkZLeElscWxMZXpmRnJ3VXNxSGI3REpRJTJGd2F0Y2glM0ZlbWJlZCUyMiUyMGFsbG93ZnVsbHNjcmVlbiUzRCUyMmFsbG93ZnVsbHNjcmVlbiUyMiUyMGFsbG93JTNEJTIyZnVsbHNjcmVlbiUyMiUzRSUwQSUyMCUyMCUzQyUyRmlmcmFtZSUzRSUwQSUzQyUyRmRpdiUzRQ==[\/vc_raw_html][\/vc_column][vc_column width=&#8221;1\/2&#8243;][\/vc_column][\/vc_row][vc_row][vc_column width=&#8221;1\/1&#8243;][vc_column_text uncode_shortcode_id=&#8221;388167&#8243;]Amb el suport de:<\/p>\n<p><a href=\"https:\/\/www.editorialelpirata.com\/wp-content\/uploads\/2024\/11\/Logo-icec.jpg\"><img decoding=\"async\" class=\"alignnone size-medium wp-image-100853\" src=\"https:\/\/www.editorialelpirata.com\/wp-content\/uploads\/2024\/11\/Logo-icec-300x45.jpg\" alt=\"Logo icec complert\" width=\"300\" height=\"45\" title=\"\" srcset=\"https:\/\/www.editorialelpirata.com\/wp-content\/uploads\/2024\/11\/Logo-icec-300x45.jpg 300w, https:\/\/www.editorialelpirata.com\/wp-content\/uploads\/2024\/11\/Logo-icec-1024x155.jpg 1024w, https:\/\/www.editorialelpirata.com\/wp-content\/uploads\/2024\/11\/Logo-icec-768x116.jpg 768w, https:\/\/www.editorialelpirata.com\/wp-content\/uploads\/2024\/11\/Logo-icec-350x53.jpg 350w, https:\/\/www.editorialelpirata.com\/wp-content\/uploads\/2024\/11\/Logo-icec-64x10.jpg 64w, https:\/\/www.editorialelpirata.com\/wp-content\/uploads\/2024\/11\/Logo-icec.jpg 1252w\" sizes=\"(max-width: 300px) 100vw, 300px\" \/><\/a>[\/vc_column_text][\/vc_column][\/vc_row]<\/p>\n<\/div>","protected":false},"excerpt":{"rendered":"<h3>Endinsa els m\u00e9s petits en un univers de sons encantadors i moments plens d\u2019amor amb el llibre Els animals i les seves mames.<\/h3>\n<p>Aquest conte amb sons convida els <strong>infants d\u2019entre 1 i 3 anys<\/strong>.<strong> Textures \u00faniques i tintes especials<\/strong> que aporten un toc m\u00e0gic a cada p\u00e0gina. Desperta la imaginaci\u00f3 dels m\u00e9s petits i fomentar la seva curiositat.<\/p>\n<p>Aquest llibre \u00e9s perfecte per enfortir el vincle entre pares i fills.<\/p>\n","protected":false},"featured_media":103493,"template":"","meta":[],"product_brand":[],"product_cat":[2362,3432,2354,3441,3442,3430,3431,2123],"product_tag":[3437,3438,3094,3444,3446,3415,3418],"class_list":{"0":"post-103495","1":"product","2":"type-product","3":"status-publish","4":"has-post-thumbnail","6":"product_cat-contes-cartrone","7":"product_cat-contes-amb-sons-ca","8":"product_cat-novetats","9":"product_cat-llibres-nens-animals-ca","10":"product_cat-contes-per-explicar","11":"product_cat-llibres-per-explicar","12":"product_cat-llibre-amb-sons","13":"product_cat-tots-els-llibres","14":"product_tag-contes-de-cartone","15":"product_tag-llibres-interactius-per-bebes","16":"product_tag-contes-3-anys-ca","17":"product_tag-contes-per-2-anys","18":"product_tag-contes-per-1-any","19":"product_tag-llibre-de-sons","20":"product_tag-contes-amb-sons","21":"product_shipping_class-envio-estandar-ca-2","23":"first","24":"instock","25":"shipping-taxable","26":"purchasable","27":"product-type-variable","28":"has-default-attributes"},"_links":{"self":[{"href":"https:\/\/www.editorialelpirata.com\/ca\/wp-json\/wp\/v2\/product\/103495","targetHints":{"allow":["GET"]}}],"collection":[{"href":"https:\/\/www.editorialelpirata.com\/ca\/wp-json\/wp\/v2\/product"}],"about":[{"href":"https:\/\/www.editorialelpirata.com\/ca\/wp-json\/wp\/v2\/types\/product"}],"wp:featuredmedia":[{"embeddable":true,"href":"https:\/\/www.editorialelpirata.com\/ca\/wp-json\/wp\/v2\/media\/103493"}],"wp:attachment":[{"href":"https:\/\/www.editorialelpirata.com\/ca\/wp-json\/wp\/v2\/media?parent=103495"}],"wp:term":[{"taxonomy":"product_brand","embeddable":true,"href":"https:\/\/www.editorialelpirata.com\/ca\/wp-json\/wp\/v2\/product_brand?post=103495"},{"taxonomy":"product_cat","embeddable":true,"href":"https:\/\/www.editorialelpirata.com\/ca\/wp-json\/wp\/v2\/product_cat?post=103495"},{"taxonomy":"product_tag","embeddable":true,"href":"https:\/\/www.editorialelpirata.com\/ca\/wp-json\/wp\/v2\/product_tag?post=103495"}],"curies":[{"name":"wp","href":"https:\/\/api.w.org\/{rel}","templated":true}]}}