{"id":103486,"date":"2025-08-29T10:00:52","date_gmt":"2025-08-29T10:00:52","guid":{"rendered":"https:\/\/www.editorialelpirata.com\/?post_type=product&#038;p=103486"},"modified":"2025-09-29T11:29:49","modified_gmt":"2025-09-29T11:29:49","slug":"sons-instruments","status":"publish","type":"product","link":"https:\/\/www.editorialelpirata.com\/ca\/Producte\/sons-instruments\/","title":{"rendered":"EL SO DELS INSTRUMENTS"},"content":{"rendered":"<div class=\"wpb-content-wrapper\"><p>[vc_row][vc_column][vc_column_text uncode_shortcode_id=&#8221;212045&#8243;]<\/p>\n<h3><strong>Descobreix el m\u00f3n musical amb els teus animals preferits!<\/strong><\/h3>\n<p>Submergeix-te en un viatge musical amb <em>El so dels instruments<\/em>, on cada p\u00e0gina cobra vida amb el so d\u2019instruments interpretats per encantadors animals. Aquest llibre combina <strong>el poder de la m\u00fasica amb la m\u00e0gia de la natura<\/strong> i ofereix una <strong>experi\u00e8ncia immersiva<\/strong> per als m\u00e9s petits, que podran descobrir el so de l\u2019acordi\u00f3, el piano, la bateria, la trompeta, el viol\u00ed i la flauta. Aquest conte amb sons est\u00e0 <strong>recomanat per a infants d\u2019entre 1 i 3 anys<\/strong>.<\/p>\n<ul>\n<li><strong>Textures i efectes visuals<\/strong>: Una coberta amb textura i tintes especials que aporten efectes visuals brillants.<\/li>\n<\/ul>\n<ul>\n<li><strong>Text rimat i sonor<\/strong>: Les rimes i les onomatopeies conviden els infants a jugar i experimentar amb els sons.<\/li>\n<\/ul>\n<ul>\n<li><strong>Aprenentatge de vocabulari<\/strong>: Introdueix els nens a nous termes a trav\u00e9s dels noms dels animals i dels instruments.<\/li>\n<\/ul>\n<ul>\n<li><strong>Interacci\u00f3 i joc<\/strong>: Al final del llibre, es proposa un joc perqu\u00e8 els nens simulin tocar cada instrument i s\u2019animin a ballar.<\/li>\n<\/ul>\n<p><strong>T\u2019animes a explorar aquest univers sonor amb els teus petits?<\/strong> Converteix cada lectura en una festa d\u2019aprenentatge i diversi\u00f3. <strong>Fes que la m\u00fasica ompli d\u2019alegria cada rac\u00f3 de casa teva!<\/strong><\/p>\n<p>Descobreix altres llibres sonors d\u2019Editorial el Pirata:<\/p>\n<ul>\n<li><a href=\"https:\/\/www.editorialelpirata.com\/ca\/?post_type=product&amp;p=103495\" target=\"_blank\" rel=\"noopener\">Els animals i les seves mames<\/a><\/li>\n<li><a href=\"https:\/\/www.editorialelpirata.com\/ca\/?post_type=product&amp;p=103478\" target=\"_blank\" rel=\"noopener\">El so dels vehicles<\/a><\/li>\n<\/ul>\n<p>[\/vc_column_text][\/vc_column][\/vc_row][vc_row row_height_percent=&#8221;0&#8243; overlay_alpha=&#8221;50&#8243; gutter_size=&#8221;3&#8243; column_width_percent=&#8221;100&#8243; shift_y=&#8221;0&#8243; z_index=&#8221;0&#8243; medium_visibility=&#8221;yes&#8221; mobile_visibility=&#8221;yes&#8221; content_parallax=&#8221;0&#8243; uncode_shortcode_id=&#8221;119206&#8243;][vc_column width=&#8221;1\/2&#8243;][vc_raw_html]JTNDZGl2JTIwc3R5bGUlM0QlMjJwb3NpdGlvbiUzQSUyMHJlbGF0aXZlJTNCJTIwd2lkdGglM0ElMjAxMDAlMjUlM0IlMjBoZWlnaHQlM0ElMjAwJTNCJTIwcGFkZGluZy10b3AlM0ElMjA1Ni4yNTAwJTI1JTNCJTBBJTIwcGFkZGluZy1ib3R0b20lM0ElMjAwJTNCJTIwYm94LXNoYWRvdyUzQSUyMDAlMjAycHglMjA4cHglMjAwJTIwcmdiYSUyODYzJTJDNjklMkM4MSUyQzAuMTYlMjklM0IlMjBtYXJnaW4tdG9wJTNBJTIwMS42ZW0lM0IlMjBtYXJnaW4tYm90dG9tJTNBJTIwMC45ZW0lM0IlMjBvdmVyZmxvdyUzQSUyMGhpZGRlbiUzQiUwQSUyMGJvcmRlci1yYWRpdXMlM0ElMjA4cHglM0IlMjB3aWxsLWNoYW5nZSUzQSUyMHRyYW5zZm9ybSUzQiUyMiUzRSUwQSUyMCUyMCUzQ2lmcmFtZSUyMGxvYWRpbmclM0QlMjJsYXp5JTIyJTIwc3R5bGUlM0QlMjJwb3NpdGlvbiUzQSUyMGFic29sdXRlJTNCJTIwd2lkdGglM0ElMjAxMDAlMjUlM0IlMjBoZWlnaHQlM0ElMjAxMDAlMjUlM0IlMjB0b3AlM0ElMjAwJTNCJTIwbGVmdCUzQSUyMDAlM0IlMjBib3JkZXIlM0ElMjBub25lJTNCJTIwcGFkZGluZyUzQSUyMDAlM0JtYXJnaW4lM0ElMjAwJTNCJTIyJTBBJTIwJTIwJTIwJTIwc3JjJTNEJTIyaHR0cHMlM0ElMkYlMkZ3d3cuY2FudmEuY29tJTJGZGVzaWduJTJGREFHeGI1THl0aDQlMkZnU0hrdXkxN09pVmdBbF9KOXNhdU9BJTJGd2F0Y2glM0ZlbWJlZCUyMiUyMGFsbG93ZnVsbHNjcmVlbiUzRCUyMmFsbG93ZnVsbHNjcmVlbiUyMiUyMGFsbG93JTNEJTIyZnVsbHNjcmVlbiUyMiUzRSUwQSUyMCUyMCUzQyUyRmlmcmFtZSUzRSUwQSUzQyUyRmRpdiUzRQ==[\/vc_raw_html][\/vc_column][vc_column width=&#8221;1\/2&#8243;][\/vc_column][\/vc_row][vc_row row_height_percent=&#8221;0&#8243; overlay_alpha=&#8221;50&#8243; gutter_size=&#8221;3&#8243; column_width_percent=&#8221;100&#8243; shift_y=&#8221;0&#8243; z_index=&#8221;0&#8243; desktop_visibility=&#8221;yes&#8221; content_parallax=&#8221;0&#8243; uncode_shortcode_id=&#8221;400280&#8243;][vc_column width=&#8221;1\/3&#8243;][\/vc_column][vc_column width=&#8221;1\/3&#8243;][vc_raw_html]JTNDZGl2JTIwc3R5bGUlM0QlMjJwb3NpdGlvbiUzQSUyMHJlbGF0aXZlJTNCJTIwd2lkdGglM0ElMjAxMDAlMjUlM0IlMjBoZWlnaHQlM0ElMjAwJTNCJTIwcGFkZGluZy10b3AlM0ElMjA1Ni4yNTAwJTI1JTNCJTBBJTIwcGFkZGluZy1ib3R0b20lM0ElMjAwJTNCJTIwYm94LXNoYWRvdyUzQSUyMDAlMjAycHglMjA4cHglMjAwJTIwcmdiYSUyODYzJTJDNjklMkM4MSUyQzAuMTYlMjklM0IlMjBtYXJnaW4tdG9wJTNBJTIwMS42ZW0lM0IlMjBtYXJnaW4tYm90dG9tJTNBJTIwMC45ZW0lM0IlMjBvdmVyZmxvdyUzQSUyMGhpZGRlbiUzQiUwQSUyMGJvcmRlci1yYWRpdXMlM0ElMjA4cHglM0IlMjB3aWxsLWNoYW5nZSUzQSUyMHRyYW5zZm9ybSUzQiUyMiUzRSUwQSUyMCUyMCUzQ2lmcmFtZSUyMGxvYWRpbmclM0QlMjJsYXp5JTIyJTIwc3R5bGUlM0QlMjJwb3NpdGlvbiUzQSUyMGFic29sdXRlJTNCJTIwd2lkdGglM0ElMjAxMDAlMjUlM0IlMjBoZWlnaHQlM0ElMjAxMDAlMjUlM0IlMjB0b3AlM0ElMjAwJTNCJTIwbGVmdCUzQSUyMDAlM0IlMjBib3JkZXIlM0ElMjBub25lJTNCJTIwcGFkZGluZyUzQSUyMDAlM0JtYXJnaW4lM0ElMjAwJTNCJTIyJTBBJTIwJTIwJTIwJTIwc3JjJTNEJTIyaHR0cHMlM0ElMkYlMkZ3d3cuY2FudmEuY29tJTJGZGVzaWduJTJGREFHeGI1THl0aDQlMkZnU0hrdXkxN09pVmdBbF9KOXNhdU9BJTJGd2F0Y2glM0ZlbWJlZCUyMiUyMGFsbG93ZnVsbHNjcmVlbiUzRCUyMmFsbG93ZnVsbHNjcmVlbiUyMiUyMGFsbG93JTNEJTIyZnVsbHNjcmVlbiUyMiUzRSUwQSUyMCUyMCUzQyUyRmlmcmFtZSUzRSUwQSUzQyUyRmRpdiUzRQ==[\/vc_raw_html][\/vc_column][vc_column width=&#8221;1\/3&#8243;][\/vc_column][\/vc_row][vc_row][vc_column width=&#8221;1\/1&#8243;][vc_column_text uncode_shortcode_id=&#8221;571689&#8243;]Amb el suport de:<\/p>\n<p><a href=\"https:\/\/www.editorialelpirata.com\/wp-content\/uploads\/2024\/11\/Logo-icec.jpg\"><img decoding=\"async\" class=\"alignnone size-medium wp-image-100853\" src=\"https:\/\/www.editorialelpirata.com\/wp-content\/uploads\/2024\/11\/Logo-icec-300x45.jpg\" alt=\"Logo icec complert\" width=\"300\" height=\"45\" title=\"\" srcset=\"https:\/\/www.editorialelpirata.com\/wp-content\/uploads\/2024\/11\/Logo-icec-300x45.jpg 300w, https:\/\/www.editorialelpirata.com\/wp-content\/uploads\/2024\/11\/Logo-icec-1024x155.jpg 1024w, https:\/\/www.editorialelpirata.com\/wp-content\/uploads\/2024\/11\/Logo-icec-768x116.jpg 768w, https:\/\/www.editorialelpirata.com\/wp-content\/uploads\/2024\/11\/Logo-icec-350x53.jpg 350w, https:\/\/www.editorialelpirata.com\/wp-content\/uploads\/2024\/11\/Logo-icec-64x10.jpg 64w, https:\/\/www.editorialelpirata.com\/wp-content\/uploads\/2024\/11\/Logo-icec.jpg 1252w\" sizes=\"(max-width: 300px) 100vw, 300px\" \/><\/a>[\/vc_column_text][\/vc_column][\/vc_row]<\/p>\n<\/div>","protected":false},"excerpt":{"rendered":"<h3>Submergeix-te en un viatge musical amb El so dels instruments.<\/h3>\n<p>Aquest llibre combina el poder de la m\u00fasica amb la m\u00e0gia de la natura i ofereix una experi\u00e8ncia immersiva.<\/p>\n<p>Recomanat per a infants d\u2019entre 0 i 3 anys.<\/p>\n","protected":false},"featured_media":103484,"template":"","meta":[],"product_brand":[],"product_cat":[2362,3430,3431,3432,2123,2354],"product_tag":[3437,3438,3418,3434,3435,3436],"class_list":{"0":"post-103486","1":"product","2":"type-product","3":"status-publish","4":"has-post-thumbnail","6":"product_cat-contes-cartrone","7":"product_cat-llibres-per-explicar","8":"product_cat-llibre-amb-sons","9":"product_cat-contes-amb-sons-ca","10":"product_cat-tots-els-llibres","11":"product_cat-novetats","12":"product_tag-contes-de-cartone","13":"product_tag-llibres-interactius-per-bebes","14":"product_tag-contes-amb-sons","15":"product_tag-llibres-amb-sons","16":"product_tag-llibres-per-nens-de-1-a-3-anys","17":"product_tag-llibres-de-cartone","18":"product_shipping_class-envio-estandar-ca-2","20":"first","21":"instock","22":"shipping-taxable","23":"purchasable","24":"product-type-variable","25":"has-default-attributes"},"_links":{"self":[{"href":"https:\/\/www.editorialelpirata.com\/ca\/wp-json\/wp\/v2\/product\/103486","targetHints":{"allow":["GET"]}}],"collection":[{"href":"https:\/\/www.editorialelpirata.com\/ca\/wp-json\/wp\/v2\/product"}],"about":[{"href":"https:\/\/www.editorialelpirata.com\/ca\/wp-json\/wp\/v2\/types\/product"}],"wp:featuredmedia":[{"embeddable":true,"href":"https:\/\/www.editorialelpirata.com\/ca\/wp-json\/wp\/v2\/media\/103484"}],"wp:attachment":[{"href":"https:\/\/www.editorialelpirata.com\/ca\/wp-json\/wp\/v2\/media?parent=103486"}],"wp:term":[{"taxonomy":"product_brand","embeddable":true,"href":"https:\/\/www.editorialelpirata.com\/ca\/wp-json\/wp\/v2\/product_brand?post=103486"},{"taxonomy":"product_cat","embeddable":true,"href":"https:\/\/www.editorialelpirata.com\/ca\/wp-json\/wp\/v2\/product_cat?post=103486"},{"taxonomy":"product_tag","embeddable":true,"href":"https:\/\/www.editorialelpirata.com\/ca\/wp-json\/wp\/v2\/product_tag?post=103486"}],"curies":[{"name":"wp","href":"https:\/\/api.w.org\/{rel}","templated":true}]}}