{"id":103478,"date":"2025-08-29T13:15:42","date_gmt":"2025-08-29T13:15:42","guid":{"rendered":"https:\/\/www.editorialelpirata.com\/?post_type=product&#038;p=103478"},"modified":"2025-09-29T11:29:49","modified_gmt":"2025-09-29T11:29:49","slug":"sons-vehicles","status":"publish","type":"product","link":"https:\/\/www.editorialelpirata.com\/ca\/Producte\/sons-vehicles\/","title":{"rendered":"EL SO DELS VEHICLES"},"content":{"rendered":"<div class=\"wpb-content-wrapper\"><p>[vc_row][vc_column][vc_column_text uncode_shortcode_id=&#8221;117876&#8243;]<strong>\u00a1Descubre el mundo de los veh\u00edculos con tus animales favoritos!<\/strong><\/p>\n<p>Emb\u00e1rcate en una aventura <strong>sonora y visual<\/strong> con el <strong>libro interactivo<\/strong> <em>El sonido de los veh\u00edculos<\/em> y sorprende a los m\u00e1s peque\u00f1os con cada p\u00e1gina llena de texturas y colores. Dise\u00f1ado para <strong>estimular los sentidos<\/strong>, este libro presenta una cubierta con <strong>textura y tintas especiales<\/strong> que ofrecen brillantes efectos visuales y relieves \u00fanicos.<\/p>\n<p>A trav\u00e9s de rimas encantadoras, los ni\u00f1os conocer\u00e1n el sonido de veh\u00edculos fascinantes como el cami\u00f3n de bomberos, la ambulancia, el barco de vapor, el tractor, el coche de carreras y el tren. Cada veh\u00edculo viene acompa\u00f1ado de sus respectivos ambientes, lo que enriquece la experiencia de lectura y ayuda a los ni\u00f1os a relacionar sonidos con im\u00e1genes.<\/p>\n<p>Este libro ofrece m\u00faltiples beneficios para los peque\u00f1os lectores:<\/p>\n<ul>\n<li><strong>Aprendizaje de vocabulario:<\/strong> introducci\u00f3n a diferentes animales que acompa\u00f1an a cada veh\u00edculo.<\/li>\n<li><strong>Desarrollo auditivo:<\/strong> onomatopeyas que invitan a los ni\u00f1os a imitar y recrear los sonidos.<\/li>\n<li><strong>Interacci\u00f3n divertida:<\/strong> un juego final para que los ni\u00f1os imiten los sonidos de los veh\u00edculos.<\/li>\n<\/ul>\n<p><strong>Recomendado para ni\u00f1os y ni\u00f1as de entre 1 y 3 a\u00f1os<\/strong>, es el cuento perfecto para manos curiosas y o\u00eddos atentos. Este libro es la elecci\u00f3n ideal para cualquier ni\u00f1o en etapa de descubrimiento. <strong>\u00a1Haz que la lectura sea una experiencia multisensorial!<\/strong><\/p>\n<p>Descubre otros libros sonoros de Editorial el Pirata:<\/p>\n<ul>\n<li><a href=\"https:\/\/www.editorialelpirata.com\/ca\/Producte\/sons-animals\/\" target=\"_blank\" rel=\"noopener\"><em>Los animales y sus mam\u00e1s<\/em><\/a><\/li>\n<li><a href=\"https:\/\/www.editorialelpirata.com\/ca\/Producte\/sons-instruments\/\" target=\"_blank\" rel=\"noopener\"><em>El sonido de los instrumentos<\/em><\/a><\/li>\n<\/ul>\n<p>[\/vc_column_text][\/vc_column][\/vc_row][vc_row row_height_percent=&#8221;0&#8243; overlay_alpha=&#8221;50&#8243; gutter_size=&#8221;3&#8243; column_width_percent=&#8221;100&#8243; shift_y=&#8221;0&#8243; z_index=&#8221;0&#8243; medium_visibility=&#8221;yes&#8221; mobile_visibility=&#8221;yes&#8221; content_parallax=&#8221;0&#8243; uncode_shortcode_id=&#8221;377245&#8243;][vc_column width=&#8221;1\/2&#8243;][vc_raw_html]JTNDZGl2JTIwc3R5bGUlM0QlMjJwb3NpdGlvbiUzQSUyMHJlbGF0aXZlJTNCJTIwd2lkdGglM0ElMjAxMDAlMjUlM0IlMjBoZWlnaHQlM0ElMjAwJTNCJTIwcGFkZGluZy10b3AlM0ElMjA1Ni4yNTAwJTI1JTNCJTBBJTIwcGFkZGluZy1ib3R0b20lM0ElMjAwJTNCJTIwYm94LXNoYWRvdyUzQSUyMDAlMjAycHglMjA4cHglMjAwJTIwcmdiYSUyODYzJTJDNjklMkM4MSUyQzAuMTYlMjklM0IlMjBtYXJnaW4tdG9wJTNBJTIwMS42ZW0lM0IlMjBtYXJnaW4tYm90dG9tJTNBJTIwMC45ZW0lM0IlMjBvdmVyZmxvdyUzQSUyMGhpZGRlbiUzQiUwQSUyMGJvcmRlci1yYWRpdXMlM0ElMjA4cHglM0IlMjB3aWxsLWNoYW5nZSUzQSUyMHRyYW5zZm9ybSUzQiUyMiUzRSUwQSUyMCUyMCUzQ2lmcmFtZSUyMGxvYWRpbmclM0QlMjJsYXp5JTIyJTIwc3R5bGUlM0QlMjJwb3NpdGlvbiUzQSUyMGFic29sdXRlJTNCJTIwd2lkdGglM0ElMjAxMDAlMjUlM0IlMjBoZWlnaHQlM0ElMjAxMDAlMjUlM0IlMjB0b3AlM0ElMjAwJTNCJTIwbGVmdCUzQSUyMDAlM0IlMjBib3JkZXIlM0ElMjBub25lJTNCJTIwcGFkZGluZyUzQSUyMDAlM0JtYXJnaW4lM0ElMjAwJTNCJTIyJTBBJTIwJTIwJTIwJTIwc3JjJTNEJTIyaHR0cHMlM0ElMkYlMkZ3d3cuY2FudmEuY29tJTJGZGVzaWduJTJGREFHeGNIRy1FczQlMkZSUEM3VWoxOU16cm5WV1lMS1k4NjJBJTJGd2F0Y2glM0ZlbWJlZCUyMiUyMGFsbG93ZnVsbHNjcmVlbiUzRCUyMmFsbG93ZnVsbHNjcmVlbiUyMiUyMGFsbG93JTNEJTIyZnVsbHNjcmVlbiUyMiUzRSUwQSUyMCUyMCUzQyUyRmlmcmFtZSUzRSUwQSUzQyUyRmRpdiUzRQ==[\/vc_raw_html][\/vc_column][vc_column width=&#8221;1\/2&#8243;][\/vc_column][\/vc_row][vc_row row_height_percent=&#8221;0&#8243; overlay_alpha=&#8221;50&#8243; gutter_size=&#8221;3&#8243; column_width_percent=&#8221;100&#8243; shift_y=&#8221;0&#8243; z_index=&#8221;0&#8243; desktop_visibility=&#8221;yes&#8221; content_parallax=&#8221;0&#8243; uncode_shortcode_id=&#8221;567845&#8243;][vc_column width=&#8221;1\/3&#8243;][\/vc_column][vc_column width=&#8221;1\/3&#8243;][vc_raw_html]JTNDZGl2JTIwc3R5bGUlM0QlMjJwb3NpdGlvbiUzQSUyMHJlbGF0aXZlJTNCJTIwd2lkdGglM0ElMjAxMDAlMjUlM0IlMjBoZWlnaHQlM0ElMjAwJTNCJTIwcGFkZGluZy10b3AlM0ElMjA1Ni4yNTAwJTI1JTNCJTBBJTIwcGFkZGluZy1ib3R0b20lM0ElMjAwJTNCJTIwYm94LXNoYWRvdyUzQSUyMDAlMjAycHglMjA4cHglMjAwJTIwcmdiYSUyODYzJTJDNjklMkM4MSUyQzAuMTYlMjklM0IlMjBtYXJnaW4tdG9wJTNBJTIwMS42ZW0lM0IlMjBtYXJnaW4tYm90dG9tJTNBJTIwMC45ZW0lM0IlMjBvdmVyZmxvdyUzQSUyMGhpZGRlbiUzQiUwQSUyMGJvcmRlci1yYWRpdXMlM0ElMjA4cHglM0IlMjB3aWxsLWNoYW5nZSUzQSUyMHRyYW5zZm9ybSUzQiUyMiUzRSUwQSUyMCUyMCUzQ2lmcmFtZSUyMGxvYWRpbmclM0QlMjJsYXp5JTIyJTIwc3R5bGUlM0QlMjJwb3NpdGlvbiUzQSUyMGFic29sdXRlJTNCJTIwd2lkdGglM0ElMjAxMDAlMjUlM0IlMjBoZWlnaHQlM0ElMjAxMDAlMjUlM0IlMjB0b3AlM0ElMjAwJTNCJTIwbGVmdCUzQSUyMDAlM0IlMjBib3JkZXIlM0ElMjBub25lJTNCJTIwcGFkZGluZyUzQSUyMDAlM0JtYXJnaW4lM0ElMjAwJTNCJTIyJTBBJTIwJTIwJTIwJTIwc3JjJTNEJTIyaHR0cHMlM0ElMkYlMkZ3d3cuY2FudmEuY29tJTJGZGVzaWduJTJGREFHeGNIRy1FczQlMkZSUEM3VWoxOU16cm5WV1lMS1k4NjJBJTJGd2F0Y2glM0ZlbWJlZCUyMiUyMGFsbG93ZnVsbHNjcmVlbiUzRCUyMmFsbG93ZnVsbHNjcmVlbiUyMiUyMGFsbG93JTNEJTIyZnVsbHNjcmVlbiUyMiUzRSUwQSUyMCUyMCUzQyUyRmlmcmFtZSUzRSUwQSUzQyUyRmRpdiUzRQ==[\/vc_raw_html][\/vc_column][vc_column width=&#8221;1\/3&#8243;][\/vc_column][\/vc_row][vc_row][vc_column width=&#8221;1\/1&#8243;][vc_column_text uncode_shortcode_id=&#8221;571689&#8243;]Amb el suport de:<\/p>\n<p><a href=\"https:\/\/www.editorialelpirata.com\/wp-content\/uploads\/2024\/11\/Logo-icec.jpg\"><img decoding=\"async\" class=\"alignnone size-medium wp-image-100853\" src=\"https:\/\/www.editorialelpirata.com\/wp-content\/uploads\/2024\/11\/Logo-icec-300x45.jpg\" alt=\"Logo icec complert\" width=\"300\" height=\"45\" title=\"\" srcset=\"https:\/\/www.editorialelpirata.com\/wp-content\/uploads\/2024\/11\/Logo-icec-300x45.jpg 300w, https:\/\/www.editorialelpirata.com\/wp-content\/uploads\/2024\/11\/Logo-icec-1024x155.jpg 1024w, https:\/\/www.editorialelpirata.com\/wp-content\/uploads\/2024\/11\/Logo-icec-768x116.jpg 768w, https:\/\/www.editorialelpirata.com\/wp-content\/uploads\/2024\/11\/Logo-icec-350x53.jpg 350w, https:\/\/www.editorialelpirata.com\/wp-content\/uploads\/2024\/11\/Logo-icec-64x10.jpg 64w, https:\/\/www.editorialelpirata.com\/wp-content\/uploads\/2024\/11\/Logo-icec.jpg 1252w\" sizes=\"(max-width: 300px) 100vw, 300px\" \/><\/a>[\/vc_column_text][\/vc_column][\/vc_row]<\/p>\n<\/div>","protected":false},"excerpt":{"rendered":"<p>Embarca\u2019t en una<strong> aventura sonora i visual<\/strong> amb el llibre interactiu. Dissenyat per estimular els sentits, aquest llibre presenta una coberta amb <strong>textura i tintes especial<\/strong>s. Recomanat\u00a0per a<strong> infants d\u2019entre 1 i 3 anys.\u00a0<\/strong><\/p>\n<h4><strong>Fes que la lectura sigui una experi\u00e8ncia multisensorial!<\/strong><\/h4>\n","protected":false},"featured_media":103476,"template":"","meta":[],"product_brand":[],"product_cat":[2362,3430,3431,3432,2354],"product_tag":[3418,3621,3622,3623,3624,3625],"class_list":{"0":"post-103478","1":"product","2":"type-product","3":"status-publish","4":"has-post-thumbnail","6":"product_cat-contes-cartrone","7":"product_cat-llibres-per-explicar","8":"product_cat-llibre-amb-sons","9":"product_cat-contes-amb-sons-ca","10":"product_cat-novetats","11":"product_tag-contes-amb-sons","12":"product_tag-llibres-cartone-ca","13":"product_tag-llibres-interactius-per-nens","14":"product_tag-llibres-de-1-a-3-anys-ca","15":"product_tag-llibres-de-sons","16":"product_tag-contes-en-cartone","17":"product_shipping_class-envio-estandar-ca-2","19":"first","20":"instock","21":"shipping-taxable","22":"purchasable","23":"product-type-variable","24":"has-default-attributes"},"_links":{"self":[{"href":"https:\/\/www.editorialelpirata.com\/ca\/wp-json\/wp\/v2\/product\/103478","targetHints":{"allow":["GET"]}}],"collection":[{"href":"https:\/\/www.editorialelpirata.com\/ca\/wp-json\/wp\/v2\/product"}],"about":[{"href":"https:\/\/www.editorialelpirata.com\/ca\/wp-json\/wp\/v2\/types\/product"}],"wp:featuredmedia":[{"embeddable":true,"href":"https:\/\/www.editorialelpirata.com\/ca\/wp-json\/wp\/v2\/media\/103476"}],"wp:attachment":[{"href":"https:\/\/www.editorialelpirata.com\/ca\/wp-json\/wp\/v2\/media?parent=103478"}],"wp:term":[{"taxonomy":"product_brand","embeddable":true,"href":"https:\/\/www.editorialelpirata.com\/ca\/wp-json\/wp\/v2\/product_brand?post=103478"},{"taxonomy":"product_cat","embeddable":true,"href":"https:\/\/www.editorialelpirata.com\/ca\/wp-json\/wp\/v2\/product_cat?post=103478"},{"taxonomy":"product_tag","embeddable":true,"href":"https:\/\/www.editorialelpirata.com\/ca\/wp-json\/wp\/v2\/product_tag?post=103478"}],"curies":[{"name":"wp","href":"https:\/\/api.w.org\/{rel}","templated":true}]}}