{"id":103463,"date":"2025-05-07T14:44:50","date_gmt":"2025-05-07T14:44:50","guid":{"rendered":"https:\/\/www.editorialelpirata.com\/?post_type=product&#038;p=103463"},"modified":"2025-12-15T10:11:33","modified_gmt":"2025-12-15T10:11:33","slug":"quadern-activitats-infantil","status":"publish","type":"product","link":"https:\/\/www.editorialelpirata.com\/ca\/Producte\/quadern-activitats-infantil\/","title":{"rendered":"MEM\u00d2RIA D&#8217;ELEFANT INFANTIL"},"content":{"rendered":"<div class=\"wpb-content-wrapper\"><p>[vc_row][vc_column][vc_column_text uncode_shortcode_id=&#8221;369331&#8243;]<strong>Desperta la curiositat amb aquest quadern amb adhesius!<\/strong><\/p>\n<p><em>Mem\u00f2ria d\u2019elefant infantil<\/em> \u00e9s un quadern per a nens i nenes de 4 a 5 anys (P4 i P5) que ofereix entreteniment educatiu. Aquest quadern <strong>a tot color<\/strong> est\u00e0 ple d\u2019activitats creatives que fomenten la <strong>curiositat<\/strong> i la <strong>concentraci\u00f3<\/strong>.<\/p>\n<ul>\n<li><strong>Diversi\u00f3 a tot color:<\/strong> P\u00e0gines amb il\u00b7lustracions vibrants i activitats que captiven l\u2019atenci\u00f3 dels m\u00e9s petits.<\/li>\n<li><strong>Inclou adhesius:<\/strong> Els nens gaudiran enganxant adhesius i completant escenes.<\/li>\n<li><strong>Activitats variades:<\/strong> Des de trobar difer\u00e8ncies fins a pintar i seguir camins. Totes dissenyades per estimular la ment.<\/li>\n<li><strong>Desenvolupament d\u2019habilitats:<\/strong> Millora la comprensi\u00f3 lectora i la concentraci\u00f3 de manera l\u00fadica.<\/li>\n<\/ul>\n<p>[\/vc_column_text][vc_single_image media=&#8221;103694&#8243; media_width_percent=&#8221;100&#8243; uncode_shortcode_id=&#8221;803045&#8243;][vc_column_text uncode_shortcode_id=&#8221;158070&#8243;]<\/p>\n<p>Fes una ullada al seu interior:<br \/>\n[\/vc_column_text][vc_row_inner row_inner_height_percent=&#8221;0&#8243; overlay_alpha=&#8221;50&#8243; gutter_size=&#8221;3&#8243; shift_y=&#8221;0&#8243; z_index=&#8221;0&#8243; medium_visibility=&#8221;yes&#8221; mobile_visibility=&#8221;yes&#8221; uncode_shortcode_id=&#8221;498582&#8243;][vc_column_inner width=&#8221;1\/4&#8243;][\/vc_column_inner][vc_column_inner width=&#8221;1\/2&#8243;][vc_raw_html]PGlmcmFtZSBzcmM9Imh0dHBzOi8vd3d3Lnl1bXB1LmNvbS94eC9lbWJlZC92aWV3L0RoaU53YUZ5bEx1b0NyazMiIHdpZHRoPSI1MTJweCIgaGVpZ2h0PSIzODRweCIgZnJhbWVib3JkZXI9IjAiIGFsbG93ZnVsbHNjcmVlbj0iYWxsb3dmdWxsc2NyZWVuIj48L2lmcmFtZT4=[\/vc_raw_html][\/vc_column_inner][vc_column_inner width=&#8221;1\/4&#8243;][\/vc_column_inner][\/vc_row_inner][vc_row_inner row_inner_height_percent=&#8221;0&#8243; overlay_alpha=&#8221;50&#8243; gutter_size=&#8221;3&#8243; shift_y=&#8221;0&#8243; z_index=&#8221;0&#8243; desktop_visibility=&#8221;yes&#8221; uncode_shortcode_id=&#8221;731722&#8243;][vc_column_inner width=&#8221;1\/4&#8243;][\/vc_column_inner][vc_column_inner width=&#8221;1\/2&#8243;][vc_raw_html]JTNDaWZyYW1lJTIwc3JjJTNEJTIyaHR0cHMlM0ElMkYlMkZ3d3cueXVtcHUuY29tJTJGeHglMkZlbWJlZCUyRnZpZXclMkZEaGlOd2FGeWxMdW9DcmszJTIyJTIwd2lkdGglM0QlMjI0NTBweCUyMiUyMGhlaWdodCUzRCUyMjM1MHB4JTIyJTIwZnJhbWVib3JkZXIlM0QlMjIwJTIyJTIwYWxsb3dmdWxsc2NyZWVuJTNEJTIyYWxsb3dmdWxsc2NyZWVuJTIyJTNFJTNDJTJGaWZyYW1lJTNF[\/vc_raw_html][\/vc_column_inner][vc_column_inner width=&#8221;1\/4&#8243;][\/vc_column_inner][\/vc_row_inner][\/vc_column][\/vc_row][vc_row][vc_column width=&#8221;1\/1&#8243;][vc_column_text uncode_shortcode_id=&#8221;747933&#8243;]mb m\u00e9s de <strong>400.000 quaderns venuts<\/strong>, Picanyol \u00e9s un cl\u00e0ssic de l\u2019entreteniment infantil. No perdis l\u2019oportunitat d\u2019oferir als teus fills una eina educativa que els encantar\u00e0.<\/p>\n<p>M\u00e9s quaderns d\u2019entreteniment de Picanyol:<\/p>\n<ul>\n<li><a href=\"https:\/\/www.editorialelpirata.com\/ca\/Producte\/memoria-delefant-1\/\" target=\"_blank\" rel=\"noopener\">Mem\u00f2ria d\u2019elefant 1 (5-6 anys)<\/a><\/li>\n<\/ul>\n<ul>\n<li><a href=\"https:\/\/www.editorialelpirata.com\/ca\/Producte\/memoria-elefant-2-quadern-entreteniment\/\" target=\"_blank\" rel=\"noopener\">Mem\u00f2ria d\u2019elefant 2 (6-7 anys)<\/a><\/li>\n<\/ul>\n<ul>\n<li><a href=\"https:\/\/www.editorialelpirata.com\/ca\/Producte\/memoria-elefant-3-quaderns-exercicis\/\" target=\"_blank\" rel=\"noopener\">Mem\u00f2ria d\u2019elefant 3 (7-8 anys)<\/a><\/li>\n<\/ul>\n<ul>\n<li><a href=\"https:\/\/www.editorialelpirata.com\/ca\/Producte\/memoria-elefant-4-quaderns-activitats\/\" target=\"_blank\" rel=\"noopener\">Mem\u00f2ria d\u2019elefant 4 (8-9 anys)<\/a><\/li>\n<\/ul>\n<ul>\n<li><a href=\"https:\/\/www.editorialelpirata.com\/ca\/Producte\/memoria-elefant-5-exercicis-10-anys\/\" target=\"_blank\" rel=\"noopener\">Mem\u00f2ria d\u2019elefant 5 (9-10 anys)<\/a><\/li>\n<\/ul>\n<ul>\n<li><a href=\"https:\/\/www.editorialelpirata.com\/ca\/Producte\/exercicis-final-primaria\/\" target=\"_blank\" rel=\"noopener\">Mem\u00f2ria d\u2019elefant 6 (10-11 anys)<\/a><\/li>\n<\/ul>\n<p>[\/vc_column_text][vc_column_text uncode_shortcode_id=&#8221;188968&#8243;]<\/p>\n<blockquote>\n<h3>&#8220;Con juegos muy divertidos, este cuaderno de entretenimiento consigue motivar a los peques a que hagan ejercicios mentales. Los dibujos son espectaculares. \u00a1Muy recomendable!&#8221;<\/h3>\n<h4>-Cliente<\/h4>\n<h3>&#8220;\u00a1Muy entretenido! Este cuaderno para ni\u00f1os favorece la capacidad de concentraci\u00f3n. \u00a1Mis hijos lo han hecho en menos de una semana!&#8221;<\/h3>\n<h4>-Cliente<\/h4>\n<\/blockquote>\n<p>[\/vc_column_text][vc_column_text uncode_shortcode_id=&#8221;195286&#8243;]Amb el suport de:<\/p>\n<p><a href=\"https:\/\/www.editorialelpirata.com\/wp-content\/uploads\/2024\/11\/Logo-icec.jpg\"><img decoding=\"async\" class=\"alignnone size-medium wp-image-100853\" src=\"https:\/\/www.editorialelpirata.com\/wp-content\/uploads\/2024\/11\/Logo-icec-300x45.jpg\" alt=\"Logo icec complert\" width=\"300\" height=\"45\" title=\"\" srcset=\"https:\/\/www.editorialelpirata.com\/wp-content\/uploads\/2024\/11\/Logo-icec-300x45.jpg 300w, https:\/\/www.editorialelpirata.com\/wp-content\/uploads\/2024\/11\/Logo-icec-1024x155.jpg 1024w, https:\/\/www.editorialelpirata.com\/wp-content\/uploads\/2024\/11\/Logo-icec-768x116.jpg 768w, https:\/\/www.editorialelpirata.com\/wp-content\/uploads\/2024\/11\/Logo-icec-350x53.jpg 350w, https:\/\/www.editorialelpirata.com\/wp-content\/uploads\/2024\/11\/Logo-icec-64x10.jpg 64w, https:\/\/www.editorialelpirata.com\/wp-content\/uploads\/2024\/11\/Logo-icec.jpg 1252w\" sizes=\"(max-width: 300px) 100vw, 300px\" \/><\/a>[\/vc_column_text][\/vc_column][\/vc_row]<\/p>\n<\/div>","protected":false},"excerpt":{"rendered":"<p>Quadern d&#8217;activitats infantils per a 4 i 5 anys:<\/p>\n<p>Quadern d&#8217;activitats ideal per a nenes i nens de segona etapa de preescolar.<\/p>\n<p>&nbsp;<\/p>\n<p>Autor: Picanyol<\/p>\n","protected":false},"featured_media":103461,"template":"","meta":[],"product_brand":[],"product_cat":[3195,3237,3404,3405,3406,3407],"product_tag":[3409,3410,3334,3408],"class_list":{"0":"post-103463","1":"product","2":"type-product","3":"status-publish","4":"has-post-thumbnail","6":"product_cat-tots-els-llibres-ca","7":"product_cat-libros-de-2-a-5-anos","8":"product_cat-picanyol-ca","9":"product_cat-picanyol-ca-2","10":"product_cat-libres-de-5-anys","11":"product_cat-quadern-dactivitats","12":"product_tag-passatemps-ca-2","13":"product_tag-quadern-destiu","14":"product_tag-activitats-ca","15":"product_tag-quadern-dactivitats","16":"product_shipping_class-envio-estandar-ca-2","18":"first","19":"instock","20":"shipping-taxable","21":"purchasable","22":"product-type-variable","23":"has-default-attributes"},"_links":{"self":[{"href":"https:\/\/www.editorialelpirata.com\/ca\/wp-json\/wp\/v2\/product\/103463","targetHints":{"allow":["GET"]}}],"collection":[{"href":"https:\/\/www.editorialelpirata.com\/ca\/wp-json\/wp\/v2\/product"}],"about":[{"href":"https:\/\/www.editorialelpirata.com\/ca\/wp-json\/wp\/v2\/types\/product"}],"wp:featuredmedia":[{"embeddable":true,"href":"https:\/\/www.editorialelpirata.com\/ca\/wp-json\/wp\/v2\/media\/103461"}],"wp:attachment":[{"href":"https:\/\/www.editorialelpirata.com\/ca\/wp-json\/wp\/v2\/media?parent=103463"}],"wp:term":[{"taxonomy":"product_brand","embeddable":true,"href":"https:\/\/www.editorialelpirata.com\/ca\/wp-json\/wp\/v2\/product_brand?post=103463"},{"taxonomy":"product_cat","embeddable":true,"href":"https:\/\/www.editorialelpirata.com\/ca\/wp-json\/wp\/v2\/product_cat?post=103463"},{"taxonomy":"product_tag","embeddable":true,"href":"https:\/\/www.editorialelpirata.com\/ca\/wp-json\/wp\/v2\/product_tag?post=103463"}],"curies":[{"name":"wp","href":"https:\/\/api.w.org\/{rel}","templated":true}]}}