{"id":103070,"date":"2025-02-26T09:00:29","date_gmt":"2025-02-26T09:00:29","guid":{"rendered":"https:\/\/www.editorialelpirata.com\/?post_type=product&#038;p=103070"},"modified":"2025-12-16T12:21:36","modified_gmt":"2025-12-16T12:21:36","slug":"basquet-prodigis-profecia-escorpi","status":"publish","type":"product","link":"https:\/\/www.editorialelpirata.com\/ca\/Producte\/basquet-prodigis-profecia-escorpi\/","title":{"rendered":"Els B\u00e0squet Prodigis 3- LA PROFEC\u00cdA DE L&#8217;ESCORP\u00cd"},"content":{"rendered":"<div class=\"wpb-content-wrapper\"><p>[vc_row][vc_column][vc_column_text uncode_shortcode_id=&#8221;754239&#8243;]El b\u00e0squet mai havia estat tan divertit! Coneix els B\u00e0squet Prodigis, l\u2019equip de b\u00e0squet m\u00e9s<br \/>\nins\u00f2lit que puguis imaginar: encara que els B\u00e0squet Prodigis estan molt lluny de ser el millor<br \/>\nequip, la seva amistat i el seu humor inunda les seves novel\u00b7les.[\/vc_column_text][vc_column_text uncode_shortcode_id=&#8221;697147&#8243;]<\/p>\n<blockquote><p><strong>Merc\u00e8 Company, escritora de libros infantiles y juveniles<\/strong>: &#8220;\u00a1&#8221;Canastones&#8221; funciona muy bien! Es un libro con mucha gracia, es fresco y directo. Los di\u00e1logos y los personajes son naturales y los ni\u00f1os se ver\u00e1n reflejados en ellos.&#8221;<\/p><\/blockquote>\n<p>[\/vc_column_text][vc_row_inner row_inner_height_percent=&#8221;0&#8243; overlay_alpha=&#8221;50&#8243; gutter_size=&#8221;3&#8243; shift_y=&#8221;0&#8243; z_index=&#8221;0&#8243; medium_visibility=&#8221;yes&#8221; mobile_visibility=&#8221;yes&#8221; inverted_device_order=&#8221;yes&#8221; uncode_shortcode_id=&#8221;919876&#8243;][vc_column_inner width=&#8221;1\/4&#8243;][\/vc_column_inner][vc_column_inner width=&#8221;1\/2&#8243;][vc_raw_html]PGlmcmFtZSB3aWR0aD0iNTEycHgiIGhlaWdodD0iMzg0cHgiIHNyYz0iaHR0cHM6Ly93d3cueXVtcHUuY29tL3h4L2VtYmVkL3ZpZXcvWDlZejJrRk13cDhsS3hvdSIgZnJhbWVib3JkZXI9IjAiIGFsbG93ZnVsbHNjcmVlbj0idHJ1ZSIgYWxsb3d0cmFuc3BhcmVuY3k9InRydWUiPjwvaWZyYW1lPiAgICAgICAgICAgICAgICAgICAgICAgICAgICAgICAgICAgICAgICAgICAgICAgICAgICA=[\/vc_raw_html][\/vc_column_inner][vc_column_inner width=&#8221;1\/4&#8243;][\/vc_column_inner][\/vc_row_inner][vc_row_inner row_inner_height_percent=&#8221;0&#8243; overlay_alpha=&#8221;50&#8243; gutter_size=&#8221;3&#8243; shift_y=&#8221;0&#8243; z_index=&#8221;0&#8243; desktop_visibility=&#8221;yes&#8221; uncode_shortcode_id=&#8221;139236&#8243;][vc_column_inner width=&#8221;1\/4&#8243;][\/vc_column_inner][vc_column_inner width=&#8221;1\/2&#8243;][vc_raw_html]JTNDaWZyYW1lJTIwd2lkdGglM0QlMjIzMDBweCUyMiUyMGhlaWdodCUzRCUyMjE1MHB4JTIyJTIwc3JjJTNEJTIyaHR0cHMlM0ElMkYlMkZ3d3cueXVtcHUuY29tJTJGZXMlMkZlbWJlZCUyRnZpZXclMkZEa0JFNnJXSWQwRjRxOWVNJTIyJTIwZnJhbWVib3JkZXIlM0QlMjIwJTIyJTIwYWxsb3dmdWxsc2NyZWVuJTNEJTIydHJ1ZSUyMiUyMGFsbG93dHJhbnNwYXJlbmN5JTNEJTIydHJ1ZSUyMiUzRSUzQyUyRmlmcmFtZSUzRSUyMCUyMCUyMCUyMCUyMCUyMCUyMCUyMCUyMCUyMCUyMCUyMCUyMCUyMCUyMCUyMCUyMCUyMCUyMCUyMCUyMCUyMCUyMCUyMCUyMCUyMCUyMCUyMCUyMCUyMCUyMCUyMCUyMCUyMCUyMCUyMCUyMCUyMCUyMCUyMCUyMCUyMCUyMCUyMCUyMCUyMCUyMCUyMCUyMCUyMCUyMCUyMCUyMCUyMCUyMCUyMCUyMCUyMCUyMCUyMCUyMCUyMCUyMCUyMCUyMCUyMCUyMCUyMCUyMCUyMCUyMCUyMCUyMCUyMCUyMCUyMCUyMCUyMCUyMCUyMCUyMCUyMCUyMCUyMCUyMCUyMCUyMCUyMCUyMCUyMCUyMCUyMCUyMCUyMCUyMCUyMA==[\/vc_raw_html][\/vc_column_inner][vc_column_inner width=&#8221;1\/4&#8243;][\/vc_column_inner][\/vc_row_inner][vc_row_inner row_inner_height_percent=&#8221;0&#8243; overlay_alpha=&#8221;50&#8243; gutter_size=&#8221;3&#8243; shift_y=&#8221;0&#8243; z_index=&#8221;0&#8243; medium_visibility=&#8221;yes&#8221; mobile_visibility=&#8221;yes&#8221; uncode_shortcode_id=&#8221;890838&#8243;][vc_column_inner width=&#8221;1\/1&#8243;][vc_single_image media=&#8221;103521&#8243; media_width_percent=&#8221;100&#8243; medium_visibility=&#8221;yes&#8221; mobile_visibility=&#8221;yes&#8221; uncode_shortcode_id=&#8221;163374&#8243;][\/vc_column_inner][\/vc_row_inner][vc_row_inner row_inner_height_percent=&#8221;0&#8243; overlay_alpha=&#8221;50&#8243; gutter_size=&#8221;3&#8243; shift_y=&#8221;0&#8243; z_index=&#8221;0&#8243; desktop_visibility=&#8221;yes&#8221; uncode_shortcode_id=&#8221;189249&#8243;][vc_column_inner width=&#8221;1\/1&#8243;][vc_single_image media=&#8221;103518&#8243; media_width_percent=&#8221;100&#8243; desktop_visibility=&#8221;yes&#8221; uncode_shortcode_id=&#8221;165220&#8243;][\/vc_column_inner][\/vc_row_inner][\/vc_column][\/vc_row][vc_row][vc_column width=&#8221;1\/1&#8243;][vc_column_text uncode_shortcode_id=&#8221;778263&#8243;]<\/p>\n<hr \/>\n<div>\n<div>Amb el suport del departament de cultura:<\/div>\n<\/div>\n<div><a href=\"https:\/\/www.editorialelpirata.com\/wp-content\/uploads\/2021\/06\/cultura_bn_h3.jpg\"><img decoding=\"async\" class=\"alignnone wp-image-90447\" src=\"https:\/\/www.editorialelpirata.com\/wp-content\/uploads\/2021\/06\/cultura_bn_h3.jpg\" alt=\"\" width=\"201\" height=\"46\" title=\"\" srcset=\"https:\/\/www.editorialelpirata.com\/wp-content\/uploads\/2021\/06\/cultura_bn_h3.jpg 454w, https:\/\/www.editorialelpirata.com\/wp-content\/uploads\/2021\/06\/cultura_bn_h3-300x69.jpg 300w, https:\/\/www.editorialelpirata.com\/wp-content\/uploads\/2021\/06\/cultura_bn_h3-64x15.jpg 64w\" sizes=\"(max-width: 201px) 100vw, 201px\" \/><\/a><\/div>\n<p>[\/vc_column_text][\/vc_column][\/vc_row]<\/p>\n<\/div>","protected":false},"excerpt":{"rendered":"<h2>El b\u00e0squet mai havia estat tan divertit!<\/h2>\n<p><strong>Els B\u00e0squet Prodigis<\/strong> \u00e9s una col\u00b7lecci\u00f3 molt divertida per a nens i nenes. No cal ser expert en b\u00e0squet per passar-s\u2019ho genial amb el Joel i el seu grup d\u2019amics. Tot amb un llenguatge senzill i divertit, acompanyat d\u2019unes divertides il\u00b7lustracions a tot color.<\/p>\n<p>Un llibre de b\u00e0squet a partir de 8 anys, pensat per a nenes i nens.<\/p>\n<p>&nbsp;<\/p>\n<p>&nbsp;<\/p>\n<p>Autor: <a href=\"https:\/\/www.edicionsdelpirata.cat\/alberto-casamayor\/\" target=\"_blank\" rel=\"noopener\">Alberto Casamayor<\/a><br \/>\nIl\u00b7lustradors: <a href=\"https:\/\/www.edicionsdelpirata.cat\/contes\/escriptors\/josep-carrasco-kako\/\" target=\"_blank\" rel=\"noopener\">Palma &amp; Kako<\/a><\/p>\n","protected":false},"featured_media":103085,"template":"","meta":[],"product_brand":[],"product_cat":[3148,3274,3275,3276,3277,2354,3278],"product_tag":[3216,3280,3281,3282,3283,3284,3285,3286,3287,3279],"class_list":{"0":"post-103070","1":"product","2":"type-product","3":"status-publish","4":"has-post-thumbnail","6":"product_cat-llibres-de-4-a-7-anys-ca","7":"product_cat-llibres-per-10-anys-ca","8":"product_cat-llibres-per-9-anys-ca","9":"product_cat-josep-carrasco-kako-ca","10":"product_cat-pepe-palma-ca","11":"product_cat-novetats","12":"product_cat-alberto-casamayor-ca","13":"product_tag-basquet","14":"product_tag-llibres-humor-ca-2","15":"product_tag-basket-ca","16":"product_tag-esports","17":"product_tag-llibres-humor-nen","18":"product_tag-llibres-basquet-nens","19":"product_tag-llibres-infantils-8-anys","20":"product_tag-basket-nens","21":"product_tag-basquet-9-anys-llibre","22":"product_tag-llibres-9-anys-ca-2","23":"product_shipping_class-envio-estandar-ca-2","25":"first","26":"instock","27":"shipping-taxable","28":"purchasable","29":"product-type-variable","30":"has-default-attributes"},"_links":{"self":[{"href":"https:\/\/www.editorialelpirata.com\/ca\/wp-json\/wp\/v2\/product\/103070","targetHints":{"allow":["GET"]}}],"collection":[{"href":"https:\/\/www.editorialelpirata.com\/ca\/wp-json\/wp\/v2\/product"}],"about":[{"href":"https:\/\/www.editorialelpirata.com\/ca\/wp-json\/wp\/v2\/types\/product"}],"wp:featuredmedia":[{"embeddable":true,"href":"https:\/\/www.editorialelpirata.com\/ca\/wp-json\/wp\/v2\/media\/103085"}],"wp:attachment":[{"href":"https:\/\/www.editorialelpirata.com\/ca\/wp-json\/wp\/v2\/media?parent=103070"}],"wp:term":[{"taxonomy":"product_brand","embeddable":true,"href":"https:\/\/www.editorialelpirata.com\/ca\/wp-json\/wp\/v2\/product_brand?post=103070"},{"taxonomy":"product_cat","embeddable":true,"href":"https:\/\/www.editorialelpirata.com\/ca\/wp-json\/wp\/v2\/product_cat?post=103070"},{"taxonomy":"product_tag","embeddable":true,"href":"https:\/\/www.editorialelpirata.com\/ca\/wp-json\/wp\/v2\/product_tag?post=103070"}],"curies":[{"name":"wp","href":"https:\/\/api.w.org\/{rel}","templated":true}]}}