{"id":102896,"date":"2025-02-04T15:50:31","date_gmt":"2025-02-04T15:50:31","guid":{"rendered":"https:\/\/www.editorialelpirata.com\/?post_type=product&#038;p=102896"},"modified":"2025-11-10T09:30:59","modified_gmt":"2025-11-10T09:30:59","slug":"pack3-contes-ot-bruixot","status":"publish","type":"product","link":"https:\/\/www.editorialelpirata.com\/ca\/Producte\/pack3-contes-ot-bruixot\/","title":{"rendered":"PACK 3 CONTES DE L&#8217;OT EL BRUIXOT"},"content":{"rendered":"<div class=\"wpb-content-wrapper\"><p>[vc_row][vc_column][vc_column_text uncode_shortcode_id=&#8221;325049&#8243;]<\/p>\n<h2><strong>Els contes biling\u00fces en catal\u00e0 i angl\u00e8s de l\u2019Ot el Bruixot<\/strong><\/h2>\n<p>Lot amb tres llibres de la col\u00b7lecci\u00f3 <strong>Contes de l\u2019Ot el Bruixot<\/strong>, perfecte per a regalar. Contes per a infants de 3 a 7 anys.<\/p>\n<p>A la col\u00b7lecci\u00f3 dels\u00a0<strong>Contes de l\u2019Ot el Bruixot<\/strong>\u00a0en versi\u00f3 biling\u00fce, el text de la hist\u00f2ria es pot llegir en catal\u00e0 i en angl\u00e8s, aix\u00f2 permet als petits endinsar-se en un idioma internacional i de gran import\u00e0ncia de cara al futur, en profunditat, comparant els dos texts i assimilant-ne millor la lectura.<\/p>\n<p>Els llibres tenen una mida de 25 x 20\u202fcm, tenen 44 p\u00e0gines i s\u00f3n impresos en tapa dura i a tot color.<\/p>\n<div class=\"woocommerce-product-details__short-description\">\n<div class=\"issuuembed issuu-isrendered\" data-configid=\"27837921\/58097815\"><\/div>\n<\/div>\n<div class=\"product_meta\"><\/div>\n<p>[\/vc_column_text][vc_column_text uncode_shortcode_id=&#8221;441981&#8243;]<strong>\u201cL\u2019hem llegit primer en catal\u00e0 i despr\u00e9s en angl\u00e8s! Als nens els hi ha encantat!! I jo contenta que coneguin un cl\u00e0ssic tan bonic i practiquin angl\u00e8s!!\u201d &#8211; <a href=\"https:\/\/www.instagram.com\/p\/BlWCrbnHNZm\/?hl=es&amp;taken-by=xtina_acedo\" target=\"_blank\" rel=\"noopener\">Xtina_acedo<\/a><\/strong><\/p>\n<p>&nbsp;<\/p>\n<p>[\/vc_column_text][\/vc_column][\/vc_row]<\/p>\n<\/div>","protected":false},"excerpt":{"rendered":"<h3 class=\"p1\">Apr\u00e8n angl\u00e8s amb l&#8217;Ot el Bruixot<\/h3>\n<p>Amb els contes biling\u00fces d&#8217;en Picanyol, aprendr\u00e0s angl\u00e8s i t&#8217;ho passar\u00e0s d&#8217;all\u00f2 m\u00e9s b\u00e9!<\/p>\n<p>&nbsp;<\/p>\n<p>Autor: Picanyol<\/p>\n","protected":false},"featured_media":102897,"template":"","meta":[],"product_brand":[],"product_cat":[2117,2123,2336,2337,2340,2354,2367,2368,2449,3099,3195],"product_tag":[378,434,436,660,661,662],"class_list":{"0":"post-102896","1":"product","2":"type-product","3":"status-publish","4":"has-post-thumbnail","6":"product_cat-llibres-per-6-anys","7":"product_cat-tots-els-llibres","8":"product_cat-picanyol-escriptors","9":"product_cat-picanyol-2","10":"product_cat-llibres-de-4-a-7-anys","11":"product_cat-novetats","12":"product_cat-contes-de-lot-el-bruixot","13":"product_cat-lletra-impremta","14":"product_cat-contes-aprendre-angles","15":"product_cat-contes-ot-el-bruixot","16":"product_cat-tots-els-llibres-ca","17":"product_tag-ot-el-bruixot","18":"product_tag-aprendre-angles","19":"product_tag-catala-angles","20":"product_tag-contes-angles","21":"product_tag-contes-bilingues","22":"product_tag-angles-per-nens","24":"first","25":"instock","26":"shipping-taxable","27":"purchasable","28":"product-type-simple"},"_links":{"self":[{"href":"https:\/\/www.editorialelpirata.com\/ca\/wp-json\/wp\/v2\/product\/102896","targetHints":{"allow":["GET"]}}],"collection":[{"href":"https:\/\/www.editorialelpirata.com\/ca\/wp-json\/wp\/v2\/product"}],"about":[{"href":"https:\/\/www.editorialelpirata.com\/ca\/wp-json\/wp\/v2\/types\/product"}],"wp:featuredmedia":[{"embeddable":true,"href":"https:\/\/www.editorialelpirata.com\/ca\/wp-json\/wp\/v2\/media\/102897"}],"wp:attachment":[{"href":"https:\/\/www.editorialelpirata.com\/ca\/wp-json\/wp\/v2\/media?parent=102896"}],"wp:term":[{"taxonomy":"product_brand","embeddable":true,"href":"https:\/\/www.editorialelpirata.com\/ca\/wp-json\/wp\/v2\/product_brand?post=102896"},{"taxonomy":"product_cat","embeddable":true,"href":"https:\/\/www.editorialelpirata.com\/ca\/wp-json\/wp\/v2\/product_cat?post=102896"},{"taxonomy":"product_tag","embeddable":true,"href":"https:\/\/www.editorialelpirata.com\/ca\/wp-json\/wp\/v2\/product_tag?post=102896"}],"curies":[{"name":"wp","href":"https:\/\/api.w.org\/{rel}","templated":true}]}}