{"id":102885,"date":"2025-02-04T14:53:29","date_gmt":"2025-02-04T14:53:29","guid":{"rendered":"https:\/\/www.editorialelpirata.com\/?post_type=product&#038;p=102885"},"modified":"2026-01-12T13:22:34","modified_gmt":"2026-01-12T13:22:34","slug":"construccions-llibre-7-anys","status":"publish","type":"product","link":"https:\/\/www.editorialelpirata.com\/ca\/Producte\/construccions-llibre-7-anys\/","title":{"rendered":"COM FUNCIONEN LES CONSTRUCCIONS"},"content":{"rendered":"<div class=\"wpb-content-wrapper\"><p>[vc_row][vc_column][vc_column_text uncode_shortcode_id=&#8221;200807&#8243;]<\/p>\n<h1><em>Com funcionen les construccions<\/em><\/h1>\n<p>Podrem saber:<\/p>\n<ul>\n<li>Com es construeix una casa<\/li>\n<li>Quins habitatges tradicionals hi ha<\/li>\n<li>Quines cases realment curioses hi ha arreu del m\u00f3n<\/li>\n<li>Com funciona un bloc d\u2019habitatges<\/li>\n<li>Com es van formar les primeres ciutats<\/li>\n<li>Quins tipus de ciutats hi ha<\/li>\n<li>Com es vivia abans<\/li>\n<li>Quins s\u00f3n els palaus i temples m\u00e9s espectaculars del m\u00f3n<\/li>\n<li>On es troben els edificis m\u00e9s alts<\/li>\n<li>Com funcionen els teatres<\/li>\n<li>Quines professions hi ha al voltant de les construccions<\/li>\n<\/ul>\n<p><strong>\u00a0<\/strong><\/p>\n<p><strong>Un llibre que combina coneixement amb diversi\u00f3 i humor. <\/strong><\/p>\n<p>&nbsp;<\/p>\n<p>Descobreix altres llibres de no-ficci\u00f3 d\u2019Editorial el Pirata:<\/p>\n<ul>\n<li><em>El llibre dels micos i d&#8217;altres simis<\/em><\/li>\n<li><em>El llibre dels ocells<\/em><\/li>\n<\/ul>\n<p>[\/vc_column_text][vc_empty_space][\/vc_column][\/vc_row][vc_row][vc_column width=&#8221;1\/4&#8243;][\/vc_column][vc_column width=&#8221;1\/2&#8243;][vc_raw_html]PHA+PHNwYW4gY29udGVudGVkaXRhYmxlPSJmYWxzZSIgZGF0YS1tY2Utb2JqZWN0PSJpZnJhbWUiIGNsYXNzPSJtY2UtcHJldmlldy1vYmplY3QgbWNlLW9iamVjdC1pZnJhbWUiIGRhdGEtbWNlLXAtYWxsb3dmdWxsc2NyZWVuPSJhbGxvd2Z1bGxzY3JlZW4iIGRhdGEtbWNlLXAtZnJhbWVib3JkZXI9IjAiIGRhdGEtbWNlLXAtc3JjPSJodHRwczovL3d3dy55dW1wdS5jb20veHgvZW1iZWQvdmlldy9BVXFkdWNraWFWRXZlNDIzIiBkYXRhLW1jZS1odG1sPSIlM0NzcGFuJTIwZGF0YS1tY2UtdHlwZSUzRCUyMmJvb2ttYXJrJTIyJTIwc3R5bGUlM0QlMjJkaXNwbGF5JTNBJTIwaW5saW5lLWJsb2NrJTNCJTIwd2lkdGglM0ElMjAwcHglM0IlMjBvdmVyZmxvdyUzQSUyMGhpZGRlbiUzQiUyMGxpbmUtaGVpZ2h0JTNBJTIwMCUzQiUyMiUyMGNsYXNzJTNEJTIybWNlX1NFTFJFU19zdGFydCUyMiUzRSV1RkVGRiUzQy9zcGFuJTNFIj48aWZyYW1lIHNyYz0iaHR0cHM6Ly93d3cueXVtcHUuY29tL3h4L2VtYmVkL3ZpZXcvQVVxZHVja2lhVkV2ZTQyMyIgYWxsb3dmdWxsc2NyZWVuPSJhbGxvd2Z1bGxzY3JlZW4iIHdpZHRoPSI2MjBweCIgaGVpZ2h0PSI0MjBweCIgZnJhbWVib3JkZXI9IjAiIGRhdGEtbWNlLXNyYz0iaHR0cHM6Ly93d3cueXVtcHUuY29tL3h4L2VtYmVkL3ZpZXcvQVVxZHVja2lhVkV2ZTQyMyI+PC9pZnJhbWU+PHNwYW4gY2xhc3M9Im1jZS1zaGltIj48L3NwYW4+PC9zcGFuPjwvcD4=[\/vc_raw_html][\/vc_column][vc_column width=&#8221;1\/4&#8243;][\/vc_column][\/vc_row][vc_row][vc_column width=&#8221;1\/1&#8243;][vc_column_text uncode_shortcode_id=&#8221;115864&#8243;]<\/p>\n<hr \/>\n<div>\n<div>Amb el suport de:<\/div>\n<div><a href=\"https:\/\/www.editorialelpirata.com\/wp-content\/uploads\/2024\/11\/Logo-icec.jpg\"><img decoding=\"async\" class=\"alignnone wp-image-100853 size-medium\" src=\"https:\/\/www.editorialelpirata.com\/wp-content\/uploads\/2024\/11\/Logo-icec-300x45.jpg\" alt=\"Logo icec complert\" width=\"300\" height=\"45\" title=\"\" srcset=\"https:\/\/www.editorialelpirata.com\/wp-content\/uploads\/2024\/11\/Logo-icec-300x45.jpg 300w, https:\/\/www.editorialelpirata.com\/wp-content\/uploads\/2024\/11\/Logo-icec-1024x155.jpg 1024w, https:\/\/www.editorialelpirata.com\/wp-content\/uploads\/2024\/11\/Logo-icec-768x116.jpg 768w, https:\/\/www.editorialelpirata.com\/wp-content\/uploads\/2024\/11\/Logo-icec-350x53.jpg 350w, https:\/\/www.editorialelpirata.com\/wp-content\/uploads\/2024\/11\/Logo-icec-64x10.jpg 64w, https:\/\/www.editorialelpirata.com\/wp-content\/uploads\/2024\/11\/Logo-icec.jpg 1252w\" sizes=\"(max-width: 300px) 100vw, 300px\" \/><\/a><\/div>\n<\/div>\n<p>[\/vc_column_text][\/vc_column][\/vc_row]<\/p>\n<\/div>","protected":false},"excerpt":{"rendered":"<p>\u00c9s un llibre de <strong>no-ficci\u00f3<\/strong> recomanat per a nens i nenes curiosos <strong>a partir de 7 anys<\/strong> que vulguin saber qu\u00e8 hi ha al voltant del m\u00f3n de les construccions.<\/p>\n<p>&nbsp;<\/p>\n<p>Pots<a href=\"https:\/\/www.yumpu.com\/xx\/document\/view\/69676564\/com-funcionen-les-construccions\" target=\"_blank\" rel=\"noopener\"> veure aqu\u00ed una mostra del llibre<\/a><\/p>\n<div><strong>.<\/strong><\/div>\n<div>Autora i il\u00b7lustradora: Nikola Kucharska<\/div>\n","protected":false},"featured_media":102919,"template":"","meta":[],"product_brand":[],"product_cat":[2354,2344,3148,3304,3149,3194,3196,2123,2330,2331,2334,2340],"product_tag":[3256,3260,3241,3247],"class_list":{"0":"post-102885","1":"product","2":"type-product","3":"status-publish","4":"has-post-thumbnail","6":"product_cat-novetats","7":"product_cat-llibres-de-3-a-6-anys","8":"product_cat-llibres-de-4-a-7-anys-ca","9":"product_cat-albums-illustrats-7-anys","10":"product_cat-llibres-de-3-a-6-anys-ca","11":"product_cat-no-ficcio-ca","12":"product_cat-asia-gwis-ca","13":"product_cat-tots-els-llibres","14":"product_cat-albums-illustrats","15":"product_cat-albums-ilustrats-7-anys","16":"product_cat-albums-illustrats-6-anys","17":"product_cat-llibres-de-4-a-7-anys","18":"product_tag-llibre-sobre-construccions","19":"product_tag-llibre-per-nens","20":"product_tag-conte-infantil","21":"product_tag-llibre-no-ficcio","22":"product_shipping_class-envio-estandar-ca-2","24":"first","25":"instock","26":"shipping-taxable","27":"purchasable","28":"product-type-variable","29":"has-default-attributes"},"_links":{"self":[{"href":"https:\/\/www.editorialelpirata.com\/ca\/wp-json\/wp\/v2\/product\/102885","targetHints":{"allow":["GET"]}}],"collection":[{"href":"https:\/\/www.editorialelpirata.com\/ca\/wp-json\/wp\/v2\/product"}],"about":[{"href":"https:\/\/www.editorialelpirata.com\/ca\/wp-json\/wp\/v2\/types\/product"}],"wp:featuredmedia":[{"embeddable":true,"href":"https:\/\/www.editorialelpirata.com\/ca\/wp-json\/wp\/v2\/media\/102919"}],"wp:attachment":[{"href":"https:\/\/www.editorialelpirata.com\/ca\/wp-json\/wp\/v2\/media?parent=102885"}],"wp:term":[{"taxonomy":"product_brand","embeddable":true,"href":"https:\/\/www.editorialelpirata.com\/ca\/wp-json\/wp\/v2\/product_brand?post=102885"},{"taxonomy":"product_cat","embeddable":true,"href":"https:\/\/www.editorialelpirata.com\/ca\/wp-json\/wp\/v2\/product_cat?post=102885"},{"taxonomy":"product_tag","embeddable":true,"href":"https:\/\/www.editorialelpirata.com\/ca\/wp-json\/wp\/v2\/product_tag?post=102885"}],"curies":[{"name":"wp","href":"https:\/\/api.w.org\/{rel}","templated":true}]}}