{"id":102802,"date":"2025-01-20T12:01:36","date_gmt":"2025-01-20T12:01:36","guid":{"rendered":"https:\/\/www.editorialelpirata.com\/producto\/el-llibre-dels-micos-i-daltres-simis\/"},"modified":"2026-01-12T13:22:34","modified_gmt":"2026-01-12T13:22:34","slug":"llibre-micos-simis","status":"publish","type":"product","link":"https:\/\/www.editorialelpirata.com\/ca\/Producte\/llibre-micos-simis\/","title":{"rendered":"EL LLIBRE DELS MICOS I D&#8217;ALTRES SIMIS"},"content":{"rendered":"<div class=\"wpb-content-wrapper\"><p>[vc_row][vc_column][vc_column_text uncode_shortcode_id=&#8221;170469&#8243;]<\/p>\n<p style=\"font-size: 11.0pt; font-family: 'Calibri',sans-serif; margin: 0cm 0cm 8.0pt 0cm;\"><em>El llibre dels micos i d\u2019altres simis\u00a0<\/em>\u00e9s un llibre de <strong>no-ficci\u00f3<\/strong> imprescindible per con\u00e8ixer un munt de curiositats sobre el m\u00f3n dels simis. Recomanat per a <strong>nens i nenes de 3 a 8 anys<\/strong>.<\/p>\n<p style=\"font-size: 11.0pt; font-family: 'Calibri',sans-serif; text-align: justify; margin: 0cm 0cm 8.0pt 0cm;\">Descobreix la diversitat i la riquesa del m\u00f3n dels micos i els simis amb unes\u00a0<strong>il\u00b7lustracions \u00faniques<\/strong> complementades amb\u00a0<strong>fascinants curiositats\u00a0<\/strong>per als lectors.<\/p>\n<p style=\"font-size: 11.0pt; font-family: 'Calibri',sans-serif; margin: 0cm 0cm 8.0pt 0cm;\">Al m\u00f3n hi viuen moltes esp\u00e8cies diferents de simis. Els pigmeus s\u00f3n m\u00e9s petits que un pl\u00e0tan i, en canvi, els goril\u00b7les poden ser m\u00e9s alts que alguns humans. Sab\u00edeu que els ximpanz\u00e9s fan servir pals per menjar, que els macacos fan boles de neu, que els gibons poden caminar sobres dues potes i que els caputxins poden trencar f\u00e0cilment la closca d\u2019una nou?<\/p>\n<p style=\"font-size: 11.0pt; font-family: 'Calibri',sans-serif; text-align: justify; margin: 0cm 0cm 8.0pt 0cm;\">Altres llibres de no-ficci\u00f3 d\u2019Editorial el Pirata:<\/p>\n<ul style=\"list-style-type: undefined;\">\n<li><a href=\"https:\/\/www.editorialelpirata.com\/ca\/producte\/llibre-ocells-ilustrat-aus\/\">El llibre dels ocells<\/a><\/li>\n<li><a href=\"https:\/\/www.editorialelpirata.com\/ca\/Producte\/construccions-llibre-7-anys\/\" target=\"_blank\" rel=\"noopener\">Com funcionen les construccions<\/a><\/li>\n<\/ul>\n<p>[\/vc_column_text][vc_empty_space][\/vc_column][\/vc_row][vc_row][vc_column width=&#8221;1\/4&#8243;][\/vc_column][vc_column width=&#8221;1\/2&#8243;][vc_raw_html]PGlmcmFtZSB3aWR0aD0iNjIwcHgiIGhlaWdodD0iNDAwcHgiIHNyYz0iaHR0cHM6Ly93d3cueXVtcHUuY29tL3h4L2VtYmVkL3ZpZXcvWmZEVjRkM0NYR29RVzlscyIgZnJhbWVib3JkZXI9IjAiIGFsbG93ZnVsbHNjcmVlbj0idHJ1ZSIgYWxsb3d0cmFuc3BhcmVuY3k9InRydWUiPjwvaWZyYW1lPiAgICAgICAgICAgICAgICAgICAgICAgICAgICAgICAgICAgICAgICAgICAgICAgICAgICA=[\/vc_raw_html][\/vc_column][vc_column width=&#8221;1\/4&#8243;][\/vc_column][\/vc_row][vc_row][vc_column width=&#8221;1\/1&#8243;][vc_column_text uncode_shortcode_id=&#8221;115864&#8243;]<\/p>\n<hr \/>\n<div>\n<div>Amb el suport de:<\/div>\n<\/div>\n<div><a href=\"https:\/\/www.editorialelpirata.com\/wp-content\/uploads\/2024\/11\/Logo-icec.jpg\"><img decoding=\"async\" class=\"alignnone wp-image-100853 size-medium\" src=\"https:\/\/www.editorialelpirata.com\/wp-content\/uploads\/2024\/11\/Logo-icec-300x45.jpg\" alt=\"Logo icec complert\" width=\"300\" height=\"45\" title=\"\" srcset=\"https:\/\/www.editorialelpirata.com\/wp-content\/uploads\/2024\/11\/Logo-icec-300x45.jpg 300w, https:\/\/www.editorialelpirata.com\/wp-content\/uploads\/2024\/11\/Logo-icec-1024x155.jpg 1024w, https:\/\/www.editorialelpirata.com\/wp-content\/uploads\/2024\/11\/Logo-icec-768x116.jpg 768w, https:\/\/www.editorialelpirata.com\/wp-content\/uploads\/2024\/11\/Logo-icec-350x53.jpg 350w, https:\/\/www.editorialelpirata.com\/wp-content\/uploads\/2024\/11\/Logo-icec-64x10.jpg 64w, https:\/\/www.editorialelpirata.com\/wp-content\/uploads\/2024\/11\/Logo-icec.jpg 1252w\" sizes=\"(max-width: 300px) 100vw, 300px\" \/><\/a><\/div>\n<p>[\/vc_column_text][\/vc_column][\/vc_row]<\/p>\n<\/div>","protected":false},"excerpt":{"rendered":"<p>El llibre que genera un primer contacte amb el m\u00f3n dels simis, una guia imprescindible per despertar inter\u00e8s per la fauna amb unes il\u00b7lustracions espectaculars.<\/p>\n<p>Pots veure una mosta <a href=\"https:\/\/www.yumpu.com\/xx\/document\/view\/69603743\/el-llibre-dels-micos-i-daltres-simis\" target=\"_blank\" rel=\"noopener\">aqui.<\/a><\/p>\n<p>Autora i il\u00b7lustradora: Asia Gwis<\/p>\n","protected":false},"featured_media":102611,"template":"","meta":[],"product_brand":[],"product_cat":[2354,2432,3148,3149,2123,3194,2186,3196,2330,2331,2334,2340,2344],"product_tag":[3241,3242,3243,3244,3245,3246,3202,3247,3204,3205,3260],"class_list":{"0":"post-102802","1":"product","2":"type-product","3":"status-publish","4":"has-post-thumbnail","6":"product_cat-novetats","7":"product_cat-llibres-nens-animals","8":"product_cat-llibres-de-4-a-7-anys-ca","9":"product_cat-llibres-de-3-a-6-anys-ca","10":"product_cat-tots-els-llibres","11":"product_cat-no-ficcio-ca","12":"product_cat-llibres-per-7-anys","13":"product_cat-asia-gwis-ca","14":"product_cat-albums-illustrats","15":"product_cat-albums-ilustrats-7-anys","16":"product_cat-albums-illustrats-6-anys","17":"product_cat-llibres-de-4-a-7-anys","18":"product_cat-llibres-de-3-a-6-anys","19":"product_tag-conte-infantil","20":"product_tag-llibre-de-micos","21":"product_tag-conte-de-micos","22":"product_tag-llibre-de-coneixements","23":"product_tag-simis","24":"product_tag-per-a-nens","25":"product_tag-gorilles","26":"product_tag-llibre-no-ficcio","27":"product_tag-macacos-ca","28":"product_tag-monos-ca","29":"product_tag-llibre-per-nens","30":"product_shipping_class-envio-estandar-ca-2","32":"first","33":"instock","34":"shipping-taxable","35":"purchasable","36":"product-type-variable","37":"has-default-attributes"},"_links":{"self":[{"href":"https:\/\/www.editorialelpirata.com\/ca\/wp-json\/wp\/v2\/product\/102802","targetHints":{"allow":["GET"]}}],"collection":[{"href":"https:\/\/www.editorialelpirata.com\/ca\/wp-json\/wp\/v2\/product"}],"about":[{"href":"https:\/\/www.editorialelpirata.com\/ca\/wp-json\/wp\/v2\/types\/product"}],"wp:featuredmedia":[{"embeddable":true,"href":"https:\/\/www.editorialelpirata.com\/ca\/wp-json\/wp\/v2\/media\/102611"}],"wp:attachment":[{"href":"https:\/\/www.editorialelpirata.com\/ca\/wp-json\/wp\/v2\/media?parent=102802"}],"wp:term":[{"taxonomy":"product_brand","embeddable":true,"href":"https:\/\/www.editorialelpirata.com\/ca\/wp-json\/wp\/v2\/product_brand?post=102802"},{"taxonomy":"product_cat","embeddable":true,"href":"https:\/\/www.editorialelpirata.com\/ca\/wp-json\/wp\/v2\/product_cat?post=102802"},{"taxonomy":"product_tag","embeddable":true,"href":"https:\/\/www.editorialelpirata.com\/ca\/wp-json\/wp\/v2\/product_tag?post=102802"}],"curies":[{"name":"wp","href":"https:\/\/api.w.org\/{rel}","templated":true}]}}