{"id":102638,"date":"2025-01-20T13:23:39","date_gmt":"2025-01-20T13:23:39","guid":{"rendered":"https:\/\/www.editorialelpirata.com\/producto\/el-llibre-dels-ocells\/"},"modified":"2026-01-12T13:22:34","modified_gmt":"2026-01-12T13:22:34","slug":"llibre-ocells-ilustrat-aus","status":"publish","type":"product","link":"https:\/\/www.editorialelpirata.com\/ca\/Producte\/llibre-ocells-ilustrat-aus\/","title":{"rendered":"EL LLIBRE DELS OCELLS"},"content":{"rendered":"<div class=\"wpb-content-wrapper\"><p>[vc_row][vc_column][vc_column_text uncode_shortcode_id=&#8221;156963&#8243;]<\/p>\n<p style=\"font-size: 11.0pt; font-family: 'Calibri',sans-serif; text-align: justify; margin: 0cm 0cm 8.0pt 0cm;\"><em>El llibre dels ocells \u00e9s un llibre de no-ficci\u00f3 <\/em>perfecte per a introduir el<strong>\u00a0m\u00f3n dels ocells<\/strong> recomanat per a\u00a0<strong>nens i nenes de 3 a 8 anys<\/strong>.<\/p>\n<p style=\"font-size: 11.0pt; font-family: 'Calibri',sans-serif; text-align: justify; margin: 0cm 0cm 8.0pt 0cm;\">Descobreix la diversitat <span style=\"text-decoration: underline; color: teal;\"><ins cite=\"mailto:Microsoft%20Word\" datetime=\"2024-11-12T14:15\">i la riquesa\u00a0<\/ins><\/span>del m\u00f3n dels ocells amb unes\u00a0<strong>il\u00b7lustracions \u00faniques<\/strong> complementades amb\u00a0<strong>fascinants curiositats i jocs<\/strong> per als lectors.<\/p>\n<p style=\"font-size: 11.0pt; font-family: 'Calibri',sans-serif; text-align: justify; margin: 0cm 0cm 8.0pt 0cm;\">Els ocells viuen a tot arreu: a les ciutats, a la selva, a l\u2019aigua, al camp, als boscos&#8230; No tenen por de les gelades ant\u00e0rtiques ni de la calor dels tr\u00f2pics. S\u00f3n molt diferents: petits, com un colibr\u00ed de l\u2019Havana, i enormes, com un estru\u00e7 afric\u00e0; simp\u00e0tics, com els pardals, i intel\u00b7ligents, com els corbs; acolorits, com els lloros, i grisos, com els rossinyols. Volen, corren, neden, construeixen cases i ponen ous. A la majoria els agrada la companyia, per\u00f2 a alguns els encanta la solitud. Hi ha gaireb\u00e9 deu mil esp\u00e8cies.<\/p>\n<p style=\"font-size: 11.0pt; font-family: 'Calibri',sans-serif; text-align: justify; margin: 0cm 0cm 8.0pt 0cm;\">Altres llibres de no-ficci\u00f3 d\u2019Editorial el Pirata:<\/p>\n<ul style=\"list-style-type: undefined;\">\n<li>El llibre dels micos i d\u2019altres simis<\/li>\n<li>Com funcionen les construccions<\/li>\n<\/ul>\n<p>[\/vc_column_text][vc_empty_space][\/vc_column][\/vc_row][vc_row][vc_column width=&#8221;1\/4&#8243;][\/vc_column][vc_column width=&#8221;1\/2&#8243;][vc_raw_html]PGlmcmFtZSB3aWR0aD0iNjIwcHgiIGhlaWdodD0iNDAwcHgiIHNyYz0iaHR0cHM6Ly93d3cueXVtcHUuY29tL3h4L2VtYmVkL3ZpZXcvWjRMRzV6Q24yZnhtdjhvaSIgZnJhbWVib3JkZXI9IjAiIGFsbG93ZnVsbHNjcmVlbj0idHJ1ZSIgYWxsb3d0cmFuc3BhcmVuY3k9InRydWUiPjwvaWZyYW1lPiAgICAgICAgICAgICAgICAgICAgICAgICAgICAgICAgICAgICAgICAgICAgICAgICAgICA=[\/vc_raw_html][\/vc_column][vc_column width=&#8221;1\/4&#8243;][\/vc_column][\/vc_row][vc_row][vc_column width=&#8221;1\/1&#8243;][vc_column_text uncode_shortcode_id=&#8221;115864&#8243;]<\/p>\n<hr \/>\n<div>\n<div>Amb el suport de:<\/div>\n<\/div>\n<div><a href=\"https:\/\/www.editorialelpirata.com\/wp-content\/uploads\/2024\/11\/Logo-icec.jpg\"><img decoding=\"async\" class=\"alignnone wp-image-100853 size-medium\" src=\"https:\/\/www.editorialelpirata.com\/wp-content\/uploads\/2024\/11\/Logo-icec-300x45.jpg\" alt=\"Logo icec complert\" width=\"300\" height=\"45\" title=\"\" srcset=\"https:\/\/www.editorialelpirata.com\/wp-content\/uploads\/2024\/11\/Logo-icec-300x45.jpg 300w, https:\/\/www.editorialelpirata.com\/wp-content\/uploads\/2024\/11\/Logo-icec-1024x155.jpg 1024w, https:\/\/www.editorialelpirata.com\/wp-content\/uploads\/2024\/11\/Logo-icec-768x116.jpg 768w, https:\/\/www.editorialelpirata.com\/wp-content\/uploads\/2024\/11\/Logo-icec-350x53.jpg 350w, https:\/\/www.editorialelpirata.com\/wp-content\/uploads\/2024\/11\/Logo-icec-64x10.jpg 64w, https:\/\/www.editorialelpirata.com\/wp-content\/uploads\/2024\/11\/Logo-icec.jpg 1252w\" sizes=\"(max-width: 300px) 100vw, 300px\" \/><\/a><\/div>\n<p>[\/vc_column_text][\/vc_column][\/vc_row]<\/p>\n<\/div>","protected":false},"excerpt":{"rendered":"<p>Descobreix la diversitat i la riquesa del m\u00f3n dels ocells amb unes <strong>il\u00b7lustracions \u00faniques<\/strong> complementades amb <strong>fascinants curiositats i jocs<\/strong> per als lectors<\/p>\n<p>&nbsp;<\/p>\n<p>Pots<a href=\"https:\/\/www.yumpu.com\/xx\/document\/view\/69603720\/el-llibre-dels-ocells\" target=\"_blank\" rel=\"noopener\"> veure aqu\u00ed una mostra del llibre<\/a><\/p>\n<div><strong>.<\/strong><\/div>\n<div>Autora i il\u00b7lustradora: Asia Gwis<\/div>\n","protected":false},"featured_media":102614,"template":"","meta":[],"product_brand":[],"product_cat":[2354,3148,3149,3194,3196,2123,2330,2334,2340,2344],"product_tag":[3256,3260,3300,3241,3247,3254,3255],"class_list":{"0":"post-102638","1":"product","2":"type-product","3":"status-publish","4":"has-post-thumbnail","6":"product_cat-novetats","7":"product_cat-llibres-de-4-a-7-anys-ca","8":"product_cat-llibres-de-3-a-6-anys-ca","9":"product_cat-no-ficcio-ca","10":"product_cat-asia-gwis-ca","11":"product_cat-tots-els-llibres","12":"product_cat-albums-illustrats","13":"product_cat-albums-illustrats-6-anys","14":"product_cat-llibres-de-4-a-7-anys","15":"product_cat-llibres-de-3-a-6-anys","16":"product_tag-llibre-sobre-construccions","17":"product_tag-llibre-per-nens","18":"product_tag-llibres-docells","19":"product_tag-conte-infantil","20":"product_tag-llibre-no-ficcio","21":"product_tag-llibre-edificis","22":"product_tag-construccions","23":"product_shipping_class-envio-estandar-ca-2","25":"first","26":"instock","27":"shipping-taxable","28":"purchasable","29":"product-type-variable","30":"has-default-attributes"},"_links":{"self":[{"href":"https:\/\/www.editorialelpirata.com\/ca\/wp-json\/wp\/v2\/product\/102638","targetHints":{"allow":["GET"]}}],"collection":[{"href":"https:\/\/www.editorialelpirata.com\/ca\/wp-json\/wp\/v2\/product"}],"about":[{"href":"https:\/\/www.editorialelpirata.com\/ca\/wp-json\/wp\/v2\/types\/product"}],"wp:featuredmedia":[{"embeddable":true,"href":"https:\/\/www.editorialelpirata.com\/ca\/wp-json\/wp\/v2\/media\/102614"}],"wp:attachment":[{"href":"https:\/\/www.editorialelpirata.com\/ca\/wp-json\/wp\/v2\/media?parent=102638"}],"wp:term":[{"taxonomy":"product_brand","embeddable":true,"href":"https:\/\/www.editorialelpirata.com\/ca\/wp-json\/wp\/v2\/product_brand?post=102638"},{"taxonomy":"product_cat","embeddable":true,"href":"https:\/\/www.editorialelpirata.com\/ca\/wp-json\/wp\/v2\/product_cat?post=102638"},{"taxonomy":"product_tag","embeddable":true,"href":"https:\/\/www.editorialelpirata.com\/ca\/wp-json\/wp\/v2\/product_tag?post=102638"}],"curies":[{"name":"wp","href":"https:\/\/api.w.org\/{rel}","templated":true}]}}