{"id":101537,"date":"2021-06-01T14:07:00","date_gmt":"2021-06-01T14:07:00","guid":{"rendered":"https:\/\/www.editorialelpirata.com\/?post_type=product&#038;p=101537"},"modified":"2025-05-16T07:56:18","modified_gmt":"2025-05-16T07:56:18","slug":"jugar-sense-pantalles","status":"publish","type":"product","link":"https:\/\/www.editorialelpirata.com\/ca\/Producte\/jugar-sense-pantalles\/","title":{"rendered":"JUGAR SENSE PANTALLES"},"content":{"rendered":"<div class=\"wpb-content-wrapper\"><p>[vc_row][vc_column][vc_column_text uncode_shortcode_id=&#8221;793496&#8243;]<\/p>\n<h1>Ara pots ensenyar als m\u00e9s petits que divertit \u00e9s jugar sense m\u00f2bil!<\/h1>\n<p>En Leo \u00e9s un divertid\u00edssim beb\u00e8 camale\u00f3 que no vol deixar de mirar la pantalla. Per\u00f2, de sobte&#8230; Qu\u00e8 \u00e9s aquesta m\u00fasica? I aquest ritme? Sembla molt divertit&#8230;\u00a0Podr\u00e0s jugar amb en Leo i aconseguir que s\u2019ho passi genial sense pantalles?\u00a0Aquest fant\u00e0stic conte <strong>interactiu<\/strong> \u00e9s perfecte per jugar amb els m\u00e9s petits i ajudar-los a entendre com de divertit i creatiu pot ser el joc sense pantalles. I \u00e9s que quan sona la m\u00fasica, comen\u00e7a la diversi\u00f3! Fora les pantalles!<\/p>\n<p>&nbsp;<\/p>\n<p><strong>Jugar sense pantalles <\/strong>\u00e9s el nov\u00e8 i \u00faltim t\u00edtol de la col\u00b7lecci\u00f3 de contes infantils <strong><a href=\"https:\/\/www.editorialelpirata.com\/ca\/conte-bebe\/\" target=\"_blank\" rel=\"noopener\">Pas a Pas, aprendr\u00e0s i et divertir\u00e0s<\/a>, <\/strong>que est\u00e0 ideada per ser la col\u00b7lecci\u00f3 de refer\u00e8ncia dels nens de 0 a 3 anys.<\/p>\n<p>Els llibres porten una <strong>nansa<\/strong> per tal que el beb\u00e8 pugui portar-los d&#8217;una banda a l&#8217;altra.<\/p>\n<p>En aquesta nova <strong>col\u00b7lecci\u00f3 de nou t\u00edtols<\/strong>, els m\u00e9s petits aprendran algunes de les coses m\u00e9s importants que han de con\u00e8ixer a la seva edat, com ara la import\u00e0ncia de rentar-se les dents, banyar-se o anar a dormir quan toca. I ho faran acompanyats de tota una colla d\u2019animalons\u00a0 d\u2019all\u00f2 m\u00e9s simp\u00e0tics!<\/p>\n<hr \/>\n<blockquote><p>\u00b7Tots els t\u00edtols han sigut supervisats per <strong>educadors infantils<\/strong>.<\/p>\n<p>\u00b7S\u00f3n <strong>interactius i divertits<\/strong>: els nens han de jugar i ajudar els animalons.<\/p>\n<p>\u00b7S\u00f3n llibres de cartr\u00f3 amb una <strong>nansa<\/strong> per tal que els petits els puguin dur d\u2019una banda a una altra.<\/p>\n<p>\u00b7Amb il\u00b7lustracions divertides i molt cridaneres, que <strong>destaquen<\/strong> sobre el fons per captar l\u2019atenci\u00f3 dels nadons.<\/p>\n<p>\u00b7Amb una <strong>solapa<\/strong> a l\u2019\u00faltima p\u00e0gina que es pot obrir per veure l\u2019abans i el despr\u00e9s d\u2019aprendre a superar el repte en q\u00fcesti\u00f3.<\/p>\n<p>\u00b7\u00c9s una col\u00b7lecci\u00f3 ideal per animar els petits a <strong>superar els primers reptes<\/strong>, com ho fan els animalons que els protagonitzen!<\/p><\/blockquote>\n<hr \/>\n<p><iframe title=\"LLIBRES PER A NADONS - COL\u00b7LECCI\u00d3 PAS A PAS APRENDR\u00c0S I ET DIVERTIR\u00c0S\" width=\"840\" height=\"473\" src=\"https:\/\/www.youtube.com\/embed\/wqB9sd64bHo?feature=oembed&#038;width=840&#038;height=1000&#038;discover=1\" frameborder=\"0\" allow=\"accelerometer; autoplay; clipboard-write; encrypted-media; gyroscope; picture-in-picture; web-share\" referrerpolicy=\"strict-origin-when-cross-origin\" allowfullscreen><\/iframe><\/p>\n<h2><strong>T\u00edtols de la col\u00b7lecci\u00f3:<\/strong><\/h2>\n<ol>\n<li><strong><a class=\"cursor-init\" href=\"https:\/\/www.editorialelpirata.com\/ca\/producte\/vull-banyar-me\/\" target=\"_blank\" rel=\"noopener\">Vull banyar-me<\/a><\/strong><\/li>\n<li><strong><a class=\"cursor-init\" href=\"https:\/\/www.editorialelpirata.com\/ca\/producte\/anem-a-dormir\/\" target=\"_blank\" rel=\"noopener\">Anem a dormir<\/a><\/strong><\/li>\n<li><a title=\"\u00c9s hora de menjar\" href=\"https:\/\/www.editorialelpirata.com\/ca\/producte\/es-hora-de-menjar\/\" target=\"_blank\" rel=\"noopener\"><strong>\u00c9s hora de menjar<\/strong><\/a><\/li>\n<li><strong><a class=\"cursor-init\" href=\"https:\/\/www.editorialelpirata.com\/ca\/producte\/ja-em-rento-les-dents\/\" target=\"_blank\" rel=\"noopener\">Ja em rento les dents<\/a><\/strong><\/li>\n<li><strong><a class=\"cursor-init\" href=\"https:\/\/www.editorialelpirata.com\/ca\/producte\/xumets-fora\/\" target=\"_blank\" rel=\"noopener\">Xumets fora<\/a><\/strong><\/li>\n<li><strong><a class=\"cursor-init\" href=\"https:\/\/www.editorialelpirata.com\/ca\/producte\/sense-bolquer\/\" target=\"_blank\" rel=\"noopener\">Sense bolquer<\/a><\/strong><\/li>\n<li><strong><a class=\"cursor-init\" href=\"https:\/\/www.editorialelpirata.com\/ca\/producte\/em-vesteixo-tot-solet\/\" target=\"_blank\" rel=\"noopener\">Em vesteixo tot solet<\/a><\/strong><\/li>\n<li><strong><a class=\"cursor-init\" href=\"https:\/\/www.editorialelpirata.com\/ca\/producte\/jugo-i-recullo\/\" target=\"_blank\" rel=\"noopener\">Jugo i recullo<\/a><\/strong><\/li>\n<li><strong>Jugar sense pantalles<\/strong><\/li>\n<\/ol>\n<p>[\/vc_column_text][\/vc_column][\/vc_row][vc_row][vc_column width=&#8221;1\/1&#8243;][vc_column_text uncode_shortcode_id=&#8221;775128&#8243;]Amb el suport de:<\/p>\n<p><a href=\"https:\/\/www.editorialelpirata.com\/wp-content\/uploads\/2024\/11\/Logo-icec.jpg\"><img decoding=\"async\" class=\"alignnone size-medium wp-image-100854\" src=\"https:\/\/www.editorialelpirata.com\/wp-content\/uploads\/2024\/11\/Logo-icec-300x45.jpg\" alt=\"Logo icec complert\" width=\"300\" height=\"45\" title=\"\"><\/a>[\/vc_column_text][\/vc_column][\/vc_row]<\/p>\n<\/div>","protected":false},"excerpt":{"rendered":"<div>\n<div>\n<h3>Conte per a 3 anys, amb una nansa per transportar-lo<\/h3>\n<p>Podem <strong>passar-ho b\u00e9 sense pantalles, ordinadors, m\u00f2bils<\/strong>&#8230; Aix\u00f2 \u00e9s el que farem en aquest conte: ballar, cantar i aprendre.<\/p>\n<p>&nbsp;<\/p>\n<\/div>\n<\/div>\n<div>\n<div>Autora: Esther Burgue\u00f1o<\/div>\n<\/div>\n","protected":false},"featured_media":97282,"template":"","meta":[],"product_brand":[],"product_cat":[2362,2123,3162,2380,2419,2420],"product_tag":[2888,2898,2984,3005,3013],"class_list":{"0":"post-101537","1":"product","2":"type-product","3":"status-publish","4":"has-post-thumbnail","6":"product_cat-contes-cartrone","7":"product_cat-tots-els-llibres","8":"product_cat-pas-a-pas","9":"product_cat-contes-de-cartrone-en-lletra-de-pal","10":"product_cat-contes-per-bebes","11":"product_cat-esther-burgueno-escriptors","12":"product_tag-contes-bebes-ca","13":"product_tag-llibres-bebes-ca","14":"product_tag-contes-nens-ca","15":"product_tag-contes-valors-ca","16":"product_tag-contes-nadons-ca","18":"first","19":"instock","20":"shipping-taxable","21":"purchasable","22":"product-type-variable","23":"has-default-attributes"},"_links":{"self":[{"href":"https:\/\/www.editorialelpirata.com\/ca\/wp-json\/wp\/v2\/product\/101537","targetHints":{"allow":["GET"]}}],"collection":[{"href":"https:\/\/www.editorialelpirata.com\/ca\/wp-json\/wp\/v2\/product"}],"about":[{"href":"https:\/\/www.editorialelpirata.com\/ca\/wp-json\/wp\/v2\/types\/product"}],"wp:featuredmedia":[{"embeddable":true,"href":"https:\/\/www.editorialelpirata.com\/ca\/wp-json\/wp\/v2\/media\/97282"}],"wp:attachment":[{"href":"https:\/\/www.editorialelpirata.com\/ca\/wp-json\/wp\/v2\/media?parent=101537"}],"wp:term":[{"taxonomy":"product_brand","embeddable":true,"href":"https:\/\/www.editorialelpirata.com\/ca\/wp-json\/wp\/v2\/product_brand?post=101537"},{"taxonomy":"product_cat","embeddable":true,"href":"https:\/\/www.editorialelpirata.com\/ca\/wp-json\/wp\/v2\/product_cat?post=101537"},{"taxonomy":"product_tag","embeddable":true,"href":"https:\/\/www.editorialelpirata.com\/ca\/wp-json\/wp\/v2\/product_tag?post=101537"}],"curies":[{"name":"wp","href":"https:\/\/api.w.org\/{rel}","templated":true}]}}