{"id":100675,"date":"2019-08-20T16:41:54","date_gmt":"2019-08-20T13:24:34","guid":{"rendered":"https:\/\/www.editorialelpirata.com\/?post_type=product&#038;p=100675"},"modified":"2025-06-16T12:31:51","modified_gmt":"2025-06-16T12:31:51","slug":"bona-nit-tots-dormir-contes-anar-dormir","status":"publish","type":"product","link":"https:\/\/www.editorialelpirata.com\/ca\/Producte\/bona-nit-tots-dormir-contes-anar-dormir\/","title":{"rendered":"BONA NIT, TOTS A DORMIR"},"content":{"rendered":"<div class=\"wpb-content-wrapper\"><p>[vc_row][vc_column][vc_column_text uncode_shortcode_id=&#8221;205788&#8243;]<\/p>\n<h1>La lluna s&#8217;il\u00b7lumina cada cop que es prem!<\/h1>\n<p>Est\u00e0 pensat per ser el conte per anar a dormir, ja que a la hist\u00f2ria s\u2019explica com diferents animals se\u2019n van a dormir. La c\u00e0lida llum que projecta la lluna, omple les fosques habitacions d\u2019una t\u00e8nue llum que permet llegir el conte a la vegada que crea una atmosfera id\u00f2nea per l\u2019hora d\u2019anar a dormir. T\u00e9 una durada de 30 segons.<\/p>\n<p>A m\u00e9s, es converteix en una joguina, ja que els nens podran jugar a activar la llum!<\/p>\n<hr \/>\n<h2>COMENTARIS<\/h2>\n<p><strong><a href=\"https:\/\/www.instagram.com\/p\/B5ZqJs4iQkh\/\" target=\"_blank\" rel=\"noopener\">Aprender con ellos<\/a><\/strong>: &#8220;Es un cuento muy dulce, que acompa\u00f1ado de la luz hace que sea un \u00e1lbum ilustrado s\u00faper original.<br \/>\nTiene la peculiaridad de poder leerlo casi a oscuras, ya que si apretamos la luz, nos ofrece algo de luminosidad para disfrutar de \u00e9l.<br \/>\nA mi peque le encanta ir se\u00f1alando y nombrando los animales que aparecen en las p\u00e1ginas. Lo leemos en bucle y aprieta una y otra vez el interruptor de la luna para que se encienda&#8221;.<\/p>\n<p><a href=\"https:\/\/www.instagram.com\/p\/B3thapvCsiF\/\" target=\"_blank\" rel=\"noopener noreferrer\"><strong>Mi pizarra educativa<\/strong>:<\/a> &#8220;Se trata de un cuento para que los peques se vayan a dormir y acompa\u00f1en la lectura con la luz de la luna que hay en cada una de sus p\u00e1ginas. As\u00ed se crea una atm\u00f3sfera id\u00f3nea de paz, tranquilidad, relajaci\u00f3n&#8230; ideal para el momento de ir a dormir&#8221;.<\/p>\n<p><a href=\"https:\/\/www.instagram.com\/p\/B5sgM5-ivsg\/\" target=\"_blank\" rel=\"noopener noreferrer\"><strong>Dale tiempo al aprendizaje<\/strong><\/a>: &#8220;Para muchos padres, la hora de ir a dormir de los peques es una verdadera odisea, por lo que como profesional, siempre digo que cumplir una serie de rutinas antes de ir a la cama es bueno para que los peques se vayan adecuando a esa hora. Una de esas rutinas es leer un cuento o fragmento antes de dormir. Con <em><strong>Buenas noches, todos a dormir<\/strong><\/em> esa rutina ser\u00e1 m\u00e1s f\u00e1cil, porque los peques ir\u00e1n asociando como duermen los distintos animales y al final, ellos tambi\u00e9n querr\u00e1n dormir&#8221;.<\/p>\n<p>&nbsp;<\/p>\n<hr \/>\n<p><iframe title=\"Contes per anar a dormir - BONA NIT, TOTS A DORMIR\" width=\"840\" height=\"473\" src=\"https:\/\/www.youtube.com\/embed\/DaCwhWVJghk?feature=oembed&#038;width=840&#038;height=1000&#038;discover=1\" frameborder=\"0\" allow=\"accelerometer; autoplay; clipboard-write; encrypted-media; gyroscope; picture-in-picture; web-share\" referrerpolicy=\"strict-origin-when-cross-origin\" allowfullscreen><\/iframe><\/p>\n<p>[\/vc_column_text][vc_column_text uncode_shortcode_id=&#8221;159327&#8243;]<\/p>\n<hr \/>\n<p>Amb el suport de:<\/p>\n<p><a href=\"https:\/\/www.editorialelpirata.com\/wp-content\/uploads\/2024\/09\/cultura_generalitat.jpg\"><img decoding=\"async\" class=\"alignnone size-full wp-image-97863\" src=\"https:\/\/www.editorialelpirata.com\/wp-content\/uploads\/2024\/09\/cultura_generalitat.jpg\" alt=\"\" width=\"300\" height=\"80\" title=\"\" srcset=\"https:\/\/www.editorialelpirata.com\/wp-content\/uploads\/2024\/09\/cultura_generalitat.jpg 300w, https:\/\/www.editorialelpirata.com\/wp-content\/uploads\/2024\/09\/cultura_generalitat-64x17.jpg 64w\" sizes=\"(max-width: 300px) 100vw, 300px\" \/><\/a><\/p>\n<p>[\/vc_column_text][\/vc_column][\/vc_row]<\/p>\n<\/div>","protected":false},"excerpt":{"rendered":"<h3>El primer conte per dormir amb llum integrada<\/h3>\n<p><em>Bona nit, tots a dormir<\/em> \u00e9s un conte de carton\u00e9 per ajudar a dormir, amb una <strong>lluna que s\u2019il\u00b7lumina<\/strong>.<\/p>\n<blockquote><p>Preciosas ilustraciones y un texto sencillo y dulce para leer y anticipar la hora de dormir a los m\u00e1s peque\u00f1itos de la casa. Raro es el d\u00eda que no lo leemos una decena de veces (\u00a1o m\u00e1s!).<\/p>\n<p><strong><a href=\"https:\/\/pekeleke.es\/libros\/buenas-noches-todos-a-dormir\/\" target=\"_blank\" rel=\"noopener noreferrer\">Pekeleke<\/a><\/strong><\/p><\/blockquote>\n<p>&nbsp;<\/p>\n<p>Il\u00b7lustradora: Christine Battuz<\/p>\n","protected":false},"featured_media":102037,"template":"","meta":[],"product_brand":[],"product_cat":[2362],"product_tag":[],"class_list":{"0":"post-100675","1":"product","2":"type-product","3":"status-publish","4":"has-post-thumbnail","6":"product_cat-contes-cartrone","7":"product_shipping_class-envio-estandar-ca","9":"first","10":"outofstock","11":"shipping-taxable","12":"purchasable","13":"product-type-variable","14":"has-default-attributes"},"_links":{"self":[{"href":"https:\/\/www.editorialelpirata.com\/ca\/wp-json\/wp\/v2\/product\/100675","targetHints":{"allow":["GET"]}}],"collection":[{"href":"https:\/\/www.editorialelpirata.com\/ca\/wp-json\/wp\/v2\/product"}],"about":[{"href":"https:\/\/www.editorialelpirata.com\/ca\/wp-json\/wp\/v2\/types\/product"}],"wp:featuredmedia":[{"embeddable":true,"href":"https:\/\/www.editorialelpirata.com\/ca\/wp-json\/wp\/v2\/media\/102037"}],"wp:attachment":[{"href":"https:\/\/www.editorialelpirata.com\/ca\/wp-json\/wp\/v2\/media?parent=100675"}],"wp:term":[{"taxonomy":"product_brand","embeddable":true,"href":"https:\/\/www.editorialelpirata.com\/ca\/wp-json\/wp\/v2\/product_brand?post=100675"},{"taxonomy":"product_cat","embeddable":true,"href":"https:\/\/www.editorialelpirata.com\/ca\/wp-json\/wp\/v2\/product_cat?post=100675"},{"taxonomy":"product_tag","embeddable":true,"href":"https:\/\/www.editorialelpirata.com\/ca\/wp-json\/wp\/v2\/product_tag?post=100675"}],"curies":[{"name":"wp","href":"https:\/\/api.w.org\/{rel}","templated":true}]}}