{"id":100663,"date":"2025-05-17T11:22:15","date_gmt":"2025-05-17T11:22:15","guid":{"rendered":"https:\/\/www.editorialelpirata.com\/?post_type=product&#038;p=100663"},"modified":"2025-05-23T08:11:14","modified_gmt":"2025-05-23T08:11:14","slug":"quart-primaria-llibre-quadern","status":"publish","type":"product","link":"https:\/\/www.editorialelpirata.com\/ca\/Producte\/quart-primaria-llibre-quadern\/","title":{"rendered":"CAP A QUART DE PRIM\u00c0RIA"},"content":{"rendered":"<h1>Llibre + quadern + guia de lectura gratis &#8211; Comen\u00e7o 4t<\/h1>\n<p>T&#8217;enviem a casa el llibre i el quadern d&#8217;activitats d&#8217;en Picanyol i et podr\u00e0s descarregar gratu\u00eftament la <a href=\"https:\/\/drive.google.com\/file\/d\/1GS9y_zjPCOD3O2snGojWwFGLg7eckuXy\/view?usp=sharing\" target=\"_blank\" rel=\"noopener\"><strong>guia de lectura<\/strong> <\/a>i el <strong><a href=\"https:\/\/drive.google.com\/file\/d\/1CUYbXu-z18TWjXBDF--x7fihZUyz0tk0\/view?usp=sharing\" target=\"_blank\" rel=\"noopener\">solucionari<\/a> <\/strong>del llibre de lectura.<\/p>\n<p>Disponible en catal\u00e0 i castell\u00e0.<\/p>\n<p>___<\/p>\n<p><strong>Llibre<\/strong><\/p>\n<p>Autor: Antonio Santamar\u00eda<\/p>\n<p><strong>Quadern<\/strong><\/p>\n<p>Il\u00b7lustrador: Picanyol<\/p>\n","protected":false},"excerpt":{"rendered":"<h3><span style=\"color: #000000;\">Comen\u00e7ar\u00e0s 3r de Prim\u00e0ria?<\/span><\/h3>\n<p><span style=\"font-size: 16px;\">Tens un llibre de lectura que podr\u00e0s profunditzar durant les vacances amb la seva guia de lectura gratu\u00efta, ho tens a ESTIU 3.<\/span><\/p>\n<p><span style=\"font-size: 16px;\">T&#8217;ofereix: Un <strong><a href=\"https:\/\/www.editorialelpirata.com\/ca\/Producte\/el-manubri-lila\/\" target=\"_blank\" rel=\"noopener\">llibre<\/a>\u00a0<\/strong>+ <a href=\"https:\/\/drive.google.com\/file\/d\/1bAuvoT05cV59iFpfBlmOuGaa7uyvFW_p\/view?usp=sharing\" target=\"_blank\" rel=\"noopener\"><strong>guia de lectura <\/strong>digital<\/a> (per descarregar) +<a href=\"https:\/\/www.editorialelpirata.com\/ca\/quadern-vacances\/\" target=\"_blank\" rel=\"noopener\"><strong> quadern d&#8217;activitats d&#8217;en Picanyol<\/strong><\/a><\/span><\/p>\n","protected":false},"featured_media":103783,"template":"","meta":[],"product_brand":[],"product_cat":[3528,3404,2332,3405,2336,3407,2337,2430,2442,3104,3152,3195],"product_tag":[3551,3552,3553],"class_list":{"0":"post-100663","1":"product","2":"type-product","3":"status-publish","4":"has-post-thumbnail","6":"product_cat-losts-estiu","7":"product_cat-picanyol-ca","8":"product_cat-antonio-santamaria-escriptors","9":"product_cat-picanyol-ca-2","10":"product_cat-picanyol-escriptors","11":"product_cat-quadern-dactivitats","12":"product_cat-picanyol-2","13":"product_cat-llibres-de-passatemps","14":"product_cat-packs","15":"product_cat-estiu-lots-2","16":"product_cat-llibres-de-passatemps-ca","17":"product_cat-tots-els-llibres-ca","18":"product_tag-cap-a-quart","19":"product_tag-quart-de-primaria","20":"product_tag-fare-quart","22":"first","23":"instock","24":"shipping-taxable","25":"purchasable","26":"product-type-variable","27":"has-default-attributes"},"_links":{"self":[{"href":"https:\/\/www.editorialelpirata.com\/ca\/wp-json\/wp\/v2\/product\/100663","targetHints":{"allow":["GET"]}}],"collection":[{"href":"https:\/\/www.editorialelpirata.com\/ca\/wp-json\/wp\/v2\/product"}],"about":[{"href":"https:\/\/www.editorialelpirata.com\/ca\/wp-json\/wp\/v2\/types\/product"}],"wp:featuredmedia":[{"embeddable":true,"href":"https:\/\/www.editorialelpirata.com\/ca\/wp-json\/wp\/v2\/media\/103783"}],"wp:attachment":[{"href":"https:\/\/www.editorialelpirata.com\/ca\/wp-json\/wp\/v2\/media?parent=100663"}],"wp:term":[{"taxonomy":"product_brand","embeddable":true,"href":"https:\/\/www.editorialelpirata.com\/ca\/wp-json\/wp\/v2\/product_brand?post=100663"},{"taxonomy":"product_cat","embeddable":true,"href":"https:\/\/www.editorialelpirata.com\/ca\/wp-json\/wp\/v2\/product_cat?post=100663"},{"taxonomy":"product_tag","embeddable":true,"href":"https:\/\/www.editorialelpirata.com\/ca\/wp-json\/wp\/v2\/product_tag?post=100663"}],"curies":[{"name":"wp","href":"https:\/\/api.w.org\/{rel}","templated":true}]}}