{"id":100660,"date":"2025-05-16T11:06:51","date_gmt":"2022-05-12T10:58:11","guid":{"rendered":"https:\/\/www.editorialelpirata.com\/?post_type=product&#038;p=100660"},"modified":"2025-05-23T08:10:52","modified_gmt":"2025-05-23T08:10:52","slug":"tercer-primaria-llibre-quadern","status":"publish","type":"product","link":"https:\/\/www.editorialelpirata.com\/ca\/Producte\/tercer-primaria-llibre-quadern\/","title":{"rendered":"CAP A TERCER DE PRIM\u00c0RIA"},"content":{"rendered":"<h1>Llibre + quadern + guia de lectura gratis &#8211; Comen\u00e7o 3r<\/h1>\n<p>T&#8217;enviem a casa el llibre i el quadern d&#8217;activitats d&#8217;en Picanyol i et podr\u00e0s descarregar gratu\u00eftament la <strong><a href=\"https:\/\/drive.google.com\/file\/d\/18jHZ9g0ZNSqPsDiAwGpXyoS8AHjTzhY_\/view?usp=sharing\" target=\"_blank\" rel=\"noopener\">guia de lectura<\/a><\/strong> i el <strong><a href=\"https:\/\/drive.google.com\/file\/d\/13Ku_f4fTsVjVaknMaVGXmICVY09QoLjo\/view?usp=sharing\" target=\"_blank\" rel=\"noopener\">solucionari<\/a> <\/strong>del llibre de lectura.<\/p>\n<p>Disponible en catal\u00e0 i <a href=\"https:\/\/www.editorialelpirata.com\/ca\/Producte\/tercer-primaria-llibre-quadern\/\" target=\"_blank\" rel=\"noopener\">castell\u00e0<\/a>.<\/p>\n<p>___<\/p>\n<p><strong>Llibre<\/strong><\/p>\n<p>Autora: N\u00faria Picornell<\/p>\n<p>Il\u00b7lustrador: Oskar Bar\u00f3n<\/p>\n<p><strong>Quadern<\/strong><\/p>\n<p>Il\u00b7lustrador: Picanyol<\/p>\n","protected":false},"excerpt":{"rendered":"<h3><span style=\"color: #000000;\">Comen\u00e7ar\u00e0s 3r de Prim\u00e0ria?<\/span><\/h3>\n<p><span style=\"font-size: 16px;\">Tens un llibre de lectura que podr\u00e0s profunditzar durant les vacances amb la seva guia de lectura gratu\u00efta, ho tens a ESTIU 2.<\/span><\/p>\n<p><span style=\"font-size: 16px;\">T&#8217;ofereix: Un <strong><a href=\"https:\/\/www.editorialelpirata.com\/ca\/Producte\/pirata-no-sabia-dir-r-llibres-7-anys\/\" target=\"_blank\" rel=\"noopener\">llibre<\/a>\u00a0<\/strong>+ <a href=\"https:\/\/drive.google.com\/file\/d\/18jHZ9g0ZNSqPsDiAwGpXyoS8AHjTzhY_\/view?usp=sharing\" target=\"_blank\" rel=\"noopener\"><strong>guia de lectura<\/strong> digital<\/a> (per descarregar) + <strong><a href=\"https:\/\/www.editorialelpirata.com\/ca\/quadern-vacances\/\" target=\"_blank\" rel=\"noopener\">quadern d&#8217;activitats d&#8217;en Picanyol<\/a><\/strong><\/span><\/p>\n","protected":false},"featured_media":103771,"template":"","meta":[],"product_brand":[],"product_cat":[2120,2130,2336,3104],"product_tag":[3546,3547,3548,3549,3550],"class_list":{"0":"post-100660","1":"product","2":"type-product","3":"status-publish","4":"has-post-thumbnail","6":"product_cat-laia-guerrero-illustradors","7":"product_cat-maria-grau-escriptors","8":"product_cat-picanyol-escriptors","9":"product_cat-estiu-lots-2","10":"product_tag-cap-a-tercer","11":"product_tag-fare-tercer","12":"product_tag-tercer-de-primaria","13":"product_tag-quadern-activitats","14":"product_tag-activitats-estiu-ca","16":"first","17":"instock","18":"shipping-taxable","19":"purchasable","20":"product-type-variable","21":"has-default-attributes"},"_links":{"self":[{"href":"https:\/\/www.editorialelpirata.com\/ca\/wp-json\/wp\/v2\/product\/100660","targetHints":{"allow":["GET"]}}],"collection":[{"href":"https:\/\/www.editorialelpirata.com\/ca\/wp-json\/wp\/v2\/product"}],"about":[{"href":"https:\/\/www.editorialelpirata.com\/ca\/wp-json\/wp\/v2\/types\/product"}],"wp:featuredmedia":[{"embeddable":true,"href":"https:\/\/www.editorialelpirata.com\/ca\/wp-json\/wp\/v2\/media\/103771"}],"wp:attachment":[{"href":"https:\/\/www.editorialelpirata.com\/ca\/wp-json\/wp\/v2\/media?parent=100660"}],"wp:term":[{"taxonomy":"product_brand","embeddable":true,"href":"https:\/\/www.editorialelpirata.com\/ca\/wp-json\/wp\/v2\/product_brand?post=100660"},{"taxonomy":"product_cat","embeddable":true,"href":"https:\/\/www.editorialelpirata.com\/ca\/wp-json\/wp\/v2\/product_cat?post=100660"},{"taxonomy":"product_tag","embeddable":true,"href":"https:\/\/www.editorialelpirata.com\/ca\/wp-json\/wp\/v2\/product_tag?post=100660"}],"curies":[{"name":"wp","href":"https:\/\/api.w.org\/{rel}","templated":true}]}}