{"id":100650,"date":"2016-07-31T12:57:56","date_gmt":"2016-07-31T12:57:56","guid":{"rendered":"https:\/\/www.editorialelpirata.com\/?post_type=product&#038;p=100650"},"modified":"2025-05-16T08:29:56","modified_gmt":"2025-05-16T08:29:56","slug":"gran-llibre-set-diferencies-llibres-passatemps","status":"publish","type":"product","link":"https:\/\/www.editorialelpirata.com\/ca\/Producte\/gran-llibre-set-diferencies-llibres-passatemps\/","title":{"rendered":"EL GRAN LLIBRE JOC DE LES SET DIFER\u00c8NCIES"},"content":{"rendered":"<div class=\"wpb-content-wrapper\"><p>[vc_row][vc_column][vc_column_text uncode_shortcode_id=&#8221;853866&#8243;]<\/p>\n<h1>Troba les set difer\u00e8ncies de la m\u00e0 del legendari artista Picanyol!<\/h1>\n<p><em>El gran llibre de les set difer\u00e8ncies<\/em>\u00a0(Edicions del Pirata) \u00e9s sens dubte una\u00a0<strong>apologia\u00a0dels\u00a0detalls, de l\u2019humor m\u00e9s sat\u00edric i de\u00a0la feina ben feta<\/strong>. Tothom coneix com de detallista ha estat en Picanyol en les seves il\u00b7lustracions durant tots aquests anys, en la seva carrera com a ninotaire, amb un enorme treball constant que li ha perm\u00e8s gaudir del reconeixement de diverses\u00a0generacions de lectors.<\/p>\n<p><em>El gran llibre de les set difer\u00e8ncies<\/em>, ens brinda l\u2019oportunitat de gaudir, en un llibre de gran format, d\u2019una\u00a0<strong>hist\u00f2ria esbojarrada ideada per en Picanyol<\/strong>\u00a0i que acompanya, a cada doble p\u00e0gina, amb un parell d\u2019il\u00b7lustracions aparentment iguals per\u00f2 a on es\u00a0poden trobar set difer\u00e8ncies si es miren amb deteniment.<\/p>\n<p>&nbsp;<\/p>\n<p>Aquest simple joc ens permet poder resseguir amb atenci\u00f3 cada cent\u00edmetre quadrat de les il\u00b7lustracions i aix\u00ed poder descobrir totes les situacions, algunes d\u2019extraordin\u00e0riament c\u00f2miques, que en Picanyol ens hi amagat.<\/p>\n<p>&nbsp;<\/p>\n<p>A\u00a0<em>El gran llibre de les set difer\u00e8ncies\u00a0<\/em>la\u00a0<strong>hist\u00f2ria<\/strong>\u00a0comen\u00e7a quan, de sobte,\u00a0<strong>una persecuci\u00f3 desfermada<\/strong>\u00a0trenca la tranquil\u00b7litat de la clientela d\u2019una cafeteria del centre. Una persecuci\u00f3? Aix\u00f2 \u00e9s que empaiten\u00a0a alg\u00fa o alguna cosa, no? Doncs s\u00ed! Curiosament, qui ha provocat tot aquest rebombori no ha estat cap altra que una oca! Qui l\u2019enxampar\u00e0? En Picanyol crea un munt de personatges \u00fanics que es disputaran ser els que s\u2019apropi\u00efn de l\u2019oca.<\/p>\n<p>Segur que a hores d\u2019ara us deveu\u00a0preguntar per qu\u00e8 tant d\u2019inter\u00e8s a\u00a0perseguir una pobra oca\u2026.[\/vc_column_text][vc_column_text uncode_shortcode_id=&#8221;300618&#8243;]<\/p>\n<hr \/>\n<h3>Echa un vistazo al interior:<\/h3>\n<p>[\/vc_column_text][vc_row_inner][vc_column_inner width=&#8221;1\/4&#8243;][\/vc_column_inner][vc_column_inner width=&#8221;1\/2&#8243;][vc_raw_html]JTNDaWZyYW1lJTIwd2lkdGglM0QlMjI2MjBweCUyMiUyMGhlaWdodCUzRCUyMjQwMHB4JTIyJTIwc3JjJTNEJTIyaHR0cHMlM0ElMkYlMkZ3d3cueXVtcHUuY29tJTJGeHglMkZlbWJlZCUyRnZpZXclMkYwc0NMY2QxVTM1ZjlIRUJHJTIyJTIwZnJhbWVib3JkZXIlM0QlMjIwJTIyJTIwYWxsb3dmdWxsc2NyZWVuJTNEJTIydHJ1ZSUyMiUyMGFsbG93dHJhbnNwYXJlbmN5JTNEJTIydHJ1ZSUyMiUzRSUzQyUyRmlmcmFtZSUzRSUyMCUyMCUyMCUyMCUyMCUyMCUyMCUyMCUyMCUyMCUyMCUyMCUyMA==[\/vc_raw_html][\/vc_column_inner][vc_column_inner width=&#8221;1\/4&#8243;][\/vc_column_inner][\/vc_row_inner][vc_row_inner][vc_column_inner width=&#8221;1\/4&#8243;][\/vc_column_inner][vc_column_inner width=&#8221;1\/2&#8243;][vc_raw_html]JTNDaWZyYW1lJTIwd2lkdGglM0QlMjI2MjAlMjIlMjBoZWlnaHQlM0QlMjI0MDAlMjIlMjBzcmMlM0QlMjJodHRwcyUzQSUyRiUyRnd3dy55b3V0dWJlLmNvbSUyRmVtYmVkJTJGelZONGRybFlFYzglM0ZzaSUzREhlRmRWbW9kYjdqUWRvN00lMjIlMjB0aXRsZSUzRCUyMllvdVR1YmUlMjB2aWRlbyUyMHBsYXllciUyMiUyMGZyYW1lYm9yZGVyJTNEJTIyMCUyMiUyMGFsbG93JTNEJTIyYWNjZWxlcm9tZXRlciUzQiUyMGF1dG9wbGF5JTNCJTIwY2xpcGJvYXJkLXdyaXRlJTNCJTIwZW5jcnlwdGVkLW1lZGlhJTNCJTIwZ3lyb3Njb3BlJTNCJTIwcGljdHVyZS1pbi1waWN0dXJlJTNCJTIwd2ViLXNoYXJlJTIyJTIwcmVmZXJyZXJwb2xpY3klM0QlMjJzdHJpY3Qtb3JpZ2luLXdoZW4tY3Jvc3Mtb3JpZ2luJTIyJTIwYWxsb3dmdWxsc2NyZWVuJTNFJTNDJTJGaWZyYW1lJTNF[\/vc_raw_html][\/vc_column_inner][vc_column_inner width=&#8221;1\/4&#8243;][\/vc_column_inner][\/vc_row_inner][\/vc_column][\/vc_row]<\/p>\n<\/div>","protected":false},"excerpt":{"rendered":"<h3>El llibre-joc ideal per passar una bona estona<\/h3>\n<p>Amb el suport del Departament de Cultura<\/p>\n<p>&nbsp;<\/p>\n<p>Autor: Picanyol<\/p>\n","protected":false},"featured_media":102866,"template":"","meta":[],"product_brand":[],"product_cat":[2335,2336,2337,2117,2123,2186,2330,2334],"product_tag":[2977,2990,3049,3120,3121,3157,3159],"class_list":{"0":"post-100650","1":"product","2":"type-product","3":"status-publish","4":"has-post-thumbnail","6":"product_cat-llibres-joc","7":"product_cat-picanyol-escriptors","8":"product_cat-picanyol-2","9":"product_cat-llibres-per-6-anys","10":"product_cat-tots-els-llibres","11":"product_cat-llibres-per-7-anys","12":"product_cat-albums-illustrats","13":"product_cat-albums-illustrats-6-anys","14":"product_tag-picanyol-ca","15":"product_tag-llibres-per-jugar-ca","16":"product_tag-albums-illustrats-ca","17":"product_tag-llibres-passatemps-ca","18":"product_tag-set-diferencies-ca","19":"product_tag-llibres-nens-ca-2","20":"product_tag-llibre-joc-ca-2","22":"first","23":"instock","24":"shipping-taxable","25":"purchasable","26":"product-type-variable","27":"has-default-attributes"},"_links":{"self":[{"href":"https:\/\/www.editorialelpirata.com\/ca\/wp-json\/wp\/v2\/product\/100650","targetHints":{"allow":["GET"]}}],"collection":[{"href":"https:\/\/www.editorialelpirata.com\/ca\/wp-json\/wp\/v2\/product"}],"about":[{"href":"https:\/\/www.editorialelpirata.com\/ca\/wp-json\/wp\/v2\/types\/product"}],"wp:featuredmedia":[{"embeddable":true,"href":"https:\/\/www.editorialelpirata.com\/ca\/wp-json\/wp\/v2\/media\/102866"}],"wp:attachment":[{"href":"https:\/\/www.editorialelpirata.com\/ca\/wp-json\/wp\/v2\/media?parent=100650"}],"wp:term":[{"taxonomy":"product_brand","embeddable":true,"href":"https:\/\/www.editorialelpirata.com\/ca\/wp-json\/wp\/v2\/product_brand?post=100650"},{"taxonomy":"product_cat","embeddable":true,"href":"https:\/\/www.editorialelpirata.com\/ca\/wp-json\/wp\/v2\/product_cat?post=100650"},{"taxonomy":"product_tag","embeddable":true,"href":"https:\/\/www.editorialelpirata.com\/ca\/wp-json\/wp\/v2\/product_tag?post=100650"}],"curies":[{"name":"wp","href":"https:\/\/api.w.org\/{rel}","templated":true}]}}