{"id":100569,"date":"2016-02-27T20:57:42","date_gmt":"2016-02-27T20:57:42","guid":{"rendered":"https:\/\/www.editorialelpirata.com\/?post_type=product&#038;p=100569"},"modified":"2026-01-20T23:03:58","modified_gmt":"2026-01-20T23:03:58","slug":"aventura-espacial-llibres-10-anys","status":"publish","type":"product","link":"https:\/\/www.editorialelpirata.com\/ca\/Producte\/aventura-espacial-llibres-10-anys\/","title":{"rendered":"UNA AVENTURA ESPACIAL:  El vol de la Papallona"},"content":{"rendered":"<div class=\"wpb-content-wrapper\"><p>[vc_row][vc_column][vc_column_text uncode_shortcode_id=&#8221;593378&#8243;]<\/p>\n<h1>Una novel\u00b7la infantil d&#8217;aventures per a nens de 10 anys<\/h1>\n<h2>La Terra est\u00e0 en perill!<\/h2>\n<p>Les escombraries contaminen mars i rius. Els fums de les f\u00e0briques i els cotxes fan l\u2019aire irrespirable. Els residus nuclears ocupen m\u00e9s i m\u00e9s espai i posen en perill l\u2019exist\u00e8ncia de tots els \u00e9ssers vius&#8230; Fins que arriba l\u2019hora de dir prou i trobar\u00a0una soluci\u00f3 al problema.\u00a0Es decideix reunir el grup dels Trenta Mil, format per les trenta mil persones m\u00e9s s\u00e0vies de la Terra. Despr\u00e9s de m\u00e9s de dos anys de deliberacions, arriben a la conclusi\u00f3 que s&#8217;ha de\u00a0buscar\u00a0un altre planeta on la\u00a0humanitat pugui comen\u00e7ar de nou.<\/p>\n<p>Amb aquesta missi\u00f3, el savi professor Llonguet, la capitana Irina, la Fula, en Karkin, la Nari-Nari i el petit Ainu s\u2019enlairen cap a l\u2019espai dins de la nau Papallona per a fer un viatge que els permetr\u00e0 con\u00e8ixer els planetes i astres del sistema solar. Despr\u00e9s de moltes i perilloses aventures, aconsegueixen tornar tots a la Terra\u00a0amb un missatge ben clar per a la humanitat&#8230;<\/p>\n<p>Al final del llibre s&#8217;explica el perqu\u00e8 dels <strong>noms dels planetes<\/strong>, dels dies de la setmana, els signes del zod\u00edac, els <strong>asteroides<\/strong> i <strong>cometes<\/strong>, les dist\u00e0ncies dins del <strong>sistema solar<\/strong> i els noms dels elements qu\u00edmics.[\/vc_column_text][\/vc_column][\/vc_row][vc_row][vc_column column_width_percent=&#8221;100&#8243; align_horizontal=&#8221;align_center&#8221; gutter_size=&#8221;3&#8243; overlay_alpha=&#8221;50&#8243; shift_x=&#8221;0&#8243; shift_y=&#8221;0&#8243; shift_y_down=&#8221;0&#8243; z_index=&#8221;0&#8243; medium_width=&#8221;0&#8243; mobile_width=&#8221;0&#8243; width=&#8221;1\/1&#8243; uncode_shortcode_id=&#8221;580664&#8243;][vc_raw_html]JTNDaWZyYW1lJTIwd2lkdGglM0QlMjI2MjBweCUyMiUyMGhlaWdodCUzRCUyMjQwMHB4JTIyJTIwc3JjJTNEJTIyaHR0cHMlM0ElMkYlMkZ3d3cueXVtcHUuY29tJTJGeHglMkZlbWJlZCUyRnZpZXclMkZCSTllcmhWa3c3YUh0eHlQJTIyJTIwZnJhbWVib3JkZXIlM0QlMjIwJTIyJTIwYWxsb3dmdWxsc2NyZWVuJTNEJTIydHJ1ZSUyMiUyMCUyMGFsbG93dHJhbnNwYXJlbmN5JTNEJTIydHJ1ZSUyMiUzRSUzQyUyRmlmcmFtZSUzRQ==[\/vc_raw_html][\/vc_column][\/vc_row][vc_row][vc_column width=&#8221;1\/1&#8243;][vc_column_text uncode_shortcode_id=&#8221;473394&#8243;]<\/p>\n<hr \/>\n<p>Cr\u00edtiques rebudes:<\/p>\n<blockquote><p>&#8220;Una <strong>novel\u00b7la espacial fant\u00e0stica<\/strong>, escrita amb un<strong>\u00a0rigor incre\u00efble<\/strong>, que permet con\u00e8ixer el sistema solar d&#8217;una forma envejable.&#8221;Al final de la novel\u00b7la s&#8217;inclouen les magistrals lli\u00e7ons de la capitana Irina i el savi professor Llonguet&#8221;<\/p>\n<p>&#8220;Les 12 magn\u00edfiques il\u00b7lustracions del Vol de la Papallona encara fan m\u00e9s fascinant el relat de l&#8217;autor.&#8221;<\/p>\n<p>&#8220;Est\u00e0 molt ben escrit. \u00c9s una novel\u00b7la genial per a nens petits, ja des de 6 anys. Una aventura interessant superinstructiva. Que dif\u00edcil \u00e9s trobar llibres amb contingut, rics en coneixement i explicat amb una senzilleza incre\u00efble. \u00c9s un tresor.&#8221;<\/p><\/blockquote>\n<p>[\/vc_column_text][\/vc_column][\/vc_row]<\/p>\n<\/div>","protected":false},"excerpt":{"rendered":"<h2>Una novel\u00b7la infantil d&#8217;aventures\u00a0per a nens a partir de 10 anys<\/h2>\n<h3>Una aventura espacial for\u00e7a educativa.<\/h3>\n<p>El llibre ideal per a divertir-se mentre s&#8217;apr\u00e8n sobre el sistema solar.<\/p>\n<p>&nbsp;<\/p>\n<p>Autor: Jordi Ortiz<\/p>\n<p>Il\u00b7lustrador: Quim Bou<\/p>\n","protected":false},"featured_media":102864,"template":"","meta":[],"product_brand":[],"product_cat":[2247,2256,2324,2349,2123,2170],"product_tag":[2799,2800,2882,2883,2885,2124,3069],"class_list":{"0":"post-100569","1":"product","2":"type-product","3":"status-publish","4":"has-post-thumbnail","6":"product_cat-el-pirata-verd","7":"product_cat-jordi-ortiz-escriptors","8":"product_cat-9-10-nadal","9":"product_cat-llibres-aventures-10-anys","10":"product_cat-tots-els-llibres","11":"product_cat-llibres-per-10-anys","12":"product_tag-llibres-infantils-ca","13":"product_tag-llibres-nens-ca","14":"product_tag-llibres-aventures-ca","15":"product_tag-llibres-pirates-ca","16":"product_tag-pirates-ca","17":"product_tag-primers-lectors","18":"product_tag-aventures-ca","20":"first","21":"instock","22":"featured","23":"shipping-taxable","24":"purchasable","25":"product-type-variable","26":"has-default-attributes"},"_links":{"self":[{"href":"https:\/\/www.editorialelpirata.com\/ca\/wp-json\/wp\/v2\/product\/100569","targetHints":{"allow":["GET"]}}],"collection":[{"href":"https:\/\/www.editorialelpirata.com\/ca\/wp-json\/wp\/v2\/product"}],"about":[{"href":"https:\/\/www.editorialelpirata.com\/ca\/wp-json\/wp\/v2\/types\/product"}],"wp:featuredmedia":[{"embeddable":true,"href":"https:\/\/www.editorialelpirata.com\/ca\/wp-json\/wp\/v2\/media\/102864"}],"wp:attachment":[{"href":"https:\/\/www.editorialelpirata.com\/ca\/wp-json\/wp\/v2\/media?parent=100569"}],"wp:term":[{"taxonomy":"product_brand","embeddable":true,"href":"https:\/\/www.editorialelpirata.com\/ca\/wp-json\/wp\/v2\/product_brand?post=100569"},{"taxonomy":"product_cat","embeddable":true,"href":"https:\/\/www.editorialelpirata.com\/ca\/wp-json\/wp\/v2\/product_cat?post=100569"},{"taxonomy":"product_tag","embeddable":true,"href":"https:\/\/www.editorialelpirata.com\/ca\/wp-json\/wp\/v2\/product_tag?post=100569"}],"curies":[{"name":"wp","href":"https:\/\/api.w.org\/{rel}","templated":true}]}}