{"id":100503,"date":"2019-03-15T11:04:53","date_gmt":"2019-03-15T11:04:53","guid":{"rendered":"https:\/\/www.editorialelpirata.com\/?post_type=product&#038;p=100503"},"modified":"2025-05-21T11:23:22","modified_gmt":"2025-05-21T11:23:22","slug":"quaderns-exercicis","status":"publish","type":"product","link":"https:\/\/www.editorialelpirata.com\/ca\/Producte\/quaderns-exercicis\/","title":{"rendered":"QUADERNS D&#8217;ACTIVITATS PER VACANCES (Picanyol)"},"content":{"rendered":"<div class=\"wpb-content-wrapper\"><p>[vc_row][vc_column][vc_column_text uncode_shortcode_id=&#8221;801169&#8243;]<\/p>\n<h2>Quaderns d&#8217;activitats en catal\u00e0. Ideals per a les vacances de l&#8217;escola, de nadal, setmana santa o estiu.<\/h2>\n<p><strong>Conjunt de quadern d&#8217;entreteniment en catal\u00e0 amb activitats <\/strong>pensades pel desenvolupament de la curiositat, la millora de l&#8217;intelecte, la comprensi\u00f3 lectora i la concentraci\u00f3 dels infants.<\/p>\n<p><iframe title=\"Quaderns d&#039;activitats per a nens i nenes de 5 a 11 anys d&#039;en Picanyol.\" width=\"840\" height=\"473\" src=\"https:\/\/www.youtube.com\/embed\/ZK8BCL-fGzU?feature=oembed&#038;enablejsapi=1&#038;origin=https:\/\/www.editorialelpirata.com&#038;width=840&#038;height=1000&#038;discover=1\" frameborder=\"0\" allow=\"accelerometer; autoplay; clipboard-write; encrypted-media; gyroscope; picture-in-picture; web-share\" referrerpolicy=\"strict-origin-when-cross-origin\" allowfullscreen><\/iframe><\/p>\n<h2>Hi ha set opcions disponibles:<\/h2>\n<ul>\n<li><a href=\"https:\/\/www.editorialelpirata.com\/ca\/Producte\/quadern-activitats-infantil\/\" target=\"_blank\" rel=\"noopener\"><strong>MEM\u00d2RIA D&#8217;ELEFANT INFANTIL<\/strong><\/a>: 4 a 5 anys (P4 i P5)<\/li>\n<li><a href=\"https:\/\/www.editorialelpirata.com\/ca\/producto\/memoria-delefant-1\/\" target=\"_blank\" rel=\"noopener\"><strong>MEM\u00d2RIA D&#8217;ELEFANT 1:<\/strong><\/a> 5-6 anys o aproximadament finals de primer de prim\u00e0ria.<\/li>\n<li><a href=\"https:\/\/www.editorialelpirata.com\/ca\/producto\/memoria-elefant-2-quadern-entreteniment\/\" target=\"_blank\" rel=\"noopener\"><strong>MEM\u00d2RIA D&#8217;ELEFANT 2:<\/strong><\/a> 6-7 anys o aproximadament finals de segon de prim\u00e0ria.<\/li>\n<li><a href=\"https:\/\/www.editorialelpirata.com\/ca\/producto\/memoria-elefant-3-quaderns-exercicis\/\" target=\"_blank\" rel=\"noopener\"><strong>MEM\u00d2RIA D&#8217;ELEFANT 3:<\/strong><\/a> 7-8 anys o aproximadament finals de tercer de prim\u00e0ria.<\/li>\n<li><a href=\"https:\/\/www.editorialelpirata.com\/ca\/producto\/memoria-elefant-4-quaderns-activitats\/\" target=\"_blank\" rel=\"noopener\"><strong>MEM\u00d2RIA D&#8217;ELEFANT 4:<\/strong><\/a>\u00a08-9 anys o aproximadament finals de quart de prim\u00e0ria.<\/li>\n<li><a href=\"https:\/\/www.editorialelpirata.com\/ca\/producto\/memoria-elefant-5-exercicis-10-anys\/\" target=\"_blank\" rel=\"noopener\"><strong>MEM\u00d2RIA D&#8217;ELEFANT 5:<\/strong><\/a>\u00a09-10 anys o aproximadament finals de cinqu\u00e8 de prim\u00e0ria.<\/li>\n<li><a href=\"https:\/\/www.editorialelpirata.com\/ca\/producto\/memoria-elefant-6-quaderns-exercicis\/\" target=\"_blank\" rel=\"noopener\"><strong>MEM\u00d2RIA D&#8217;ELEFANT 6:<\/strong><\/a>\u00a010-11 anys o aproximadament finals de sis\u00e8 de prim\u00e0ria.<\/li>\n<\/ul>\n<p>&nbsp;<\/p>\n<h3>L&#8217;autor, Picanyol, \u00e9s un referent del c\u00f2mic catal\u00e0 i dels exercicis per a nens de qualitat educativa.<\/h3>\n<p>[\/vc_column_text][\/vc_column][\/vc_row]<\/p>\n<\/div>","protected":false},"excerpt":{"rendered":"<h3><span style=\"color: #333333;\"><strong>Quadern d&#8217;estiu en catal\u00e0 per a nens i nenes de 4 a 11 anys<\/strong><\/span><\/h3>\n<p>Quadern d&#8217;activitats ideal per vacances d&#8217;estiu i Nadal.<\/p>\n<p>&nbsp;<\/p>\n<p>Autor: Picanyol<\/p>\n","protected":false},"featured_media":103657,"template":"","meta":[],"product_brand":[],"product_cat":[2123,2336,2337],"product_tag":[3334,3335,3336,3337,3338],"class_list":{"0":"post-100503","1":"product","2":"type-product","3":"status-publish","4":"has-post-thumbnail","6":"product_cat-tots-els-llibres","7":"product_cat-picanyol-escriptors","8":"product_cat-picanyol-2","9":"product_tag-activitats-ca","10":"product_tag-comprensio-lectora-ca","11":"product_tag-didactic-ca","12":"product_tag-quadern-entreteniment-ca","13":"product_tag-quadern-estiu-ca","15":"first","16":"instock","17":"featured","18":"shipping-taxable","19":"purchasable","20":"product-type-variable","21":"has-default-attributes"},"_links":{"self":[{"href":"https:\/\/www.editorialelpirata.com\/ca\/wp-json\/wp\/v2\/product\/100503","targetHints":{"allow":["GET"]}}],"collection":[{"href":"https:\/\/www.editorialelpirata.com\/ca\/wp-json\/wp\/v2\/product"}],"about":[{"href":"https:\/\/www.editorialelpirata.com\/ca\/wp-json\/wp\/v2\/types\/product"}],"wp:featuredmedia":[{"embeddable":true,"href":"https:\/\/www.editorialelpirata.com\/ca\/wp-json\/wp\/v2\/media\/103657"}],"wp:attachment":[{"href":"https:\/\/www.editorialelpirata.com\/ca\/wp-json\/wp\/v2\/media?parent=100503"}],"wp:term":[{"taxonomy":"product_brand","embeddable":true,"href":"https:\/\/www.editorialelpirata.com\/ca\/wp-json\/wp\/v2\/product_brand?post=100503"},{"taxonomy":"product_cat","embeddable":true,"href":"https:\/\/www.editorialelpirata.com\/ca\/wp-json\/wp\/v2\/product_cat?post=100503"},{"taxonomy":"product_tag","embeddable":true,"href":"https:\/\/www.editorialelpirata.com\/ca\/wp-json\/wp\/v2\/product_tag?post=100503"}],"curies":[{"name":"wp","href":"https:\/\/api.w.org\/{rel}","templated":true}]}}