{"id":100452,"date":"2020-01-20T13:26:42","date_gmt":"2020-01-20T13:26:42","guid":{"rendered":"https:\/\/www.editorialelpirata.com\/?post_type=product&#038;p=100452"},"modified":"2025-03-05T14:53:50","modified_gmt":"2025-03-05T14:53:50","slug":"hola-hola-animals-albums-ilustrats","status":"publish","type":"product","link":"https:\/\/www.editorialelpirata.com\/ca\/Producte\/hola-hola-animals-albums-ilustrats\/","title":{"rendered":"HOLA HOLA: ANIMALS PER DESCOBRIR I PROTEGIR"},"content":{"rendered":"<div class=\"wpb-content-wrapper\"><p>[vc_row][vc_column][vc_column_text uncode_shortcode_id=&#8221;129708&#8243;]<\/p>\n<h1>Un llibre per a con\u00e8ixer els animals, que anima a protegir-los<\/h1>\n<p><strong><em>Hola, Hola<\/em><\/strong> \u00e9s un llibre per a gaudir de la fauna i descobrir la immensitat d\u2019esp\u00e8cies animals que poblen la Terra. Al final del llibre es descobreix quins s\u00f3n tots els 92 animals que hi han aparegut i tamb\u00e9 que, lamentablement, molts d\u2019ells estan en perill. Es consciencia que per gaudir d\u2019un m\u00f3n tan divers, ens hem d\u2019esfor\u00e7ar per garantir-los l\u2019h\u00e0bitat i aix\u00ed assegurar-nos la conservaci\u00f3 de totes les esp\u00e8cies animals.<\/p>\n<p>&nbsp;<\/p>\n<h2>De Brendan Wenzel, bestseller del New York Times i guanyador del premi Caldecott<\/h2>\n<h2><\/h2>\n<h2>Millor llibre de l\u2019any segons Washington Post i Amazon.com<\/h2>\n<p>&nbsp;<\/p>\n<p><strong><em>Hola, Hola<\/em><\/strong>\u00a0\u00e9s un llibre imprescindible per a la formaci\u00f3 dels nens, que els meravella amb les seves impressionants il\u00b7lustracions i que, a la vegada, els anima a ser actius en la conservaci\u00f3 de les esp\u00e8cies animals.<\/p>\n<h3><\/h3>\n<h2>Conmovedor, no deixa indiferent<\/h2>\n<p>&nbsp;<\/p>\n<hr \/>\n<h2>Se&#8217;n diu&#8230;<\/h2>\n<p><a href=\"https:\/\/www.instagram.com\/p\/B_fse1mKdqR\/\" target=\"_blank\" rel=\"noopener noreferrer\"><strong>Mestra amb classe<\/strong><\/a>: &#8220;Es tan m\u00e1gico que cautivar\u00e1 a los m\u00e1s peque\u00f1os con sus tiernas ilustraciones&#8221;.<\/p>\n<p><a href=\"https:\/\/www.instagram.com\/p\/B_PL6esnvMV\/\" target=\"_blank\" rel=\"noopener noreferrer\"><strong>Mis cuentos infantiles:<\/strong><\/a> &#8220;Estamos ante un t\u00edtulo fabuloso que nos habla de empat\u00eda, de respeto, de naturaleza, de cuidado&#8230; Nos crea la curiosidad necesaria para seguir buscando informaci\u00f3n sobre un total de 92 animales diferentes, animales que han sido catalogados como\u00a0amenazados, vulnerables, en peligro e incluso en peligro cr\u00edtico&#8221;.<\/p>\n<p><a href=\"https:\/\/www.instagram.com\/p\/B-zSsIqlnw0\/\" target=\"_blank\" rel=\"noopener noreferrer\"><strong>Entre nubes especiales:<\/strong> <\/a>&#8220;Es un \u00e1lbum ilustrado para DISFRUTAR, APRENDER y REFLEXIONAR. Un libro para JUGAR a un busca y encuentra, un libro para investigar sobre todos los animales que aparecen en \u00e9l y un libro que nos deja a todos con la boca abierta al descubrir la inmensidad de especies de animales que recoge&#8221;.<\/p>\n<hr \/>\n<p><iframe title=\"HOLA HOLA: ANIMALS PER DESCOBRIR I PROTEGIR - Llibres infantils en catal\u00e0 amb animals\" width=\"840\" height=\"473\" src=\"https:\/\/www.youtube.com\/embed\/2PtNiXdg0jk?feature=oembed&#038;width=840&#038;height=1000&#038;discover=1\" frameborder=\"0\" allow=\"accelerometer; autoplay; clipboard-write; encrypted-media; gyroscope; picture-in-picture; web-share\" referrerpolicy=\"strict-origin-when-cross-origin\" allowfullscreen><\/iframe><\/p>\n<p>[\/vc_column_text][vc_column_text uncode_shortcode_id=&#8221;200620&#8243;]<\/p>\n<hr \/>\n<p>Amb el suport de:<\/p>\n<p><a href=\"https:\/\/www.editorialelpirata.com\/wp-content\/uploads\/2024\/09\/cultura_generalitat.jpg\"><img decoding=\"async\" class=\"alignnone size-full wp-image-97863\" src=\"https:\/\/www.editorialelpirata.com\/wp-content\/uploads\/2024\/09\/cultura_generalitat.jpg\" alt=\"\" width=\"300\" height=\"80\" title=\"\" srcset=\"https:\/\/www.editorialelpirata.com\/wp-content\/uploads\/2024\/09\/cultura_generalitat.jpg 300w, https:\/\/www.editorialelpirata.com\/wp-content\/uploads\/2024\/09\/cultura_generalitat-64x17.jpg 64w\" sizes=\"(max-width: 300px) 100vw, 300px\" \/><\/a><\/p>\n<p>[\/vc_column_text][\/vc_column][\/vc_row]<\/p>\n<\/div>","protected":false},"excerpt":{"rendered":"<h3>Millor llibre de l\u2019any segons Washington Post i Amazon.com<\/h3>\n<p>Digues <strong>hola<\/strong> a un munt d\u2019animals sorprenents. Alguns s\u00f3n enormes, d\u2019altres min\u00fasculs. Alguns tenen un pelatge suau, d\u2019altres escames rugoses. Alguns s\u00f3n de colors viv\u00edssims, d\u2019altres tenen patrons sorprenents.<\/p>\n<p>&nbsp;<\/p>\n<p>Autor: Brendan Wenzel<\/p>\n","protected":false},"featured_media":100455,"template":"","meta":[],"product_brand":[],"product_cat":[2117,2123,2330,2333,2334,2395],"product_tag":[3090,3091,3157,2888,2984,3006,3035,3036],"class_list":{"0":"post-100452","1":"product","2":"type-product","3":"status-publish","4":"has-post-thumbnail","6":"product_cat-llibres-per-6-anys","7":"product_cat-tots-els-llibres","8":"product_cat-albums-illustrats","9":"product_cat-llibres-per-a-explicar","10":"product_cat-albums-illustrats-6-anys","11":"product_cat-brendan-wenzel-escriptors","12":"product_tag-animals-ca","13":"product_tag-llibres-animals-nens-ca","14":"product_tag-llibres-nens-ca-2","15":"product_tag-contes-bebes-ca","16":"product_tag-contes-nens-ca","17":"product_tag-llibres-2-anys-ca","18":"product_tag-medi-ambient-ca","19":"product_tag-ecologisme-ca","21":"first","22":"instock","23":"shipping-taxable","24":"purchasable","25":"product-type-variable","26":"has-default-attributes"},"_links":{"self":[{"href":"https:\/\/www.editorialelpirata.com\/ca\/wp-json\/wp\/v2\/product\/100452","targetHints":{"allow":["GET"]}}],"collection":[{"href":"https:\/\/www.editorialelpirata.com\/ca\/wp-json\/wp\/v2\/product"}],"about":[{"href":"https:\/\/www.editorialelpirata.com\/ca\/wp-json\/wp\/v2\/types\/product"}],"wp:featuredmedia":[{"embeddable":true,"href":"https:\/\/www.editorialelpirata.com\/ca\/wp-json\/wp\/v2\/media\/100455"}],"wp:attachment":[{"href":"https:\/\/www.editorialelpirata.com\/ca\/wp-json\/wp\/v2\/media?parent=100452"}],"wp:term":[{"taxonomy":"product_brand","embeddable":true,"href":"https:\/\/www.editorialelpirata.com\/ca\/wp-json\/wp\/v2\/product_brand?post=100452"},{"taxonomy":"product_cat","embeddable":true,"href":"https:\/\/www.editorialelpirata.com\/ca\/wp-json\/wp\/v2\/product_cat?post=100452"},{"taxonomy":"product_tag","embeddable":true,"href":"https:\/\/www.editorialelpirata.com\/ca\/wp-json\/wp\/v2\/product_tag?post=100452"}],"curies":[{"name":"wp","href":"https:\/\/api.w.org\/{rel}","templated":true}]}}