{"id":100444,"date":"2017-10-24T12:08:22","date_gmt":"2017-10-24T12:08:22","guid":{"rendered":"https:\/\/www.editorialelpirata.com\/?post_type=product&#038;p=100444"},"modified":"2025-04-29T07:49:44","modified_gmt":"2025-04-29T07:49:44","slug":"pere-llop-contes-tradicionals","status":"publish","type":"product","link":"https:\/\/www.editorialelpirata.com\/ca\/Producte\/pere-llop-contes-tradicionals\/","title":{"rendered":"PERE I EL LLOP"},"content":{"rendered":"<div class=\"wpb-content-wrapper\"><p>[vc_row][vc_column][vc_column_text uncode_shortcode_id=&#8221;210421&#8243;]<\/p>\n<h2>Els contes tradicionals, ara en vers<\/h2>\n<p>El conte cl\u00e0ssic <strong>Pere i el Llop<\/strong> reviu en aquest llibre! Les fant\u00e0stiques i divertides il\u00b7lustracions a tot color acompanyen la hist\u00f2ria, que t\u00e9 el text rimat.<\/p>\n<p>En Pere \u00e9s un pastor que s\u2019avorreix for\u00e7a pasturant les seves ovelles. Per aix\u00f2 un dia se li acut fer una mala passada als seus ve\u00efns: s\u2019inventar\u00e0 que el llop Ramon es menjar\u00e0 les ovelles. Els vilatans, mig endormiscats, s\u2019aixequen tan de pressa com poden per ajudar-lo (portant cal\u00e7otets de cors i tot), per\u00f2 en arribar s\u2019adonen que \u00e9s mentida. En Pere riu com mai, per\u00f2 potser no ho far\u00e0 tant quan el llop de deb\u00f2 aparegui&#8230;<\/p>\n<h3><strong> Els m\u00e9s petits aprendran que s\u2019ha d\u2019evitar dir mentides<\/strong><\/h3>\n<p>[\/vc_column_text][vc_column_text uncode_shortcode_id=&#8221;646911&#8243;]<\/p>\n<hr \/>\n<p>Amb el suport de:<\/p>\n<p><a href=\"https:\/\/www.editorialelpirata.com\/wp-content\/uploads\/2024\/11\/Logo-icec.jpg\"><img decoding=\"async\" class=\"alignnone size-medium wp-image-100854\" src=\"https:\/\/www.editorialelpirata.com\/wp-content\/uploads\/2024\/11\/Logo-icec-300x45.jpg\" alt=\"Logo icec complert\" width=\"300\" height=\"45\" title=\"\"><\/a>[\/vc_column_text][\/vc_column][\/vc_row]<\/p>\n<\/div>","protected":false},"excerpt":{"rendered":"<h3>Contes tradicionals cl\u00e0ssics rimats<\/h3>\n<p><em><strong>En pere i el llop<\/strong> <\/em>forma part de la col\u00b7lecci\u00f3 <em><strong>Contes cl\u00e0ssics rimats<\/strong><\/em>, amb fant\u00e0stiques il\u00b7lustracions a color i el text en vers.<\/p>\n<p>&nbsp;<\/p>\n<p>Autor: Bernat Cuss\u00f3<\/p>\n<p>Il\u00b7lustradora: Meritxell Garcia<\/p>\n","protected":false},"featured_media":99642,"template":"","meta":[],"product_brand":[],"product_cat":[2117,2123,2127,2186,2330,2356,2357,2358],"product_tag":[3040,3083,3084,3085,3088,3089,3005,3018],"class_list":{"0":"post-100444","1":"product","2":"type-product","3":"status-publish","4":"has-post-thumbnail","6":"product_cat-llibres-per-6-anys","7":"product_cat-tots-els-llibres","8":"product_cat-bernat-cusso-grau-escriptors","9":"product_cat-llibres-per-7-anys","10":"product_cat-albums-illustrats","11":"product_cat-contes-2-a-5-anys","12":"product_cat-contes-classics-rimats","13":"product_cat-meritxell-garcia-illustradors","14":"product_tag-contes-explicar-ca","15":"product_tag-aprendre-valors-ca","16":"product_tag-contes-anar-dormir-ca","17":"product_tag-contes-classics-ca","18":"product_tag-contes-en-vers-ca","19":"product_tag-llibres-explicar-ca","20":"product_tag-contes-valors-ca","21":"product_tag-contes-rimats-ca","23":"first","24":"instock","25":"shipping-taxable","26":"purchasable","27":"product-type-variable","28":"has-default-attributes"},"_links":{"self":[{"href":"https:\/\/www.editorialelpirata.com\/ca\/wp-json\/wp\/v2\/product\/100444","targetHints":{"allow":["GET"]}}],"collection":[{"href":"https:\/\/www.editorialelpirata.com\/ca\/wp-json\/wp\/v2\/product"}],"about":[{"href":"https:\/\/www.editorialelpirata.com\/ca\/wp-json\/wp\/v2\/types\/product"}],"wp:featuredmedia":[{"embeddable":true,"href":"https:\/\/www.editorialelpirata.com\/ca\/wp-json\/wp\/v2\/media\/99642"}],"wp:attachment":[{"href":"https:\/\/www.editorialelpirata.com\/ca\/wp-json\/wp\/v2\/media?parent=100444"}],"wp:term":[{"taxonomy":"product_brand","embeddable":true,"href":"https:\/\/www.editorialelpirata.com\/ca\/wp-json\/wp\/v2\/product_brand?post=100444"},{"taxonomy":"product_cat","embeddable":true,"href":"https:\/\/www.editorialelpirata.com\/ca\/wp-json\/wp\/v2\/product_cat?post=100444"},{"taxonomy":"product_tag","embeddable":true,"href":"https:\/\/www.editorialelpirata.com\/ca\/wp-json\/wp\/v2\/product_tag?post=100444"}],"curies":[{"name":"wp","href":"https:\/\/api.w.org\/{rel}","templated":true}]}}