{"id":100440,"date":"2017-10-24T11:59:45","date_gmt":"2017-10-24T11:59:45","guid":{"rendered":"https:\/\/www.editorialelpirata.com\/?post_type=product&#038;p=100440"},"modified":"2025-04-29T07:46:42","modified_gmt":"2025-04-29T07:46:42","slug":"tres-porquets-contes-tradicionals","status":"publish","type":"product","link":"https:\/\/www.editorialelpirata.com\/ca\/Producte\/tres-porquets-contes-tradicionals\/","title":{"rendered":"ELS TRES PORQUETS"},"content":{"rendered":"<div class=\"wpb-content-wrapper\"><p>[vc_row][vc_column][vc_column_text uncode_shortcode_id=&#8221;438556&#8243;]<\/p>\n<h2>El contes tradicionals, ara en vers<\/h2>\n<p><strong>Els tres porquets<\/strong> reviuen en aquest llibre! Les fant\u00e0stiques i divertides il\u00b7lustracions a tot color acompanyen la hist\u00f2ria, que va rimada.<br \/>\nEls tres porquets s\u2019han de construir una casa ja que el llop els persegueix i se\u2019ls vol cruspir. Un la fa de palla, l\u2019altre de fusta i el tercer, tot i que la construcci\u00f3 \u00e9s m\u00e9s feixuga, de maons.<\/p>\n<h3><strong>Els m\u00e9s petits aprendran que no sempre s\u2019ha de triar el cam\u00ed m\u00e9s f\u00e0cil de fer les coses<\/strong><\/h3>\n<hr \/>\n<p><strong>Cr\u00edtiques:<\/strong><\/p>\n<p><a href=\"https:\/\/susanapeix.com\/2017\/10\/16\/seguim-amb-novetats-editorials\/\" target=\"_blank\" rel=\"noopener noreferrer\">Susana Peix<\/a>: &#8220;Els dibuixos, amb un toc d\u2019humor, faciliten la comprensi\u00f3 lectora.&#8221;[\/vc_column_text][vc_column_text uncode_shortcode_id=&#8221;276350&#8221;]<\/p>\n<hr \/>\n<p>Amb el suport de:<\/p>\n<p><a href=\"https:\/\/www.editorialelpirata.com\/wp-content\/uploads\/2024\/09\/cultura_generalitat.jpg\"><img decoding=\"async\" class=\"alignnone size-full wp-image-97863\" src=\"https:\/\/www.editorialelpirata.com\/wp-content\/uploads\/2024\/09\/cultura_generalitat.jpg\" alt=\"\" width=\"300\" height=\"80\" title=\"\" srcset=\"https:\/\/www.editorialelpirata.com\/wp-content\/uploads\/2024\/09\/cultura_generalitat.jpg 300w, https:\/\/www.editorialelpirata.com\/wp-content\/uploads\/2024\/09\/cultura_generalitat-64x17.jpg 64w\" sizes=\"(max-width: 300px) 100vw, 300px\" \/><\/a><\/p>\n<p>[\/vc_column_text][\/vc_column][\/vc_row]<\/p>\n<\/div>","protected":false},"excerpt":{"rendered":"<h3>Contes cl\u00e0ssics rimats<\/h3>\n<p><em><strong>Els tres porquets<\/strong>\u00a0<\/em>forma part de la col\u00b7lecci\u00f3 <em><strong>Contes cl\u00e0ssics rimats<\/strong><\/em>, amb fant\u00e0stiques il\u00b7lustracions a color i el text en vers.<\/p>\n<p>&nbsp;<\/p>\n<p>Autor: Bernat Cuss\u00f3<\/p>\n<p>Il\u00b7lustradora: Meritxell Garcia<\/p>\n","protected":false},"featured_media":99474,"template":"","meta":[],"product_brand":[],"product_cat":[2356,2357,2358,2117,2123,2127,2330,2333,2334],"product_tag":[3005,3040,3083,3084,3085,3086,3087,3157],"class_list":{"0":"post-100440","1":"product","2":"type-product","3":"status-publish","4":"has-post-thumbnail","6":"product_cat-contes-2-a-5-anys","7":"product_cat-contes-classics-rimats","8":"product_cat-meritxell-garcia-illustradors","9":"product_cat-llibres-per-6-anys","10":"product_cat-tots-els-llibres","11":"product_cat-bernat-cusso-grau-escriptors","12":"product_cat-albums-illustrats","13":"product_cat-llibres-per-a-explicar","14":"product_cat-albums-illustrats-6-anys","15":"product_tag-contes-valors-ca","16":"product_tag-contes-explicar-ca","17":"product_tag-aprendre-valors-ca","18":"product_tag-contes-anar-dormir-ca","19":"product_tag-contes-classics-ca","20":"product_tag-contes-tradicionals-ca","21":"product_tag-rimats-ca","22":"product_tag-llibres-nens-ca-2","24":"first","25":"instock","26":"shipping-taxable","27":"purchasable","28":"product-type-variable"},"_links":{"self":[{"href":"https:\/\/www.editorialelpirata.com\/ca\/wp-json\/wp\/v2\/product\/100440","targetHints":{"allow":["GET"]}}],"collection":[{"href":"https:\/\/www.editorialelpirata.com\/ca\/wp-json\/wp\/v2\/product"}],"about":[{"href":"https:\/\/www.editorialelpirata.com\/ca\/wp-json\/wp\/v2\/types\/product"}],"wp:featuredmedia":[{"embeddable":true,"href":"https:\/\/www.editorialelpirata.com\/ca\/wp-json\/wp\/v2\/media\/99474"}],"wp:attachment":[{"href":"https:\/\/www.editorialelpirata.com\/ca\/wp-json\/wp\/v2\/media?parent=100440"}],"wp:term":[{"taxonomy":"product_brand","embeddable":true,"href":"https:\/\/www.editorialelpirata.com\/ca\/wp-json\/wp\/v2\/product_brand?post=100440"},{"taxonomy":"product_cat","embeddable":true,"href":"https:\/\/www.editorialelpirata.com\/ca\/wp-json\/wp\/v2\/product_cat?post=100440"},{"taxonomy":"product_tag","embeddable":true,"href":"https:\/\/www.editorialelpirata.com\/ca\/wp-json\/wp\/v2\/product_tag?post=100440"}],"curies":[{"name":"wp","href":"https:\/\/api.w.org\/{rel}","templated":true}]}}