{"id":100431,"date":"2021-12-20T11:54:00","date_gmt":"2021-12-20T11:54:00","guid":{"rendered":"https:\/\/www.editorialelpirata.com\/?post_type=product&#038;p=100431"},"modified":"2025-04-29T07:39:32","modified_gmt":"2025-04-29T07:39:32","slug":"rinxols-dor-contes-tradicionals","status":"publish","type":"product","link":"https:\/\/www.editorialelpirata.com\/ca\/Producte\/rinxols-dor-contes-tradicionals\/","title":{"rendered":"LA R\u00cdNXOLS D&#8217;OR"},"content":{"rendered":"<div class=\"wpb-content-wrapper\"><p>[vc_row][vc_column][vc_column_text uncode_shortcode_id=&#8221;752794&#8243;]<\/p>\n<h2>Els contes tradicionals, ara en vers<\/h2>\n<p>El conte cl\u00e0ssic <strong>La R\u00ednxols d&#8217;Or<\/strong> reviu en aquest llibre infantil de tapa dura! Les fant\u00e0stiques i divertides il\u00b7lustracions a tot color acompanyen la hist\u00f2ria, que va rimada.<br \/>\nR\u00ednxols d\u2019Or \u00e9s una nena que viu amb la seva \u00e0via. Un dia, passejant, es troba amb la casa de tres ossos, per\u00f2 no hi ha ning\u00fa. Ben curiosa, decideix entrar-hi. Es troba tres grans plats de sopa i els acaba tastant tots tres, esquitxant per tot arreu. Despr\u00e9s, decideix descansar. Prova tres cadires i acaba trencant la del petit os. Finalment, com que est\u00e0 tan cansada, decideix dormir una estona.<br \/>\nAleshores arriben els tres ossos i es troben amb una casa ben regirada. Agafen una enrabiada monumental i, quan descobreixen que ha estat la R\u00ednxols d\u2019Or, la desperten amb un fort rugit. Ella fuig esperitada i, quan li explica a l\u2019\u00e0via el que ha passat, veu com la renya per com de malament s\u2019ha portat. Aix\u00ed que la fa anar a disculpar-se a casa dels ossos i a arreglar el desgavell causat.<\/p>\n<p>&nbsp;<\/p>\n<h3><strong>Els m\u00e9s petits aprendran que les males accions tenen conseq\u00fc\u00e8ncies<\/strong><\/h3>\n<p>[\/vc_column_text][\/vc_column][\/vc_row][vc_row][vc_column column_width_percent=&#8221;100&#8243; align_horizontal=&#8221;align_center&#8221; gutter_size=&#8221;3&#8243; overlay_alpha=&#8221;50&#8243; shift_x=&#8221;0&#8243; shift_y=&#8221;0&#8243; shift_y_down=&#8221;0&#8243; z_index=&#8221;0&#8243; medium_width=&#8221;0&#8243; mobile_width=&#8221;0&#8243; width=&#8221;1\/1&#8243; uncode_shortcode_id=&#8221;124008&#8243;][vc_raw_html]JTNDaWZyYW1lJTIwd2lkdGglM0QlMjI2MjBweCUyMiUyMGhlaWdodCUzRCUyMjQ2OXB4JTIyJTIwc3JjJTNEJTIyaHR0cHMlM0ElMkYlMkZ3d3cueXVtcHUuY29tJTJGeHglMkZlbWJlZCUyRnZpZXclMkYySDhDc2xnT0xoenE0Y3RRJTIyJTIwZnJhbWVib3JkZXIlM0QlMjIwJTIyJTIwYWxsb3dmdWxsc2NyZWVuJTNEJTIydHJ1ZSUyMiUyMCUyMGFsbG93dHJhbnNwYXJlbmN5JTNEJTIydHJ1ZSUyMiUzRSUzQyUyRmlmcmFtZSUzRQ==[\/vc_raw_html][\/vc_column][\/vc_row]<\/p>\n<\/div>","protected":false},"excerpt":{"rendered":"<h3>Contes cl\u00e0ssics rimats<\/h3>\n<p><em><strong>La R\u00ednxols d&#8217;Or<\/strong>\u00a0<\/em>forma part de la col\u00b7lecci\u00f3 <em><strong>Contes cl\u00e0ssics rimats<\/strong><\/em>, amb fant\u00e0stiques il\u00b7lustracions a color i el text en vers.<\/p>\n<p>&nbsp;<\/p>\n<p><strong>Autor<\/strong>: J\u00f6se S\u00e9nder<\/p>\n<p><strong>Il\u00b7lustradora:<\/strong> Laia Guerrero<\/p>\n","protected":false},"featured_media":98850,"template":"","meta":[],"product_brand":[],"product_cat":[2334,2356,2357,3082,2117,2120,2123,2330,2333],"product_tag":[3087,3157,3005,3040,3083,3084,3085,3086],"class_list":{"0":"post-100431","1":"product","2":"type-product","3":"status-publish","4":"has-post-thumbnail","6":"product_cat-albums-illustrats-6-anys","7":"product_cat-contes-2-a-5-anys","8":"product_cat-contes-classics-rimats","9":"product_cat-jose-sender-escriptors","10":"product_cat-llibres-per-6-anys","11":"product_cat-laia-guerrero-illustradors","12":"product_cat-tots-els-llibres","13":"product_cat-albums-illustrats","14":"product_cat-llibres-per-a-explicar","15":"product_tag-rimats-ca","16":"product_tag-llibres-nens-ca-2","17":"product_tag-contes-valors-ca","18":"product_tag-contes-explicar-ca","19":"product_tag-aprendre-valors-ca","20":"product_tag-contes-anar-dormir-ca","21":"product_tag-contes-classics-ca","22":"product_tag-contes-tradicionals-ca","24":"first","25":"instock","26":"shipping-taxable","27":"purchasable","28":"product-type-variable","29":"has-default-attributes"},"_links":{"self":[{"href":"https:\/\/www.editorialelpirata.com\/ca\/wp-json\/wp\/v2\/product\/100431","targetHints":{"allow":["GET"]}}],"collection":[{"href":"https:\/\/www.editorialelpirata.com\/ca\/wp-json\/wp\/v2\/product"}],"about":[{"href":"https:\/\/www.editorialelpirata.com\/ca\/wp-json\/wp\/v2\/types\/product"}],"wp:featuredmedia":[{"embeddable":true,"href":"https:\/\/www.editorialelpirata.com\/ca\/wp-json\/wp\/v2\/media\/98850"}],"wp:attachment":[{"href":"https:\/\/www.editorialelpirata.com\/ca\/wp-json\/wp\/v2\/media?parent=100431"}],"wp:term":[{"taxonomy":"product_brand","embeddable":true,"href":"https:\/\/www.editorialelpirata.com\/ca\/wp-json\/wp\/v2\/product_brand?post=100431"},{"taxonomy":"product_cat","embeddable":true,"href":"https:\/\/www.editorialelpirata.com\/ca\/wp-json\/wp\/v2\/product_cat?post=100431"},{"taxonomy":"product_tag","embeddable":true,"href":"https:\/\/www.editorialelpirata.com\/ca\/wp-json\/wp\/v2\/product_tag?post=100431"}],"curies":[{"name":"wp","href":"https:\/\/api.w.org\/{rel}","templated":true}]}}