{"id":100416,"date":"2021-06-01T13:13:43","date_gmt":"2015-10-17T11:37:00","guid":{"rendered":"https:\/\/www.editorialelpirata.com\/?post_type=product&#038;p=100416"},"modified":"2025-06-05T12:44:55","modified_gmt":"2025-06-05T12:44:55","slug":"en-bernat-bomber-aprendre-a-llegir","status":"publish","type":"product","link":"https:\/\/www.editorialelpirata.com\/ca\/Producte\/en-bernat-bomber-aprendre-a-llegir\/","title":{"rendered":"EN BERNAT BOMBER"},"content":{"rendered":"<div class=\"wpb-content-wrapper\"><p>[vc_row][vc_column][vc_column_text uncode_shortcode_id=&#8221;954398&#8243;]<\/p>\n<h1>Un llibre ideal per aprendre a llegir en lletra de pal i lligada<\/h1>\n<p>&#8220;<strong>En Bernat bomber<\/strong>&#8220;, \u00e9s un llibre de la col\u00b7lecci\u00f3 &#8220;<strong>Plou i Fa Sol<\/strong>&#8220;.<\/p>\n<p>Explica que emocionant pot ser la feina d&#8217;un bomber.<\/p>\n<p><strong>El text est\u00e0 tant en lletra de pal com en lletra lligada. <\/strong><\/p>\n<p>L&#8217;objectiu \u00e9s ajudar a l&#8217;aprenentatge d&#8217;ambd\u00f3s estils de lletra a la vegada que els m\u00e9s petits\u00a0passen una bona estona.[\/vc_column_text][\/vc_column][\/vc_row][vc_row row_height_percent=&#8221;0&#8243; overlay_alpha=&#8221;50&#8243; gutter_size=&#8221;3&#8243; column_width_percent=&#8221;100&#8243; shift_y=&#8221;0&#8243; z_index=&#8221;0&#8243; medium_visibility=&#8221;yes&#8221; mobile_visibility=&#8221;yes&#8221; content_parallax=&#8221;0&#8243; uncode_shortcode_id=&#8221;266588&#8243;][vc_column column_width_percent=&#8221;100&#8243; align_horizontal=&#8221;align_center&#8221; gutter_size=&#8221;3&#8243; overlay_alpha=&#8221;50&#8243; shift_x=&#8221;0&#8243; shift_y=&#8221;0&#8243; shift_y_down=&#8221;0&#8243; z_index=&#8221;0&#8243; medium_width=&#8221;0&#8243; mobile_width=&#8221;0&#8243; width=&#8221;1\/1&#8243; uncode_shortcode_id=&#8221;711513&#8243;][vc_raw_html]JTNDaWZyYW1lJTIwd2lkdGglM0QlMjI2MjBweCUyMiUyMGhlaWdodCUzRCUyMjQwMHB4JTIyJTIwc3JjJTNEJTIyaHR0cHMlM0ElMkYlMkZ3d3cueXVtcHUuY29tJTJGeHglMkZlbWJlZCUyRnZpZXclMkYyVzdJdVliUU84dE1YOXNMJTIyJTIwZnJhbWVib3JkZXIlM0QlMjIwJTIyJTIwYWxsb3dmdWxsc2NyZWVuJTNEJTIydHJ1ZSUyMiUyMCUyMGFsbG93dHJhbnNwYXJlbmN5JTNEJTIydHJ1ZSUyMiUzRSUzQyUyRmlmcmFtZSUzRQ==[\/vc_raw_html][\/vc_column][\/vc_row][vc_row row_height_percent=&#8221;0&#8243; overlay_alpha=&#8221;50&#8243; gutter_size=&#8221;3&#8243; column_width_percent=&#8221;100&#8243; shift_y=&#8221;0&#8243; z_index=&#8221;0&#8243; desktop_visibility=&#8221;yes&#8221; content_parallax=&#8221;0&#8243; uncode_shortcode_id=&#8221;665745&#8243;][vc_column column_width_percent=&#8221;100&#8243; align_horizontal=&#8221;align_center&#8221; gutter_size=&#8221;3&#8243; overlay_alpha=&#8221;50&#8243; shift_x=&#8221;0&#8243; shift_y=&#8221;0&#8243; shift_y_down=&#8221;0&#8243; z_index=&#8221;0&#8243; medium_width=&#8221;0&#8243; mobile_width=&#8221;0&#8243; width=&#8221;1\/1&#8243; uncode_shortcode_id=&#8221;711513&#8243;][vc_raw_html]JTNDaWZyYW1lJTIwd2lkdGglM0QlMjIzMDBweCUyMiUyMGhlaWdodCUzRCUyMjUwMHB4JTIyJTIwc3JjJTNEJTIyaHR0cHMlM0ElMkYlMkZ3d3cueXVtcHUuY29tJTJGeHglMkZlbWJlZCUyRnZpZXclMkYyVzdJdVliUU84dE1YOXNMJTIyJTIwZnJhbWVib3JkZXIlM0QlMjIwJTIyJTIwYWxsb3dmdWxsc2NyZWVuJTNEJTIydHJ1ZSUyMiUyMCUyMGFsbG93dHJhbnNwYXJlbmN5JTNEJTIydHJ1ZSUyMiUzRSUzQyUyRmlmcmFtZSUzRQ==[\/vc_raw_html][\/vc_column][\/vc_row][vc_row][vc_column width=&#8221;1\/1&#8243;][vc_column_text uncode_shortcode_id=&#8221;148779&#8243;]<\/p>\n<p><iframe title=\"Apr\u00e8n a llegir amb la COL\u00b7LECCI\u00d3 PLOU I FA SOL\" width=\"840\" height=\"473\" src=\"https:\/\/www.youtube.com\/embed\/490ifwt9dqk?feature=oembed&#038;enablejsapi=1&#038;origin=https:\/\/www.editorialelpirata.com&#038;width=840&#038;height=1000&#038;discover=1\" frameborder=\"0\" allow=\"accelerometer; autoplay; clipboard-write; encrypted-media; gyroscope; picture-in-picture; web-share\" referrerpolicy=\"strict-origin-when-cross-origin\" allowfullscreen><\/iframe><\/p>\n<h2><a href=\"https:\/\/www.editorialelpirata.com\/ca\/llibres-6-anys-lletra-lligada\/\" target=\"_blank\" rel=\"noopener noreferrer\"><b>Disponible tamb\u00e9 en castell\u00e0 en la combinaci\u00f3 de lletra de pal i imprenta<\/b><\/a><\/h2>\n<hr \/>\n<h3>Ara pots aconseguir els nou t\u00edtols amb una <a href=\"https:\/\/www.editorialelpirata.com\/ca\/Producte\/aprendre-a-llegir-lletra-pal-lligada\/\" target=\"_blank\" rel=\"noopener\">motxilla<\/a> de regal<\/h3>\n<p><iframe title=\"Col\u00b7lecci\u00f3 APR\u00c8N A LLEGIR - Amb MOTXILLA de regal!\" width=\"840\" height=\"473\" src=\"https:\/\/www.youtube.com\/embed\/-GCMA-nAl9U?feature=oembed&#038;enablejsapi=1&#038;origin=https:\/\/www.editorialelpirata.com&#038;width=840&#038;height=1000&#038;discover=1\" frameborder=\"0\" allow=\"accelerometer; autoplay; clipboard-write; encrypted-media; gyroscope; picture-in-picture; web-share\" referrerpolicy=\"strict-origin-when-cross-origin\" allowfullscreen><\/iframe><\/p>\n<p>[\/vc_column_text][\/vc_column][\/vc_row][vc_row][vc_column width=&#8221;1\/1&#8243;][vc_column_text uncode_shortcode_id=&#8221;183547&#8243;]<\/p>\n<hr \/>\n<p>Amb el suport de:<\/p>\n<p><a href=\"https:\/\/www.editorialelpirata.com\/wp-content\/uploads\/2024\/11\/Logo-icec.jpg\"><img decoding=\"async\" class=\"alignnone size-medium wp-image-100854\" src=\"https:\/\/www.editorialelpirata.com\/wp-content\/uploads\/2024\/11\/Logo-icec-300x45.jpg\" alt=\"Logo icec complert\" width=\"300\" height=\"45\" title=\"\"><\/a>[\/vc_column_text][\/vc_column][\/vc_row]<\/p>\n<\/div>","protected":false},"excerpt":{"rendered":"<h3><span style=\"color: #000000;\"><strong>9a. edici\u00f3<\/strong><\/span><\/h3>\n<p>Tothom coneix en Bernat el bomber, que t\u00e9 un cotxe vermell i lluent\u00a0que es diu com ell. Vols saber quina mena de feina fa un bomber tan valent i simp\u00e0tic com en Bernat?<\/p>\n<p>&nbsp;<\/p>\n<p>Autora: Maria Grau<\/p>\n<p>Il\u00b7lustradora: Eva Jan\u00e0r<a href=\"https:\/\/www.edicionsdelpirata.cat\/eva-janariz\/\" target=\"_blank\" rel=\"noopener noreferrer\">iz<\/a><\/p>\n","protected":false},"featured_media":98430,"template":"","meta":[],"product_brand":[],"product_cat":[2118,2123,2129,2130,2351,2117],"product_tag":[3078,3079,2124,2880,2881,2984,3072],"class_list":{"0":"post-100416","1":"product","2":"type-product","3":"status-publish","4":"has-post-thumbnail","6":"product_cat-aprendre-a-llegir","7":"product_cat-tots-els-llibres","8":"product_cat-eva-janariz-illustradors","9":"product_cat-maria-grau-escriptors","10":"product_cat-lletra-pal-6-anys","11":"product_cat-llibres-per-6-anys","12":"product_tag-bombers-ca","13":"product_tag-contes-llegir-ca","14":"product_tag-primers-lectors","15":"product_tag-aprendre-a-llegir-ca","16":"product_tag-contes-infantils-ca","17":"product_tag-contes-nens-ca","18":"product_tag-lletra-majuscula-ca","20":"first","21":"instock","22":"shipping-taxable","23":"purchasable","24":"product-type-variable","25":"has-default-attributes"},"_links":{"self":[{"href":"https:\/\/www.editorialelpirata.com\/ca\/wp-json\/wp\/v2\/product\/100416","targetHints":{"allow":["GET"]}}],"collection":[{"href":"https:\/\/www.editorialelpirata.com\/ca\/wp-json\/wp\/v2\/product"}],"about":[{"href":"https:\/\/www.editorialelpirata.com\/ca\/wp-json\/wp\/v2\/types\/product"}],"wp:featuredmedia":[{"embeddable":true,"href":"https:\/\/www.editorialelpirata.com\/ca\/wp-json\/wp\/v2\/media\/98430"}],"wp:attachment":[{"href":"https:\/\/www.editorialelpirata.com\/ca\/wp-json\/wp\/v2\/media?parent=100416"}],"wp:term":[{"taxonomy":"product_brand","embeddable":true,"href":"https:\/\/www.editorialelpirata.com\/ca\/wp-json\/wp\/v2\/product_brand?post=100416"},{"taxonomy":"product_cat","embeddable":true,"href":"https:\/\/www.editorialelpirata.com\/ca\/wp-json\/wp\/v2\/product_cat?post=100416"},{"taxonomy":"product_tag","embeddable":true,"href":"https:\/\/www.editorialelpirata.com\/ca\/wp-json\/wp\/v2\/product_tag?post=100416"}],"curies":[{"name":"wp","href":"https:\/\/api.w.org\/{rel}","templated":true}]}}