{"id":100412,"date":"2021-06-01T13:55:40","date_gmt":"2021-06-01T13:55:40","guid":{"rendered":"https:\/\/www.editorialelpirata.com\/?post_type=product&#038;p=100412"},"modified":"2025-05-14T09:48:42","modified_gmt":"2025-05-14T09:48:42","slug":"valent-aprendre-a-llegir","status":"publish","type":"product","link":"https:\/\/www.editorialelpirata.com\/ca\/Producte\/valent-aprendre-a-llegir\/","title":{"rendered":"VALENT"},"content":{"rendered":"<div class=\"wpb-content-wrapper\"><p>[vc_row][vc_column][vc_column_text uncode_shortcode_id=&#8221;120788&#8243;]<\/p>\n<h1>Conte de 5 anys en lletra lligada i maj\u00fascula per aprendre a llegir<\/h1>\n<h2>Un llibre ideal per aprendre a llegir en lletra de pal i lligada<\/h2>\n<p>&#8220;<strong>Valent<\/strong>&#8220;, \u00e9s un llibre de la col\u00b7lecci\u00f3 &#8220;<b>Apr\u00e8n a llegir<\/b>&#8220;.<\/p>\n<p>Explica les aventures d&#8217;en Valent, un gos que es troba perdut fins que troba l&#8217;Anna.<\/p>\n<p><strong>El text est\u00e0 tan en lletra maj\u00fascula com amb lletra lligada. <\/strong><\/p>\n<p>L&#8217;objectiu \u00e9s ajudar a l&#8217;aprenentatge d&#8217;ambd\u00f3s estils de lletra a la vegada que els m\u00e9s petits\u00a0passen una bona estona.[\/vc_column_text][\/vc_column][\/vc_row][vc_row][vc_column column_width_percent=&#8221;100&#8243; align_horizontal=&#8221;align_center&#8221; gutter_size=&#8221;3&#8243; overlay_alpha=&#8221;50&#8243; shift_x=&#8221;0&#8243; shift_y=&#8221;0&#8243; shift_y_down=&#8221;0&#8243; z_index=&#8221;0&#8243; medium_width=&#8221;0&#8243; mobile_width=&#8221;0&#8243; width=&#8221;1\/1&#8243; uncode_shortcode_id=&#8221;207465&#8243;][vc_raw_html]JTNDaWZyYW1lJTIwd2lkdGglM0QlMjI2MjBweCUyMiUyMGhlaWdodCUzRCUyMjQwMHB4JTIyJTIwc3JjJTNEJTIyaHR0cHMlM0ElMkYlMkZ3d3cueXVtcHUuY29tJTJGeHglMkZlbWJlZCUyRnZpZXclMkZZZ3Z6cDhzRDFoQk1MZW95JTIyJTIwZnJhbWVib3JkZXIlM0QlMjIwJTIyJTIwYWxsb3dmdWxsc2NyZWVuJTNEJTIydHJ1ZSUyMiUyMCUyMGFsbG93dHJhbnNwYXJlbmN5JTNEJTIydHJ1ZSUyMiUzRSUzQyUyRmlmcmFtZSUzRQ==[\/vc_raw_html][\/vc_column][\/vc_row][vc_row][vc_column width=&#8221;1\/1&#8243;][vc_column_text uncode_shortcode_id=&#8221;511166&#8243;]<\/p>\n<h3><a href=\"https:\/\/www.editorialelpirata.com\/ca\/llibres-6-anys-lletra-lligada\/\" target=\"_blank\" rel=\"noopener noreferrer\"><b>Disponible tamb\u00e9 en castell\u00e0 en la combinaci\u00f3 de lletra de pal i imprenta<\/b><\/a><\/h3>\n<p>[\/vc_column_text][vc_raw_html]JTNDaWZyYW1lJTIwd2lkdGglM0QlMjI1NjAlMjIlMjBoZWlnaHQlM0QlMjIzMTUlMjIlMjBzcmMlM0QlMjJodHRwcyUzQSUyRiUyRnd3dy55b3V0dWJlLmNvbSUyRmVtYmVkJTJGNDkwaWZ3dDlkcWslM0ZzaSUzRHhydm9ZYzhod3ZCWWtEcnklMjIlMjB0aXRsZSUzRCUyMllvdVR1YmUlMjB2aWRlbyUyMHBsYXllciUyMiUyMGZyYW1lYm9yZGVyJTNEJTIyMCUyMiUyMGFsbG93JTNEJTIyYWNjZWxlcm9tZXRlciUzQiUyMGF1dG9wbGF5JTNCJTIwY2xpcGJvYXJkLXdyaXRlJTNCJTIwZW5jcnlwdGVkLW1lZGlhJTNCJTIwZ3lyb3Njb3BlJTNCJTIwcGljdHVyZS1pbi1waWN0dXJlJTNCJTIwd2ViLXNoYXJlJTIyJTIwcmVmZXJyZXJwb2xpY3klM0QlMjJzdHJpY3Qtb3JpZ2luLXdoZW4tY3Jvc3Mtb3JpZ2luJTIyJTIwYWxsb3dmdWxsc2NyZWVuJTNFJTNDJTJGaWZyYW1lJTNF[\/vc_raw_html][vc_column_text uncode_shortcode_id=&#8221;121510&#8243;]<\/p>\n<h2>Ara pots aconseguir els nou t\u00edtols amb una <a href=\"https:\/\/www.editorialelpirata.com\/ca\/Producte\/aprendre-a-llegir-lletra-pal-lligada\/\" target=\"_blank\" rel=\"noopener\">motxilla<\/a> de regal<\/h2>\n<p>[\/vc_column_text][vc_raw_html]JTNDaWZyYW1lJTIwd2lkdGglM0QlMjI1NjAlMjIlMjBoZWlnaHQlM0QlMjIzMTUlMjIlMjBzcmMlM0QlMjJodHRwcyUzQSUyRiUyRnd3dy55b3V0dWJlLmNvbSUyRmVtYmVkJTJGLUdDTUEtbkFsOVUlM0ZzaSUzRC0xVXA3S2tOcEctRktTVDElMjIlMjB0aXRsZSUzRCUyMllvdVR1YmUlMjB2aWRlbyUyMHBsYXllciUyMiUyMGZyYW1lYm9yZGVyJTNEJTIyMCUyMiUyMGFsbG93JTNEJTIyYWNjZWxlcm9tZXRlciUzQiUyMGF1dG9wbGF5JTNCJTIwY2xpcGJvYXJkLXdyaXRlJTNCJTIwZW5jcnlwdGVkLW1lZGlhJTNCJTIwZ3lyb3Njb3BlJTNCJTIwcGljdHVyZS1pbi1waWN0dXJlJTNCJTIwd2ViLXNoYXJlJTIyJTIwcmVmZXJyZXJwb2xpY3klM0QlMjJzdHJpY3Qtb3JpZ2luLXdoZW4tY3Jvc3Mtb3JpZ2luJTIyJTIwYWxsb3dmdWxsc2NyZWVuJTNFJTNDJTJGaWZyYW1lJTNF[\/vc_raw_html][\/vc_column][\/vc_row][vc_row][vc_column width=&#8221;1\/1&#8243;][vc_column_text uncode_shortcode_id=&#8221;141905&#8243;]<\/p>\n<hr \/>\n<p>Amb el suport de:<\/p>\n<p><a href=\"https:\/\/www.editorialelpirata.com\/wp-content\/uploads\/2024\/11\/Logo-icec.jpg\"><img decoding=\"async\" class=\"alignnone size-medium wp-image-100854\" src=\"https:\/\/www.editorialelpirata.com\/wp-content\/uploads\/2024\/11\/Logo-icec-300x45.jpg\" alt=\"Logo icec complert\" width=\"300\" height=\"45\" title=\"\"><\/a>[\/vc_column_text][\/vc_column][\/vc_row]<\/p>\n<\/div>","protected":false},"excerpt":{"rendered":"<p><span style=\"color: #000000;\">4\u00aa edici\u00f3<\/span><\/p>\n<p><span style=\"font-size: 16px;\">Aquesta \u00e9s la hist\u00f2ria d&#8217;un gos perdut i pelut que va sempre molt brut. Fins que coneix l&#8217;Anna, que li treu les puces, li posa nom i el converteix en el seu amic inseparable. Bub, bub! I quina sort que he tingut!<\/span><\/p>\n<p>&nbsp;<\/p>\n<p>Autora: Maria Grau<\/p>\n<p>Il\u00b7lustradora: Laia Guerrero<\/p>\n","protected":false},"featured_media":98670,"template":"","meta":[],"product_brand":[],"product_cat":[2123,2130,2351,2354,2117,2118,2120,2121],"product_tag":[3081,2124,3090,3165,2131,2880,3003,3005,3032,3080],"class_list":{"0":"post-100412","1":"product","2":"type-product","3":"status-publish","4":"has-post-thumbnail","6":"product_cat-tots-els-llibres","7":"product_cat-maria-grau-escriptors","8":"product_cat-lletra-pal-6-anys","9":"product_cat-novetats","10":"product_cat-llibres-per-6-anys","11":"product_cat-aprendre-a-llegir","12":"product_cat-laia-guerrero-illustradors","13":"product_cat-escriptors","14":"product_tag-infantil-ca","15":"product_tag-primers-lectors","16":"product_tag-animals-ca","17":"product_tag-5-anys-ca-2","18":"product_tag-plou-i-fa-sol","19":"product_tag-aprendre-a-llegir-ca","20":"product_tag-contes-animals-ca","21":"product_tag-contes-valors-ca","22":"product_tag-lletra-lligada-ca","23":"product_tag-gossos-ca","25":"first","26":"instock","27":"shipping-taxable","28":"purchasable","29":"product-type-variable","30":"has-default-attributes"},"_links":{"self":[{"href":"https:\/\/www.editorialelpirata.com\/ca\/wp-json\/wp\/v2\/product\/100412","targetHints":{"allow":["GET"]}}],"collection":[{"href":"https:\/\/www.editorialelpirata.com\/ca\/wp-json\/wp\/v2\/product"}],"about":[{"href":"https:\/\/www.editorialelpirata.com\/ca\/wp-json\/wp\/v2\/types\/product"}],"wp:featuredmedia":[{"embeddable":true,"href":"https:\/\/www.editorialelpirata.com\/ca\/wp-json\/wp\/v2\/media\/98670"}],"wp:attachment":[{"href":"https:\/\/www.editorialelpirata.com\/ca\/wp-json\/wp\/v2\/media?parent=100412"}],"wp:term":[{"taxonomy":"product_brand","embeddable":true,"href":"https:\/\/www.editorialelpirata.com\/ca\/wp-json\/wp\/v2\/product_brand?post=100412"},{"taxonomy":"product_cat","embeddable":true,"href":"https:\/\/www.editorialelpirata.com\/ca\/wp-json\/wp\/v2\/product_cat?post=100412"},{"taxonomy":"product_tag","embeddable":true,"href":"https:\/\/www.editorialelpirata.com\/ca\/wp-json\/wp\/v2\/product_tag?post=100412"}],"curies":[{"name":"wp","href":"https:\/\/api.w.org\/{rel}","templated":true}]}}