{"id":100396,"date":"2021-06-01T15:52:31","date_gmt":"2021-06-01T15:52:31","guid":{"rendered":"https:\/\/www.editorialelpirata.com\/?post_type=product&#038;p=100396"},"modified":"2025-05-16T12:23:22","modified_gmt":"2025-05-16T12:23:22","slug":"home-que-tenia-tres-cabells","status":"publish","type":"product","link":"https:\/\/www.editorialelpirata.com\/ca\/Producte\/home-que-tenia-tres-cabells\/","title":{"rendered":"L&#8217;HOME QUE TENIA TRES CABELLS"},"content":{"rendered":"<div class=\"wpb-content-wrapper\"><p>[vc_row][vc_column][vc_column_text uncode_shortcode_id=&#8221;198603&#8243;]<\/p>\n<h1>Un llibre ideal per aprendre a llegir en lletra de pal i lligada<\/h1>\n<p>&#8220;<strong>L&#8217;home que tenia tres cabells<\/strong>&#8220;, \u00e9s un llibre de la col\u00b7lecci\u00f3 &#8220;<strong>Plou i Fa Sol<\/strong>&#8220;.<\/p>\n<p>Explica la hist\u00f2ria d&#8217;en Jordi i l&#8217;equip que forma amb els seus tres cabells.<\/p>\n<p><strong>El text est\u00e0 tant en lletra de pal com en lletra lligada. <\/strong><\/p>\n<p>L&#8217;objectiu \u00e9s ajudar a l&#8217;aprenentatge d&#8217;ambd\u00f3s estils de lletra a la vegada que es passa una bona estona.[\/vc_column_text][\/vc_column][\/vc_row][vc_row][vc_column column_width_percent=&#8221;100&#8243; align_horizontal=&#8221;align_center&#8221; gutter_size=&#8221;3&#8243; overlay_alpha=&#8221;50&#8243; shift_x=&#8221;0&#8243; shift_y=&#8221;0&#8243; shift_y_down=&#8221;0&#8243; z_index=&#8221;0&#8243; medium_width=&#8221;0&#8243; mobile_width=&#8221;0&#8243; width=&#8221;1\/1&#8243; uncode_shortcode_id=&#8221;168428&#8243;][vc_raw_html]JTNDaWZyYW1lJTIwd2lkdGglM0QlMjI2MjBweCUyMiUyMGhlaWdodCUzRCUyMjQwMHB4JTIyJTIwc3JjJTNEJTIyaHR0cHMlM0ElMkYlMkZ3d3cueXVtcHUuY29tJTJGeHglMkZlbWJlZCUyRnZpZXclMkZhbVVEaktPTVJiRThMZUNUJTIyJTIwZnJhbWVib3JkZXIlM0QlMjIwJTIyJTIwYWxsb3dmdWxsc2NyZWVuJTNEJTIydHJ1ZSUyMiUyMCUyMGFsbG93dHJhbnNwYXJlbmN5JTNEJTIydHJ1ZSUyMiUzRSUzQyUyRmlmcmFtZSUzRQ==[\/vc_raw_html][\/vc_column][\/vc_row][vc_row][vc_column width=&#8221;1\/1&#8243;][vc_column_text uncode_shortcode_id=&#8221;926936&#8243;]<\/p>\n<p><iframe title=\"Apr\u00e8n a llegir amb la COL\u00b7LECCI\u00d3 PLOU I FA SOL\" width=\"840\" height=\"473\" src=\"https:\/\/www.youtube.com\/embed\/490ifwt9dqk?feature=oembed&#038;enablejsapi=1&#038;origin=https:\/\/www.editorialelpirata.com&#038;width=840&#038;height=1000&#038;discover=1\" frameborder=\"0\" allow=\"accelerometer; autoplay; clipboard-write; encrypted-media; gyroscope; picture-in-picture; web-share\" referrerpolicy=\"strict-origin-when-cross-origin\" allowfullscreen><\/iframe><\/p>\n<h2><a href=\"https:\/\/www.editorialelpirata.com\/ca\/llibres-6-anys-lletra-lligada\/\" target=\"_blank\" rel=\"noopener noreferrer\"><b>Disponible tamb\u00e9 en castell\u00e0 en la combinaci\u00f3 de lletra de pal i imprenta<\/b><\/a><\/h2>\n<hr \/>\n<h3>Ara pots aconseguir els nou t\u00edtols amb una <a href=\"https:\/\/www.edicionsdelpirata.cat\/producte\/motxilla-plou-fa-sol-aprendre-a-llegir\/\" target=\"_blank\" rel=\"noopener noreferrer\">motxilla<\/a> de regal<\/h3>\n<p><iframe title=\"Col\u00b7lecci\u00f3 APR\u00c8N A LLEGIR - Amb MOTXILLA de regal!\" width=\"840\" height=\"473\" src=\"https:\/\/www.youtube.com\/embed\/-GCMA-nAl9U?feature=oembed&#038;enablejsapi=1&#038;origin=https:\/\/www.editorialelpirata.com&#038;width=840&#038;height=1000&#038;discover=1\" frameborder=\"0\" allow=\"accelerometer; autoplay; clipboard-write; encrypted-media; gyroscope; picture-in-picture; web-share\" referrerpolicy=\"strict-origin-when-cross-origin\" allowfullscreen><\/iframe><\/p>\n<p>[\/vc_column_text][\/vc_column][\/vc_row]<\/p>\n<\/div>","protected":false},"excerpt":{"rendered":"<h3>Una divertida hist\u00f2ria de superaci\u00f3 personal<\/h3>\n<p>Despr\u00e9s de molt de temps d&#8217;estar acomplexat, en Jordi descobreix que, si s&#8217;ho agafa amb bon humor, aix\u00f2 de tenir pocs cabells pot ser fins i tot divertit. A partir de llavors, forma un bon equip amb els seus tres cabells: el Pepet, el Joanet i l&#8217;Estevet.<\/p>\n<p>&nbsp;<\/p>\n<p>Autor: Joan Rossell<\/p>\n<p>Il\u00b7lustradora: Eva Jan\u00e0riz<\/p>\n","protected":false},"featured_media":98781,"template":"","meta":[],"product_brand":[],"product_cat":[2129,2134,2329,2351,2117,2118,2123],"product_tag":[3077,2880,2881,2984,3043,3063,3074,2124],"class_list":{"0":"post-100396","1":"product","2":"type-product","3":"status-publish","4":"has-post-thumbnail","6":"product_cat-eva-janariz-illustradors","7":"product_cat-joan-rossell-escriptors","8":"product_cat-lletra-de-pal","9":"product_cat-lletra-pal-6-anys","10":"product_cat-llibres-per-6-anys","11":"product_cat-aprendre-a-llegir","12":"product_cat-tots-els-llibres","13":"product_tag-lletra-impremta-ca","14":"product_tag-aprendre-a-llegir-ca","15":"product_tag-contes-infantils-ca","16":"product_tag-contes-nens-ca","17":"product_tag-aprendre-llegir-ca","18":"product_tag-humor-ca","19":"product_tag-lletra-pal-ca","20":"product_tag-primers-lectors","22":"first","23":"instock","24":"shipping-taxable","25":"purchasable","26":"product-type-variable","27":"has-default-attributes"},"_links":{"self":[{"href":"https:\/\/www.editorialelpirata.com\/ca\/wp-json\/wp\/v2\/product\/100396","targetHints":{"allow":["GET"]}}],"collection":[{"href":"https:\/\/www.editorialelpirata.com\/ca\/wp-json\/wp\/v2\/product"}],"about":[{"href":"https:\/\/www.editorialelpirata.com\/ca\/wp-json\/wp\/v2\/types\/product"}],"wp:featuredmedia":[{"embeddable":true,"href":"https:\/\/www.editorialelpirata.com\/ca\/wp-json\/wp\/v2\/media\/98781"}],"wp:attachment":[{"href":"https:\/\/www.editorialelpirata.com\/ca\/wp-json\/wp\/v2\/media?parent=100396"}],"wp:term":[{"taxonomy":"product_brand","embeddable":true,"href":"https:\/\/www.editorialelpirata.com\/ca\/wp-json\/wp\/v2\/product_brand?post=100396"},{"taxonomy":"product_cat","embeddable":true,"href":"https:\/\/www.editorialelpirata.com\/ca\/wp-json\/wp\/v2\/product_cat?post=100396"},{"taxonomy":"product_tag","embeddable":true,"href":"https:\/\/www.editorialelpirata.com\/ca\/wp-json\/wp\/v2\/product_tag?post=100396"}],"curies":[{"name":"wp","href":"https:\/\/api.w.org\/{rel}","templated":true}]}}