{"id":100287,"date":"2019-08-20T13:45:52","date_gmt":"2019-08-20T12:04:09","guid":{"rendered":"https:\/\/www.editorialelpirata.com\/?post_type=product&#038;p=100287"},"modified":"2025-05-16T08:42:56","modified_gmt":"2025-05-16T08:42:56","slug":"el-submari-que-no-es-volia-enfonsar-7-anys","status":"publish","type":"product","link":"https:\/\/www.editorialelpirata.com\/ca\/Producte\/el-submari-que-no-es-volia-enfonsar-7-anys\/","title":{"rendered":"EL SUBMAR\u00cd QUE NO ES VOLIA ENFONSAR"},"content":{"rendered":"<div class=\"wpb-content-wrapper\"><p>[vc_row][vc_column][vc_column_text uncode_shortcode_id=&#8221;205541&#8243;]<\/p>\n<h1>Tothom creu que el primer submar\u00ed modern el va inventar en Narc\u00eds Monturiol, oi?<\/h1>\n<p>I un be negre! En aquest llibre infantil, recomanat a partir de 3 anys, descobrireu com set elefants, ni un m\u00e9s ni un menys, van formar part del primer submar\u00ed de la hist\u00f2ria. Encara que potser aquest, no va acabar de funcionar gaire b\u00e9.<\/p>\n<p>El submar\u00ed que no es volia enfonsar \u00e9s un conte infantil divertid\u00edssim, amb un desplegable a l&#8217;interior, una hist\u00f2ria que ens apropa amb humor com funcionen els submarins i unes il\u00b7lustracions magn\u00edfiques i plenes de detalls i colors vius. Al final del llibre, a m\u00e9s, es pot descobrir qui era l&#8217;inventor del primer submar\u00ed propulsat de la hist\u00f2ria, en Narc\u00eds Monturiol.<\/p>\n<h2><\/h2>\n<h2>Commemorem el 200\u00e8 aniversari del naixement de Narc\u00eds Monturiol<\/h2>\n<p>Una hist\u00f2ria esbojarrada per commemorar el 200\u00e8 aniversari del naixement de Narc\u00eds Monturiol el 28 de setembre de 1819. Aquesta divertida hist\u00f2ria pren uns elefants com a eix de repetici\u00f3 per intentar enfonsar un submar\u00ed que no hi ha manera que s\u2019enfonsi&#8230;[\/vc_column_text][\/vc_column][\/vc_row][vc_row][vc_column column_width_percent=&#8221;100&#8243; align_horizontal=&#8221;align_center&#8221; gutter_size=&#8221;3&#8243; overlay_alpha=&#8221;50&#8243; shift_x=&#8221;0&#8243; shift_y=&#8221;0&#8243; shift_y_down=&#8221;0&#8243; z_index=&#8221;0&#8243; medium_width=&#8221;0&#8243; mobile_width=&#8221;0&#8243; width=&#8221;1\/1&#8243; uncode_shortcode_id=&#8221;184763&#8243;][vc_raw_html]JTNDaWZyYW1lJTIwd2lkdGglM0QlMjI2MjBweCUyMiUyMGhlaWdodCUzRCUyMjQwMHB4JTIyJTIwc3JjJTNEJTIyaHR0cHMlM0ElMkYlMkZ3d3cueXVtcHUuY29tJTJGeHglMkZlbWJlZCUyRnZpZXclMkZxVFoxbGZhRnc2Mm96SG11JTIyJTIwZnJhbWVib3JkZXIlM0QlMjIwJTIyJTIwYWxsb3dmdWxsc2NyZWVuJTNEJTIydHJ1ZSUyMiUyMCUyMGFsbG93dHJhbnNwYXJlbmN5JTNEJTIydHJ1ZSUyMiUzRSUzQyUyRmlmcmFtZSUzRQ==[\/vc_raw_html][\/vc_column][\/vc_row][vc_row][vc_column width=&#8221;1\/1&#8243;][vc_column_text uncode_shortcode_id=&#8221;765729&#8243;]<\/p>\n<hr \/>\n<h3>CR\u00cdTIQUES<\/h3>\n<blockquote><p><a href=\"https:\/\/www.instagram.com\/p\/B4wlUGSiLQZ\/\" target=\"_blank\" rel=\"noopener\"><strong>Aprender con ellos<\/strong><\/a>:\u00a0 \u201cMe encantan los cuentos que nos dejan aprendizajes de todo tipo y la explicaci\u00f3n de c\u00f3mo funciona un submarino me parece un tema muy interesante que seguro captar\u00e1 la atenci\u00f3n de los peques.<\/p>\n<p>Con mucho humor y una buena dosis de imaginaci\u00f3n, esta historia nos explica de forma sencilla qu\u00e9 necesita un submarino para hundirse y para volver a la superficie\u201d.<\/p><\/blockquote>\n<p>&nbsp;<\/p>\n<p>[\/vc_column_text][vc_column_text uncode_shortcode_id=&#8221;114605&#8243;]Amb el suport de:<\/p>\n<p><a href=\"https:\/\/www.editorialelpirata.com\/wp-content\/uploads\/2024\/11\/Logo-icec.jpg\"><img decoding=\"async\" class=\"alignnone size-medium wp-image-100854\" src=\"https:\/\/www.editorialelpirata.com\/wp-content\/uploads\/2024\/11\/Logo-icec-300x45.jpg\" alt=\"Logo icec complert\" width=\"300\" height=\"45\" title=\"\"><\/a>[\/vc_column_text][\/vc_column][\/vc_row]<\/p>\n<\/div>","protected":false},"excerpt":{"rendered":"<h3>El primer submar\u00ed modern se\u2019l va inventar en Narc\u00eds Monturiol, per\u00f2&#8230; i els que ho van intentar abans?<\/h3>\n<p>Un divertid\u00edssim conte il\u00b7lustrat amb una colla d&#8217;elefants que intenten ajudar a la creaci\u00f3 d&#8217;un submar\u00ed, per a nens a partir de 3 anys.<\/p>\n<p>&nbsp;<\/p>\n<p>Autora: Anna Obiols<\/p>\n<p>Il\u00b7lustrador: Joan Subirana<\/p>\n","protected":false},"featured_media":102863,"template":"","meta":[],"product_brand":[],"product_cat":[2333,2340,2356,2390,2117,3054,2123,2164,2186,2330,2331],"product_tag":[3060,3061,2984,3055,3056,3057,3058,3059],"class_list":{"0":"post-100287","1":"product","2":"type-product","3":"status-publish","4":"has-post-thumbnail","6":"product_cat-llibres-per-a-explicar","7":"product_cat-llibres-de-4-a-7-anys","8":"product_cat-contes-2-a-5-anys","9":"product_cat-joan-subirana-queralt-illustradors","10":"product_cat-llibres-per-6-anys","11":"product_cat-anna-obiols","12":"product_cat-tots-els-llibres","13":"product_cat-llibres-per-8-anys","14":"product_cat-llibres-per-7-anys","15":"product_cat-albums-illustrats","16":"product_cat-albums-ilustrats-7-anys","17":"product_tag-narcis-monturiol-ca","18":"product_tag-submari-ca","19":"product_tag-contes-nens-ca","20":"product_tag-divertit-ca","21":"product_tag-elefants-ca","22":"product_tag-llibre-infantil-ca","23":"product_tag-llibres-animals-ca","24":"product_tag-llibres-divertits-nens-ca","26":"first","27":"instock","28":"shipping-taxable","29":"purchasable","30":"product-type-variable","31":"has-default-attributes"},"_links":{"self":[{"href":"https:\/\/www.editorialelpirata.com\/ca\/wp-json\/wp\/v2\/product\/100287","targetHints":{"allow":["GET"]}}],"collection":[{"href":"https:\/\/www.editorialelpirata.com\/ca\/wp-json\/wp\/v2\/product"}],"about":[{"href":"https:\/\/www.editorialelpirata.com\/ca\/wp-json\/wp\/v2\/types\/product"}],"wp:featuredmedia":[{"embeddable":true,"href":"https:\/\/www.editorialelpirata.com\/ca\/wp-json\/wp\/v2\/media\/102863"}],"wp:attachment":[{"href":"https:\/\/www.editorialelpirata.com\/ca\/wp-json\/wp\/v2\/media?parent=100287"}],"wp:term":[{"taxonomy":"product_brand","embeddable":true,"href":"https:\/\/www.editorialelpirata.com\/ca\/wp-json\/wp\/v2\/product_brand?post=100287"},{"taxonomy":"product_cat","embeddable":true,"href":"https:\/\/www.editorialelpirata.com\/ca\/wp-json\/wp\/v2\/product_cat?post=100287"},{"taxonomy":"product_tag","embeddable":true,"href":"https:\/\/www.editorialelpirata.com\/ca\/wp-json\/wp\/v2\/product_tag?post=100287"}],"curies":[{"name":"wp","href":"https:\/\/api.w.org\/{rel}","templated":true}]}}