{"id":100230,"date":"2017-07-31T11:15:52","date_gmt":"2017-07-31T11:15:52","guid":{"rendered":"https:\/\/www.editorialelpirata.com\/?post_type=product&#038;p=100230"},"modified":"2025-03-27T10:54:02","modified_gmt":"2025-03-27T10:54:02","slug":"drac-pasqual-descobreix-africa-llibres-5-anys","status":"publish","type":"product","link":"https:\/\/www.editorialelpirata.com\/ca\/Producte\/drac-pasqual-descobreix-africa-llibres-5-anys\/","title":{"rendered":"EL DRAC PASQUAL DESCOBREIX L&#8217;\u00c0FRICA"},"content":{"rendered":"<div class=\"wpb-content-wrapper\"><p>[vc_row][vc_column][vc_column_text uncode_shortcode_id=&#8221;120702&#8243;]<\/p>\n<h2>Descubre \u00c1frica acompa\u00f1ado de un drag\u00f3n muy especial<\/h2>\n<p>\u00a1El <strong>drag\u00f3n Pascual<\/strong> viaja a <strong>\u00c1frica<\/strong>! \u00a1Y lo har\u00e1 acompa\u00f1ado de la dragoncita Xipu!<br \/>\nVer\u00e1 elefantes, jirafas y ayudar\u00e1 a sus nuevos amigos mas\u00e1is a conseguir que llueva.<\/p>\n<p>Este es el <b>tercer <\/b>t\u00edtulo de la colecci\u00f3n <em>Pascual el drag\u00f3n descubre el mundo<\/em>, en letra <strong>ligada o manuscrita<\/strong>.<\/p>\n<p>Se recomienda para explicar a partir de<strong> 2 a\u00f1os<\/strong> o bien como libro para leer a partir de <strong>5 o 6 a\u00f1os.<\/strong>[\/vc_column_text][vc_column_text uncode_shortcode_id=&#8221;675396&#8243;]<\/p>\n<hr \/>\n<h3>Echa un vistazo al interior:<\/h3>\n<p>[\/vc_column_text][\/vc_column][\/vc_row][vc_row][vc_column width=&#8221;1\/4&#8243;][\/vc_column][vc_column width=&#8221;1\/2&#8243;][vc_raw_html]JTNDaWZyYW1lJTIwd2lkdGglM0QlMjI2MjBweCUyMiUyMGhlaWdodCUzRCUyMjQwMHB4JTIyJTIwc3JjJTNEJTIyaHR0cHMlM0ElMkYlMkZ3d3cueXVtcHUuY29tJTJGZXMlMkZlbWJlZCUyRnZpZXclMkZVSlNnTG41UmhCRVZOelF3JTIyJTIwZnJhbWVib3JkZXIlM0QlMjIwJTIyJTIwYWxsb3dmdWxsc2NyZWVuJTNEJTIydHJ1ZSUyMiUyMCUyMGFsbG93dHJhbnNwYXJlbmN5JTNEJTIydHJ1ZSUyMiUzRSUzQyUyRmlmcmFtZSUzRQ==[\/vc_raw_html][\/vc_column][vc_column width=&#8221;1\/4&#8243;][\/vc_column][\/vc_row][vc_row][vc_column width=&#8221;1\/1&#8243;][vc_separator sep_color=&#8221;,Default&#8221;][\/vc_column][\/vc_row][vc_row][vc_column width=&#8221;1\/4&#8243;][\/vc_column][vc_column width=&#8221;1\/2&#8243;][vc_button button_color=&#8221;color-210407&#8243; size=&#8221;btn-lg&#8221; border_width=&#8221;0&#8243; link=&#8221;url:https%3A%2F%2Fwww.editorialelpirata.com%2Fca%2Fdrac-pasqual-descobreix-el-mon%2F|title:Colecci%C3%B3n%20Pascual%20el%20drag%C3%B3n%20descubre%20el%20mundo|target:_blank|&#8221; button_color_type=&#8221;uncode-palette&#8221; uncode_shortcode_id=&#8221;101678&#8243;]DESCUBRE TODA LA COLECCI\u00d3N DE PASCUAL EL DRAG\u00d3N[\/vc_button][\/vc_column][vc_column width=&#8221;1\/4&#8243;][\/vc_column][\/vc_row][vc_row][vc_column width=&#8221;1\/6&#8243;][\/vc_column][vc_column width=&#8221;2\/3&#8243;][vc_column_text uncode_shortcode_id=&#8221;187605&#8243;]<\/p>\n<p><iframe title=\"PASCUAL EL DRAG\u00d3N DESCUBRE EL MUNDO - Libros infantiles\" width=\"840\" height=\"473\" src=\"https:\/\/www.youtube.com\/embed\/KT2JbY0JWMY?feature=oembed&#038;width=840&#038;height=1000&#038;discover=1\" frameborder=\"0\" allow=\"accelerometer; autoplay; clipboard-write; encrypted-media; gyroscope; picture-in-picture; web-share\" referrerpolicy=\"strict-origin-when-cross-origin\" allowfullscreen><\/iframe><\/p>\n<p>[\/vc_column_text][\/vc_column][vc_column width=&#8221;1\/6&#8243;][\/vc_column][\/vc_row][vc_row][vc_column width=&#8221;1\/1&#8243;][vc_column_text uncode_shortcode_id=&#8221;233853&#8243;]<\/p>\n<h2><\/h2>\n<hr \/>\n<h2><strong>Cr\u00edticas:<\/strong><\/h2>\n<blockquote><p><strong><a href=\"http:\/\/literatil.com\/2017\/03\/28\/pascual-dragon-descubre-mundo\/\" target=\"_blank\" rel=\"noopener\">Literatil<\/a><\/strong>\u00a0\u2013 \u201cLos relatos son convincentes. Son todos coherentes. Son todos coincidentes. Descripciones similares dibujan un mismo monstruo. Descripciones similares perfilan una misma personalidad. As\u00ed pues, parece real. \u00a1Un drag\u00f3n! Un drag\u00f3n nos ha venido a visitar.\u201d<\/p>\n<p><strong><a href=\"http:\/\/espacioderoli.blogspot.com\/2017\/03\/pascual-el-dragon-descubre-resena.html\" target=\"_blank\" rel=\"noopener\">Espacio de Roli<\/a><\/strong>\u00a0\u2013 \u201cEn algunas partes de la historia se pedir\u00e1 al lector que responda a preguntas o cumpla retos lo cual crea una conexi\u00f3n especial con \u00e9l. Esta interacci\u00f3n ayuda a mantenerse motivado y con ganas de aprender.\u201d<\/p>\n<p><strong>Educadiver<\/strong>\u00a0\u2013 \u201c<span class=\"s1\">Max Olivetti nos muestra con Pascual un ni\u00f1o drag\u00f3n, con lenguaje de ni\u00f1o, preguntas de ni\u00f1o y vivencias de ni\u00f1o, esto ayuda a los primeros lectores en la comprensi\u00f3n del texto, puesto que Pascual cuenta sus aventuras tal y como lo har\u00eda el amigo del pupitre de al lado.\u201d<\/span><\/p>\n<p><a href=\"http:\/\/crianzaconapegoyliteratura.blogspot.com.es\/2017\/04\/pascual-el-dragon-descubre-el-mundo.html\" target=\"_blank\" rel=\"noopener\"><strong>Crianza con apego<\/strong><\/a>\u00a0\u2013 \u201cEl protagonista le habla directamente a los lectores, les invita a participar (cantando o dibujando) y, en ocasiones, incluso les pone algunas preguntas.\u201d<\/p>\n<p><a href=\"http:\/\/pekeleke.es\/libros\/pascual-el-dragon-descubre-la-antartida\/\" target=\"_blank\" rel=\"noopener\"><strong>Pekeleke<\/strong><\/a>\u00a0\u2013 \u201cSin duda,\u00a0<strong>Pascual el Drag\u00f3n descubre\u2026 es una\u00a0colecci\u00f3n muy completa<\/strong>: entretenida, con buenos valores, educativa e interactiva.\u201d<\/p>\n<p><strong>Comentario en Amazon<\/strong>\u00a0\u2013 \u201c<span class=\"a-size-base review-text\" data-hook=\"review-body\">Est\u00e1n emocionados con el libro. Ideal para captar la atenci\u00f3n de los peques que empiezan a leer pues les animan a ser participes del cuento ;)\u201d<\/span><\/p><\/blockquote>\n<p>[\/vc_column_text][\/vc_column][\/vc_row][vc_row][vc_column width=&#8221;1\/1&#8243;][vc_column_text uncode_shortcode_id=&#8221;183517&#8243;]<\/p>\n<div>\n<div>\n<hr \/>\n<p>Con el apoyo del Departament de Cultura.<\/p>\n<\/div>\n<\/div>\n<div><a href=\"https:\/\/www.editorialelpirata.com\/wp-content\/uploads\/2021\/06\/cultura_bn_h3.jpg\"><img decoding=\"async\" class=\"alignnone wp-image-90447\" src=\"https:\/\/www.editorialelpirata.com\/wp-content\/uploads\/2021\/06\/cultura_bn_h3.jpg\" alt=\"\" width=\"201\" height=\"46\" title=\"\" srcset=\"https:\/\/www.editorialelpirata.com\/wp-content\/uploads\/2021\/06\/cultura_bn_h3.jpg 454w, https:\/\/www.editorialelpirata.com\/wp-content\/uploads\/2021\/06\/cultura_bn_h3-300x69.jpg 300w, https:\/\/www.editorialelpirata.com\/wp-content\/uploads\/2021\/06\/cultura_bn_h3-64x15.jpg 64w\" sizes=\"(max-width: 201px) 100vw, 201px\" \/><\/a><\/div>\n<p>[\/vc_column_text][\/vc_column][\/vc_row]<\/p>\n<\/div>","protected":false},"excerpt":{"rendered":"<h3><strong>Coneix el drac m\u00e9s simp\u00e0tic en aquesta col\u00b7lecci\u00f3 en lletra lligada<\/strong><\/h3>\n<p>Viatja per tots els continents del m\u00f3n amb en Pasqual, el petit drac. <strong>Tercer<\/strong> t\u00edtol de la col\u00b7lecci\u00f3.<\/p>\n<p>&nbsp;<\/p>\n<p>Autor: Max Olivetti<\/p>\n<p>Il\u00b7lustrador: Quim Bou<\/p>\n","protected":false},"featured_media":102861,"template":"","meta":[],"product_brand":[],"product_cat":[2354,2117,2123,2127,2132,2333,2342,2343,2344,2345],"product_tag":[2800,3028,3029,3032,3033,3038,3040,3041,3042],"class_list":{"0":"post-100230","1":"product","2":"type-product","3":"status-publish","4":"has-post-thumbnail","6":"product_cat-novetats","7":"product_cat-llibres-per-6-anys","8":"product_cat-tots-els-llibres","9":"product_cat-bernat-cusso-grau-escriptors","10":"product_cat-quim-bou-illustradors","11":"product_cat-llibres-per-a-explicar","12":"product_cat-el-drac-pasqual-descobreix-el-mon","13":"product_cat-lletra-lligada","14":"product_cat-llibres-de-3-a-6-anys","15":"product_cat-max-olivetti-escriptors","16":"product_tag-llibres-nens-ca","17":"product_tag-continents-ca","18":"product_tag-dracs-ca","19":"product_tag-lletra-lligada-ca","20":"product_tag-llibres-6-anys-ca","21":"product_tag-llibres-5-anys-ca","22":"product_tag-contes-explicar-ca","23":"product_tag-el-drac-pasqual-ca","24":"product_tag-africa-ca","26":"first","27":"instock","28":"shipping-taxable","29":"purchasable","30":"product-type-variable","31":"has-default-attributes"},"_links":{"self":[{"href":"https:\/\/www.editorialelpirata.com\/ca\/wp-json\/wp\/v2\/product\/100230","targetHints":{"allow":["GET"]}}],"collection":[{"href":"https:\/\/www.editorialelpirata.com\/ca\/wp-json\/wp\/v2\/product"}],"about":[{"href":"https:\/\/www.editorialelpirata.com\/ca\/wp-json\/wp\/v2\/types\/product"}],"wp:featuredmedia":[{"embeddable":true,"href":"https:\/\/www.editorialelpirata.com\/ca\/wp-json\/wp\/v2\/media\/102861"}],"wp:attachment":[{"href":"https:\/\/www.editorialelpirata.com\/ca\/wp-json\/wp\/v2\/media?parent=100230"}],"wp:term":[{"taxonomy":"product_brand","embeddable":true,"href":"https:\/\/www.editorialelpirata.com\/ca\/wp-json\/wp\/v2\/product_brand?post=100230"},{"taxonomy":"product_cat","embeddable":true,"href":"https:\/\/www.editorialelpirata.com\/ca\/wp-json\/wp\/v2\/product_cat?post=100230"},{"taxonomy":"product_tag","embeddable":true,"href":"https:\/\/www.editorialelpirata.com\/ca\/wp-json\/wp\/v2\/product_tag?post=100230"}],"curies":[{"name":"wp","href":"https:\/\/api.w.org\/{rel}","templated":true}]}}