{"id":100222,"date":"2020-01-23T11:08:03","date_gmt":"2020-01-23T11:08:03","guid":{"rendered":"https:\/\/www.editorialelpirata.com\/?post_type=product&#038;p=100222"},"modified":"2025-10-31T09:26:52","modified_gmt":"2025-10-31T09:26:52","slug":"drac-pasqual-descobreix-oceania-llibres-6-anys","status":"publish","type":"product","link":"https:\/\/www.editorialelpirata.com\/ca\/Producte\/drac-pasqual-descobreix-oceania-llibres-6-anys\/","title":{"rendered":"EL DRAC PASQUAL DESCOBREIX OCEANIA"},"content":{"rendered":"<div class=\"wpb-content-wrapper\"><p>[vc_row][vc_column][vc_column_text uncode_shortcode_id=&#8221;121016&#8243;]<\/p>\n<h1>Descobreix Oceania acompanyat d&#8217;un drac molt especial<\/h1>\n<p>El drac Pasqual viatja a <strong>Oceania<\/strong> i descobreix com ajudar a salvar el planeta Terra. Amb l\u2019ajuda d\u2019un munt d\u2019animals i altres amics, aconsegueix solucionar el <strong>problema amb el pl\u00e0stic<\/strong> i convertir la Terra en un lloc m\u00e9s sostenible.<\/p>\n<p>&nbsp;<\/p>\n<h2>\u00c9s un llibre interactiu que fa participar els lectors<\/h2>\n<p>Aquest \u00e9s el sis\u00e9 t\u00edtol de la col\u00b7lecci\u00f3 \u00ab<em><strong>El drac Pasqual descobreix el m\u00f3n<\/strong><\/em>\u00bb, en <strong>lletra lligada<\/strong>. Es recomana per explicar a nens a partir de 3 anys o b\u00e9 com a llibre per a llegir a partir de <strong>6 anys<\/strong>.<\/p>\n<p>&nbsp;<\/p>\n<h2>Consci\u00e8ncia sobre els problemes clim\u00e0tics<\/h2>\n<p>[\/vc_column_text][\/vc_column][\/vc_row][vc_row][vc_column width=&#8221;1\/1&#8243;][vc_separator sep_color=&#8221;,Default&#8221;][\/vc_column][\/vc_row][vc_row][vc_column width=&#8221;1\/4&#8243;][\/vc_column][vc_column width=&#8221;1\/2&#8243;][vc_button button_color=&#8221;color-210407&#8243; size=&#8221;btn-lg&#8221; border_width=&#8221;0&#8243; link=&#8221;url:https%3A%2F%2Fwww.editorialelpirata.com%2Fca%2Fproducto%2Flot-de-6-contes-en-lletra-lligada-per-a-nens%2F|title:Col%C2%B7lecci%C3%B3%20El%20drac%20Pasqual%20descobreix%20el%20m%C3%B3n|target:_blank&#8221; button_color_type=&#8221;uncode-palette&#8221; uncode_shortcode_id=&#8221;186070&#8243;]DESCOBREIX TOTA LA COL\u00b7LECCI\u00d3 DEL DRAC PASQUAL[\/vc_button][\/vc_column][vc_column width=&#8221;1\/4&#8243;][\/vc_column][\/vc_row][vc_row][vc_column width=&#8221;1\/6&#8243;][\/vc_column][vc_column width=&#8221;2\/3&#8243;][vc_column_text uncode_shortcode_id=&#8221;173069&#8243;]<\/p>\n<p><iframe title=\"Llibres infantils - Col\u00b7lecci\u00f3 EL DRAC PASQUAL DESCOBREIX EL M\u00d3N\" width=\"840\" height=\"473\" src=\"https:\/\/www.youtube.com\/embed\/LtuqUpnF5fI?feature=oembed&#038;width=840&#038;height=1000&#038;discover=1\" frameborder=\"0\" allow=\"accelerometer; autoplay; clipboard-write; encrypted-media; gyroscope; picture-in-picture; web-share\" referrerpolicy=\"strict-origin-when-cross-origin\" allowfullscreen><\/iframe><\/p>\n<p>[\/vc_column_text][\/vc_column][vc_column width=&#8221;1\/6&#8243;][\/vc_column][\/vc_row][vc_row][vc_column width=&#8221;1\/1&#8243;][vc_column_text uncode_shortcode_id=&#8221;302125&#8243;]<\/p>\n<hr \/>\n<h3><strong>Cr\u00edtiques de la col\u00b7lecci\u00f3<\/strong><\/h3>\n<p><strong><a href=\"https:\/\/milibroymicafe.wordpress.com\/2017\/12\/12\/3999\/\" target=\"_blank\" rel=\"noopener\">Mi libro y mi caf\u00e9<\/a>:<\/strong>\u00a0\u201cLe pongo 5 estrellas, porque es un libro ideal para los m\u00e1s peque\u00f1os, que se divierten y entretienen much\u00edsimo, y adem\u00e1s ideal para los padres, ya que ense\u00f1a a nuestros hijos valores como ayudar a los dem\u00e1s, la\u00a0 importancia de la amistad y el compa\u00f1erismo.\u201d<\/p>\n<p><strong><a href=\"http:\/\/literatil.com\/2017\/03\/28\/pascual-dragon-descubre-mundo\/\" target=\"_blank\" rel=\"noopener\">Literatil<\/a><\/strong>\u00a0\u2013 \u201cLos relatos son convincentes. Son todos coherentes. Son todos coincidentes. Descripciones similares dibujan un mismo monstruo. Descripciones similares perfilan una misma personalidad. As\u00ed pues, parece real. \u00a1Un drag\u00f3n! Un drag\u00f3n nos ha venido a visitar.\u201d<\/p>\n<p><strong><a href=\"http:\/\/espacioderoli.blogspot.com.es\/2017\/03\/pascual-el-dragon-descubre-resena.html\" target=\"_blank\" rel=\"noopener\">Espacio de Roli<\/a>\u00a0<\/strong>\u2013 \u201cEn algunas partes de la historia se pedir\u00e1 al lector que responda a preguntas o cumpla retos lo cual crea una conexi\u00f3n especial con \u00e9l. Esta interacci\u00f3n ayuda a mantenerse motivado y con ganas de aprender.\u201d<\/p>\n<p><strong><a href=\"http:\/\/www.educadiver.es\/libros-descubrir-pascual-dragon\/\" target=\"_blank\" rel=\"noopener\">Educadiver<\/a><\/strong>\u00a0\u2013 \u201c<span class=\"s1\">Max Olivetti nos muestra con Pascual un ni\u00f1o drag\u00f3n, con lenguaje de ni\u00f1o, preguntas de ni\u00f1o y vivencias de ni\u00f1o, esto ayuda a los primeros lectores en la comprensi\u00f3n del texto, puesto que Pascual cuenta sus aventuras tal y como lo har\u00eda el amigo del pupitre de al lado.\u201d<\/span><\/p>\n<p><strong><a href=\"http:\/\/crianzaconapegoyliteratura.blogspot.com.es\/2017\/04\/pascual-el-dragon-descubre-el-mundo.html\" target=\"_blank\" rel=\"noopener\">Crianza con apego<\/a><\/strong>\u00a0\u2013 \u201cEl protagonista le habla directamente a los lectores, les invita a participar (cantando o dibujando) y, en ocasiones, incluso les pone algunas preguntas.\u201d<\/p>\n<p><strong><a href=\"http:\/\/pekeleke.es\/libros\/pascual-el-dragon-descubre-la-antartida\/\" target=\"_blank\" rel=\"noopener\">Pekeleke<\/a><\/strong>\u00a0\u2013 \u201cSin duda,\u00a0<strong>Pascual el Drag\u00f3n descubre\u2026 es una\u00a0colecci\u00f3n muy completa<\/strong>: entretenida, con buenos valores, educativa e interactiva.\u201d<\/p>\n<p><a href=\"https:\/\/m.facebook.com\/miscuentosinfantilees\/photos\/a.1394516250597719.1073741829.941176192598396\/1478715458844464\/?type=3&amp;source=54\" target=\"_blank\" rel=\"noopener\"><strong>Mis cuentos infantiles<\/strong><\/a>\u00a0\u2013 \u201cEstamos ante un libro que inculca valores tan bonitos como la ayuda, la aceptaci\u00f3n de las diferencias, la amistad\u2026 Adem\u00e1s favorece el gusto por la geograf\u00eda. \u00bfQu\u00e9 m\u00e1s se puede pedir? \u00a1Es genial!\u201d[\/vc_column_text][\/vc_column][\/vc_row][vc_row][vc_column width=&#8221;1\/1&#8243;][vc_column_text uncode_shortcode_id=&#8221;398854&#8243;]Amb el suport de:<\/p>\n<p><a href=\"https:\/\/www.editorialelpirata.com\/wp-content\/uploads\/2024\/11\/Logo-icec.jpg\"><img decoding=\"async\" class=\"alignnone size-medium wp-image-100854\" src=\"https:\/\/www.editorialelpirata.com\/wp-content\/uploads\/2024\/11\/Logo-icec-300x45.jpg\" alt=\"Logo icec complert\" width=\"300\" height=\"45\" title=\"\"><\/a>[\/vc_column_text][\/vc_column][\/vc_row]<\/p>\n<\/div>","protected":false},"excerpt":{"rendered":"<h1>Descobreix Oceania acompanyat d\u2019un drac molt especial<\/h1>\n<p>El drac Pasqual viatja a\u00a0<strong>Oceania<\/strong>\u00a0i descobreix com ajudar a salvar el planeta Terra. Amb l\u2019ajuda d\u2019un munt d\u2019animals i altres amics, aconsegueix solucionar el\u00a0<strong>problema amb el pl\u00e0stic<\/strong>\u00a0i convertir la Terra en un lloc m\u00e9s sostenible.<\/p>\n<p>&nbsp;<\/p>\n<h3>\u00c9s un llibre interactiu que fa participar els lectors<\/h3>\n<p>Aquest \u00e9s el sis\u00e9 t\u00edtol de la col\u00b7lecci\u00f3 \u00ab<em><strong><a class=\"cursor-init\" href=\"https:\/\/www.editorialelpirata.com\/ca\/coleccio-el-drac-pasqual-descobreix-el-mon\/\">El drac Pasqual descobreix el m\u00f3n<\/a><\/strong><\/em>\u00bb, en\u00a0<strong>lletra lligada<\/strong>. Es recomana per explicar a nens a partir de 3 anys o b\u00e9 com a llibre per a llegir a partir de\u00a0<strong>6 anys<\/strong>.<\/p>\n<p>&nbsp;<\/p>\n<p>Autor: Max Olivetti<\/p>\n","protected":false},"featured_media":102650,"template":"","meta":[],"product_brand":[],"product_cat":[2117,2123,2132,2333,2342,2344,2345],"product_tag":[2984,3028,3029,3033,3036,3037,3038,3157,2881],"class_list":{"0":"post-100222","1":"product","2":"type-product","3":"status-publish","4":"has-post-thumbnail","6":"product_cat-llibres-per-6-anys","7":"product_cat-tots-els-llibres","8":"product_cat-quim-bou-illustradors","9":"product_cat-llibres-per-a-explicar","10":"product_cat-el-drac-pasqual-descobreix-el-mon","11":"product_cat-llibres-de-3-a-6-anys","12":"product_cat-max-olivetti-escriptors","13":"product_tag-contes-nens-ca","14":"product_tag-continents-ca","15":"product_tag-dracs-ca","16":"product_tag-llibres-6-anys-ca","17":"product_tag-ecologisme-ca","18":"product_tag-geografia-ca","19":"product_tag-llibres-5-anys-ca","20":"product_tag-llibres-nens-ca-2","21":"product_tag-contes-infantils-ca","23":"first","24":"instock","25":"shipping-taxable","26":"purchasable","27":"product-type-variable","28":"has-default-attributes"},"_links":{"self":[{"href":"https:\/\/www.editorialelpirata.com\/ca\/wp-json\/wp\/v2\/product\/100222","targetHints":{"allow":["GET"]}}],"collection":[{"href":"https:\/\/www.editorialelpirata.com\/ca\/wp-json\/wp\/v2\/product"}],"about":[{"href":"https:\/\/www.editorialelpirata.com\/ca\/wp-json\/wp\/v2\/types\/product"}],"wp:featuredmedia":[{"embeddable":true,"href":"https:\/\/www.editorialelpirata.com\/ca\/wp-json\/wp\/v2\/media\/102650"}],"wp:attachment":[{"href":"https:\/\/www.editorialelpirata.com\/ca\/wp-json\/wp\/v2\/media?parent=100222"}],"wp:term":[{"taxonomy":"product_brand","embeddable":true,"href":"https:\/\/www.editorialelpirata.com\/ca\/wp-json\/wp\/v2\/product_brand?post=100222"},{"taxonomy":"product_cat","embeddable":true,"href":"https:\/\/www.editorialelpirata.com\/ca\/wp-json\/wp\/v2\/product_cat?post=100222"},{"taxonomy":"product_tag","embeddable":true,"href":"https:\/\/www.editorialelpirata.com\/ca\/wp-json\/wp\/v2\/product_tag?post=100222"}],"curies":[{"name":"wp","href":"https:\/\/api.w.org\/{rel}","templated":true}]}}