{"id":100122,"date":"2019-07-08T09:12:10","date_gmt":"2019-07-08T14:42:36","guid":{"rendered":"https:\/\/www.editorialelpirata.com\/?post_type=product&#038;p=100122"},"modified":"2025-05-16T11:50:43","modified_gmt":"2025-05-16T11:50:43","slug":"cuquedo-busca-amor-faci-por-contes-nens-humor","status":"publish","type":"product","link":"https:\/\/www.editorialelpirata.com\/ca\/Producte\/cuquedo-busca-amor-faci-por-contes-nens-humor\/","title":{"rendered":"EL CUQUEDO BUSCA UN AMOR QUE FACI POR"},"content":{"rendered":"<div class=\"wpb-content-wrapper\"><p>[vc_row][vc_column][vc_column_text uncode_shortcode_id=&#8221;210745&#8243;]<\/p>\n<h1>Recordeu en Cuquedo? Ara vol trobar una parella i poder espantar conjuntament<\/h1>\n<p>Aix\u00ed que decideix preguntar als diferents animals de la selva si es volen casar amb ell.<\/p>\n<p>Per\u00f2 compte!, nom\u00e9s podr\u00e0 ser la seva parella, qui s\u00e0piga <strong>espantar de veritat!<\/strong><\/p>\n<p>&nbsp;<\/p>\n<p><em>El Cuquedo busca un amor que faci por<\/em> \u00e9s un llibre divertit, que podem utilitzar per a llegir a infants de m\u00e9s de 2 anys perqu\u00e8 coneguin animals i aprenguin a no tenir por.<\/p>\n<p>Despr\u00e9s de l\u2019\u00e8xit del llibre <strong><em>El Cuquedo<\/em><\/strong>, seleccionat com a llibre del Pla Nacional de Lectura de Portugal, Clara Cunha escriu una nova hist\u00f2ria del Cuquedo utilitzant novament el recurs de la repetici\u00f3 de part del text per aconseguir que els infants intueixin qu\u00e8 passar\u00e0 a continuaci\u00f3 i participin de la hist\u00f2ria.<\/p>\n<p>&nbsp;<\/p>\n<h1>Amb un desplegable a l&#8217;interior!<\/h1>\n<p>[\/vc_column_text][\/vc_column][\/vc_row][vc_row][vc_column column_width_percent=&#8221;100&#8243; align_horizontal=&#8221;align_center&#8221; gutter_size=&#8221;3&#8243; overlay_alpha=&#8221;50&#8243; shift_x=&#8221;0&#8243; shift_y=&#8221;0&#8243; shift_y_down=&#8221;0&#8243; z_index=&#8221;0&#8243; medium_width=&#8221;0&#8243; mobile_width=&#8221;0&#8243; width=&#8221;1\/1&#8243; uncode_shortcode_id=&#8221;132965&#8243;][vc_raw_html]JTNDaWZyYW1lJTIwd2lkdGglM0QlMjI2MjBweCUyMiUyMGhlaWdodCUzRCUyMjQwMHB4JTIyJTIwc3JjJTNEJTIyaHR0cHMlM0ElMkYlMkZ3d3cueXVtcHUuY29tJTJGeHglMkZlbWJlZCUyRnZpZXclMkZObndwMWtWSHpnUXUybERlJTIyJTIwZnJhbWVib3JkZXIlM0QlMjIwJTIyJTIwYWxsb3dmdWxsc2NyZWVuJTNEJTIydHJ1ZSUyMiUyMCUyMGFsbG93dHJhbnNwYXJlbmN5JTNEJTIydHJ1ZSUyMiUzRSUzQyUyRmlmcmFtZSUzRQ==[\/vc_raw_html][\/vc_column][\/vc_row]<\/p>\n<\/div>","protected":false},"excerpt":{"rendered":"<h3>El Cuquedo vol trobar una parella i poder espantar conjuntament<\/h3>\n<p>Arriba la segona part de l&#8217;\u00e8xit <em><strong>El Cuquedo<\/strong><\/em>, amb un nou \u00e0lbum il\u00b7lustrat a m\u00e0, ple d&#8217;animals i de riures.<\/p>\n<p>&nbsp;<\/p>\n<p>Autora: Clara Cunha<\/p>\n<p>Il\u00b7lustrador: <a href=\"https:\/\/www.edicionsdelpirata.cat\/paulo-galindro\/\" target=\"_blank\" rel=\"noopener noreferrer\">Paulo Galindro<\/a><\/p>\n","protected":false},"featured_media":102060,"template":"","meta":[],"product_brand":[],"product_cat":[15],"product_tag":[],"class_list":{"0":"post-100122","1":"product","2":"type-product","3":"status-publish","4":"has-post-thumbnail","6":"product_cat-uncategorized","7":"product_shipping_class-envio-estandar-ca","9":"first","10":"instock","11":"shipping-taxable","12":"purchasable","13":"product-type-variable","14":"has-default-attributes"},"_links":{"self":[{"href":"https:\/\/www.editorialelpirata.com\/ca\/wp-json\/wp\/v2\/product\/100122","targetHints":{"allow":["GET"]}}],"collection":[{"href":"https:\/\/www.editorialelpirata.com\/ca\/wp-json\/wp\/v2\/product"}],"about":[{"href":"https:\/\/www.editorialelpirata.com\/ca\/wp-json\/wp\/v2\/types\/product"}],"wp:featuredmedia":[{"embeddable":true,"href":"https:\/\/www.editorialelpirata.com\/ca\/wp-json\/wp\/v2\/media\/102060"}],"wp:attachment":[{"href":"https:\/\/www.editorialelpirata.com\/ca\/wp-json\/wp\/v2\/media?parent=100122"}],"wp:term":[{"taxonomy":"product_brand","embeddable":true,"href":"https:\/\/www.editorialelpirata.com\/ca\/wp-json\/wp\/v2\/product_brand?post=100122"},{"taxonomy":"product_cat","embeddable":true,"href":"https:\/\/www.editorialelpirata.com\/ca\/wp-json\/wp\/v2\/product_cat?post=100122"},{"taxonomy":"product_tag","embeddable":true,"href":"https:\/\/www.editorialelpirata.com\/ca\/wp-json\/wp\/v2\/product_tag?post=100122"}],"curies":[{"name":"wp","href":"https:\/\/api.w.org\/{rel}","templated":true}]}}