{"id":100119,"date":"2021-06-01T14:33:05","date_gmt":"2021-06-01T14:33:05","guid":{"rendered":"https:\/\/www.editorialelpirata.com\/?post_type=product&#038;p=100119"},"modified":"2025-05-16T10:34:19","modified_gmt":"2025-05-16T10:34:19","slug":"petit-un-gra-de-sorra-eixerit","status":"publish","type":"product","link":"https:\/\/www.editorialelpirata.com\/ca\/Producte\/petit-un-gra-de-sorra-eixerit\/","title":{"rendered":"PETIT, UN GRA DE SORRA EIXERIT"},"content":{"rendered":"<div class=\"wpb-content-wrapper\"><p>[vc_row][vc_column][vc_column_text uncode_shortcode_id=&#8221;131475&#8243;]<\/p>\n<h1>Un llibre ideal per aprendre a llegir en lletra de pal i lligada<\/h1>\n<p>&#8220;<strong>Petit, un gra de sorra eixerit<\/strong>&#8220;, \u00e9s un llibre de la col\u00b7lecci\u00f3 &#8220;<strong>Plou i Fa Sol<\/strong>&#8220;.<\/p>\n<p>Explica les aventures que es pot trobar un granet de sorra de la platja.<\/p>\n<p><strong>El text est\u00e0 tant en lletra de pal com en lletra lligada. <\/strong><\/p>\n<p>L&#8217;objectiu \u00e9s ajudar a l&#8217;aprenentatge d&#8217;ambd\u00f3s estils de lletra a la vegada que es passa una bona estona.[\/vc_column_text][\/vc_column][\/vc_row][vc_row][vc_column column_width_percent=&#8221;100&#8243; align_horizontal=&#8221;align_center&#8221; gutter_size=&#8221;3&#8243; overlay_alpha=&#8221;50&#8243; shift_x=&#8221;0&#8243; shift_y_down=&#8221;0&#8243; z_index=&#8221;0&#8243; medium_width=&#8221;0&#8243; mobile_width=&#8221;0&#8243; width=&#8221;1\/1&#8243; uncode_shortcode_id=&#8221;448713&#8243;][vc_raw_html]JTNDaWZyYW1lJTIwd2lkdGglM0QlMjI2MjBweCUyMiUyMGhlaWdodCUzRCUyMjQwMHB4JTIyJTIwc3JjJTNEJTIyaHR0cHMlM0ElMkYlMkZ3d3cueXVtcHUuY29tJTJGeHglMkZlbWJlZCUyRnZpZXclMkZ6TlZxSkVLUzN4aGxRd2JvJTIyJTIwZnJhbWVib3JkZXIlM0QlMjIwJTIyJTIwYWxsb3dmdWxsc2NyZWVuJTNEJTIydHJ1ZSUyMiUyMCUyMGFsbG93dHJhbnNwYXJlbmN5JTNEJTIydHJ1ZSUyMiUzRSUzQyUyRmlmcmFtZSUzRQ==[\/vc_raw_html][\/vc_column][\/vc_row][vc_row][vc_column width=&#8221;1\/1&#8243;][vc_column_text uncode_shortcode_id=&#8221;250866&#8243;]<\/p>\n<p><iframe title=\"Apr\u00e8n a llegir amb la COL\u00b7LECCI\u00d3 PLOU I FA SOL\" width=\"840\" height=\"473\" src=\"https:\/\/www.youtube.com\/embed\/490ifwt9dqk?feature=oembed&#038;enablejsapi=1&#038;origin=https:\/\/www.editorialelpirata.com&#038;width=840&#038;height=1000&#038;discover=1\" frameborder=\"0\" allow=\"accelerometer; autoplay; clipboard-write; encrypted-media; gyroscope; picture-in-picture; web-share\" referrerpolicy=\"strict-origin-when-cross-origin\" allowfullscreen><\/iframe><\/p>\n<h3><a href=\"https:\/\/www.editorialelpirata.com\/ca\/llibres-6-anys-lletra-lligada\/\" target=\"_blank\" rel=\"noopener noreferrer\"><b>Disponible tamb\u00e9 en castell\u00e0 en la combinaci\u00f3 de lletra de pal i imprenta<\/b><\/a><\/h3>\n<hr \/>\n<h2>Ara pots aconseguir els nou t\u00edtols amb una <a href=\"https:\/\/www.editorialelpirata.com\/ca\/Producte\/aprendre-a-llegir-lletra-pal-lligada\/\" target=\"_blank\" rel=\"noopener\">motxilla<\/a> de regal<\/h2>\n<p><iframe title=\"Col\u00b7lecci\u00f3 APR\u00c8N A LLEGIR - Amb MOTXILLA de regal!\" width=\"840\" height=\"473\" src=\"https:\/\/www.youtube.com\/embed\/-GCMA-nAl9U?feature=oembed&#038;enablejsapi=1&#038;origin=https:\/\/www.editorialelpirata.com&#038;width=840&#038;height=1000&#038;discover=1\" frameborder=\"0\" allow=\"accelerometer; autoplay; clipboard-write; encrypted-media; gyroscope; picture-in-picture; web-share\" referrerpolicy=\"strict-origin-when-cross-origin\" allowfullscreen><\/iframe><\/p>\n<p>[\/vc_column_text][\/vc_column][\/vc_row][vc_row][vc_column][vc_column_text uncode_shortcode_id=&#8221;474873&#8243;]<\/p>\n<hr \/>\n<p>Amb el suport de:<\/p>\n<p><a href=\"https:\/\/www.editorialelpirata.com\/wp-content\/uploads\/2024\/11\/Logo-icec.jpg\"><img decoding=\"async\" class=\"alignnone size-medium wp-image-100854\" src=\"https:\/\/www.editorialelpirata.com\/wp-content\/uploads\/2024\/11\/Logo-icec-300x45.jpg\" alt=\"Logo icec complert\" width=\"300\" height=\"45\" title=\"\"><\/a>[\/vc_column_text][\/vc_column][\/vc_row]<\/p>\n<\/div>","protected":false},"excerpt":{"rendered":"<h3>Descobreix en Petit i apr\u00e8n a llegir<\/h3>\n<p>En Petit \u00e9s un gra de sorra com els que podem trobar a qualsevol platja. T\u00e9 un munt d&#8217;amics, crancs, petxines i cargolins i, quan es cansa de la sorra, s&#8217;agafa ben fort al peu d&#8217;un banyista i se&#8217;n va a veure m\u00f3n. A vegades, tamb\u00e9 fa el trapella i embruta les tovalloles&#8230;<\/p>\n<p>&nbsp;<\/p>\n<p>Autora: N\u00faria Cuss\u00f3<\/p>\n<p>Il\u00b7lustadora: <a href=\"https:\/\/www.edicionsdelpirata.cat\/anna-clariana\/\" target=\"_blank\" rel=\"noopener noreferrer\">Anna Clariana<\/a><\/p>\n","protected":false},"featured_media":98742,"template":"","meta":[],"product_brand":[],"product_cat":[2117,2118,2122,2123],"product_tag":[2131,2799,2831,2880,2984,3038,3157,2124],"class_list":{"0":"post-100119","1":"product","2":"type-product","3":"status-publish","4":"has-post-thumbnail","6":"product_cat-llibres-per-6-anys","7":"product_cat-aprendre-a-llegir","8":"product_cat-nuria-cusso-escriptors","9":"product_cat-tots-els-llibres","10":"product_tag-plou-i-fa-sol","11":"product_tag-llibres-infantils-ca","12":"product_tag-contes-divertits-ca","13":"product_tag-aprendre-a-llegir-ca","14":"product_tag-contes-nens-ca","15":"product_tag-llibres-5-anys-ca","16":"product_tag-llibres-nens-ca-2","17":"product_tag-primers-lectors","19":"first","20":"instock","21":"shipping-taxable","22":"purchasable","23":"product-type-variable"},"_links":{"self":[{"href":"https:\/\/www.editorialelpirata.com\/ca\/wp-json\/wp\/v2\/product\/100119","targetHints":{"allow":["GET"]}}],"collection":[{"href":"https:\/\/www.editorialelpirata.com\/ca\/wp-json\/wp\/v2\/product"}],"about":[{"href":"https:\/\/www.editorialelpirata.com\/ca\/wp-json\/wp\/v2\/types\/product"}],"wp:featuredmedia":[{"embeddable":true,"href":"https:\/\/www.editorialelpirata.com\/ca\/wp-json\/wp\/v2\/media\/98742"}],"wp:attachment":[{"href":"https:\/\/www.editorialelpirata.com\/ca\/wp-json\/wp\/v2\/media?parent=100119"}],"wp:term":[{"taxonomy":"product_brand","embeddable":true,"href":"https:\/\/www.editorialelpirata.com\/ca\/wp-json\/wp\/v2\/product_brand?post=100119"},{"taxonomy":"product_cat","embeddable":true,"href":"https:\/\/www.editorialelpirata.com\/ca\/wp-json\/wp\/v2\/product_cat?post=100119"},{"taxonomy":"product_tag","embeddable":true,"href":"https:\/\/www.editorialelpirata.com\/ca\/wp-json\/wp\/v2\/product_tag?post=100119"}],"curies":[{"name":"wp","href":"https:\/\/api.w.org\/{rel}","templated":true}]}}