{"id":100111,"date":"2022-05-16T14:04:30","date_gmt":"2022-06-14T08:08:30","guid":{"rendered":"https:\/\/www.editorialelpirata.com\/?post_type=product&#038;p=100111"},"modified":"2025-01-24T23:27:05","modified_gmt":"2025-01-24T23:27:05","slug":"ha-estat-un-pet","status":"publish","type":"product","link":"https:\/\/www.editorialelpirata.com\/ca\/Producte\/ha-estat-un-pet\/","title":{"rendered":"HA ESTAT UN PET?"},"content":{"rendered":"<div class=\"wpb-content-wrapper\"><p>[vc_row][vc_column][vc_column_text uncode_shortcode_id=&#8221;994700&#8243;]<em>Ha estat un pet?<\/em> \u00e9s un conte infantil divertid\u00edssim amb el qual ser\u00e0 impossible no partir-se de riure. Inclou un joc de buscar i trobar.<\/p>\n<p>Amb aquest conte sobre el pet, la hist\u00f2ria de la Flora aprendrem que tots ens en tirem. Per\u00f2 que el millor \u00e9s fer-ho quan ning\u00fa ens veu.<\/p>\n<p>Un conte recomanat per a nens i nenes de <a href=\"https:\/\/www.edicionsdelpirata.cat\/llibres-nens-2-5-anys\/\" target=\"_blank\" rel=\"noopener\"><strong>2 a 6 anys<\/strong><\/a>, escrit en <a href=\"https:\/\/www.edicionsdelpirata.cat\/contes-majuscula\/\" target=\"_blank\" rel=\"noopener\"><strong>lletra<\/strong> <strong>maj\u00fascula<\/strong><\/a>, cosa que el fa el llibre ideal tamb\u00e9 per a<strong> primers lectors<\/strong>. Ajuda a incentivar la lectura amb una hist\u00f2ria amb la qual s\u2019ho passaran genial.<\/p>\n<p>Disponible en catal\u00e0, castell\u00e0 i angl\u00e8s.[\/vc_column_text][\/vc_column][\/vc_row][vc_row][vc_column column_width_percent=&#8221;100&#8243; align_horizontal=&#8221;align_center&#8221; gutter_size=&#8221;3&#8243; overlay_alpha=&#8221;50&#8243; shift_x=&#8221;0&#8243; shift_y=&#8221;0&#8243; shift_y_down=&#8221;0&#8243; z_index=&#8221;0&#8243; medium_width=&#8221;0&#8243; mobile_width=&#8221;0&#8243; width=&#8221;1\/1&#8243; uncode_shortcode_id=&#8221;142137&#8243;][vc_raw_html]JTNDaWZyYW1lJTIwd2lkdGglM0QlMjI2MjBweCUyMiUyMGhlaWdodCUzRCUyMjQwMHB4JTIyJTIwc3JjJTNEJTIyaHR0cHMlM0ElMkYlMkZ3d3cueXVtcHUuY29tJTJGeHglMkZlbWJlZCUyRnZpZXclMkZrdUZDSGRWUVJiVEdBcWMxJTIyJTIwZnJhbWVib3JkZXIlM0QlMjIwJTIyJTIwYWxsb3dmdWxsc2NyZWVuJTNEJTIydHJ1ZSUyMiUyMCUyMGFsbG93dHJhbnNwYXJlbmN5JTNEJTIydHJ1ZSUyMiUzRSUzQyUyRmlmcmFtZSUzRQ==[\/vc_raw_html][\/vc_column][\/vc_row][vc_row][vc_column width=&#8221;1\/1&#8243;][vc_column_text uncode_shortcode_id=&#8221;182340&#8243;]<\/p>\n<hr \/>\n<h2>CR\u00cdTIQUES:<\/h2>\n<blockquote><p><strong>Trastadas:<\/strong> &#8220;La lletra maj\u00fascula \u00e9s perfecta per als primers lectors, les il\u00b7lustracions s\u00f3n meravelloses i ressalten sobre el blanc del fons i, per suposat, la hist\u00f2ria \u00e9s senzillament genial.&#8221;<\/p>\n<p><strong>Cler_logopedia:<\/strong> &#8220;A casa \u00e9s lectura assegurada cada nit.&#8221;<\/p>\n<p><strong>Aprenderconellos:<\/strong> &#8220;El tema dels pets \u00e9s un encert assegurat. No s\u00e9 qu\u00e8 tenen que els agrada tant. Una hist\u00f2ria molt divertida i molt de la vida real, que mostra algo que tots i totes fem, sense distinci\u00f3. Per\u00f2 \u00e9s que toca d&#8217;una forma molt elegant el tema del bullying a l&#8217;escola. A partir del tema principal, mostra la cara menys divertida dels riures i dels pets i ens deixa entreveure la necessitat de prestar atenci\u00f3 a aquestes actituds i a treure-li ferro a l&#8217;assumpte (les persones adultes) per evitar que les situacions empitjorin.&#8221;<\/p><\/blockquote>\n<p>[\/vc_column_text][\/vc_column][\/vc_row]<\/p>\n<\/div>","protected":false},"excerpt":{"rendered":"<h2>Conte en maj\u00fascula sobre el pet<\/h2>\n<p class=\"p1\">Has pensat alguna vegada en totes les formes en qu\u00e8 pots fer un <strong>pet<\/strong>? A la Flora li encantava tirar-se\u2019ls aixecant una cama, posant el culet en pompa&#8230; Els seus <strong>pets<\/strong> preferits eren els que apareixien a l\u2019hora de banyar-se.<\/p>\n<p>Autora: Sandra Alonso<\/p>\n<p>Il\u00b7lustradora: Cristina Losantos<\/p>\n","protected":false},"featured_media":99126,"template":"","meta":[],"product_brand":[],"product_cat":[2354],"product_tag":[2968,2969,3026,3027,2800,2831],"class_list":{"0":"post-100111","1":"product","2":"type-product","3":"status-publish","4":"has-post-thumbnail","6":"product_cat-novetats","7":"product_tag-llibres-3-a-6-anys-ca","8":"product_tag-llibres-infantils-humor-ca","9":"product_tag-conte-pet-ca","10":"product_tag-llibres-nens-pets-ca","11":"product_tag-llibres-nens-ca","12":"product_tag-contes-divertits-ca","13":"product_shipping_class-envio-estandar-ca","15":"first","16":"instock","17":"shipping-taxable","18":"purchasable","19":"product-type-variable"},"_links":{"self":[{"href":"https:\/\/www.editorialelpirata.com\/ca\/wp-json\/wp\/v2\/product\/100111","targetHints":{"allow":["GET"]}}],"collection":[{"href":"https:\/\/www.editorialelpirata.com\/ca\/wp-json\/wp\/v2\/product"}],"about":[{"href":"https:\/\/www.editorialelpirata.com\/ca\/wp-json\/wp\/v2\/types\/product"}],"wp:featuredmedia":[{"embeddable":true,"href":"https:\/\/www.editorialelpirata.com\/ca\/wp-json\/wp\/v2\/media\/99126"}],"wp:attachment":[{"href":"https:\/\/www.editorialelpirata.com\/ca\/wp-json\/wp\/v2\/media?parent=100111"}],"wp:term":[{"taxonomy":"product_brand","embeddable":true,"href":"https:\/\/www.editorialelpirata.com\/ca\/wp-json\/wp\/v2\/product_brand?post=100111"},{"taxonomy":"product_cat","embeddable":true,"href":"https:\/\/www.editorialelpirata.com\/ca\/wp-json\/wp\/v2\/product_cat?post=100111"},{"taxonomy":"product_tag","embeddable":true,"href":"https:\/\/www.editorialelpirata.com\/ca\/wp-json\/wp\/v2\/product_tag?post=100111"}],"curies":[{"name":"wp","href":"https:\/\/api.w.org\/{rel}","templated":true}]}}