{"id":97821,"date":"2023-06-27T14:37:46","date_gmt":"2023-06-27T13:37:46","guid":{"rendered":"https:\/\/www.edicionsdelpirata.cat\/test-olimpiades-grecia-2\/"},"modified":"2025-01-05T22:48:13","modified_gmt":"2025-01-05T22:48:13","slug":"test-olimpiades-grecia-2","status":"publish","type":"page","link":"https:\/\/www.editorialelpirata.com\/ca\/test-olimpiades-grecia-2\/","title":{"rendered":"Test Les olimp\u00edades de Gr\u00e8cia"},"content":{"rendered":"<div class=\"wpb-content-wrapper\"><p>[vc_row][vc_column width=&#8221;1\/1&#8243;][vc_column_text uncode_shortcode_id=&#8221;653428&#8243;]<\/p>\n<h3>I tu, vols ser un Explorador del Temps?<\/h3>\n<p>Una vegada acabat el llibre, supera el\u00a0<strong>test dels exploradors<\/strong>\u00a0i podr\u00e0s aconseguir l\u2019objecte que s\u2019ha recuperat en cada llibre de la saga. Enganxa\u2019l al\u00a0<strong>p\u00f2ster de la col\u00b7lecci\u00f3!\u00a0<\/strong>Podr\u00e0s aconseguir tots els objectes perduts en el temps?<\/p>\n<p>Si superes el test, tamb\u00e9 et podr\u00e0s descarregar un fragment digital d\u2019un dels llibres de la\u00a0<strong>col\u00b7lecci\u00f3\u00a0<\/strong>\u00ab<a href=\"https:\/\/www.editorialelpirata.com\/ca\/historia-per-a-nens\/\" target=\"_blank\" rel=\"noopener\">historia ilustrada, historia per a nens, historia per a joves<\/a>\u00bb. Apr\u00e8n m\u00e9s sobre cada civilitzaci\u00f3 i converteix-te en un crack de la hist\u00f2ria![\/vc_column_text][\/vc_column][\/vc_row][vc_row][vc_column width=&#8221;1\/1&#8243;][vc_raw_html]JTNDZGl2JTIwY2xhc3MlM0QlMjJmeXJlYm94X3F1aXolMjIlMjBkYXRhLWdpZCUzRCUyMmV4THlHTnpRTCUyMiUyMGRhdGEtb2lkJTNEJTIyT2dBUERwM21SJTIyJTIwJTJGJTNFJTNDJTJGZGl2JTNFJTNDc2NyaXB0JTIwc3JjJTNEJTIyaHR0cHMlM0ElMkYlMkZ3d3cuZnlyZWJveC5jb20lMkZqYXZhc2NyaXB0cyUyRmZ5cmVib3gubWluLmpzJTNGMiUyMiUyMGRlZmVyJTNEJTIyZGVmZXIlMjIlMjBhc3luYyUzRSUzQyUyRnNjcmlwdCUzRQ==[\/vc_raw_html][\/vc_column][\/vc_row][vc_row][vc_column width=&#8221;1\/2&#8243;][vc_column_text uncode_shortcode_id=&#8221;172177&#8243;]Encara no tens el p\u00f2ster de la col\u00b7lecci\u00f3? Pots aconseguir-ho de regal amb el t\u00edtol de la col\u00b7lecci\u00f3, <a href=\"https:\/\/www.editorialelpirata.com\/ca\/producte\/les-olimpiades-de-grecia\/\" target=\"_blank\" rel=\"noopener\">Les Olimp\u00edades de Gr\u00e8cia,<\/a> o b\u00e9 descarregar-ho per imprimir-ho a casa.[\/vc_column_text][\/vc_column][vc_column width=&#8221;1\/2&#8243;][vc_button button_color=&#8221;color-390865&#8243; border_width=&#8221;0&#8243; button_color_type=&#8221;uncode-palette&#8221; uncode_shortcode_id=&#8221;228976&#8243; link=&#8221;url:https%3A%2F%2Fdrive.google.com%2Ffile%2Fd%2F1iK4_QTmbylaXSZsYAnILHJiQyNkvZeN2%2Fview%3Fusp%3Ddrive_link|target:_blank&#8221;]DESCARREGA EL P\u00d2STER[\/vc_button][\/vc_column][\/vc_row]<\/p>\n<\/div>","protected":false},"excerpt":{"rendered":"<p>[vc_row][vc_column width=&#8221;1\/1&#8243;][vc_column_text uncode_shortcode_id=&#8221;653428&#8243;] I tu, vols ser un Explorador del Temps? Una vegada acabat el llibre, supera el\u00a0test dels exploradors\u00a0i [&hellip;]<\/p>\n","protected":false},"author":28,"featured_media":0,"parent":0,"menu_order":0,"comment_status":"closed","ping_status":"closed","template":"","meta":{"footnotes":""},"class_list":["post-97821","page","type-page","status-publish","hentry"],"_links":{"self":[{"href":"https:\/\/www.editorialelpirata.com\/ca\/wp-json\/wp\/v2\/pages\/97821","targetHints":{"allow":["GET"]}}],"collection":[{"href":"https:\/\/www.editorialelpirata.com\/ca\/wp-json\/wp\/v2\/pages"}],"about":[{"href":"https:\/\/www.editorialelpirata.com\/ca\/wp-json\/wp\/v2\/types\/page"}],"author":[{"embeddable":true,"href":"https:\/\/www.editorialelpirata.com\/ca\/wp-json\/wp\/v2\/users\/28"}],"replies":[{"embeddable":true,"href":"https:\/\/www.editorialelpirata.com\/ca\/wp-json\/wp\/v2\/comments?post=97821"}],"version-history":[{"count":3,"href":"https:\/\/www.editorialelpirata.com\/ca\/wp-json\/wp\/v2\/pages\/97821\/revisions"}],"predecessor-version":[{"id":102261,"href":"https:\/\/www.editorialelpirata.com\/ca\/wp-json\/wp\/v2\/pages\/97821\/revisions\/102261"}],"wp:attachment":[{"href":"https:\/\/www.editorialelpirata.com\/ca\/wp-json\/wp\/v2\/media?parent=97821"}],"curies":[{"name":"wp","href":"https:\/\/api.w.org\/{rel}","templated":true}]}}