{"id":97817,"date":"2023-04-13T11:41:11","date_gmt":"2023-04-13T11:41:11","guid":{"rendered":"https:\/\/www.edicionsdelpirata.cat\/?page_id=91706"},"modified":"2025-10-16T12:10:24","modified_gmt":"2025-10-16T12:10:24","slug":"exploradors-temps-aventures","status":"publish","type":"page","link":"https:\/\/www.editorialelpirata.com\/ca\/exploradors-temps-aventures\/","title":{"rendered":"ELS EXPLORADORS DEL TEMPS"},"content":{"rendered":"<div class=\"wpb-content-wrapper\"><p>[vc_row][vc_column width=&#8221;1\/1&#8243;][vc_single_image media=&#8221;104983&#8243; media_width_percent=&#8221;100&#8243; alignment=&#8221;right&#8221; medium_visibility=&#8221;yes&#8221; mobile_visibility=&#8221;yes&#8221; uncode_shortcode_id=&#8221;203793&#8243;][vc_column_text uncode_shortcode_id=&#8221;905023&#8243;]<\/p>\n<h1 style=\"text-align: center;\">Qu\u00e8 faries si poguessis viatjar en el temps?<\/h1>\n<p>[\/vc_column_text][\/vc_column][\/vc_row][vc_row][vc_column width=&#8221;2\/3&#8243;][vc_column_text uncode_shortcode_id=&#8221;914767&#8243;]La col\u00b7lecci\u00f3 \u00ab<strong>Els Exploradors del Temps<\/strong>\u00bb est\u00e0 il\u00b7lustrada a tot color i combina di\u00e0legs de c\u00f2mic amb novel\u00b7la d\u2019aventures per a nens de 9 a 12 anys. Cada llibre ens permet gaudir d\u2019un fascinant viatge en el temps del V\u00edctor, la Cristina, en Celoni i l\u2019Ibis, els protagonistes. Durant la lectura, els lectors es trobaran amb algunes preguntes que permeten descobrir curiositats d\u2019antigues civilitzacions. Per poder fer-ho, hauran de fer servir el <strong>Rellotge del Temps<\/strong>, incl\u00f2s en el llibre, per desxifrar el n\u00famero de p\u00e0gina que s\u2019amaga rere un fons de color vermell i aix\u00ed poder viatjar en el temps per descobrir curiositats hist\u00f2riques incre\u00efbles.<\/p>\n<p style=\"text-align: center; font-size: 15px;\"><strong>Tots els t\u00edtols de la col\u00b7lecci\u00f3 estan disponibles en catal\u00e0, castell\u00e0 i angl\u00e8s.<\/strong><\/p>\n<p>[\/vc_column_text][\/vc_column][vc_column width=&#8221;1\/3&#8243;][vc_single_image media=&#8221;100339&#8243; media_width_percent=&#8221;100&#8243; uncode_shortcode_id=&#8221;150561&#8243;][\/vc_column][\/vc_row][vc_row row_height_percent=&#8221;0&#8243; overlay_alpha=&#8221;50&#8243; gutter_size=&#8221;3&#8243; column_width_percent=&#8221;100&#8243; shift_y=&#8221;0&#8243; z_index=&#8221;0&#8243; uncode_shortcode_id=&#8221;205352&#8243;][vc_column column_width_percent=&#8221;100&#8243; align_horizontal=&#8221;align_center&#8221; gutter_size=&#8221;3&#8243; overlay_alpha=&#8221;50&#8243; shift_x=&#8221;0&#8243; shift_y=&#8221;0&#8243; shift_y_down=&#8221;0&#8243; z_index=&#8221;0&#8243; align_medium=&#8221;align_center_tablet&#8221; medium_width=&#8221;0&#8243; align_mobile=&#8221;align_center_mobile&#8221; mobile_width=&#8221;0&#8243; width=&#8221;1\/4&#8243; uncode_shortcode_id=&#8221;117840&#8243;][vc_single_image media=&#8221;99018&#8243; media_width_percent=&#8221;100&#8243; uncode_shortcode_id=&#8221;176557&#8243; media_link=&#8221;url:https%3A%2F%2Fwww.editorialelpirata.com%2Fca%2Fproducto%2Fles-legions-de-roma%2F|title:LES%20LEGIONS%20DE%20ROMA|target:_blank&#8221;][vc_column_text uncode_shortcode_id=&#8221;283775&#8243;]<\/p>\n<h2><strong>01. LES LEGIONS DE ROMA<\/strong><\/h2>\n<p>[\/vc_column_text][vc_button button_color=&#8221;color-390865&#8243; border_width=&#8221;0&#8243; button_color_type=&#8221;uncode-palette&#8221; uncode_shortcode_id=&#8221;562659&#8243; link=&#8221;url:https%3A%2F%2Fwww.edicionsdelpirata.cat%2Ftest-legions-roma%2F|title:Test%20Les%20legions%20de%20Roma|target:_blank&#8221;]TEST[\/vc_button][vc_button button_color=&#8221;color-390865&#8243; border_width=&#8221;0&#8243; button_color_type=&#8221;uncode-palette&#8221; uncode_shortcode_id=&#8221;201371&#8243; link=&#8221;url:https%3A%2F%2Fdrive.google.com%2Ffile%2Fd%2F17g62vD6BxKzCwEeFmHXeeAxgXYZlKpkf%2Fview%3Fusp%3Ddrive_link|target:_blank&#8221;]GUIA DE LECTURA[\/vc_button][vc_button button_color=&#8221;color-390865&#8243; border_width=&#8221;0&#8243; button_color_type=&#8221;uncode-palette&#8221; uncode_shortcode_id=&#8221;262911&#8243; link=&#8221;url:https%3A%2F%2Fdrive.google.com%2Ffile%2Fd%2F1NatqYD9aJkXl4mgZ-_BJHLPwJw01PGA5%2Fview%3Fusp%3Ddrive_link|target:_blank&#8221;]SOLUCIONARI[\/vc_button][vc_button button_color=&#8221;color-390865&#8243; border_width=&#8221;0&#8243; link=&#8221;url:https%3A%2F%2Fdrive.google.com%2Ffile%2Fd%2F1k_LithMDsgCGVddoRFyqxqbk5E4C9rhu%2Fview%3Fusp%3Dsharing|title:Gimcana|target:_blank&#8221; button_color_type=&#8221;uncode-palette&#8221; uncode_shortcode_id=&#8221;168819&#8243;]GIMCANA[\/vc_button][\/vc_column][vc_column column_width_percent=&#8221;100&#8243; align_horizontal=&#8221;align_center&#8221; gutter_size=&#8221;3&#8243; overlay_alpha=&#8221;50&#8243; shift_x=&#8221;0&#8243; shift_y=&#8221;0&#8243; shift_y_down=&#8221;0&#8243; z_index=&#8221;0&#8243; medium_width=&#8221;0&#8243; mobile_width=&#8221;0&#8243; width=&#8221;1\/4&#8243; uncode_shortcode_id=&#8221;663193&#8243;][vc_single_image media=&#8221;99186&#8243; media_width_percent=&#8221;100&#8243; uncode_shortcode_id=&#8221;101083&#8243; media_link=&#8221;url:https%3A%2F%2Fwww.editorialelpirata.com%2Fca%2Fproducto%2Fles-expedicions-dels-vikings%2F|title:LES%20EXPEDICIONS%20DELS%20VIKINGS|target:_blank&#8221;][vc_column_text uncode_shortcode_id=&#8221;887392&#8243;]<\/p>\n<h2><strong>02. LES EXPEDICIONS DELS VIKINGS<\/strong><\/h2>\n<p>[\/vc_column_text][vc_button button_color=&#8221;color-390865&#8243; border_width=&#8221;0&#8243; button_color_type=&#8221;uncode-palette&#8221; uncode_shortcode_id=&#8221;179238&#8243; link=&#8221;url:https%3A%2F%2Fwww.edicionsdelpirata.cat%2Ftest-expedicions-vikings%2F|title:Test%20Les%20expedicions%20dels%20vikings|target:_blank&#8221;]TEST[\/vc_button][vc_button button_color=&#8221;color-390865&#8243; border_width=&#8221;0&#8243; button_color_type=&#8221;uncode-palette&#8221; uncode_shortcode_id=&#8221;141486&#8243; link=&#8221;url:https%3A%2F%2Fdrive.google.com%2Ffile%2Fd%2F1d2MHJGyqotJEPORUr8zjhSCAQfbYFzO_%2Fview%3Fusp%3Ddrive_link|target:_blank&#8221;]GUIA DE LECTURA[\/vc_button][vc_button button_color=&#8221;color-390865&#8243; border_width=&#8221;0&#8243; button_color_type=&#8221;uncode-palette&#8221; uncode_shortcode_id=&#8221;951363&#8243; link=&#8221;url:https%3A%2F%2Fdrive.google.com%2Ffile%2Fd%2F1USipYJ55KvbWUsUn4HMn5Pfawi13MO3W%2Fview%3Fusp%3Ddrive_link|target:_blank&#8221;]SOLUCIONARI[\/vc_button][vc_button button_color=&#8221;color-390865&#8243; border_width=&#8221;0&#8243; link=&#8221;url:https%3A%2F%2Fdrive.google.com%2Ffile%2Fd%2F1k_LithMDsgCGVddoRFyqxqbk5E4C9rhu%2Fview%3Fusp%3Dsharing|title:Gimcana|target:_blank&#8221; button_color_type=&#8221;uncode-palette&#8221; uncode_shortcode_id=&#8221;168819&#8243;]GIMCANA[\/vc_button][\/vc_column][vc_column column_width_percent=&#8221;100&#8243; align_horizontal=&#8221;align_center&#8221; gutter_size=&#8221;3&#8243; overlay_alpha=&#8221;50&#8243; shift_x=&#8221;0&#8243; shift_y=&#8221;0&#8243; shift_y_down=&#8221;0&#8243; z_index=&#8221;0&#8243; medium_width=&#8221;0&#8243; mobile_width=&#8221;0&#8243; width=&#8221;1\/4&#8243; uncode_shortcode_id=&#8221;142933&#8243;][vc_single_image media=&#8221;99906&#8243; media_width_percent=&#8221;100&#8243; uncode_shortcode_id=&#8221;156475&#8243; media_link=&#8221;url:https%3A%2F%2Fwww.editorialelpirata.com%2Fca%2Fproducto%2Fles-olimpiades-de-grecia%2F|title:LES%20OLIMP%C3%8DADES%20DE%20GR%C3%88CIA|target:_blank&#8221;][vc_column_text uncode_shortcode_id=&#8221;540598&#8243;]<\/p>\n<h2><strong>03. LES OLIMP\u00cdADES DE GR\u00c8CIA<\/strong><\/h2>\n<p>[\/vc_column_text][vc_button button_color=&#8221;color-390865&#8243; border_width=&#8221;0&#8243; button_color_type=&#8221;uncode-palette&#8221; uncode_shortcode_id=&#8221;588481&#8243; link=&#8221;url:https%3A%2F%2Fwww.edicionsdelpirata.cat%2Ftest-olimpiades-grecia%2F|title:Test%20Les%20olimpiades%20de%20grecia|target:_blank&#8221;]TEST[\/vc_button][vc_button button_color=&#8221;color-390865&#8243; border_width=&#8221;0&#8243; button_color_type=&#8221;uncode-palette&#8221; uncode_shortcode_id=&#8221;994334&#8243; link=&#8221;url:https%3A%2F%2Fdrive.google.com%2Ffile%2Fd%2F11pW1ijwI_2Ctx-EEkh9cPeFz6xaMy7Oa%2Fview%3Fusp%3Dsharing|target:_blank&#8221;]GUIA DE LECTURA [\/vc_button][vc_button button_color=&#8221;color-390865&#8243; border_width=&#8221;0&#8243; button_color_type=&#8221;uncode-palette&#8221; uncode_shortcode_id=&#8221;868299&#8243; link=&#8221;url:https%3A%2F%2Fdrive.google.com%2Ffile%2Fd%2F1tyn8fvp6jRcWbCmAQsqzLnsJR4fqNZH3%2Fview%3Fusp%3Dsharing|target:_blank&#8221;]SOLUCIONARI[\/vc_button][vc_button button_color=&#8221;color-390865&#8243; border_width=&#8221;0&#8243; link=&#8221;url:https%3A%2F%2Fdrive.google.com%2Ffile%2Fd%2F1k_LithMDsgCGVddoRFyqxqbk5E4C9rhu%2Fview%3Fusp%3Dsharing|title:Gimcana|target:_blank&#8221; button_color_type=&#8221;uncode-palette&#8221; uncode_shortcode_id=&#8221;168819&#8243;]GIMCANA[\/vc_button][\/vc_column][vc_column column_width_percent=&#8221;100&#8243; align_horizontal=&#8221;align_center&#8221; gutter_size=&#8221;3&#8243; overlay_alpha=&#8221;50&#8243; shift_x=&#8221;0&#8243; shift_y=&#8221;0&#8243; shift_y_down=&#8221;0&#8243; z_index=&#8221;0&#8243; medium_width=&#8221;0&#8243; mobile_width=&#8221;0&#8243; width=&#8221;1\/4&#8243; uncode_shortcode_id=&#8221;153706&#8243;][vc_single_image media=&#8221;99687&#8243; media_width_percent=&#8221;100&#8243; uncode_shortcode_id=&#8221;189764&#8243; media_link=&#8221;url:https%3A%2F%2Fwww.editorialelpirata.com%2Fca%2Fproducte%2Flor-dels-inques%2F|title:LES%20OLIMP%C3%8DADES%20DE%20GR%C3%88CIA|target:_blank&#8221;][vc_column_text uncode_shortcode_id=&#8221;162684&#8243;]<\/p>\n<h2><strong>03. L&#8217;OR DELS INQUES<\/strong><\/h2>\n<p>[\/vc_column_text][vc_button button_color=&#8221;color-390865&#8243; border_width=&#8221;0&#8243; button_color_type=&#8221;uncode-palette&#8221; uncode_shortcode_id=&#8221;145422&#8243; link=&#8221;url:https%3A%2F%2Fwww.editorialelpirata.com%2Fca%2Ftest-or-inques%2F|title:Test%20%20L&#8217;or%20dels%20inques|target:_blank&#8221;]TEST[\/vc_button][vc_button button_color=&#8221;color-390865&#8243; border_width=&#8221;0&#8243; button_color_type=&#8221;uncode-palette&#8221; uncode_shortcode_id=&#8221;125421&#8243; link=&#8221;url:https%3A%2F%2Fdrive.google.com%2Ffile%2Fd%2F1AYSdRxjyVYVN0kcPb2g1Fj-R8D6Yt43D%2Fview%3Fusp%3Dsharing|target:_blank&#8221;]GUIA DE LECTURA [\/vc_button][vc_button button_color=&#8221;color-390865&#8243; border_width=&#8221;0&#8243; button_color_type=&#8221;uncode-palette&#8221; uncode_shortcode_id=&#8221;873278&#8243; link=&#8221;url:https%3A%2F%2Fdrive.google.com%2Ffile%2Fd%2F1PiIsQjrBQ3iTLfI-_1zbpqu9cx6P-qVh%2Fview%3Fusp%3Dsharing|target:_blank&#8221;]SOLUCIONARI[\/vc_button][vc_button button_color=&#8221;color-390865&#8243; border_width=&#8221;0&#8243; link=&#8221;url:https%3A%2F%2Fdrive.google.com%2Ffile%2Fd%2F1k_LithMDsgCGVddoRFyqxqbk5E4C9rhu%2Fview%3Fusp%3Dsharing|title:Gimcana|target:_blank&#8221; button_color_type=&#8221;uncode-palette&#8221; uncode_shortcode_id=&#8221;168819&#8243;]GIMCANA[\/vc_button][\/vc_column][\/vc_row][vc_row row_height_percent=&#8221;0&#8243; overlay_alpha=&#8221;50&#8243; gutter_size=&#8221;3&#8243; column_width_percent=&#8221;100&#8243; shift_y=&#8221;0&#8243; z_index=&#8221;0&#8243; uncode_shortcode_id=&#8221;205352&#8243;][vc_column column_width_percent=&#8221;100&#8243; align_horizontal=&#8221;align_center&#8221; gutter_size=&#8221;3&#8243; overlay_alpha=&#8221;50&#8243; shift_x=&#8221;0&#8243; shift_y=&#8221;0&#8243; shift_y_down=&#8221;0&#8243; z_index=&#8221;0&#8243; align_medium=&#8221;align_center_tablet&#8221; medium_width=&#8221;0&#8243; align_mobile=&#8221;align_center_mobile&#8221; mobile_width=&#8221;0&#8243; width=&#8221;1\/4&#8243; uncode_shortcode_id=&#8221;117840&#8243;][vc_single_image media=&#8221;104121&#8243; media_width_percent=&#8221;100&#8243; uncode_shortcode_id=&#8221;128004&#8243; media_link=&#8221;url:https%3A%2F%2Fwww.editorialelpirata.com%2Fca%2FProducte%2Fsioux-aventures-exploradors%2F|title:%20|target:_blank&#8221;][vc_column_text uncode_shortcode_id=&#8221;834562&#8243;]<\/p>\n<h2><strong>05. LES FLETXES DELS SIOUX<\/strong><\/h2>\n<p>[\/vc_column_text][vc_button button_color=&#8221;color-390865&#8243; border_width=&#8221;0&#8243; button_color_type=&#8221;uncode-palette&#8221; uncode_shortcode_id=&#8221;123273&#8243; link=&#8221;url:https%3A%2F%2Fwww.editorialelpirata.com%2Fca%2Ftest-fletxes-sioux%2F|title:Test%20Les%20fletxes%20dels%20sioux|target:_blank&#8221;]TEST[\/vc_button][vc_button button_color=&#8221;color-390865&#8243; border_width=&#8221;0&#8243; link=&#8221;url:https%3A%2F%2Fdrive.google.com%2Ffile%2Fd%2F1k_LithMDsgCGVddoRFyqxqbk5E4C9rhu%2Fview%3Fusp%3Dsharing|title:Gimcana|target:_blank&#8221; button_color_type=&#8221;uncode-palette&#8221; uncode_shortcode_id=&#8221;168819&#8243;]GIMCANA[\/vc_button][\/vc_column][vc_column column_width_percent=&#8221;100&#8243; align_horizontal=&#8221;align_center&#8221; gutter_size=&#8221;3&#8243; overlay_alpha=&#8221;50&#8243; shift_x=&#8221;0&#8243; shift_y=&#8221;0&#8243; shift_y_down=&#8221;0&#8243; z_index=&#8221;0&#8243; medium_width=&#8221;0&#8243; mobile_width=&#8221;0&#8243; width=&#8221;1\/4&#8243; uncode_shortcode_id=&#8221;663193&#8243;][\/vc_column][vc_column column_width_percent=&#8221;100&#8243; align_horizontal=&#8221;align_center&#8221; gutter_size=&#8221;3&#8243; overlay_alpha=&#8221;50&#8243; shift_x=&#8221;0&#8243; shift_y=&#8221;0&#8243; shift_y_down=&#8221;0&#8243; z_index=&#8221;0&#8243; medium_width=&#8221;0&#8243; mobile_width=&#8221;0&#8243; width=&#8221;1\/4&#8243; uncode_shortcode_id=&#8221;142933&#8243;][\/vc_column][vc_column column_width_percent=&#8221;100&#8243; align_horizontal=&#8221;align_center&#8221; gutter_size=&#8221;3&#8243; overlay_alpha=&#8221;50&#8243; shift_x=&#8221;0&#8243; shift_y=&#8221;0&#8243; shift_y_down=&#8221;0&#8243; z_index=&#8221;0&#8243; medium_width=&#8221;0&#8243; mobile_width=&#8221;0&#8243; width=&#8221;1\/4&#8243; uncode_shortcode_id=&#8221;153706&#8243;][\/vc_column][\/vc_row][vc_row][vc_column width=&#8221;1\/1&#8243;][vc_separator sep_color=&#8221;,Default&#8221;][\/vc_column][\/vc_row][vc_row][vc_column width=&#8221;1\/1&#8243;][vc_column_text uncode_shortcode_id=&#8221;521447&#8243;]<strong>Propers t\u00edtols de la col\u00b7lecci\u00f3 Els Exploradors del Temps:<\/strong><\/p>\n<p>6. Les catanes dels samurais (mar\u00e7 2026)<\/p>\n<p>7. Els guerrers de la Xina (octubre 2026)[\/vc_column_text][vc_column_text uncode_shortcode_id=&#8221;564948&#8243;]Al final de cada llibre de la col\u00b7lecci\u00f3 hi trobar\u00e0s tres seccions:<\/p>\n<ul>\n<li><strong>Que se s\u00e0piga!:<\/strong> Podrem descobrir curiositats explicades pels personatges de la col\u00b7lecci\u00f3, sobre ells mateixos o l\u2019\u00e8poca hist\u00f2rica on viatgen.<\/li>\n<li><strong>Anem per feina!:<\/strong> On gaudirem d\u2019una recepta culin\u00e0ria per fer a casa i un joc ambientat en l\u2019\u00e8poca hist\u00f2rica.<\/li>\n<li><strong>Bibliocronohist\u00f2ries!: <\/strong>Personatges molt rellevants de la humanitat ens explicaran qui s\u00f3n i qu\u00e8 van fer per aconseguir que avui en dia encara els recordem.<\/li>\n<\/ul>\n<p>[\/vc_column_text][vc_separator sep_color=&#8221;,Default&#8221;][\/vc_column][\/vc_row][vc_row][vc_column width=&#8221;2\/3&#8243;][vc_column_text uncode_shortcode_id=&#8221;533841&#8243;]<\/p>\n<p style=\"text-align: center;\"><strong>Hi ha disponible gratu\u00eftament una <a href=\"https:\/\/www.editorialelpirata.com\/ca\/propostes-didactiques\/\" target=\"_blank\" rel=\"noopener\">guia de lectura<\/a> de cada llibre per treballar a l\u2019escola, aix\u00ed com una <a href=\"https:\/\/drive.google.com\/file\/d\/1k_LithMDsgCGVddoRFyqxqbk5E4C9rhu\/view?usp=sharing\" target=\"_blank\" rel=\"noopener\">gimcana hist\u00f2rico-liter\u00e0ria<\/a><\/strong><\/p>\n<p>[\/vc_column_text][\/vc_column][vc_column width=&#8221;1\/3&#8243;][vc_button button_color=&#8221;color-390865&#8243; border_width=&#8221;0&#8243; link=&#8221;url:https%3A%2F%2Fdrive.google.com%2Ffile%2Fd%2F1k_LithMDsgCGVddoRFyqxqbk5E4C9rhu%2Fview%3Fusp%3Dsharing|title:Gimcana|target:_blank&#8221; button_color_type=&#8221;uncode-palette&#8221; uncode_shortcode_id=&#8221;168819&#8243;]GIMCANA[\/vc_button][\/vc_column][\/vc_row][vc_row][vc_column width=&#8221;3\/4&#8243;][vc_column_text uncode_shortcode_id=&#8221;149900&#8243;]<\/p>\n<h3>I tu, vols ser un Explorador del Temps?<\/h3>\n<p>Una vegada acabat el llibre, supera el <strong>test dels exploradors<\/strong> i podr\u00e0s aconseguir l\u2019objecte que s\u2019ha recuperat en cada llibre de la saga. Enganxa\u2019l al <strong>p\u00f2ster de la col\u00b7lecci\u00f3! <\/strong>Podr\u00e0s aconseguir tots els objectes perduts en el temps?<\/p>\n<p>Si superes el test, tamb\u00e9 et podr\u00e0s descarregar un fragment digital d\u2019un dels llibres de la <strong>col\u00b7lecci\u00f3 <\/strong>\u00ab<a href=\"https:\/\/www.editorialelpirata.com\/ca\/historia-per-a-nens\/\" target=\"_blank\" rel=\"noopener\">Hist\u00f2ria il\u00b7lustrada<\/a>\u00bb. Apr\u00e8n m\u00e9s sobre cada civilitzaci\u00f3 i converteix-te en un crack de la hist\u00f2ria![\/vc_column_text][\/vc_column][vc_column width=&#8221;1\/4&#8243;][vc_single_image media=&#8221;98505&#8243; media_width_percent=&#8221;100&#8243; uncode_shortcode_id=&#8221;120758&#8243; media_link=&#8221;url:https%3A%2F%2Fwww.editorialelpirata.com%2Fca%2Fhistoria-per-a-nens%2F|title:COL%C2%B7LECCI%C3%93%20HIST%C3%92RIA%20PER%20A%20NENS|target:_blank&#8221;][\/vc_column][\/vc_row]<\/p>\n<\/div>","protected":false},"excerpt":{"rendered":"<p>[vc_row][vc_column width=&#8221;1\/1&#8243;][vc_single_image media=&#8221;104983&#8243; media_width_percent=&#8221;100&#8243; alignment=&#8221;right&#8221; medium_visibility=&#8221;yes&#8221; mobile_visibility=&#8221;yes&#8221; uncode_shortcode_id=&#8221;203793&#8243;][vc_column_text uncode_shortcode_id=&#8221;905023&#8243;] Qu\u00e8 faries si poguessis viatjar en el temps? [\/vc_column_text][\/vc_column][\/vc_row][vc_row][vc_column width=&#8221;2\/3&#8243;][vc_column_text uncode_shortcode_id=&#8221;914767&#8243;]La [&hellip;]<\/p>\n","protected":false},"author":28,"featured_media":104983,"parent":0,"menu_order":0,"comment_status":"closed","ping_status":"closed","template":"","meta":{"footnotes":""},"class_list":["post-97817","page","type-page","status-publish","has-post-thumbnail","hentry"],"_links":{"self":[{"href":"https:\/\/www.editorialelpirata.com\/ca\/wp-json\/wp\/v2\/pages\/97817","targetHints":{"allow":["GET"]}}],"collection":[{"href":"https:\/\/www.editorialelpirata.com\/ca\/wp-json\/wp\/v2\/pages"}],"about":[{"href":"https:\/\/www.editorialelpirata.com\/ca\/wp-json\/wp\/v2\/types\/page"}],"author":[{"embeddable":true,"href":"https:\/\/www.editorialelpirata.com\/ca\/wp-json\/wp\/v2\/users\/28"}],"replies":[{"embeddable":true,"href":"https:\/\/www.editorialelpirata.com\/ca\/wp-json\/wp\/v2\/comments?post=97817"}],"version-history":[{"count":19,"href":"https:\/\/www.editorialelpirata.com\/ca\/wp-json\/wp\/v2\/pages\/97817\/revisions"}],"predecessor-version":[{"id":106233,"href":"https:\/\/www.editorialelpirata.com\/ca\/wp-json\/wp\/v2\/pages\/97817\/revisions\/106233"}],"wp:featuredmedia":[{"embeddable":true,"href":"https:\/\/www.editorialelpirata.com\/ca\/wp-json\/wp\/v2\/media\/104983"}],"wp:attachment":[{"href":"https:\/\/www.editorialelpirata.com\/ca\/wp-json\/wp\/v2\/media?parent=97817"}],"curies":[{"name":"wp","href":"https:\/\/api.w.org\/{rel}","templated":true}]}}