{"id":97815,"date":"2021-03-04T13:32:10","date_gmt":"2021-03-04T13:32:10","guid":{"rendered":"https:\/\/www.edicionsdelpirata.cat\/test\/?page_id=88482"},"modified":"2024-10-09T09:13:25","modified_gmt":"2024-10-09T09:13:25","slug":"contes-majuscula","status":"publish","type":"page","link":"https:\/\/www.editorialelpirata.com\/ca\/contes-majuscula\/","title":{"rendered":"Contes en lletra maj\u00fascula"},"content":{"rendered":"<div class=\"wpb-content-wrapper\"><p>[vc_row][vc_column][vc_column_text uncode_shortcode_id=&#8221;122577&#8243;]<\/p>\n<h1 style=\"text-align: center;\">Contes en lletra maj\u00fascula o de pal per 5 i 6 anys.<\/h1>\n<p>Els contes en lletra de pal es recomanen per comen\u00e7ar a llegir perqu\u00e8 \u00e9s clara, simple, uniforme i llegible, facilitant aix\u00ed el proc\u00e9s d&#8217;aprenentatge de la lectura. Els contes en lletra maj\u00fascula es recomanen en l&#8217;aprenentatge inicial de la lectura per la seva simplicitat, visualitzaci\u00f3 clara, aplicaci\u00f3 pr\u00e0ctica i facilitat per aprendre l&#8217;ordre alfab\u00e8tic.<\/p>\n<p>Perfectes per millorar la lectura en lletra de pal i aprendre valors.[\/vc_column_text][uncode_index el_id=&#8221;index-111407&#8243; loop=&#8221;size:All|order_by:date|post_type:product|tax_query:2351|taxonomy_count:10&#8243; screen_lg=&#8221;1000&#8243; screen_md=&#8221;600&#8243; screen_sm=&#8221;480&#8243; gutter_size=&#8221;3&#8243; product_items=&#8221;media|featured|onpost|original|hide-sale|inherit-atc|inherit-w-atc|atc-typo-default|show-atc&#8221; single_width=&#8221;3&#8243; single_overlay_opacity=&#8221;50&#8243; single_h_align=&#8221;center&#8221; single_padding=&#8221;2&#8243; uncode_shortcode_id=&#8221;644842&#8243;][vc_custom_heading uncode_shortcode_id=&#8221;815561&#8243;]<\/p>\n<h2>Col\u00b7lecci\u00f3 per aprendre a llegir en lletra MAJ\u00daSCULA i lletra lligada<\/h2>\n<p>[\/vc_custom_heading][uncode_index el_id=&#8221;index-124634&#8243; isotope_mode=&#8221;fitRows&#8221; loop=&#8221;size:All|order_by:rand|post_type:product|tax_query:2118|taxonomy_count:10&#8243; screen_lg=&#8221;1000&#8243; screen_md=&#8221;600&#8243; screen_sm=&#8221;480&#8243; gutter_size=&#8221;3&#8243; product_items=&#8221;media|featured|onpost|original|hide-sale|inherit-atc|inherit-w-atc|atc-typo-default|show-atc&#8221; single_width=&#8221;3&#8243; single_overlay_opacity=&#8221;50&#8243; single_h_align=&#8221;center&#8221; single_padding=&#8221;2&#8243; uncode_shortcode_id=&#8221;144925&#8243;][vc_custom_heading uncode_shortcode_id=&#8221;175278&#8243;]<\/p>\n<h2>Llibres de carton\u00e9 en lletra maj\u00fascula.<\/h2>\n<p>Ideals perqu\u00e8 quan els germans grans estan aprenent a llegir en lletra de PAL, puguin llegir contes als germans m\u00e9s petits.[\/vc_custom_heading][uncode_index el_id=&#8221;index-124635&#8243; index_type=&#8221;carousel&#8221; loop=&#8221;size:All|order_by:rand|post_type:product|tax_query:2380|taxonomy_count:10&#8243; carousel_lg=&#8221;3&#8243; carousel_md=&#8221;3&#8243; carousel_sm=&#8221;1&#8243; gutter_size=&#8221;3&#8243; product_items=&#8221;media|featured|onpost|original|hide-sale|inherit-atc|inherit-w-atc|atc-typo-default|show-atc&#8221; carousel_type=&#8221;fade&#8221; carousel_interval=&#8221;3000&#8243; carousel_navspeed=&#8221;400&#8243; stage_padding=&#8221;0&#8243; single_overlay_opacity=&#8221;50&#8243; single_h_align=&#8221;center&#8221; single_padding=&#8221;2&#8243; uncode_shortcode_id=&#8221;337603&#8243;][\/vc_column][\/vc_row]<\/p>\n<\/div>","protected":false},"excerpt":{"rendered":"<p>[vc_row][vc_column][vc_column_text uncode_shortcode_id=&#8221;122577&#8243;] Contes en lletra maj\u00fascula o de pal per 5 i 6 anys. Els contes en lletra de pal [&hellip;]<\/p>\n","protected":false},"author":524,"featured_media":0,"parent":0,"menu_order":0,"comment_status":"closed","ping_status":"closed","template":"","meta":{"footnotes":""},"class_list":["post-97815","page","type-page","status-publish","hentry"],"_links":{"self":[{"href":"https:\/\/www.editorialelpirata.com\/ca\/wp-json\/wp\/v2\/pages\/97815","targetHints":{"allow":["GET"]}}],"collection":[{"href":"https:\/\/www.editorialelpirata.com\/ca\/wp-json\/wp\/v2\/pages"}],"about":[{"href":"https:\/\/www.editorialelpirata.com\/ca\/wp-json\/wp\/v2\/types\/page"}],"author":[{"embeddable":true,"href":"https:\/\/www.editorialelpirata.com\/ca\/wp-json\/wp\/v2\/users\/524"}],"replies":[{"embeddable":true,"href":"https:\/\/www.editorialelpirata.com\/ca\/wp-json\/wp\/v2\/comments?post=97815"}],"version-history":[{"count":2,"href":"https:\/\/www.editorialelpirata.com\/ca\/wp-json\/wp\/v2\/pages\/97815\/revisions"}],"predecessor-version":[{"id":100127,"href":"https:\/\/www.editorialelpirata.com\/ca\/wp-json\/wp\/v2\/pages\/97815\/revisions\/100127"}],"wp:attachment":[{"href":"https:\/\/www.editorialelpirata.com\/ca\/wp-json\/wp\/v2\/media?parent=97815"}],"curies":[{"name":"wp","href":"https:\/\/api.w.org\/{rel}","templated":true}]}}