{"id":97814,"date":"2021-03-02T12:00:09","date_gmt":"2021-03-02T12:00:09","guid":{"rendered":"https:\/\/www.edicionsdelpirata.cat\/test\/?page_id=88355"},"modified":"2024-10-18T12:16:09","modified_gmt":"2024-10-18T12:16:09","slug":"lots-llibres-per-a-regalar","status":"publish","type":"page","link":"https:\/\/www.editorialelpirata.com\/ca\/lots-llibres-per-a-regalar\/","title":{"rendered":"Lots de llibres per a regalar"},"content":{"rendered":"<div class=\"wpb-content-wrapper\"><p>[vc_row][vc_column width=&#8221;1\/1&#8243;][vc_column_text]<\/p>\n<h1>Recull de<strong> lots de llibres per a regalar<\/strong> des de 0 anys fins als 12 anys.<\/h1>\n<p>Propostes variades en lots de contes per a nens i nenes, segons edat, tipologia de lletra i valors o emocions. No et perdis les novetats ni aquests llibres, que creiem de deb\u00f2 que t&#8217;agradaran i que s&#8217;ajustaran a all\u00f2 que est\u00e0s buscant.<\/p>\n<p>Gran varietat de preus tamb\u00e9 en les <strong>17 opcions<\/strong> que us oferim i recorda que tots tenen l&#8217;<strong>enviament gratu\u00eft.<\/strong>[\/vc_column_text][uncode_index el_id=&#8221;index-416755&#8243; loop=&#8221;size:All|order_by:rand|post_type:product|tax_query:2396|taxonomy_count:10&#8243; screen_lg=&#8221;1000&#8243; screen_md=&#8221;600&#8243; screen_sm=&#8221;480&#8243; gutter_size=&#8221;3&#8243; post_items=&#8221;media|featured|onpost|original,title,link|default|default_size&#8221; product_items=&#8221;title,media|featured|onpost|original|hide-sale|inherit-atc|inherit-w-atc|show-atc,price|default&#8221; single_overlay_opacity=&#8221;50&#8243; single_h_align=&#8221;center&#8221; single_padding=&#8221;2&#8243; uncode_shortcode_id=&#8221;122274&#8243;][vc_column_text]<\/p>\n<h2>Especialment pensat per a escoles i biblioteques d&#8217;aula.<\/h2>\n<p>Degut a la necessitat de refor\u00e7ar les biblioteques d&#8217;aula pel Covid19 o Coronavirus i a fi que diferents aules no comparteixin els mateixos <strong>llibres<\/strong>, els lots\u00a0s\u00f3n perfectes, ja que us els podeu escollir <strong>per etapa escolar i per tem\u00e0tica.<\/strong><\/p>\n<p>I a m\u00e9s a m\u00e9s amb un <strong>5% de descompte<\/strong> aplicat al preu. <span style=\"font-family: -apple-system, BlinkMacSystemFont, 'Segoe UI', Roboto, Oxygen-Sans, Ubuntu, Cantarell, 'Helvetica Neue', sans-serif;\">Si voleu m\u00e9s informaci\u00f3 a fi de demanar una determinada quantitat de lots, contacteu-nos sense comprom\u00eds.<\/span>[\/vc_column_text][\/vc_column][\/vc_row][vc_row row_height_percent=&#8221;0&#8243; overlay_alpha=&#8221;50&#8243; gutter_size=&#8221;3&#8243; column_width_percent=&#8221;100&#8243; shift_y=&#8221;0&#8243; z_index=&#8221;0&#8243;][vc_column column_width_percent=&#8221;100&#8243; align_horizontal=&#8221;align_center&#8221; gutter_size=&#8221;3&#8243; overlay_alpha=&#8221;50&#8243; shift_x=&#8221;0&#8243; shift_y=&#8221;0&#8243; shift_y_down=&#8221;0&#8243; z_index=&#8221;0&#8243; medium_width=&#8221;0&#8243; mobile_width=&#8221;0&#8243; width=&#8221;1\/1&#8243;][vc_column_text]<\/p>\n<p style=\"text-align: center;\">Per qualsevol dubte<\/p>\n<p>[\/vc_column_text][vc_button button_color=&#8221;accent&#8221; border_width=&#8221;0&#8243; link=&#8221;url:mailto%3Ainfo%40editorialelpirata.com|target:_blank&#8221; icon=&#8221;fa fa-envelope-o&#8221; button_color_type=&#8221;uncode-palette&#8221; uncode_shortcode_id=&#8221;198821&#8243;]Contacta&#8217;ns[\/vc_button][\/vc_column][\/vc_row]<\/p>\n<\/div>","protected":false},"excerpt":{"rendered":"<p>[vc_row][vc_column width=&#8221;1\/1&#8243;][vc_column_text] Recull de lots de llibres per a regalar des de 0 anys fins als 12 anys. Propostes variades [&hellip;]<\/p>\n","protected":false},"author":524,"featured_media":87385,"parent":0,"menu_order":0,"comment_status":"closed","ping_status":"closed","template":"","meta":{"footnotes":""},"class_list":["post-97814","page","type-page","status-publish","has-post-thumbnail","hentry"],"_links":{"self":[{"href":"https:\/\/www.editorialelpirata.com\/ca\/wp-json\/wp\/v2\/pages\/97814","targetHints":{"allow":["GET"]}}],"collection":[{"href":"https:\/\/www.editorialelpirata.com\/ca\/wp-json\/wp\/v2\/pages"}],"about":[{"href":"https:\/\/www.editorialelpirata.com\/ca\/wp-json\/wp\/v2\/types\/page"}],"author":[{"embeddable":true,"href":"https:\/\/www.editorialelpirata.com\/ca\/wp-json\/wp\/v2\/users\/524"}],"replies":[{"embeddable":true,"href":"https:\/\/www.editorialelpirata.com\/ca\/wp-json\/wp\/v2\/comments?post=97814"}],"version-history":[{"count":4,"href":"https:\/\/www.editorialelpirata.com\/ca\/wp-json\/wp\/v2\/pages\/97814\/revisions"}],"predecessor-version":[{"id":100482,"href":"https:\/\/www.editorialelpirata.com\/ca\/wp-json\/wp\/v2\/pages\/97814\/revisions\/100482"}],"wp:featuredmedia":[{"embeddable":true,"href":"https:\/\/www.editorialelpirata.com\/ca\/wp-json\/"}],"wp:attachment":[{"href":"https:\/\/www.editorialelpirata.com\/ca\/wp-json\/wp\/v2\/media?parent=97814"}],"curies":[{"name":"wp","href":"https:\/\/api.w.org\/{rel}","templated":true}]}}