{"id":97807,"date":"2021-02-05T15:32:50","date_gmt":"2021-02-05T15:32:50","guid":{"rendered":"https:\/\/www.edicionsdelpirata.cat\/?page_id=7302"},"modified":"2025-01-05T22:45:15","modified_gmt":"2025-01-05T22:45:15","slug":"solucionari-llibre-civilitzacions","status":"publish","type":"page","link":"https:\/\/www.editorialelpirata.com\/ca\/solucionari-llibre-civilitzacions\/","title":{"rendered":"SOLUCIONARI &#8220;EL GRAN LLIBRE JOC DE LES CIVILITZACIONS&#8221;"},"content":{"rendered":"<div class=\"wpb-content-wrapper\"><p>[vc_row][vc_column][vc_row_inner][vc_column_inner width=&#8221;1\/1&#8243;][vc_custom_heading]<\/p>\n<h1 class=\"post-title\">SOLUCIONARI \u201cEL GRAN LLIBRE JOC DE LES CIVILITZACIONS\u201d<\/h1>\n<p>[\/vc_custom_heading][\/vc_column_inner][\/vc_row_inner][vc_row_inner][vc_column_inner width=&#8221;1\/1&#8243;][vc_column_text uncode_shortcode_id=&#8221;139929&#8243;]T&#8217;ha agradat <a href=\"https:\/\/www.editorialelpirata.com\/ca\/producte\/el-gran-llibre-joc-de-les-civilitzacions\/\" target=\"_blank\" rel=\"noopener noreferrer\"><em><strong>El gran llibre joc de les civilitzacions<\/strong><\/em><\/a>? Doncs aqu\u00ed hi trobar\u00e0s un document gratu\u00eft amb totes les <strong>solucions<\/strong> per veure si has encertat!<\/p>\n<p>I no nom\u00e9s aix\u00f2! A m\u00e9s de les solucions, aprendr\u00e0s una s\u00e8rie de <strong>curiositats<\/strong> sobre les cultures que hem vist a les il\u00b7lustracions del llibre.<\/p>\n<h3 style=\"text-align: center;\"><a href=\"https:\/\/drive.google.com\/file\/d\/1MxJf0b9a1mkvgRcUB7AwhVHBmgrDWyPK\/view?usp=sharing\" target=\"_blank\" rel=\"noopener\">Descarrega el PDF per veure les solucions i les curiositats<\/a><\/h3>\n<p>[\/vc_column_text][\/vc_column_inner][\/vc_row_inner][vc_row_inner][vc_column_inner width=&#8221;1\/4&#8243;][vc_single_image media=&#8221;99570&#8243; media_width_percent=&#8221;100&#8243; uncode_shortcode_id=&#8221;958364&#8243; media_link=&#8221;url:https%3A%2F%2Fwww.editorialelpirata.com%2Fproducto%2Fgran-libro-juego-civilizaciones-libros-jugar%2F|title:EL%20GRAN%20LIBRO%20JUEGO%20DE%20LAS%20CIVILIZACIONES|target:_blank&#8221;][\/vc_column_inner][vc_column_inner width=&#8221;3\/4&#8243;][vc_single_image media=&#8221;98808&#8243; media_width_percent=&#8221;100&#8243; media_link=&#8221;title:EL%20GRAN%20LLIBRE%20JOC%20DE%20LES%20CIVILITZACIONS|target:_blank&#8221; uncode_shortcode_id=&#8221;211209&#8243;][\/vc_column_inner][\/vc_row_inner][vc_row_inner][vc_column_inner width=&#8221;1\/1&#8243;][vc_column_text]<\/p>\n<h4>Has trobat <strong>m\u00e9s elements que els que apareixen en aquest solucionari<\/strong>? No pateixis, aix\u00f2 vol dir que ho has fet molt b\u00e9!<\/h4>\n<p>[\/vc_column_text][\/vc_column_inner][\/vc_row_inner][vc_row_inner][vc_column_inner width=&#8221;1\/4&#8243;][\/vc_column_inner][vc_column_inner width=&#8221;1\/2&#8243;][vc_button button_color=&#8221;color-210407&#8243; size=&#8221;btn-xl&#8221; border_width=&#8221;0&#8243; link=&#8221;url:https%3A%2F%2Fdrive.google.com%2Ffile%2Fd%2F1MxJf0b9a1mkvgRcUB7AwhVHBmgrDWyPK%2Fview%3Fusp%3Dsharing|target:_blank&#8221; button_color_type=&#8221;uncode-palette&#8221; uncode_shortcode_id=&#8221;139757&#8243;]DESCARREGA EL SOLUCIONARI[\/vc_button][\/vc_column_inner][vc_column_inner width=&#8221;1\/4&#8243;][\/vc_column_inner][\/vc_row_inner][vc_row_inner][vc_column_inner width=&#8221;1\/4&#8243;][\/vc_column_inner][vc_column_inner width=&#8221;1\/2&#8243;][vc_single_image media=&#8221;99708&#8243; media_width_percent=&#8221;100&#8243; uncode_shortcode_id=&#8221;130394&#8243; media_link=&#8221;url:https%3A%2F%2Fdrive.google.com%2Ffile%2Fd%2F1MxJf0b9a1mkvgRcUB7AwhVHBmgrDWyPK%2Fview%3Fusp%3Dsharing|target:_blank&#8221;][\/vc_column_inner][vc_column_inner width=&#8221;1\/4&#8243;][\/vc_column_inner][\/vc_row_inner][\/vc_column][\/vc_row]<\/p>\n<\/div>","protected":false},"excerpt":{"rendered":"<p>[vc_row][vc_column][vc_row_inner][vc_column_inner width=&#8221;1\/1&#8243;][vc_custom_heading] SOLUCIONARI \u201cEL GRAN LLIBRE JOC DE LES CIVILITZACIONS\u201d [\/vc_custom_heading][\/vc_column_inner][\/vc_row_inner][vc_row_inner][vc_column_inner width=&#8221;1\/1&#8243;][vc_column_text uncode_shortcode_id=&#8221;139929&#8243;]T&#8217;ha agradat El gran llibre joc de les [&hellip;]<\/p>\n","protected":false},"author":524,"featured_media":87810,"parent":0,"menu_order":0,"comment_status":"closed","ping_status":"closed","template":"","meta":{"footnotes":""},"class_list":["post-97807","page","type-page","status-publish","has-post-thumbnail","hentry"],"_links":{"self":[{"href":"https:\/\/www.editorialelpirata.com\/ca\/wp-json\/wp\/v2\/pages\/97807","targetHints":{"allow":["GET"]}}],"collection":[{"href":"https:\/\/www.editorialelpirata.com\/ca\/wp-json\/wp\/v2\/pages"}],"about":[{"href":"https:\/\/www.editorialelpirata.com\/ca\/wp-json\/wp\/v2\/types\/page"}],"author":[{"embeddable":true,"href":"https:\/\/www.editorialelpirata.com\/ca\/wp-json\/wp\/v2\/users\/524"}],"replies":[{"embeddable":true,"href":"https:\/\/www.editorialelpirata.com\/ca\/wp-json\/wp\/v2\/comments?post=97807"}],"version-history":[{"count":4,"href":"https:\/\/www.editorialelpirata.com\/ca\/wp-json\/wp\/v2\/pages\/97807\/revisions"}],"predecessor-version":[{"id":102254,"href":"https:\/\/www.editorialelpirata.com\/ca\/wp-json\/wp\/v2\/pages\/97807\/revisions\/102254"}],"wp:featuredmedia":[{"embeddable":true,"href":"https:\/\/www.editorialelpirata.com\/ca\/wp-json\/"}],"wp:attachment":[{"href":"https:\/\/www.editorialelpirata.com\/ca\/wp-json\/wp\/v2\/media?parent=97807"}],"curies":[{"name":"wp","href":"https:\/\/api.w.org\/{rel}","templated":true}]}}