{"id":97800,"date":"2020-04-12T18:00:42","date_gmt":"2020-04-12T18:00:42","guid":{"rendered":"http:\/\/www.edicionsdelpirata.cat\/?page_id=6748"},"modified":"2024-10-30T10:59:58","modified_gmt":"2024-10-30T10:59:58","slug":"llibres-nens-2-5-anys","status":"publish","type":"page","link":"https:\/\/www.editorialelpirata.com\/ca\/llibres-nens-2-5-anys\/","title":{"rendered":"Llibres per a nens de 2 a 5 anys"},"content":{"rendered":"<div class=\"wpb-content-wrapper\"><p>[vc_row][vc_column][vc_column_text uncode_shortcode_id=&#8221;123699&#8243;]<\/p>\n<h1 style=\"text-align: center;\"><strong>Llibres per a nens i nenes de 2 a 5 anys<\/strong><\/h1>\n<h2>Voleu veure els \u00e0lbums il\u00b7lustrats, pirates? Les il\u00b7lustracions us deixaran bocabadats!<\/h2>\n<p>Un \u00e0lbum il\u00b7lustrat \u00e9s un llibre amb diversos contes o un de sol, per\u00f2 amb la caracter\u00edstica que les il\u00b7lustracions en s\u00f3n una part imprescindible: sense elles el llibre no tindria el mateix sentit.<\/p>\n<h4>Us recomanem els llibres a partir de les seg\u00fcents edats:<\/h4>\n<p>&nbsp;<\/p>\n<h2 style=\"text-align: center;\"><\/h2>\n<p>[\/vc_column_text][uncode_index el_id=&#8221;index-128718&#8243; index_type=&#8221;carousel&#8221; loop=&#8221;size:All|order_by:rand|post_type:product|tax_query:2356|taxonomy_count:10&#8243; carousel_lg=&#8221;4&#8243; carousel_md=&#8221;4&#8243; carousel_sm=&#8221;1&#8243; gutter_size=&#8221;3&#8243; product_items=&#8221;media|featured|onpost|original|hide-sale|inherit-atc|inherit-w-atc|atc-typo-default|show-atc&#8221; carousel_interval=&#8221;3000&#8243; carousel_navspeed=&#8221;400&#8243; stage_padding=&#8221;0&#8243; single_overlay_opacity=&#8221;50&#8243; single_h_align=&#8221;center&#8221; single_padding=&#8221;2&#8243; uncode_shortcode_id=&#8221;866122&#8243;][vc_column_text uncode_shortcode_id=&#8221;134357&#8243;]<\/p>\n<h2 style=\"text-align: center;\"><strong>\u00c0lbums il\u00b7lustrats<\/strong><\/h2>\n<p>[\/vc_column_text][uncode_index el_id=&#8221;index-1287184&#8243; index_type=&#8221;carousel&#8221; loop=&#8221;size:All|order_by:rand|post_type:product|tax_query:2330,2334,2331|taxonomy_count:10&#8243; carousel_lg=&#8221;4&#8243; carousel_md=&#8221;4&#8243; carousel_sm=&#8221;1&#8243; gutter_size=&#8221;3&#8243; product_items=&#8221;media|featured|onpost|original|hide-sale|inherit-atc|inherit-w-atc|atc-typo-default|show-atc&#8221; carousel_interval=&#8221;3000&#8243; carousel_navspeed=&#8221;400&#8243; stage_padding=&#8221;0&#8243; single_overlay_opacity=&#8221;50&#8243; single_h_align=&#8221;center&#8221; single_padding=&#8221;2&#8243; uncode_shortcode_id=&#8221;980508&#8243;][\/vc_column][\/vc_row]<\/p>\n<\/div>","protected":false},"excerpt":{"rendered":"<p>[vc_row][vc_column][vc_column_text uncode_shortcode_id=&#8221;123699&#8243;] Llibres per a nens i nenes de 2 a 5 anys Voleu veure els \u00e0lbums il\u00b7lustrats, pirates? Les [&hellip;]<\/p>\n","protected":false},"author":26,"featured_media":0,"parent":0,"menu_order":0,"comment_status":"closed","ping_status":"closed","template":"","meta":{"footnotes":""},"class_list":["post-97800","page","type-page","status-publish","hentry"],"_links":{"self":[{"href":"https:\/\/www.editorialelpirata.com\/ca\/wp-json\/wp\/v2\/pages\/97800","targetHints":{"allow":["GET"]}}],"collection":[{"href":"https:\/\/www.editorialelpirata.com\/ca\/wp-json\/wp\/v2\/pages"}],"about":[{"href":"https:\/\/www.editorialelpirata.com\/ca\/wp-json\/wp\/v2\/types\/page"}],"author":[{"embeddable":true,"href":"https:\/\/www.editorialelpirata.com\/ca\/wp-json\/wp\/v2\/users\/26"}],"replies":[{"embeddable":true,"href":"https:\/\/www.editorialelpirata.com\/ca\/wp-json\/wp\/v2\/comments?post=97800"}],"version-history":[{"count":4,"href":"https:\/\/www.editorialelpirata.com\/ca\/wp-json\/wp\/v2\/pages\/97800\/revisions"}],"predecessor-version":[{"id":100756,"href":"https:\/\/www.editorialelpirata.com\/ca\/wp-json\/wp\/v2\/pages\/97800\/revisions\/100756"}],"wp:attachment":[{"href":"https:\/\/www.editorialelpirata.com\/ca\/wp-json\/wp\/v2\/media?parent=97800"}],"curies":[{"name":"wp","href":"https:\/\/api.w.org\/{rel}","templated":true}]}}