{"id":97799,"date":"2020-04-12T15:05:41","date_gmt":"2020-04-12T15:05:41","guid":{"rendered":"http:\/\/www.edicionsdelpirata.cat\/?page_id=6744"},"modified":"2025-05-23T11:51:00","modified_gmt":"2025-05-23T11:51:00","slug":"llibres-nens-0-2-anys","status":"publish","type":"page","link":"https:\/\/www.editorialelpirata.com\/ca\/llibres-nens-0-2-anys\/","title":{"rendered":"Llibres per a nens de 0 a 2 anys"},"content":{"rendered":"<div class=\"wpb-content-wrapper\"><p>[vc_row][vc_column][vc_column_text uncode_shortcode_id=&#8221;153642&#8243;]<\/p>\n<h2><strong>Contes i llibres per a nens i nenes de 0 a 24 mesos<\/strong><\/h2>\n<h4>Si busques un llibre per a un nen o nena de 0 a 2 anys, tens l&#8217;enviament gratu\u00eft a partir de 24,95\u20ac.<\/h4>\n<p>[\/vc_column_text][uncode_index el_id=&#8221;index-6242822&#8243; isotope_mode=&#8221;fitRows&#8221; loop=&#8221;size:All|order_by:date|order:DESC|post_type:product|tax_query:2888,2808,2962,2362,2809,2810,2419,3013,2963|taxonomy_count:10&#8243; screen_lg=&#8221;1000&#8243; screen_md=&#8221;600&#8243; screen_sm=&#8221;480&#8243; gutter_size=&#8221;3&#8243; product_items=&#8221;title,media|featured|onpost|original|hide-sale|inherit-atc|inherit-w-atc|show-atc,price|default&#8221; single_width=&#8221;3&#8243; single_overlay_opacity=&#8221;50&#8243; single_h_align=&#8221;center&#8221; single_padding=&#8221;2&#8243; uncode_shortcode_id=&#8221;309421&#8243;][vc_column_text uncode_shortcode_id=&#8221;177056&#8243;]<strong>Tots aquests contes s\u00f3n adients per a infants de 0 a 2 anys, o m\u00e9s<\/strong>. S\u00f3n llibres amb totes les p\u00e0gines de cartr\u00f3 per tal que els m\u00e9s petits puguin tocar-los i jugar-hi tranquil\u00b7lament, sense por d&#8217;estripar-los o de tallar-se. Les cantonades s\u00f3n rodones.[\/vc_column_text][\/vc_column][\/vc_row][vc_row][vc_column width=&#8221;1\/4&#8243;][\/vc_column][vc_column width=&#8221;1\/2&#8243;][vc_single_image media=&#8221;98229&#8243; media_width_percent=&#8221;100&#8243; uncode_shortcode_id=&#8221;700367&#8243;][\/vc_column][vc_column width=&#8221;1\/4&#8243;][\/vc_column][\/vc_row][vc_row][vc_column width=&#8221;1\/1&#8243;][vc_column_text]<strong>\u00c0lbums il\u00b7lustrats per explicar durant hores&#8230;<\/strong>[\/vc_column_text][uncode_index el_id=&#8221;index-332818&#8243; index_type=&#8221;carousel&#8221; loop=&#8221;size:All|order_by:date|post_type:product|tax_query:2330|taxonomy_count:10&#8243; carousel_lg=&#8221;4&#8243; carousel_md=&#8221;4&#8243; carousel_sm=&#8221;1&#8243; gutter_size=&#8221;3&#8243; product_items=&#8221;title,media|featured|onpost|original|hide-sale|inherit-atc|inherit-w-atc|show-atc,price|default&#8221; carousel_interval=&#8221;10000&#8243; carousel_navspeed=&#8221;1000&#8243; carousel_nav=&#8221;yes&#8221; carousel_nav_mobile=&#8221;yes&#8221; carousel_dots=&#8221;yes&#8221; carousel_dots_mobile=&#8221;yes&#8221; stage_padding=&#8221;0&#8243; single_overlay_opacity=&#8221;50&#8243; single_h_align=&#8221;center&#8221; single_padding=&#8221;2&#8243; uncode_shortcode_id=&#8221;651103&#8243;][\/vc_column][\/vc_row]<\/p>\n<\/div>","protected":false},"excerpt":{"rendered":"<p>[vc_row][vc_column][vc_column_text uncode_shortcode_id=&#8221;153642&#8243;] Contes i llibres per a nens i nenes de 0 a 24 mesos Si busques un llibre per [&hellip;]<\/p>\n","protected":false},"author":26,"featured_media":87918,"parent":0,"menu_order":0,"comment_status":"closed","ping_status":"closed","template":"","meta":{"footnotes":""},"class_list":["post-97799","page","type-page","status-publish","has-post-thumbnail","hentry"],"_links":{"self":[{"href":"https:\/\/www.editorialelpirata.com\/ca\/wp-json\/wp\/v2\/pages\/97799","targetHints":{"allow":["GET"]}}],"collection":[{"href":"https:\/\/www.editorialelpirata.com\/ca\/wp-json\/wp\/v2\/pages"}],"about":[{"href":"https:\/\/www.editorialelpirata.com\/ca\/wp-json\/wp\/v2\/types\/page"}],"author":[{"embeddable":true,"href":"https:\/\/www.editorialelpirata.com\/ca\/wp-json\/wp\/v2\/users\/26"}],"replies":[{"embeddable":true,"href":"https:\/\/www.editorialelpirata.com\/ca\/wp-json\/wp\/v2\/comments?post=97799"}],"version-history":[{"count":6,"href":"https:\/\/www.editorialelpirata.com\/ca\/wp-json\/wp\/v2\/pages\/97799\/revisions"}],"predecessor-version":[{"id":103842,"href":"https:\/\/www.editorialelpirata.com\/ca\/wp-json\/wp\/v2\/pages\/97799\/revisions\/103842"}],"wp:featuredmedia":[{"embeddable":true,"href":"https:\/\/www.editorialelpirata.com\/ca\/wp-json\/"}],"wp:attachment":[{"href":"https:\/\/www.editorialelpirata.com\/ca\/wp-json\/wp\/v2\/media?parent=97799"}],"curies":[{"name":"wp","href":"https:\/\/api.w.org\/{rel}","templated":true}]}}