{"id":97795,"date":"2017-11-05T01:45:07","date_gmt":"2017-11-05T01:45:07","guid":{"rendered":"http:\/\/www.edicionsdelpirata.cat\/new\/?page_id=5594"},"modified":"2024-10-17T14:47:38","modified_gmt":"2024-10-17T14:47:38","slug":"llibres-de-cartone-per-a-nens","status":"publish","type":"page","link":"https:\/\/www.editorialelpirata.com\/ca\/llibres-de-cartone-per-a-nens\/","title":{"rendered":"Llibres de carton\u00e9 per a nens"},"content":{"rendered":"<div class=\"wpb-content-wrapper\"><p>[vc_row][vc_column][vc_column_text uncode_shortcode_id=&#8221;454827&#8243;]<strong>Llibres de carton\u00e9 pels m\u00e9s petits: <\/strong>Contes amb totes les p\u00e0gines de cart\u00f3 per tal que els m\u00e9s petits puguin toquerejar-los i jugar-hi tranquil\u00b7lament, sense por de trencar-los o de tallar-se. Les cantonades s\u00f3n rodones.[\/vc_column_text][uncode_index el_id=&#8221;index-836547&#8243; loop=&#8221;size:4|order_by:rand|post_type:product|tax_query:2362,2420|taxonomy_count:10&#8243; screen_lg=&#8221;1000&#8243; screen_md=&#8221;600&#8243; screen_sm=&#8221;480&#8243; gutter_size=&#8221;3&#8243; single_overlay_opacity=&#8221;50&#8243; single_padding=&#8221;2&#8243; uncode_shortcode_id=&#8221;149775&#8243;][\/vc_column][\/vc_row]<\/p>\n<\/div>","protected":false},"excerpt":{"rendered":"<p>[vc_row][vc_column][vc_column_text uncode_shortcode_id=&#8221;454827&#8243;]Llibres de carton\u00e9 pels m\u00e9s petits: Contes amb totes les p\u00e0gines de cart\u00f3 per tal que els m\u00e9s petits [&hellip;]<\/p>\n","protected":false},"author":26,"featured_media":0,"parent":0,"menu_order":0,"comment_status":"closed","ping_status":"closed","template":"","meta":{"footnotes":""},"class_list":["post-97795","page","type-page","status-publish","hentry"],"_links":{"self":[{"href":"https:\/\/www.editorialelpirata.com\/ca\/wp-json\/wp\/v2\/pages\/97795","targetHints":{"allow":["GET"]}}],"collection":[{"href":"https:\/\/www.editorialelpirata.com\/ca\/wp-json\/wp\/v2\/pages"}],"about":[{"href":"https:\/\/www.editorialelpirata.com\/ca\/wp-json\/wp\/v2\/types\/page"}],"author":[{"embeddable":true,"href":"https:\/\/www.editorialelpirata.com\/ca\/wp-json\/wp\/v2\/users\/26"}],"replies":[{"embeddable":true,"href":"https:\/\/www.editorialelpirata.com\/ca\/wp-json\/wp\/v2\/comments?post=97795"}],"version-history":[{"count":3,"href":"https:\/\/www.editorialelpirata.com\/ca\/wp-json\/wp\/v2\/pages\/97795\/revisions"}],"predecessor-version":[{"id":100625,"href":"https:\/\/www.editorialelpirata.com\/ca\/wp-json\/wp\/v2\/pages\/97795\/revisions\/100625"}],"wp:attachment":[{"href":"https:\/\/www.editorialelpirata.com\/ca\/wp-json\/wp\/v2\/media?parent=97795"}],"curies":[{"name":"wp","href":"https:\/\/api.w.org\/{rel}","templated":true}]}}