{"id":97794,"date":"2017-05-23T18:01:31","date_gmt":"2017-05-23T18:01:31","guid":{"rendered":"http:\/\/edicionsdelpirata.cat\/?page_id=5407"},"modified":"2024-10-17T13:54:33","modified_gmt":"2024-10-17T13:54:33","slug":"comandes","status":"publish","type":"page","link":"https:\/\/www.editorialelpirata.com\/ca\/comandes\/","title":{"rendered":"Comandes"},"content":{"rendered":"<p>Disposem de dos segells editorials:\u00a0 <a href=\"https:\/\/www.editorialelpirata.com\/ca\/\" target=\"_blank\" rel=\"noopener\">Edicions del Pirata<\/a> (segell en catal\u00e0) i <a href=\"https:\/\/www.editorialelpirata.com\">Editorial el Pirata<\/a> (segell en castell\u00e0 i angl\u00e8s).<\/p>\n<p>Podeu comprar la versi\u00f3 en llengua castellana des d&#8217;aquesta mateixa p\u00e0gina web per aquells t\u00edtols que hi hagi ambd\u00f3s idiomes publicats.<\/p>\n<p>Per tal de fer una comanda per un centre escolar, envieu un correu al seg\u00fcent email detallant els t\u00edtols que us interessen, i us enviarem un pressupost adaptat al centre:<\/p>\n<p><a href=\"mailto:escoles@edicionsdelpirata.cat\">escoles@editorialelpirata.com<\/a><\/p>\n<p>&nbsp;<\/p>\n<p>Moltes gr\u00e0cies i bona lectura!<\/p>\n<p>&nbsp;<\/p>\n","protected":false},"excerpt":{"rendered":"<p>Disposem de dos segells editorials:\u00a0 Edicions del Pirata (segell en catal\u00e0) i Editorial el Pirata (segell en castell\u00e0 i angl\u00e8s). [&hellip;]<\/p>\n","protected":false},"author":26,"featured_media":0,"parent":0,"menu_order":0,"comment_status":"closed","ping_status":"closed","template":"","meta":{"footnotes":""},"class_list":["post-97794","page","type-page","status-publish","hentry"],"_links":{"self":[{"href":"https:\/\/www.editorialelpirata.com\/ca\/wp-json\/wp\/v2\/pages\/97794","targetHints":{"allow":["GET"]}}],"collection":[{"href":"https:\/\/www.editorialelpirata.com\/ca\/wp-json\/wp\/v2\/pages"}],"about":[{"href":"https:\/\/www.editorialelpirata.com\/ca\/wp-json\/wp\/v2\/types\/page"}],"author":[{"embeddable":true,"href":"https:\/\/www.editorialelpirata.com\/ca\/wp-json\/wp\/v2\/users\/26"}],"replies":[{"embeddable":true,"href":"https:\/\/www.editorialelpirata.com\/ca\/wp-json\/wp\/v2\/comments?post=97794"}],"version-history":[{"count":2,"href":"https:\/\/www.editorialelpirata.com\/ca\/wp-json\/wp\/v2\/pages\/97794\/revisions"}],"predecessor-version":[{"id":100606,"href":"https:\/\/www.editorialelpirata.com\/ca\/wp-json\/wp\/v2\/pages\/97794\/revisions\/100606"}],"wp:attachment":[{"href":"https:\/\/www.editorialelpirata.com\/ca\/wp-json\/wp\/v2\/media?parent=97794"}],"curies":[{"name":"wp","href":"https:\/\/api.w.org\/{rel}","templated":true}]}}