{"id":97792,"date":"2017-02-08T08:29:04","date_gmt":"2017-02-08T08:29:04","guid":{"rendered":"http:\/\/edicionsdelpirata.cat\/?page_id=5159"},"modified":"2025-04-29T08:11:52","modified_gmt":"2025-04-29T08:11:52","slug":"llibres-en-lletra-lligada-6-anys","status":"publish","type":"page","link":"https:\/\/www.editorialelpirata.com\/ca\/llibres-en-lletra-lligada-6-anys\/","title":{"rendered":"Llibres en lletra lligada per a 6 anys"},"content":{"rendered":"<div class=\"wpb-content-wrapper\"><p>[vc_row][vc_column][vc_custom_heading heading_semantic=&#8221;h1&#8243; uncode_shortcode_id=&#8221;175865&#8243;]<\/p>\n<h1>Llibres en<strong> lletra lligada per a 6 anys<\/strong><\/h1>\n<p>[\/vc_custom_heading][vc_column_text uncode_shortcode_id=&#8221;480270&#8243;]<\/p>\n<h2><strong>COL\u00b7LECCI\u00d3 EL DRAC PASQUAL DESCOBREIX EL M\u00d3N<\/strong><\/h2>\n<p>[\/vc_column_text][vc_column_text uncode_shortcode_id=&#8221;901501&#8243;]Els llibres de la col\u00b7lecci\u00f3 <a href=\"https:\/\/www.editorialelpirata.com\/ca\/drac-pasqual-descobreix-el-mon\/\"><strong>El drac Pasqual descobreix el m\u00f3n<\/strong><\/a> s\u00f3n sis contes en lletra lligada per con\u00e8ixer els continents del planeta Terra.<\/p>\n<p>Permeten a l&#8217;infant interactuar amb els personatges dels llibres fent-li preguntes del que est\u00e0 passant a la hist\u00f2ria i de certs coneixements. Tamb\u00e9 trobareu un text molt divertit i entranyable.[\/vc_column_text][\/vc_column][\/vc_row][vc_row][vc_column width=&#8221;1\/3&#8243;][vc_single_image media=&#8221;98307&#8243; media_width_percent=&#8221;100&#8243; uncode_shortcode_id=&#8221;154491&#8243; media_link=&#8221;url:https%3A%2F%2Fwww.editorialelpirata.com%2Fca%2Fproducto%2Fdrac-pasqual-descobreix-europa-llibres-6-anys%2F|title:EL%20DRAC%20PASQUAL%20DESCOBREIX%20EUROPA|target:_blank|rel:nofollow&#8221;][\/vc_column][vc_column width=&#8221;1\/3&#8243;][vc_single_image media=&#8221;98340&#8243; media_width_percent=&#8221;100&#8243; uncode_shortcode_id=&#8221;181913&#8243; media_link=&#8221;url:https%3A%2F%2Fwww.editorialelpirata.com%2Fca%2Fproducto%2Fdrac-pasqual-descobreix-asia-llibres-5-anys%2F|title:EL%20DRAC%20PASQUAL%20DESCOBREIX%20L%E2%80%99%C3%80SIA|target:_blank&#8221;][\/vc_column][vc_column width=&#8221;1\/3&#8243;][vc_single_image media=&#8221;98331&#8243; media_width_percent=&#8221;100&#8243; uncode_shortcode_id=&#8221;802469&#8243; media_link=&#8221;url:https%3A%2F%2Fwww.editorialelpirata.com%2Fca%2Fproducto%2Fdrac-pasqual-descobreix-africa-llibres-5-anys%2F|title:EL%20DRAC%20PASQUAL%20DESCOBREIX%20L%E2%80%99%C3%80FRICA|target:_blank&#8221;][\/vc_column][\/vc_row][vc_row][vc_column width=&#8221;1\/3&#8243;][vc_single_image media=&#8221;98343&#8243; media_width_percent=&#8221;100&#8243; uncode_shortcode_id=&#8221;224730&#8243; media_link=&#8221;url:https%3A%2F%2Fwww.editorialelpirata.com%2Fca%2Fproducto%2Fdrac-pasqual-descobreix-antartida-llibres-lletra-lligada%2F|title:EL%20DRAC%20PASQUAL%20DESCOBREIX%20L%E2%80%99ANT%C3%80RTIDA|target:_blank&#8221;][\/vc_column][vc_column width=&#8221;1\/3&#8243;][vc_single_image media=&#8221;98310&#8243; media_width_percent=&#8221;100&#8243; uncode_shortcode_id=&#8221;219590&#8243; media_link=&#8221;url:https%3A%2F%2Fwww.editorialelpirata.com%2Fca%2Fproducto%2Fdrac-pasqual-descobreix-oceania-llibres-6-anys%2F|title:EL%20DRAC%20PASQUAL%20DESCOBREIX%20OCEANIA|target:_blank&#8221;][\/vc_column][vc_column width=&#8221;1\/3&#8243;][vc_single_image media=&#8221;98328&#8243; media_width_percent=&#8221;100&#8243; uncode_shortcode_id=&#8221;171483&#8243; media_link=&#8221;url:https%3A%2F%2Fwww.editorialelpirata.com%2Fca%2Fproducto%2Fdrac-pasqual-descobreix-america-llibres-6-anys%2F|title:EL%20DRAC%20PASQUAL%20DESCOBREIX%20AM%C3%88RICA|target:_blank&#8221;][\/vc_column][\/vc_row][vc_row][vc_column][vc_row_inner][vc_column_inner width=&#8221;1\/2&#8243;][vc_column_text uncode_shortcode_id=&#8221;911977&#8243;]Els t\u00edtols de la col\u00b7lecci\u00f3, ordenats segons la dificultat de comprensi\u00f3, s\u00f3n els seg\u00fcents:<\/p>\n<ol>\n<li><a href=\"https:\/\/www.editorialelpirata.com\/ca\/producto\/drac-pasqual-descobreix-antartida-llibres-lletra-lligada\/\" target=\"_blank\" rel=\"noopener\"><strong>El drac Pasqual descobreix l&#8217;Ant\u00e0rtida<\/strong><\/a><\/li>\n<li><a href=\"https:\/\/www.editorialelpirata.com\/ca\/producto\/drac-pasqual-descobreix-asia-llibres-5-anys\/\" target=\"_blank\" rel=\"noopener\"><strong>El drac Pasqual descobreix l&#8217;\u00c0sia<\/strong><\/a><\/li>\n<li><a href=\"https:\/\/www.editorialelpirata.com\/ca\/producto\/drac-pasqual-descobreix-africa-llibres-5-anys\/\" target=\"_blank\" rel=\"noopener\"><strong>El drac Pasqual descobreix l&#8217;\u00c0frica<\/strong><\/a><\/li>\n<li><a href=\"https:\/\/www.editorialelpirata.com\/ca\/producto\/drac-pasqual-descobreix-america-llibres-6-anys\/\" target=\"_blank\" rel=\"noopener\"><strong>El drac Pasqual descobreix Am\u00e8rica<\/strong><\/a><\/li>\n<li><a href=\"https:\/\/www.editorialelpirata.com\/ca\/producto\/drac-pasqual-descobreix-europa-llibres-6-anys\/\" target=\"_blank\" rel=\"noopener\"><strong>El drac Pasqual descobreix Europa<\/strong><\/a><\/li>\n<li><a href=\"https:\/\/www.editorialelpirata.com\/ca\/producto\/drac-pasqual-descobreix-oceania-llibres-6-anys\/\" target=\"_blank\" rel=\"noopener\"><strong>El drac Pasqual descobreix Oceania\u00a0<\/strong><\/a><\/li>\n<\/ol>\n<p>[\/vc_column_text][\/vc_column_inner][vc_column_inner width=&#8221;1\/2&#8243;][uncode_index el_id=&#8221;index-182585&#8243; loop=&#8221;size:1|order_by:date|post_type:product|by_id:97054|taxonomy_count:10&#8243; screen_lg=&#8221;1000&#8243; screen_md=&#8221;600&#8243; screen_sm=&#8221;480&#8243; gutter_size=&#8221;3&#8243; product_items=&#8221;media|featured|onpost|original|hide-sale|inherit-atc|inherit-w-atc|atc-typo-default|show-atc,text|excerpt|100,price|default&#8221; single_overlay_opacity=&#8221;50&#8243; single_h_align=&#8221;center&#8221; single_padding=&#8221;2&#8243; uncode_shortcode_id=&#8221;930361&#8243;][\/vc_column_inner][\/vc_row_inner][vc_row_inner][vc_column_inner width=&#8221;1\/6&#8243;][\/vc_column_inner][vc_column_inner width=&#8221;2\/3&#8243;][vc_column_text]<\/p>\n<h4 style=\"text-align: center;\"><strong><a href=\"https:\/\/www.editorialelpirata.com\/pascual-el-dragon-descubre-el-mundo\/\" target=\"_blank\" rel=\"noopener\">Tamb\u00e9 disponibles en castell\u00e0<\/a><\/strong><\/h4>\n<p>[\/vc_column_text][vc_single_image media=&#8221;100216&#8243; media_width_percent=&#8221;100&#8243; uncode_shortcode_id=&#8221;136873&#8243; media_link=&#8221;url:https%3A%2F%2Fwww.editorialelpirata.com%2Fca%2Fproducto%2Flot-de-6-contes-en-lletra-lligada-per-a-nens%2F|title:El%20drac%20Pasqual%20al%20complert|target:_blank&#8221;][\/vc_column_inner][vc_column_inner width=&#8221;1\/6&#8243;][\/vc_column_inner][\/vc_row_inner][\/vc_column][\/vc_row][vc_row row_height_percent=&#8221;0&#8243; back_color=&#8221;color-lxmt&#8221; overlay_alpha=&#8221;50&#8243; gutter_size=&#8221;3&#8243; column_width_percent=&#8221;100&#8243; shift_y=&#8221;0&#8243; z_index=&#8221;0&#8243;][vc_column width=&#8221;1\/1&#8243;][vc_column_text uncode_shortcode_id=&#8221;124646&#8243;]DESCOBREIX TAMB\u00c9:<\/p>\n<h3><a href=\"https:\/\/www.editorialelpirata.com\/ca\/llibres-en-lletra-lligada-6-anys\/\" target=\"_blank\" rel=\"noopener\">Llibres amb lletra lligada i de pal<\/a><\/h3>\n<h3><\/h3>\n<h3><a href=\"https:\/\/www.editorialelpirata.com\/ca\/lletra-lligada-per-pintar\/\" target=\"_blank\" rel=\"noopener\" data-wp-editing=\"1\">Contes amb lletra manuscrita i impremta per pintar<\/a><\/h3>\n<p>[\/vc_column_text][\/vc_column][\/vc_row]<\/p>\n<\/div>","protected":false},"excerpt":{"rendered":"<p>[vc_row][vc_column][vc_custom_heading heading_semantic=&#8221;h1&#8243; uncode_shortcode_id=&#8221;175865&#8243;] Llibres en lletra lligada per a 6 anys [\/vc_custom_heading][vc_column_text uncode_shortcode_id=&#8221;480270&#8243;] COL\u00b7LECCI\u00d3 EL DRAC PASQUAL DESCOBREIX EL M\u00d3N [&hellip;]<\/p>\n","protected":false},"author":26,"featured_media":87399,"parent":0,"menu_order":0,"comment_status":"closed","ping_status":"closed","template":"","meta":{"footnotes":""},"class_list":["post-97792","page","type-page","status-publish","has-post-thumbnail","hentry"],"_links":{"self":[{"href":"https:\/\/www.editorialelpirata.com\/ca\/wp-json\/wp\/v2\/pages\/97792","targetHints":{"allow":["GET"]}}],"collection":[{"href":"https:\/\/www.editorialelpirata.com\/ca\/wp-json\/wp\/v2\/pages"}],"about":[{"href":"https:\/\/www.editorialelpirata.com\/ca\/wp-json\/wp\/v2\/types\/page"}],"author":[{"embeddable":true,"href":"https:\/\/www.editorialelpirata.com\/ca\/wp-json\/wp\/v2\/users\/26"}],"replies":[{"embeddable":true,"href":"https:\/\/www.editorialelpirata.com\/ca\/wp-json\/wp\/v2\/comments?post=97792"}],"version-history":[{"count":11,"href":"https:\/\/www.editorialelpirata.com\/ca\/wp-json\/wp\/v2\/pages\/97792\/revisions"}],"predecessor-version":[{"id":103325,"href":"https:\/\/www.editorialelpirata.com\/ca\/wp-json\/wp\/v2\/pages\/97792\/revisions\/103325"}],"wp:featuredmedia":[{"embeddable":true,"href":"https:\/\/www.editorialelpirata.com\/ca\/wp-json\/"}],"wp:attachment":[{"href":"https:\/\/www.editorialelpirata.com\/ca\/wp-json\/wp\/v2\/media?parent=97792"}],"curies":[{"name":"wp","href":"https:\/\/api.w.org\/{rel}","templated":true}]}}