{"id":97790,"date":"2016-08-02T08:32:41","date_gmt":"2016-08-02T08:32:41","guid":{"rendered":"http:\/\/edicionsdelpirata.cat\/?page_id=4918"},"modified":"2026-03-17T11:54:00","modified_gmt":"2026-03-17T11:54:00","slug":"albums-illustrats","status":"publish","type":"page","link":"https:\/\/www.editorialelpirata.com\/ca\/albums-illustrats\/","title":{"rendered":"\u00c0lbums il\u00b7lustrats"},"content":{"rendered":"<div class=\"wpb-content-wrapper\"><p>[vc_row][vc_column][vc_custom_heading]<\/p>\n<h2>\u00c0lbums il\u00b7lustrats<\/h2>\n<p>[\/vc_custom_heading][vc_column_text]Voleu veure els \u00e0lbums il\u00b7lustrats pirates? Les il\u00b7lustracions us deixaran bocabadats![\/vc_column_text][uncode_index el_id=&#8221;index-195457&#8243; loop=&#8221;size:20|order_by:date|order:DESC|post_type:product|tax_query:2331|taxonomy_count:10&#8243; screen_lg=&#8221;&#8221; screen_md=&#8221;&#8221; screen_sm=&#8221;&#8221; gutter_size=&#8221;3&#8243; post_items=&#8221;media|featured|onpost|original,title|-,link|default|default_size|scale_mobile|default_width|default_outline|Comprar&#8221; product_items=&#8221;media|featured|onpost|original|hide-sale|inherit-atc|inherit-w-atc|atc-typo-default|hide-atc,title|-,link|default|default_size|scale_mobile|default_width|default_outline|Comprar&#8221; pagination=&#8221;yes&#8221; single_width=&#8221;3&#8243; single_overlay_opacity=&#8221;50&#8243; single_h_align=&#8221;center&#8221; single_padding=&#8221;2&#8243; uncode_shortcode_id=&#8221;107758&#8243;][vc_column_text]<\/p>\n<blockquote>\n<h3>Un \u00e0lbum il\u00b7lustrat \u00e9s un llibre amb varis contes o un de sol per\u00f2 amb la caracter\u00edstica que les il\u00b7lustracions juguen una part imprescindible: sense elles el llibre no tindria el mateix sentit.<\/h3>\n<\/blockquote>\n<p>[\/vc_column_text][\/vc_column][\/vc_row]<\/p>\n<\/div>","protected":false},"excerpt":{"rendered":"<p>[vc_row][vc_column][vc_custom_heading] \u00c0lbums il\u00b7lustrats [\/vc_custom_heading][vc_column_text]Voleu veure els \u00e0lbums il\u00b7lustrats pirates? Les il\u00b7lustracions us deixaran bocabadats![\/vc_column_text][uncode_index el_id=&#8221;index-195457&#8243; loop=&#8221;size:20|order_by:date|order:DESC|post_type:product|tax_query:2331|taxonomy_count:10&#8243; screen_lg=&#8221;&#8221; screen_md=&#8221;&#8221; screen_sm=&#8221;&#8221; gutter_size=&#8221;3&#8243; [&hellip;]<\/p>\n","protected":false},"author":26,"featured_media":0,"parent":0,"menu_order":0,"comment_status":"closed","ping_status":"closed","template":"","meta":{"footnotes":""},"class_list":["post-97790","page","type-page","status-publish","hentry"],"_links":{"self":[{"href":"https:\/\/www.editorialelpirata.com\/ca\/wp-json\/wp\/v2\/pages\/97790","targetHints":{"allow":["GET"]}}],"collection":[{"href":"https:\/\/www.editorialelpirata.com\/ca\/wp-json\/wp\/v2\/pages"}],"about":[{"href":"https:\/\/www.editorialelpirata.com\/ca\/wp-json\/wp\/v2\/types\/page"}],"author":[{"embeddable":true,"href":"https:\/\/www.editorialelpirata.com\/ca\/wp-json\/wp\/v2\/users\/26"}],"replies":[{"embeddable":true,"href":"https:\/\/www.editorialelpirata.com\/ca\/wp-json\/wp\/v2\/comments?post=97790"}],"version-history":[{"count":19,"href":"https:\/\/www.editorialelpirata.com\/ca\/wp-json\/wp\/v2\/pages\/97790\/revisions"}],"predecessor-version":[{"id":106250,"href":"https:\/\/www.editorialelpirata.com\/ca\/wp-json\/wp\/v2\/pages\/97790\/revisions\/106250"}],"wp:attachment":[{"href":"https:\/\/www.editorialelpirata.com\/ca\/wp-json\/wp\/v2\/media?parent=97790"}],"curies":[{"name":"wp","href":"https:\/\/api.w.org\/{rel}","templated":true}]}}