{"id":97789,"date":"2016-07-22T07:46:08","date_gmt":"2016-07-22T07:46:08","guid":{"rendered":"http:\/\/edicionsdelpirata.cat\/?page_id=4887"},"modified":"2025-01-21T10:26:45","modified_gmt":"2025-01-21T10:26:45","slug":"politica-de-devolucions","status":"publish","type":"page","link":"https:\/\/www.editorialelpirata.com\/ca\/politica-de-devolucions\/","title":{"rendered":"Pol\u00edtica de compres"},"content":{"rendered":"<div class=\"wpb-content-wrapper\"><p>[vc_row][vc_column][vc_column_text uncode_shortcode_id=&#8221;134462&#8243;]<\/p>\n<h2>Pol\u00edtica d&#8217;enviaments<\/h2>\n<p>Els enviaments es fan a Espanya (Pen\u00ednsula) amb les seg\u00fcents condicions:<br \/>\nPer compres de fins a <strong>24,95\u20ac<\/strong> total de la compra, el cost de l&#8217;enviament \u00e9s de 5,99\u20ac i tarda de 3-4 dies laborables, pot tardar m\u00e9s en \u00e8poques de vacances i nadal.<br \/>\nPer compres iguals o superiors a 24,95\u20ac total de la compra, el cost de l&#8217;enviament es de 0\u20ac o <strong>gratu\u00eft<\/strong> per cada pagament.<\/p>\n<p>Els enviaments a les illes Balears de fins a 24,95\u20ac tenen un cost d&#8217;enviament de 7,99\u20ac i tarda de 4-5 dies, pot tardar m\u00e9s en \u00e8poques de vacances i nadal.<br \/>\nPer compres iguals o superiors a 24,95\u20ac total de la compra, el cost de l&#8217;enviament es de 0\u20ac o <strong>gratu\u00eft<\/strong> per cada pagament.<\/p>\n<p>Els enviaments a les illes Can\u00e0ries, Andorra i la resta del m\u00f3n estan disponibles mitjan\u00e7ant la p\u00e0gina web i el cost de l&#8217;enviament s&#8217;indicar\u00e0 al final de la inscripci\u00f3 de les dades personals. El temps d&#8217;entrega tamb\u00e9 dependr\u00e0 de la destinaci\u00f3, si \u00e9s m\u00e9s de 72 hores s&#8217;avisar\u00e0 al destinatari.<\/p>\n<p>L&#8217;enviament es fa a trav\u00e9s d&#8217;una companyia de transport externa a l&#8217;editorial, <strong>Edicions del Pirata<\/strong> no es fa responsable dels possibles retards un cop el producte s&#8217;ha enviat correctament.<\/p>\n<p>En cas de desperfectes o manipulacions indegudes llegir l&#8217;apartat corresponent a Pol\u00edtica de devolucions.<\/p>\n<p>Al moment d&#8217;efectuar la comanda, s&#8217;ha de rebre un correu electr\u00f2nic amb la informaci\u00f3 facilitada de facturaci\u00f3 i enviament i els productes adquirits. Aquest correu serveix com a comprovant de compra.<\/p>\n<p>En cas de necessitar una factura, sol\u00b7liciteu-la al seg\u00fcent correu amb el n\u00famero de comanda especificat i les dades necess\u00e0ries.<\/p>\n<h4><a href=\"mailto:editorial@edicionsdelpirata.cat\">editorial@edicionsdelpirata.cat<\/a><\/h4>\n<p>&nbsp;<\/p>\n<hr \/>\n<h2>M\u00e8todes de pagament<\/h2>\n<p>Tens els seg\u00fcents m\u00e8todes de pagament disponibles:<\/p>\n<ul>\n<li>Targeta banc\u00e0ria gestionat per <strong>RedSYS<\/strong> per assegurar la seguretat en el proc\u00e8s de pagament. Accepta qualsevol variant de targeta banc\u00e0ria, mastercard, visa, etc.<\/li>\n<li>Via <a href=\"https:\/\/www.paypal.com\/es\/webapps\/mpp\/home\" target=\"_blank\" rel=\"noopener noreferrer\"><strong>Paypal<\/strong><\/a>. En el qual no ens fem responsables d&#8217;algun possible extra en el pagament cobrat per la companyia, fora de la despesa d&#8217;enviament.<\/li>\n<li>Via <strong><a href=\"https:\/\/bizum.es\/\" target=\"_blank\" rel=\"noopener noreferrer\">Bizum<\/a>.\u00a0<\/strong>Nou sistema de pagament que permet facilitar les compres fetes des de tel\u00e8fons m\u00f2bils, nom\u00e9s cal tenir-ho instal\u00b7lat al teu dispositiu, indicar el teu n\u00famero de tel\u00e8fon, introduir la clau Bizum i validar-ne l\u2019operaci\u00f3. Aix\u00ed de f\u00e0cil!<\/li>\n<li>Transfer\u00e8ncia Banc\u00e0ria. Se us facilitar\u00e0 el n\u00fam. de CC un cop confirmada la comanda. \u00c9s el proc\u00e9s m\u00e9s lent, ja que fins que no rebem l&#8217;ingr\u00e9s o b\u00e9 un comprobant del client, no realitzarem l&#8217;enviament.<\/li>\n<\/ul>\n<p>&nbsp;<\/p>\n<hr \/>\n<h2>Pol\u00edtica de devolucions<\/h2>\n<p>Per norma general, es disposa de <strong>10 dies<\/strong> per poder retornar la comanda realitzada a\u00a0la p\u00e0gina web.<\/p>\n<ul>\n<li>Si el producte comprat a la web no es correspon amb el que s&#8217;ha rebut, <strong>Edicions del Pirata<\/strong> es far\u00e0 c\u00e0rrec dels costos d&#8217;enviament de la comanda err\u00f2nia: tant de l&#8217;enviament al domicili del comprador com del retorn a l&#8217;editorial. Posa&#8217;t en contacte amb nosaltres i concertarem la recollida i entrega del nou producte.<\/li>\n<li>En el cas de rebre el producte obert, manipulat o b\u00e9 amb defecte a causa del temps o causes externes, preguem ens ho notifiqueu de seguida a <a href=\"mailto:editorial@edicionsdelpirata.cat\">editorial@edicionsdelpirata.cat<\/a> per poder demanar explicacions a la companyia de transports en concret i tornar a fer l&#8217;enviament del\/s producte\/es en q\u00fcesti\u00f3.<\/li>\n<li>En qualsevol altre cas de devoluci\u00f3, nom\u00e9s es far\u00e0 el reintegrament del preu del llibre, una vegada s&#8217;hagi rebut l&#8217;exemplar i s&#8217;hagi pogut comprovar el seu perfecte estat, descomptant les despeses d&#8217;enviament que es tingueren per a enviar la comanda al domicili del comprador i no fent-se c\u00e0rrec de les despeses d&#8217;enviament sofertes pel comprador per a la devoluci\u00f3 a l&#8217;editorial de la comanda.<br \/>\nCaldr\u00e0 enviar el producte a:<br \/>\nEDICIONS DEL PIRATA<br \/>\nc.Ripoll\u00e8s, 4 Local<br \/>\n08207- Sabadell (Barcelona)<br \/>\n<a href=\"tel:930940641\">930940641<\/a><\/li>\n<li>Si no s&#8217;ha rebut el paquet en els dies previstos, preguem que ens contacteu per poder consultar-ho i poder gestionar-ho.<\/li>\n<\/ul>\n<hr \/>\n<h4>Per qualsevol consulta escriviu-nos a: <a href=\"mailto:editorial@edicionsdelpirata.cat\">editorial@edicionsdelpirata.cat<\/a><\/h4>\n<p>[\/vc_column_text][\/vc_column][\/vc_row]<\/p>\n<\/div>","protected":false},"excerpt":{"rendered":"<p>[vc_row][vc_column][vc_column_text uncode_shortcode_id=&#8221;134462&#8243;] Pol\u00edtica d&#8217;enviaments Els enviaments es fan a Espanya (Pen\u00ednsula) amb les seg\u00fcents condicions: Per compres de fins a [&hellip;]<\/p>\n","protected":false},"author":26,"featured_media":0,"parent":0,"menu_order":0,"comment_status":"closed","ping_status":"closed","template":"","meta":{"footnotes":""},"class_list":["post-97789","page","type-page","status-publish","hentry"],"_links":{"self":[{"href":"https:\/\/www.editorialelpirata.com\/ca\/wp-json\/wp\/v2\/pages\/97789","targetHints":{"allow":["GET"]}}],"collection":[{"href":"https:\/\/www.editorialelpirata.com\/ca\/wp-json\/wp\/v2\/pages"}],"about":[{"href":"https:\/\/www.editorialelpirata.com\/ca\/wp-json\/wp\/v2\/types\/page"}],"author":[{"embeddable":true,"href":"https:\/\/www.editorialelpirata.com\/ca\/wp-json\/wp\/v2\/users\/26"}],"replies":[{"embeddable":true,"href":"https:\/\/www.editorialelpirata.com\/ca\/wp-json\/wp\/v2\/comments?post=97789"}],"version-history":[{"count":1,"href":"https:\/\/www.editorialelpirata.com\/ca\/wp-json\/wp\/v2\/pages\/97789\/revisions"}],"predecessor-version":[{"id":102767,"href":"https:\/\/www.editorialelpirata.com\/ca\/wp-json\/wp\/v2\/pages\/97789\/revisions\/102767"}],"wp:attachment":[{"href":"https:\/\/www.editorialelpirata.com\/ca\/wp-json\/wp\/v2\/media?parent=97789"}],"curies":[{"name":"wp","href":"https:\/\/api.w.org\/{rel}","templated":true}]}}